{"id":243505,"date":"2024-11-01T01:16:47","date_gmt":"2024-11-01T00:16:47","guid":{"rendered":"https:\/\/www.varygrow.com\/?page_id=243505"},"modified":"2025-09-14T20:08:53","modified_gmt":"2025-09-14T18:08:53","slug":"green-edubox-lp1","status":"publish","type":"page","link":"https:\/\/www.varygrow.com\/cs\/green-edubox-lp1\/","title":{"rendered":"Green Edubox LP1"},"content":{"rendered":"\n<div class=\"wp-block-columns is-layout-flex wp-container-core-columns-is-layout-9d6595d7 wp-block-columns-is-layout-flex\">\n<div class=\"wp-block-column is-layout-flow wp-block-column-is-layout-flow\" style=\"flex-basis:100%\"><h1 class=\"fonts-plugin-block \" style=\"font-family: Nunito;font-weight: 500;font-size: 42px;line-height: 1.2;text-align: center;color: var(--base)\"><strong>Dejte va\u0161emu d\u00edt\u011bti kl\u00ed\u010d k \u017eivotu v\u00a0hojnosti<\/strong><\/h1><\/div>\n<\/div>\n\n\n<h2 class=\"fonts-plugin-block \" style=\"font-family: Nunito;font-weight: 500;font-size: 33px;line-height: 1.2;text-align: center;color: var(--contrast-2)\"><strong>Green Edubox odhaluje super schopnosti d\u011bt\u00ed p\u0159\u00edmo ve \u0161koln\u00ed t\u0159\u00edd\u011b.<\/strong><\/h2>\n\n\n<div style=\"height:10px\" aria-hidden=\"true\" class=\"wp-block-spacer\"><\/div>\n\n\n\n<div class=\"wp-block-columns are-vertically-aligned-center is-layout-flex wp-container-core-columns-is-layout-9d6595d7 wp-block-columns-is-layout-flex\">\n<div class=\"wp-block-column is-vertically-aligned-center is-layout-flow wp-block-column-is-layout-flow\" style=\"flex-basis:100%\">\n<div class=\"wp-block-columns are-vertically-aligned-center is-layout-flex wp-container-core-columns-is-layout-9d6595d7 wp-block-columns-is-layout-flex\">\n<div class=\"wp-block-column is-vertically-aligned-center is-layout-flow wp-block-column-is-layout-flow\">\n<figure class=\"wp-block-image size-large is-style-rounded\"><a href=\"https:\/\/www.varygrow.com\/wp-content\/uploads\/sites\/19\/2024\/12\/Green-Edubox-holcicka-10-let.jpg\"><img decoding=\"async\" src=\"https:\/\/www.varygrow.com\/wp-content\/uploads\/sites\/19\/2024\/12\/Green-Edubox-holcicka-10-let-1024x1024.jpg\" alt=\"D\u00e1rek pro dceru od t\u00e1ty\" class=\"wp-image-247820\" style=\"aspect-ratio:2\/3;object-fit:cover\"\/><\/a><\/figure>\n<\/div>\n\n\n\n<div class=\"wp-block-column is-vertically-aligned-center is-layout-flow wp-block-column-is-layout-flow\">\n<p class=\"has-text-align-center popmake-234\"><strong><span class='mb-center maxbutton-1-center'><span class='maxbutton-1-container mb-container'><a class=\"maxbutton-1 maxbutton maxbutton-lp1-popup-desktop-i-mobil popmake-234\" rel=\"nofollow noopener\" href=\"javascript:void(0);\"><span class='mb-text'>CHCI V\u011aD\u011aT V\u00cdC &gt;&gt;&gt;<\/span><\/a><\/span><\/span><\/strong><\/p>\n<\/div>\n<\/div>\n<\/div>\n<\/div>\n\n\n\n<div class=\"wp-block-columns is-layout-flex wp-container-core-columns-is-layout-9d6595d7 wp-block-columns-is-layout-flex\">\n<div class=\"wp-block-column is-vertically-aligned-center is-layout-flow wp-block-column-is-layout-flow\">\n<figure class=\"wp-block-embed is-type-video is-provider-youtube wp-block-embed-youtube wp-embed-aspect-16-9 wp-has-aspect-ratio\"><div class=\"wp-block-embed__wrapper\">\n<iframe loading=\"lazy\" title=\"Praktick\u00e1 u\u010debn\u00ed pom\u016fcka Green Edubox nab\u00edz\u00ed p\u011bstov\u00e1n\u00ed zeleniny pro \u0161koly a spolky p\u0159\u00edmo ve t\u0159\u00edd\u011b.\" width=\"1200\" height=\"675\" src=\"https:\/\/www.youtube.com\/embed\/rxNaxbfyV8w?feature=oembed&#038;enablejsapi=1&#038;origin=https:\/\/www.varygrow.com\" frameborder=\"0\" allow=\"accelerometer; autoplay; clipboard-write; encrypted-media; gyroscope; picture-in-picture; web-share\" referrerpolicy=\"strict-origin-when-cross-origin\" allowfullscreen><\/iframe>\n<\/div><\/figure>\n<\/div>\n\n\n\n<div class=\"wp-block-column is-layout-flow wp-block-column-is-layout-flow\">\n<h5 class=\"wp-block-heading has-base-color has-text-color has-link-color wp-elements-2f4c56d7dcd6fa58f92a5f23122f11d2\"><strong>M\u00e1te d\u00edt\u011b na 1. stupni Z\u0160? Zapojte se <span style=\"color: red; font-size: 140%\">ZDARMA<\/span> do transforma\u010dn\u00ed v\u00fdzvy Green Edubox a spole\u010dn\u011b z\u00edsk\u00e1te<\/strong>:<\/h5>\n\n\n\n<ul class=\"wp-block-list has-black-color has-text-color\">\n<li class=\"has-contrast-2-color has-text-color has-link-color wp-elements-b20a9fb437f860c45a3cceacb8633782\" style=\"font-size:16px\"><strong>Praktick\u00fd tr\u00e9nink:<\/strong> Rozvoj kreativity a prezentace. <em><strong>Edubox pom\u00e1h\u00e1 hledat talenty.<\/strong><\/em><\/li>\n<\/ul>\n\n\n\n<ul class=\"wp-block-list\">\n<li class=\"has-contrast-2-color has-text-color has-link-color wp-elements-fc5cc76b9cc24da7ff6368e0ef966d16\"><strong>Respekt u spolu\u017e\u00e1k\u016f:<\/strong>&nbsp;D\u011bti se nejv\u00edc nau\u010d\u00ed spole\u010dn\u011b. <em><strong>Edubox stanov\u00ed pravidla hry.<\/strong><\/em><\/li>\n<\/ul>\n\n\n\n<ul class=\"wp-block-list\">\n<li class=\"has-contrast-2-color has-text-color has-link-color wp-elements-5af9dc8a3f2ab619d86da876afaf56df\"><strong>Tajn\u00e9 plus u pan\u00ed u\u010ditelky:&nbsp;<\/strong>Mali\u010dkosti tvo\u0159\u00ed velk\u00e9 v\u011bci. <em><strong>D\u00edky Eduboxu pos\u00edl\u00edte d\u016fv\u011bru.<\/strong><\/em><\/li>\n<\/ul>\n\n\n\n<ul class=\"wp-block-list has-black-color has-text-color\">\n<li class=\"has-contrast-2-color has-text-color has-link-color wp-elements-f13aa527b5021419f2e96a3ba9956c9f\" style=\"font-size:16px\"><strong>Pomoc pro va\u0161i \u0161kolu:<\/strong> Mezi \u0161kolami jsou rozd\u00edly. <em><strong>Va\u0161e bude d\u00edky Eduboxu lep\u0161\u00ed.<\/strong><\/em><\/li>\n<\/ul>\n<\/div>\n<\/div>\n\n\n\n<h5 class=\"wp-block-heading has-text-align-center has-base-color has-text-color has-link-color wp-elements-508540d08079d2e1b696ebfacb814148\"><\/h5>\n\n\n\n<hr class=\"wp-block-separator has-css-opacity\"\/>\n\n\n\n<div class=\"wp-block-columns is-layout-flex wp-container-core-columns-is-layout-9d6595d7 wp-block-columns-is-layout-flex\">\n<div class=\"wp-block-column is-layout-flow wp-block-column-is-layout-flow\">\n<h5 class=\"wp-block-heading has-contrast-2-color has-text-color\"><strong>Green Edubox je pro v\u00e1s, pokud:<\/strong><\/h5>\n\n\n\n<ul class=\"wp-block-list\">\n<li class=\"has-contrast-2-color has-text-color has-link-color wp-elements-d48b22a33c18da9235a707d54adc33e0\"><em>chcete podpo\u0159it kreativitu a prezenta\u010dn\u00ed dovednosti va\u0161eho d\u00edt\u011bte<\/em><\/li>\n<\/ul>\n<\/div>\n\n\n\n<div class=\"wp-block-column is-layout-flow wp-block-column-is-layout-flow\">\n<h5 class=\"wp-block-heading has-contrast-2-color has-text-color has-link-color wp-elements-999cc9e99b042f6a906510983b4b2d93\"><strong>Green Edubox nen\u00ed pro v\u00e1s, pokud:<\/strong><\/h5>\n\n\n\n<ul class=\"wp-block-list\">\n<li class=\"has-contrast-2-color has-text-color has-link-color wp-elements-7af2c160b82c77cc11592bff42335565\"><em>nevad\u00ed v\u00e1m biflov\u00e1n\u00ed a front\u00e1ln\u00ed v\u00fduka ve \u0161kole va\u0161eho d\u00edt\u011bte<\/em><\/li>\n<\/ul>\n<\/div>\n<\/div>\n\n\n\n<h3 class=\"wp-block-heading has-base-color has-text-color has-link-color wp-elements-3d7920ff72f64b2eaf5880bf5c81cffb\">&#8222;<em>Tv\u016fr\u010d\u00ed d\u00edlnu Green Edubox doporu\u010duji v\u0161em d\u011btem na z\u00e1kladn\u00edch \u0161kol\u00e1ch<\/em> a v<em>elmi si v\u00e1\u017e\u00edm pomoci rodi\u010d\u016f, kte\u0159\u00ed v\u00fdzvu podpo\u0159ili.<\/em>&#8220; Helmut H., \u0159editel Z\u0160 Ostrov<\/h3>\n\n\n\n<div style=\"height:17px\" aria-hidden=\"true\" class=\"wp-block-spacer\"><\/div>\n\n\n\n<div class=\"wp-block-media-text is-stacked-on-mobile\" style=\"grid-template-columns:15% auto\"><figure class=\"wp-block-media-text__media\"><img decoding=\"async\" src=\"https:\/\/www.varygrow.com\/wp-content\/uploads\/sites\/19\/2024\/11\/DM-portret-tyrkysove-pozadi.png\" alt=\"\" class=\"wp-image-246794 size-full\"\/><\/figure><div class=\"wp-block-media-text__content\">\n<p class=\"has-text-align-center has-contrast-2-color has-text-color has-link-color has-large-font-size wp-elements-53145c9b25073d91874e406de0434530\">Ing. David Matou\u0161ek<\/p>\n<\/div><\/div>\n\n\n\n<blockquote class=\"wp-block-quote is-layout-flow wp-block-quote-is-layout-flow\">\n<p class=\"has-contrast-2-color has-text-color has-link-color wp-elements-d8ccddfabcc8eeab6a20fba05b03e528\"><strong>&#8222;<em>Sou\u010dasn\u00fd sv\u011bt sm\u011b\u0159uje k p\u0159esunu rutinn\u00edch \u010dinnost\u00ed do sf\u00e9ry um\u011bl\u00e9 inteligence.<strong> Pro uplatn\u011bn\u00ed na trhu pr\u00e1ce i p\u0159i podnik\u00e1n\u00ed bude \u010dlov\u011bk pot\u0159ebovat<\/strong><\/em><\/strong> <strong>st\u00e1le v\u00edce dv\u011b hlavn\u00ed kompetence, kter\u00fdmi jsou <em>k<strong>reativn\u00ed my\u0161len\u00ed a prezenta\u010dn\u00ed dovednosti.<\/strong><\/em><\/strong> <em><strong>Pr\u00e1v\u011b proto jsem stvo\u0159il Green Edubox.<\/strong><\/em>&#8222;<\/p>\n<\/blockquote>\n\n\n\n<div style=\"height:10px\" aria-hidden=\"true\" class=\"wp-block-spacer\"><\/div>\n\n\n\n<div class=\"wp-block-columns is-layout-flex wp-container-core-columns-is-layout-9d6595d7 wp-block-columns-is-layout-flex\">\n<div class=\"wp-block-column is-layout-flow wp-block-column-is-layout-flow\">\n<p class=\"has-contrast-2-color has-text-color has-link-color wp-elements-f0e4735d19e9e324ba1a7af0ee117639\"><strong>T\u00e1ta Maru\u0161ky M. o Eduboxu \u0159\u00edk\u00e1:<\/strong><\/p>\n\n\n\n<pre class=\"wp-block-verse\"><em>\"Ne\u017e jsem se p\u0159idal do v\u00fdzvy, nev\u011bd\u011bl jsem p\u0159esn\u011b, co moje dcera ve \u0161kole d\u011bl\u00e1. Edubox mi pomohl aktivn\u011b se zapojit smyslupln\u00fdm zp\u016fsobem.\"<\/em> David M.<\/pre>\n<\/div>\n\n\n\n<div class=\"wp-block-column is-layout-flow wp-block-column-is-layout-flow\">\n<p class=\"has-contrast-2-color has-text-color has-link-color wp-elements-8945d5e6ba18a0f8393e5094a64ae88a\"><strong>T\u0159\u00eddn\u00ed u\u010ditelka 4.B Z\u0160 v Hrozn\u011bt\u00edn\u011b<\/strong>:<\/p>\n\n\n\n<pre class=\"wp-block-verse\">\"<em>Moc d\u011bkuji tat\u00ednkovi Julinky za d\u00e1rek pro na\u0161\u00ed t\u0159\u00eddu, kter\u00fd jsme vyu\u017eili jako praktick\u00e9 cvi\u010den\u00ed na dvouhodinovce v\u00fdtvarn\u00e9 v\u00fdchovy.\"<\/em> Miroslava \u017d.<\/pre>\n<\/div>\n\n\n\n<div class=\"wp-block-column is-layout-flow wp-block-column-is-layout-flow\">\n<p class=\"has-contrast-2-color has-text-color has-link-color wp-elements-f74bdccc2d4f403766b7b7fc32dabe19\"><strong>\u0158editelka Z\u0160 v Dalovic\u00edch<\/strong>:<\/p>\n\n\n\n<pre class=\"wp-block-verse has-contrast-color has-text-color has-link-color wp-elements-6141584d4d0cb9953bc7b7326cf1e507\"><em>\"Objednali jsme Green Edubox pro dv\u011b na\u0161e t\u0159\u00eddy. Ob\u011b pan\u00ed u\u010ditelky dostaly velkou pochvalu v rodi\u010dovsk\u00e9 skupin\u011b. Chv\u00e1l\u00edm profesion\u00e1ln\u00ed podporu.\"<\/em> Mgr. Jitka K.<\/pre>\n<\/div>\n<\/div>\n\n\n\n<pre class=\"wp-block-verse has-text-align-center has-base-color has-text-color has-background\" style=\"background-color:#60b2a2;font-size:22px\"><strong>P\u0159ipoj se k super t\u00e1t\u016fm, kte\u0159\u00ed u\u017e pomohli \u0161kol\u00e1m l\u00e9pe u\u010dit jejich d\u011bti<\/strong>!<\/pre>\n\n\n\n<div class=\"wp-block-columns is-layout-flex wp-container-core-columns-is-layout-9d6595d7 wp-block-columns-is-layout-flex\">\n<div class=\"wp-block-column is-vertically-aligned-center is-layout-flow wp-block-column-is-layout-flow\">\n<div class=\"wp-block-columns are-vertically-aligned-center is-layout-flex wp-container-core-columns-is-layout-9d6595d7 wp-block-columns-is-layout-flex\">\n<div class=\"wp-block-column is-vertically-aligned-center is-layout-flow wp-block-column-is-layout-flow\" style=\"flex-basis:20%\"><\/div>\n\n\n\n<div class=\"wp-block-column is-vertically-aligned-center is-layout-flow wp-block-column-is-layout-flow\" style=\"flex-basis:60%\">\n<p class=\"has-text-align-center\"><strong><span class='mb-center maxbutton-1-center'><span class='maxbutton-1-container mb-container'><a class=\"maxbutton-1 maxbutton maxbutton-lp1-popup-desktop-i-mobil popmake-234\" rel=\"nofollow noopener\" href=\"javascript:void(0);\"><span class='mb-text'>CHCI V\u011aD\u011aT V\u00cdC &gt;&gt;&gt;<\/span><\/a><\/span><\/span><\/strong><\/p>\n<\/div>\n\n\n\n<div class=\"wp-block-column is-vertically-aligned-center is-layout-flow wp-block-column-is-layout-flow\" style=\"flex-basis:20%\"><\/div>\n<\/div>\n<\/div>\n<\/div>\n\n\n\n<script>\n        (function (w,d,s,o,f,js,fjs) {\n            w['ecm-widget']=o;w[o] = w[o] || function () { (w[o].q = w[o].q || []).push(arguments) };\n            js = d.createElement(s), fjs = d.getElementsByTagName(s)[0];\n            js.id = '5-ed07fd6b07ff0199fabc8509f995f058'; js.dataset.a = 'varygrow'; js.src = f; js.async = 1; fjs.parentNode.insertBefore(js, fjs);\n        }(window, document, 'script', 'ecmwidget', 'https:\/\/d70shl7vidtft.cloudfront.net\/widget.js'));\n    <\/script>\n            <div id=\"f-5-ed07fd6b07ff0199fabc8509f995f058\"><\/div>\n\n\n\n<div style=\"height:60px\" aria-hidden=\"true\" class=\"wp-block-spacer\"><\/div>\n\n\n\n<p><\/p>\n","protected":false},"excerpt":{"rendered":"<p>M\u00e1te d\u00edt\u011b na 1. stupni Z\u0160? Zapojte se ZDARMA do transforma\u010dn\u00ed v\u00fdzvy Green Edubox a spole\u010dn\u011b z\u00edsk\u00e1te: Green Edubox je pro v\u00e1s, pokud: Green Edubox nen\u00ed pro v\u00e1s, pokud: &#8222;Tv\u016fr\u010d\u00ed d\u00edlnu Green Edubox doporu\u010duji v\u0161em d\u011btem na z\u00e1kladn\u00edch \u0161kol\u00e1ch a velmi si v\u00e1\u017e\u00edm pomoci rodi\u010d\u016f, kte\u0159\u00ed v\u00fdzvu podpo\u0159ili.&#8220; Helmut H., \u0159editel Z\u0160 Ostrov Ing. David &#8230; <a title=\"Green Edubox LP1\" class=\"read-more\" href=\"https:\/\/www.varygrow.com\/cs\/green-edubox-lp1\/\" aria-label=\"More on Green Edubox LP1\">\u010c\u00edst d\u00e1le<\/a><\/p>\n","protected":false},"author":1,"featured_media":0,"parent":0,"menu_order":0,"comment_status":"closed","ping_status":"closed","template":"","meta":{"footnotes":""},"class_list":["post-243505","page","type-page","status-publish"],"yoast_head":"<!-- This site is optimized with the Yoast SEO plugin v27.4 - https:\/\/yoast.com\/product\/yoast-seo-wordpress\/ -->\n<title>Green Edubox LP1<\/title>\n<meta name=\"description\" content=\"Green Edubox pro d\u011bti. Nejlep\u0161\u00ed investice je do vzd\u011bl\u00e1n\u00ed. Super schopnosti pro p\u0159ich\u00e1zej\u00edc\u00ed AI \u00e9ru jsou kreativita a prezentace.\" \/>\n<meta name=\"robots\" content=\"index, follow, max-snippet:-1, max-image-preview:large, max-video-preview:-1\" \/>\n<link rel=\"canonical\" href=\"https:\/\/www.varygrow.com\/cs\/green-edubox-lp1\/\" \/>\n<meta property=\"og:locale\" content=\"cs_CZ\" \/>\n<meta property=\"og:type\" content=\"article\" \/>\n<meta property=\"og:title\" content=\"Green Edubox LP1\" \/>\n<meta property=\"og:description\" content=\"Green Edubox pro d\u011bti. Nejlep\u0161\u00ed investice je do vzd\u011bl\u00e1n\u00ed. Super schopnosti pro p\u0159ich\u00e1zej\u00edc\u00ed AI \u00e9ru jsou kreativita a prezentace.\" \/>\n<meta property=\"og:url\" content=\"https:\/\/www.varygrow.com\/cs\/green-edubox-lp1\/\" \/>\n<meta property=\"og:site_name\" content=\"VaryGrow\" \/>\n<meta property=\"article:publisher\" content=\"https:\/\/facebook.com\/VaryGrow\" \/>\n<meta property=\"article:modified_time\" content=\"2025-09-14T18:08:53+00:00\" \/>\n<meta name=\"twitter:card\" content=\"summary_large_image\" \/>\n<meta name=\"twitter:label1\" content=\"Odhadovan\u00e1 doba \u010dten\u00ed\" \/>\n\t<meta name=\"twitter:data1\" content=\"2 minuty\" \/>\n<script type=\"application\/ld+json\" class=\"yoast-schema-graph\">{\"@context\":\"https:\\\/\\\/schema.org\",\"@graph\":[{\"@type\":\"WebPage\",\"@id\":\"https:\\\/\\\/www.varygrow.com\\\/cs\\\/green-edubox-lp1\\\/\",\"url\":\"https:\\\/\\\/www.varygrow.com\\\/cs\\\/green-edubox-lp1\\\/\",\"name\":\"Green Edubox LP1\",\"isPartOf\":{\"@id\":\"https:\\\/\\\/www.varygrow.com\\\/cs\\\/#website\"},\"primaryImageOfPage\":{\"@id\":\"https:\\\/\\\/www.varygrow.com\\\/cs\\\/green-edubox-lp1\\\/#primaryimage\"},\"image\":{\"@id\":\"https:\\\/\\\/www.varygrow.com\\\/cs\\\/green-edubox-lp1\\\/#primaryimage\"},\"thumbnailUrl\":\"https:\\\/\\\/www.varygrow.com\\\/wp-content\\\/uploads\\\/sites\\\/19\\\/2024\\\/12\\\/Green-Edubox-holcicka-10-let-1024x1024.jpg\",\"datePublished\":\"2024-11-01T00:16:47+00:00\",\"dateModified\":\"2025-09-14T18:08:53+00:00\",\"description\":\"Green Edubox pro d\u011bti. Nejlep\u0161\u00ed investice je do vzd\u011bl\u00e1n\u00ed. Super schopnosti pro p\u0159ich\u00e1zej\u00edc\u00ed AI \u00e9ru jsou kreativita a prezentace.\",\"breadcrumb\":{\"@id\":\"https:\\\/\\\/www.varygrow.com\\\/cs\\\/green-edubox-lp1\\\/#breadcrumb\"},\"inLanguage\":\"cs\",\"potentialAction\":[{\"@type\":\"ReadAction\",\"target\":[\"https:\\\/\\\/www.varygrow.com\\\/cs\\\/green-edubox-lp1\\\/\"]}]},{\"@type\":\"ImageObject\",\"inLanguage\":\"cs\",\"@id\":\"https:\\\/\\\/www.varygrow.com\\\/cs\\\/green-edubox-lp1\\\/#primaryimage\",\"url\":\"https:\\\/\\\/www.varygrow.com\\\/wp-content\\\/uploads\\\/sites\\\/19\\\/2024\\\/12\\\/Green-Edubox-holcicka-10-let-1024x1024.jpg\",\"contentUrl\":\"https:\\\/\\\/www.varygrow.com\\\/wp-content\\\/uploads\\\/sites\\\/19\\\/2024\\\/12\\\/Green-Edubox-holcicka-10-let-1024x1024.jpg\"},{\"@type\":\"BreadcrumbList\",\"@id\":\"https:\\\/\\\/www.varygrow.com\\\/cs\\\/green-edubox-lp1\\\/#breadcrumb\",\"itemListElement\":[{\"@type\":\"ListItem\",\"position\":1,\"name\":\"Dom\u016f\",\"item\":\"https:\\\/\\\/www.varygrow.com\\\/cs\\\/\"},{\"@type\":\"ListItem\",\"position\":2,\"name\":\"Green Edubox LP1\"}]},{\"@type\":\"WebSite\",\"@id\":\"https:\\\/\\\/www.varygrow.com\\\/cs\\\/#website\",\"url\":\"https:\\\/\\\/www.varygrow.com\\\/cs\\\/\",\"name\":\"VaryGrow\",\"description\":\"Udr\u017eiteln\u00e9 podnik\u00e1n\u00ed\",\"publisher\":{\"@id\":\"https:\\\/\\\/www.varygrow.com\\\/cs\\\/#organization\"},\"potentialAction\":[{\"@type\":\"SearchAction\",\"target\":{\"@type\":\"EntryPoint\",\"urlTemplate\":\"https:\\\/\\\/www.varygrow.com\\\/cs\\\/?s={search_term_string}\"},\"query-input\":{\"@type\":\"PropertyValueSpecification\",\"valueRequired\":true,\"valueName\":\"search_term_string\"}}],\"inLanguage\":\"cs\"},{\"@type\":\"Organization\",\"@id\":\"https:\\\/\\\/www.varygrow.com\\\/cs\\\/#organization\",\"name\":\"DAMARA s.r.o.\",\"url\":\"https:\\\/\\\/www.varygrow.com\\\/cs\\\/\",\"logo\":{\"@type\":\"ImageObject\",\"inLanguage\":\"cs\",\"@id\":\"https:\\\/\\\/www.varygrow.com\\\/cs\\\/#\\\/schema\\\/logo\\\/image\\\/\",\"url\":\"https:\\\/\\\/www.varygrow.com\\\/wp-content\\\/uploads\\\/sites\\\/19\\\/2023\\\/08\\\/Logo-Heureka-480x150-1.png\",\"contentUrl\":\"https:\\\/\\\/www.varygrow.com\\\/wp-content\\\/uploads\\\/sites\\\/19\\\/2023\\\/08\\\/Logo-Heureka-480x150-1.png\",\"width\":480,\"height\":150,\"caption\":\"DAMARA s.r.o.\"},\"image\":{\"@id\":\"https:\\\/\\\/www.varygrow.com\\\/cs\\\/#\\\/schema\\\/logo\\\/image\\\/\"},\"sameAs\":[\"https:\\\/\\\/facebook.com\\\/VaryGrow\"]}]}<\/script>\n<!-- \/ Yoast SEO plugin. -->","yoast_head_json":{"title":"Green Edubox LP1","description":"Green Edubox pro d\u011bti. Nejlep\u0161\u00ed investice je do vzd\u011bl\u00e1n\u00ed. Super schopnosti pro p\u0159ich\u00e1zej\u00edc\u00ed AI \u00e9ru jsou kreativita a prezentace.","robots":{"index":"index","follow":"follow","max-snippet":"max-snippet:-1","max-image-preview":"max-image-preview:large","max-video-preview":"max-video-preview:-1"},"canonical":"https:\/\/www.varygrow.com\/cs\/green-edubox-lp1\/","og_locale":"cs_CZ","og_type":"article","og_title":"Green Edubox LP1","og_description":"Green Edubox pro d\u011bti. Nejlep\u0161\u00ed investice je do vzd\u011bl\u00e1n\u00ed. Super schopnosti pro p\u0159ich\u00e1zej\u00edc\u00ed AI \u00e9ru jsou kreativita a prezentace.","og_url":"https:\/\/www.varygrow.com\/cs\/green-edubox-lp1\/","og_site_name":"VaryGrow","article_publisher":"https:\/\/facebook.com\/VaryGrow","article_modified_time":"2025-09-14T18:08:53+00:00","twitter_card":"summary_large_image","twitter_misc":{"Odhadovan\u00e1 doba \u010dten\u00ed":"2 minuty"},"schema":{"@context":"https:\/\/schema.org","@graph":[{"@type":"WebPage","@id":"https:\/\/www.varygrow.com\/cs\/green-edubox-lp1\/","url":"https:\/\/www.varygrow.com\/cs\/green-edubox-lp1\/","name":"Green Edubox LP1","isPartOf":{"@id":"https:\/\/www.varygrow.com\/cs\/#website"},"primaryImageOfPage":{"@id":"https:\/\/www.varygrow.com\/cs\/green-edubox-lp1\/#primaryimage"},"image":{"@id":"https:\/\/www.varygrow.com\/cs\/green-edubox-lp1\/#primaryimage"},"thumbnailUrl":"https:\/\/www.varygrow.com\/wp-content\/uploads\/sites\/19\/2024\/12\/Green-Edubox-holcicka-10-let-1024x1024.jpg","datePublished":"2024-11-01T00:16:47+00:00","dateModified":"2025-09-14T18:08:53+00:00","description":"Green Edubox pro d\u011bti. Nejlep\u0161\u00ed investice je do vzd\u011bl\u00e1n\u00ed. Super schopnosti pro p\u0159ich\u00e1zej\u00edc\u00ed AI \u00e9ru jsou kreativita a prezentace.","breadcrumb":{"@id":"https:\/\/www.varygrow.com\/cs\/green-edubox-lp1\/#breadcrumb"},"inLanguage":"cs","potentialAction":[{"@type":"ReadAction","target":["https:\/\/www.varygrow.com\/cs\/green-edubox-lp1\/"]}]},{"@type":"ImageObject","inLanguage":"cs","@id":"https:\/\/www.varygrow.com\/cs\/green-edubox-lp1\/#primaryimage","url":"https:\/\/www.varygrow.com\/wp-content\/uploads\/sites\/19\/2024\/12\/Green-Edubox-holcicka-10-let-1024x1024.jpg","contentUrl":"https:\/\/www.varygrow.com\/wp-content\/uploads\/sites\/19\/2024\/12\/Green-Edubox-holcicka-10-let-1024x1024.jpg"},{"@type":"BreadcrumbList","@id":"https:\/\/www.varygrow.com\/cs\/green-edubox-lp1\/#breadcrumb","itemListElement":[{"@type":"ListItem","position":1,"name":"Dom\u016f","item":"https:\/\/www.varygrow.com\/cs\/"},{"@type":"ListItem","position":2,"name":"Green Edubox LP1"}]},{"@type":"WebSite","@id":"https:\/\/www.varygrow.com\/cs\/#website","url":"https:\/\/www.varygrow.com\/cs\/","name":"VaryGrow","description":"Udr\u017eiteln\u00e9 podnik\u00e1n\u00ed","publisher":{"@id":"https:\/\/www.varygrow.com\/cs\/#organization"},"potentialAction":[{"@type":"SearchAction","target":{"@type":"EntryPoint","urlTemplate":"https:\/\/www.varygrow.com\/cs\/?s={search_term_string}"},"query-input":{"@type":"PropertyValueSpecification","valueRequired":true,"valueName":"search_term_string"}}],"inLanguage":"cs"},{"@type":"Organization","@id":"https:\/\/www.varygrow.com\/cs\/#organization","name":"DAMARA s.r.o.","url":"https:\/\/www.varygrow.com\/cs\/","logo":{"@type":"ImageObject","inLanguage":"cs","@id":"https:\/\/www.varygrow.com\/cs\/#\/schema\/logo\/image\/","url":"https:\/\/www.varygrow.com\/wp-content\/uploads\/sites\/19\/2023\/08\/Logo-Heureka-480x150-1.png","contentUrl":"https:\/\/www.varygrow.com\/wp-content\/uploads\/sites\/19\/2023\/08\/Logo-Heureka-480x150-1.png","width":480,"height":150,"caption":"DAMARA s.r.o."},"image":{"@id":"https:\/\/www.varygrow.com\/cs\/#\/schema\/logo\/image\/"},"sameAs":["https:\/\/facebook.com\/VaryGrow"]}]}},"_links":{"self":[{"href":"https:\/\/www.varygrow.com\/cs\/wp-json\/wp\/v2\/pages\/243505","targetHints":{"allow":["GET"]}}],"collection":[{"href":"https:\/\/www.varygrow.com\/cs\/wp-json\/wp\/v2\/pages"}],"about":[{"href":"https:\/\/www.varygrow.com\/cs\/wp-json\/wp\/v2\/types\/page"}],"author":[{"embeddable":true,"href":"https:\/\/www.varygrow.com\/cs\/wp-json\/wp\/v2\/users\/1"}],"replies":[{"embeddable":true,"href":"https:\/\/www.varygrow.com\/cs\/wp-json\/wp\/v2\/comments?post=243505"}],"version-history":[{"count":231,"href":"https:\/\/www.varygrow.com\/cs\/wp-json\/wp\/v2\/pages\/243505\/revisions"}],"predecessor-version":[{"id":283381,"href":"https:\/\/www.varygrow.com\/cs\/wp-json\/wp\/v2\/pages\/243505\/revisions\/283381"}],"wp:attachment":[{"href":"https:\/\/www.varygrow.com\/cs\/wp-json\/wp\/v2\/media?parent=243505"}],"curies":[{"name":"wp","href":"https:\/\/api.w.org\/{rel}","templated":true}]}}