{"id":159294,"date":"2026-04-19T04:03:36","date_gmt":"2026-04-19T02:03:36","guid":{"rendered":"https:\/\/www.varygrow.com\/eshop\/advanced-hydroponics-final-solution-1-l\/"},"modified":"2026-04-19T04:03:37","modified_gmt":"2026-04-19T02:03:37","slug":"advanced-hydroponics-final-solution-1-l","status":"publish","type":"product","link":"https:\/\/www.varygrow.com\/cs\/eshop\/advanced-hydroponics-final-solution-1-l\/","title":{"rendered":"Advanced Hydroponics Final Solution 1 l"},"content":{"rendered":"<p><strong>B\u011bhem<\/strong>&nbsp;cel\u00e9ho <strong>p\u011bstebn\u00edho cyklu<\/strong>&nbsp;<strong>se<\/strong>&nbsp;v rostlin\u00e1ch <strong>nahromad\u00ed<\/strong>&nbsp;mnoho <strong><\/strong><strong><\/strong><strong><b><\/b><\/strong>odpadn\u00edho materi\u00e1lu<strong><\/strong><strong><\/strong><strong><b><\/b><\/strong>, jako jsou nap\u0159\u00edklad <strong>zbytky hnojiv<\/strong>. <u><em><\/em><em><\/em><em><i><\/i><\/em><\/u><em><strong><\/strong><strong><\/strong><strong><b><\/b><\/strong><strong><\/strong><strong><\/strong><strong><b><\/b><\/strong><strong><\/strong><strong><\/strong><strong><b><\/b><\/strong><\/em><strong><\/strong><strong><\/strong><strong><b><\/b><\/strong><strong><\/strong><strong><\/strong><strong><b><\/b><\/strong><em>Final Solution<\/em><strong><\/strong><strong><\/strong><strong><b><\/b><\/strong><strong><\/strong><strong><\/strong><strong><b><\/b><\/strong><em><strong><\/strong><strong><\/strong><strong><b><\/b><\/strong><strong><\/strong><strong><\/strong><strong><b><\/b><\/strong><\/em><em><\/em><em><\/em><em><i><\/i><\/em><strong>&nbsp;vznikl proto<\/strong>,<strong><\/strong><strong><\/strong><strong><b><\/b><\/strong>&nbsp;<strong>aby<\/strong>&nbsp;z rostlin a p\u011bstebn\u00edho substr\u00e1tu tyto ne\u017e\u00e1douc\u00ed l\u00e1tky odstranil a <strong>va\u0161e<\/strong>&nbsp;<strong>kv\u011bty a plody<\/strong>&nbsp;<strong>chutnaly co nejp\u0159irozen\u011bji<\/strong>. Jeho slo\u017een\u00edm z\u00e1rove\u0148 <strong>zabra\u0148uje rozvoji pl\u00edsn\u00ed<\/strong>.<\/p>\n<p><u>Pou\u017eit\u00ed<\/u><\/p>\n<ul>\n<li>v posledn\u00edch <strong>2 t\u00fddnech<\/strong>&nbsp;<strong>p\u0159idejte<\/strong>&nbsp;do \u017eivn\u00e9ho roztoku <strong>jako jedinou slo\u017eku<\/strong><\/li>\n<li><strong>nepou\u017e\u00edvejte s \u017e\u00e1dn\u00fdmi hnojivy<\/strong>&nbsp;(v\u00fdsledek by byl zcela kontraproduktivn\u00ed)<\/li>\n<\/ul>\n","protected":false},"excerpt":{"rendered":"<p>AH Natural Power Final Solution &#8211; zlep\u0161uje chu\u0165 kv\u011bt\u016f a plod\u016f, proplachuje p\u0159ebyte\u010dn\u00fd rostlinn\u00fd odpad a zbytky hnojiv, sni\u017euje riziko vzniku pl\u00edsn\u00ed, balen\u00ed: 1l.<\/p>\n","protected":false},"featured_media":293765,"comment_status":"open","ping_status":"open","template":"","meta":[],"pwb-brand":[108],"product_brand":[],"product_cat":[10533,10540,10532,10513],"product_tag":[6062,6144,6061,1831],"berocket_brand":[106],"class_list":{"0":"post-159294","1":"product","2":"type-product","3":"status-publish","4":"has-post-thumbnail","6":"pwb-brand-advanced-hydroponics","7":"product_cat-advanced-hydroponics","8":"product_cat-advanced-natural-power","9":"product_cat-hnojiva","10":"product_cat-naarden","11":"product_tag-advanced-hydroponics","12":"product_tag-advanced-natural-power","13":"product_tag-hnojiva","14":"product_tag-naarden-pl","15":"pa_ean-1906","16":"berocket_brand-naarden","17":"sales-flash-overlay","18":"woocommerce-text-align-center","19":"woocommerce-image-align-center","20":"do-quantity-buttons","22":"first","23":"instock","24":"purchasable","25":"product-type-simple"},"yoast_head":"<!-- This site is optimized with the Yoast SEO plugin v27.4 - https:\/\/yoast.com\/product\/yoast-seo-wordpress\/ -->\n<title>Advanced Hydroponics Final Solution 1 l<\/title>\n<meta name=\"description\" content=\"AH Natural Power Final Solution - zlep\u0161uje chu\u0165 kv\u011bt\u016f a plod\u016f, proplachuje p\u0159ebyte\u010dn\u00fd rostlinn\u00fd odpad a zbytky hnojiv, sni\u017euje riziko vzniku pl\u00edsn\u00ed, balen\u00ed: 1l.\" \/>\n<meta name=\"robots\" content=\"index, follow, max-snippet:-1, max-image-preview:large, max-video-preview:-1\" \/>\n<link rel=\"canonical\" href=\"https:\/\/www.varygrow.com\/cs\/eshop\/advanced-hydroponics-final-solution-1-l\/\" \/>\n<meta property=\"og:locale\" content=\"cs_CZ\" \/>\n<meta property=\"og:type\" content=\"article\" \/>\n<meta property=\"og:title\" content=\"Advanced Hydroponics Final Solution 1 l\" \/>\n<meta property=\"og:description\" content=\"AH Natural Power Final Solution - zlep\u0161uje chu\u0165 kv\u011bt\u016f a plod\u016f, proplachuje p\u0159ebyte\u010dn\u00fd rostlinn\u00fd odpad a zbytky hnojiv, sni\u017euje riziko vzniku pl\u00edsn\u00ed, balen\u00ed: 1l.\" \/>\n<meta property=\"og:url\" content=\"https:\/\/www.varygrow.com\/cs\/eshop\/advanced-hydroponics-final-solution-1-l\/\" \/>\n<meta property=\"og:site_name\" content=\"VaryGrow\" \/>\n<meta property=\"article:publisher\" content=\"https:\/\/facebook.com\/VaryGrow\" \/>\n<meta property=\"article:modified_time\" content=\"2026-04-19T02:03:37+00:00\" \/>\n<meta property=\"og:image\" content=\"https:\/\/www.varygrow.com\/wp-content\/uploads\/sites\/19\/2025\/12\/Advanced-Hydroponics-Final-Solution-1-l.jpg\" \/>\n\t<meta property=\"og:image:width\" content=\"1000\" \/>\n\t<meta property=\"og:image:height\" content=\"1000\" \/>\n\t<meta property=\"og:image:type\" content=\"image\/jpeg\" \/>\n<meta name=\"twitter:card\" content=\"summary_large_image\" \/>\n<meta name=\"twitter:label1\" content=\"Odhadovan\u00e1 doba \u010dten\u00ed\" \/>\n\t<meta name=\"twitter:data1\" content=\"1 minuta\" \/>\n<script type=\"application\/ld+json\" class=\"yoast-schema-graph\">{\"@context\":\"https:\\\/\\\/schema.org\",\"@graph\":[{\"@type\":\"WebPage\",\"@id\":\"https:\\\/\\\/www.varygrow.com\\\/cs\\\/eshop\\\/advanced-hydroponics-final-solution-1-l\\\/\",\"url\":\"https:\\\/\\\/www.varygrow.com\\\/cs\\\/eshop\\\/advanced-hydroponics-final-solution-1-l\\\/\",\"name\":\"Advanced Hydroponics Final Solution 1 l\",\"isPartOf\":{\"@id\":\"https:\\\/\\\/www.varygrow.com\\\/cs\\\/#website\"},\"primaryImageOfPage\":{\"@id\":\"https:\\\/\\\/www.varygrow.com\\\/cs\\\/eshop\\\/advanced-hydroponics-final-solution-1-l\\\/#primaryimage\"},\"image\":{\"@id\":\"https:\\\/\\\/www.varygrow.com\\\/cs\\\/eshop\\\/advanced-hydroponics-final-solution-1-l\\\/#primaryimage\"},\"thumbnailUrl\":\"https:\\\/\\\/www.varygrow.com\\\/wp-content\\\/uploads\\\/sites\\\/19\\\/2025\\\/12\\\/Advanced-Hydroponics-Final-Solution-1-l.jpg\",\"datePublished\":\"2026-04-19T02:03:36+00:00\",\"dateModified\":\"2026-04-19T02:03:37+00:00\",\"description\":\"AH Natural Power Final Solution - zlep\u0161uje chu\u0165 kv\u011bt\u016f a plod\u016f, proplachuje p\u0159ebyte\u010dn\u00fd rostlinn\u00fd odpad a zbytky hnojiv, sni\u017euje riziko vzniku pl\u00edsn\u00ed, balen\u00ed: 1l.\",\"breadcrumb\":{\"@id\":\"https:\\\/\\\/www.varygrow.com\\\/cs\\\/eshop\\\/advanced-hydroponics-final-solution-1-l\\\/#breadcrumb\"},\"inLanguage\":\"cs\",\"potentialAction\":[{\"@type\":\"ReadAction\",\"target\":[\"https:\\\/\\\/www.varygrow.com\\\/cs\\\/eshop\\\/advanced-hydroponics-final-solution-1-l\\\/\"]}]},{\"@type\":\"ImageObject\",\"inLanguage\":\"cs\",\"@id\":\"https:\\\/\\\/www.varygrow.com\\\/cs\\\/eshop\\\/advanced-hydroponics-final-solution-1-l\\\/#primaryimage\",\"url\":\"https:\\\/\\\/www.varygrow.com\\\/wp-content\\\/uploads\\\/sites\\\/19\\\/2025\\\/12\\\/Advanced-Hydroponics-Final-Solution-1-l.jpg\",\"contentUrl\":\"https:\\\/\\\/www.varygrow.com\\\/wp-content\\\/uploads\\\/sites\\\/19\\\/2025\\\/12\\\/Advanced-Hydroponics-Final-Solution-1-l.jpg\",\"width\":1000,\"height\":1000,\"caption\":\"Advanced Hydroponics Final Solution 500 ml\"},{\"@type\":\"BreadcrumbList\",\"@id\":\"https:\\\/\\\/www.varygrow.com\\\/cs\\\/eshop\\\/advanced-hydroponics-final-solution-1-l\\\/#breadcrumb\",\"itemListElement\":[{\"@type\":\"ListItem\",\"position\":1,\"name\":\"Dom\u016f\",\"item\":\"https:\\\/\\\/www.varygrow.com\\\/cs\\\/\"},{\"@type\":\"ListItem\",\"position\":2,\"name\":\"Eshop\",\"item\":\"https:\\\/\\\/www.varygrow.com\\\/cs\\\/eshop\\\/\"},{\"@type\":\"ListItem\",\"position\":3,\"name\":\"Advanced Hydroponics Final Solution 1 l\"}]},{\"@type\":\"WebSite\",\"@id\":\"https:\\\/\\\/www.varygrow.com\\\/cs\\\/#website\",\"url\":\"https:\\\/\\\/www.varygrow.com\\\/cs\\\/\",\"name\":\"VaryGrow\",\"description\":\"Udr\u017eiteln\u00e9 podnik\u00e1n\u00ed\",\"publisher\":{\"@id\":\"https:\\\/\\\/www.varygrow.com\\\/cs\\\/#organization\"},\"potentialAction\":[{\"@type\":\"SearchAction\",\"target\":{\"@type\":\"EntryPoint\",\"urlTemplate\":\"https:\\\/\\\/www.varygrow.com\\\/cs\\\/?s={search_term_string}\"},\"query-input\":{\"@type\":\"PropertyValueSpecification\",\"valueRequired\":true,\"valueName\":\"search_term_string\"}}],\"inLanguage\":\"cs\"},{\"@type\":\"Organization\",\"@id\":\"https:\\\/\\\/www.varygrow.com\\\/cs\\\/#organization\",\"name\":\"DAMARA s.r.o.\",\"url\":\"https:\\\/\\\/www.varygrow.com\\\/cs\\\/\",\"logo\":{\"@type\":\"ImageObject\",\"inLanguage\":\"cs\",\"@id\":\"https:\\\/\\\/www.varygrow.com\\\/cs\\\/#\\\/schema\\\/logo\\\/image\\\/\",\"url\":\"https:\\\/\\\/www.varygrow.com\\\/wp-content\\\/uploads\\\/sites\\\/19\\\/2023\\\/08\\\/Logo-Heureka-480x150-1.png\",\"contentUrl\":\"https:\\\/\\\/www.varygrow.com\\\/wp-content\\\/uploads\\\/sites\\\/19\\\/2023\\\/08\\\/Logo-Heureka-480x150-1.png\",\"width\":480,\"height\":150,\"caption\":\"DAMARA s.r.o.\"},\"image\":{\"@id\":\"https:\\\/\\\/www.varygrow.com\\\/cs\\\/#\\\/schema\\\/logo\\\/image\\\/\"},\"sameAs\":[\"https:\\\/\\\/facebook.com\\\/VaryGrow\"]}]}<\/script>\n<!-- \/ Yoast SEO plugin. -->","yoast_head_json":{"title":"Advanced Hydroponics Final Solution 1 l","description":"AH Natural Power Final Solution - zlep\u0161uje chu\u0165 kv\u011bt\u016f a plod\u016f, proplachuje p\u0159ebyte\u010dn\u00fd rostlinn\u00fd odpad a zbytky hnojiv, sni\u017euje riziko vzniku pl\u00edsn\u00ed, balen\u00ed: 1l.","robots":{"index":"index","follow":"follow","max-snippet":"max-snippet:-1","max-image-preview":"max-image-preview:large","max-video-preview":"max-video-preview:-1"},"canonical":"https:\/\/www.varygrow.com\/cs\/eshop\/advanced-hydroponics-final-solution-1-l\/","og_locale":"cs_CZ","og_type":"article","og_title":"Advanced Hydroponics Final Solution 1 l","og_description":"AH Natural Power Final Solution - zlep\u0161uje chu\u0165 kv\u011bt\u016f a plod\u016f, proplachuje p\u0159ebyte\u010dn\u00fd rostlinn\u00fd odpad a zbytky hnojiv, sni\u017euje riziko vzniku pl\u00edsn\u00ed, balen\u00ed: 1l.","og_url":"https:\/\/www.varygrow.com\/cs\/eshop\/advanced-hydroponics-final-solution-1-l\/","og_site_name":"VaryGrow","article_publisher":"https:\/\/facebook.com\/VaryGrow","article_modified_time":"2026-04-19T02:03:37+00:00","og_image":[{"width":1000,"height":1000,"url":"https:\/\/www.varygrow.com\/wp-content\/uploads\/sites\/19\/2025\/12\/Advanced-Hydroponics-Final-Solution-1-l.jpg","type":"image\/jpeg"}],"twitter_card":"summary_large_image","twitter_misc":{"Odhadovan\u00e1 doba \u010dten\u00ed":"1 minuta"},"schema":{"@context":"https:\/\/schema.org","@graph":[{"@type":"WebPage","@id":"https:\/\/www.varygrow.com\/cs\/eshop\/advanced-hydroponics-final-solution-1-l\/","url":"https:\/\/www.varygrow.com\/cs\/eshop\/advanced-hydroponics-final-solution-1-l\/","name":"Advanced Hydroponics Final Solution 1 l","isPartOf":{"@id":"https:\/\/www.varygrow.com\/cs\/#website"},"primaryImageOfPage":{"@id":"https:\/\/www.varygrow.com\/cs\/eshop\/advanced-hydroponics-final-solution-1-l\/#primaryimage"},"image":{"@id":"https:\/\/www.varygrow.com\/cs\/eshop\/advanced-hydroponics-final-solution-1-l\/#primaryimage"},"thumbnailUrl":"https:\/\/www.varygrow.com\/wp-content\/uploads\/sites\/19\/2025\/12\/Advanced-Hydroponics-Final-Solution-1-l.jpg","datePublished":"2026-04-19T02:03:36+00:00","dateModified":"2026-04-19T02:03:37+00:00","description":"AH Natural Power Final Solution - zlep\u0161uje chu\u0165 kv\u011bt\u016f a plod\u016f, proplachuje p\u0159ebyte\u010dn\u00fd rostlinn\u00fd odpad a zbytky hnojiv, sni\u017euje riziko vzniku pl\u00edsn\u00ed, balen\u00ed: 1l.","breadcrumb":{"@id":"https:\/\/www.varygrow.com\/cs\/eshop\/advanced-hydroponics-final-solution-1-l\/#breadcrumb"},"inLanguage":"cs","potentialAction":[{"@type":"ReadAction","target":["https:\/\/www.varygrow.com\/cs\/eshop\/advanced-hydroponics-final-solution-1-l\/"]}]},{"@type":"ImageObject","inLanguage":"cs","@id":"https:\/\/www.varygrow.com\/cs\/eshop\/advanced-hydroponics-final-solution-1-l\/#primaryimage","url":"https:\/\/www.varygrow.com\/wp-content\/uploads\/sites\/19\/2025\/12\/Advanced-Hydroponics-Final-Solution-1-l.jpg","contentUrl":"https:\/\/www.varygrow.com\/wp-content\/uploads\/sites\/19\/2025\/12\/Advanced-Hydroponics-Final-Solution-1-l.jpg","width":1000,"height":1000,"caption":"Advanced Hydroponics Final Solution 500 ml"},{"@type":"BreadcrumbList","@id":"https:\/\/www.varygrow.com\/cs\/eshop\/advanced-hydroponics-final-solution-1-l\/#breadcrumb","itemListElement":[{"@type":"ListItem","position":1,"name":"Dom\u016f","item":"https:\/\/www.varygrow.com\/cs\/"},{"@type":"ListItem","position":2,"name":"Eshop","item":"https:\/\/www.varygrow.com\/cs\/eshop\/"},{"@type":"ListItem","position":3,"name":"Advanced Hydroponics Final Solution 1 l"}]},{"@type":"WebSite","@id":"https:\/\/www.varygrow.com\/cs\/#website","url":"https:\/\/www.varygrow.com\/cs\/","name":"VaryGrow","description":"Udr\u017eiteln\u00e9 podnik\u00e1n\u00ed","publisher":{"@id":"https:\/\/www.varygrow.com\/cs\/#organization"},"potentialAction":[{"@type":"SearchAction","target":{"@type":"EntryPoint","urlTemplate":"https:\/\/www.varygrow.com\/cs\/?s={search_term_string}"},"query-input":{"@type":"PropertyValueSpecification","valueRequired":true,"valueName":"search_term_string"}}],"inLanguage":"cs"},{"@type":"Organization","@id":"https:\/\/www.varygrow.com\/cs\/#organization","name":"DAMARA s.r.o.","url":"https:\/\/www.varygrow.com\/cs\/","logo":{"@type":"ImageObject","inLanguage":"cs","@id":"https:\/\/www.varygrow.com\/cs\/#\/schema\/logo\/image\/","url":"https:\/\/www.varygrow.com\/wp-content\/uploads\/sites\/19\/2023\/08\/Logo-Heureka-480x150-1.png","contentUrl":"https:\/\/www.varygrow.com\/wp-content\/uploads\/sites\/19\/2023\/08\/Logo-Heureka-480x150-1.png","width":480,"height":150,"caption":"DAMARA s.r.o."},"image":{"@id":"https:\/\/www.varygrow.com\/cs\/#\/schema\/logo\/image\/"},"sameAs":["https:\/\/facebook.com\/VaryGrow"]}]}},"brands":[{"id":108,"name":"Advanced Hydroponics","slug":"advanced-hydroponics"}],"_links":{"self":[{"href":"https:\/\/www.varygrow.com\/cs\/wp-json\/wp\/v2\/product\/159294","targetHints":{"allow":["GET"]}}],"collection":[{"href":"https:\/\/www.varygrow.com\/cs\/wp-json\/wp\/v2\/product"}],"about":[{"href":"https:\/\/www.varygrow.com\/cs\/wp-json\/wp\/v2\/types\/product"}],"replies":[{"embeddable":true,"href":"https:\/\/www.varygrow.com\/cs\/wp-json\/wp\/v2\/comments?post=159294"}],"wp:featuredmedia":[{"embeddable":true,"href":"https:\/\/www.varygrow.com\/cs\/wp-json\/wp\/v2\/media\/293765"}],"wp:attachment":[{"href":"https:\/\/www.varygrow.com\/cs\/wp-json\/wp\/v2\/media?parent=159294"}],"wp:term":[{"taxonomy":"pwb-brand","embeddable":true,"href":"https:\/\/www.varygrow.com\/cs\/wp-json\/wp\/v2\/pwb-brand?post=159294"},{"taxonomy":"product_brand","embeddable":true,"href":"https:\/\/www.varygrow.com\/cs\/wp-json\/wp\/v2\/product_brand?post=159294"},{"taxonomy":"product_cat","embeddable":true,"href":"https:\/\/www.varygrow.com\/cs\/wp-json\/wp\/v2\/product_cat?post=159294"},{"taxonomy":"product_tag","embeddable":true,"href":"https:\/\/www.varygrow.com\/cs\/wp-json\/wp\/v2\/product_tag?post=159294"},{"taxonomy":"berocket_brand","embeddable":true,"href":"https:\/\/www.varygrow.com\/cs\/wp-json\/wp\/v2\/berocket_brand?post=159294"}],"curies":[{"name":"wp","href":"https:\/\/api.w.org\/{rel}","templated":true}]}}