{"id":194166,"date":"2026-04-15T04:39:18","date_gmt":"2026-04-15T02:39:18","guid":{"rendered":"https:\/\/www.varygrow.com\/eshop\/manifold-rozbocovac-konektor-8-mm-pro-kapilaru-20x-5-mm\/"},"modified":"2026-04-15T04:39:19","modified_gmt":"2026-04-15T02:39:19","slug":"manifold-rozbocovac-konektor-8-mm-pro-kapilaru-20x-5-mm","status":"publish","type":"product","link":"https:\/\/www.varygrow.com\/cs\/eshop\/manifold-rozbocovac-konektor-8-mm-pro-kapilaru-20x-5-mm\/","title":{"rendered":"Manifold rozbo\u010dova\u010d konektor 8 mm pro kapil\u00e1ru 20x 5 mm"},"content":{"rendered":"<p>Rozbo\u010dova\u010d pro hadi\u010dky s 20 v\u00fdstupy. Manifold konektor 8 mm pro kapil\u00e1ru 20x 5 mm.<\/p>\n","protected":false},"excerpt":{"rendered":"<p>Rozbo\u010dova\u010d pro hadi\u010dky s 20 v\u00fdstupy. Manifold konektor 8 mm pro kapil\u00e1ru 20x 5 mm.<\/p>\n","protected":false},"featured_media":303840,"comment_status":"open","ping_status":"open","template":"","meta":[],"pwb-brand":[9268],"product_brand":[],"product_cat":[10513,11090,11083],"product_tag":[1831,6075,6074],"berocket_brand":[106],"class_list":{"0":"post-194166","1":"product","2":"type-product","3":"status-publish","4":"has-post-thumbnail","6":"pwb-brand-ostatni","7":"product_cat-naarden","8":"product_cat-vzduchovani-zavlaha-a-vzduchovani","9":"product_cat-zavlaha-a-vzduchovani","10":"product_tag-naarden-pl","11":"product_tag-vzduchovani","12":"product_tag-zavlaha","13":"pa_ean-12350","14":"berocket_brand-naarden","15":"sales-flash-overlay","16":"woocommerce-text-align-center","17":"woocommerce-image-align-center","18":"do-quantity-buttons","20":"first","21":"instock","22":"purchasable","23":"product-type-simple"},"yoast_head":"<!-- This site is optimized with the Yoast SEO plugin v27.4 - https:\/\/yoast.com\/product\/yoast-seo-wordpress\/ -->\n<title>Manifold rozbo\u010dova\u010d konektor 8 mm pro kapil\u00e1ru 20x 5 mm<\/title>\n<meta name=\"description\" content=\"Rozbo\u010dova\u010d pro hadi\u010dky s 20 v\u00fdstupy. Manifold konektor 8 mm pro kapil\u00e1ru 20x 5 mm.\" \/>\n<meta name=\"robots\" content=\"index, follow, max-snippet:-1, max-image-preview:large, max-video-preview:-1\" \/>\n<link rel=\"canonical\" href=\"https:\/\/www.varygrow.com\/cs\/eshop\/manifold-rozbocovac-konektor-8-mm-pro-kapilaru-20x-5-mm\/\" \/>\n<meta property=\"og:locale\" content=\"cs_CZ\" \/>\n<meta property=\"og:type\" content=\"article\" \/>\n<meta property=\"og:title\" content=\"Manifold rozbo\u010dova\u010d konektor 8 mm pro kapil\u00e1ru 20x 5 mm\" \/>\n<meta property=\"og:description\" content=\"Rozbo\u010dova\u010d pro hadi\u010dky s 20 v\u00fdstupy. Manifold konektor 8 mm pro kapil\u00e1ru 20x 5 mm.\" \/>\n<meta property=\"og:url\" content=\"https:\/\/www.varygrow.com\/cs\/eshop\/manifold-rozbocovac-konektor-8-mm-pro-kapilaru-20x-5-mm\/\" \/>\n<meta property=\"og:site_name\" content=\"VaryGrow\" \/>\n<meta property=\"article:publisher\" content=\"https:\/\/facebook.com\/VaryGrow\" \/>\n<meta property=\"article:modified_time\" content=\"2026-04-15T02:39:19+00:00\" \/>\n<meta property=\"og:image\" content=\"https:\/\/www.varygrow.com\/wp-content\/uploads\/sites\/19\/2025\/12\/Manifold-rozbocovac-konektor-8-mm-pro-kapilaru-20x-5-mm.jpg\" \/>\n\t<meta property=\"og:image:width\" content=\"1000\" \/>\n\t<meta property=\"og:image:height\" content=\"1000\" \/>\n\t<meta property=\"og:image:type\" content=\"image\/jpeg\" \/>\n<meta name=\"twitter:card\" content=\"summary_large_image\" \/>\n<script type=\"application\/ld+json\" class=\"yoast-schema-graph\">{\"@context\":\"https:\\\/\\\/schema.org\",\"@graph\":[{\"@type\":\"WebPage\",\"@id\":\"https:\\\/\\\/www.varygrow.com\\\/cs\\\/eshop\\\/manifold-rozbocovac-konektor-8-mm-pro-kapilaru-20x-5-mm\\\/\",\"url\":\"https:\\\/\\\/www.varygrow.com\\\/cs\\\/eshop\\\/manifold-rozbocovac-konektor-8-mm-pro-kapilaru-20x-5-mm\\\/\",\"name\":\"Manifold rozbo\u010dova\u010d konektor 8 mm pro kapil\u00e1ru 20x 5 mm\",\"isPartOf\":{\"@id\":\"https:\\\/\\\/www.varygrow.com\\\/cs\\\/#website\"},\"primaryImageOfPage\":{\"@id\":\"https:\\\/\\\/www.varygrow.com\\\/cs\\\/eshop\\\/manifold-rozbocovac-konektor-8-mm-pro-kapilaru-20x-5-mm\\\/#primaryimage\"},\"image\":{\"@id\":\"https:\\\/\\\/www.varygrow.com\\\/cs\\\/eshop\\\/manifold-rozbocovac-konektor-8-mm-pro-kapilaru-20x-5-mm\\\/#primaryimage\"},\"thumbnailUrl\":\"https:\\\/\\\/www.varygrow.com\\\/wp-content\\\/uploads\\\/sites\\\/19\\\/2025\\\/12\\\/Manifold-rozbocovac-konektor-8-mm-pro-kapilaru-20x-5-mm.jpg\",\"datePublished\":\"2026-04-15T02:39:18+00:00\",\"dateModified\":\"2026-04-15T02:39:19+00:00\",\"description\":\"Rozbo\u010dova\u010d pro hadi\u010dky s 20 v\u00fdstupy. Manifold konektor 8 mm pro kapil\u00e1ru 20x 5 mm.\",\"breadcrumb\":{\"@id\":\"https:\\\/\\\/www.varygrow.com\\\/cs\\\/eshop\\\/manifold-rozbocovac-konektor-8-mm-pro-kapilaru-20x-5-mm\\\/#breadcrumb\"},\"inLanguage\":\"cs\",\"potentialAction\":[{\"@type\":\"ReadAction\",\"target\":[\"https:\\\/\\\/www.varygrow.com\\\/cs\\\/eshop\\\/manifold-rozbocovac-konektor-8-mm-pro-kapilaru-20x-5-mm\\\/\"]}]},{\"@type\":\"ImageObject\",\"inLanguage\":\"cs\",\"@id\":\"https:\\\/\\\/www.varygrow.com\\\/cs\\\/eshop\\\/manifold-rozbocovac-konektor-8-mm-pro-kapilaru-20x-5-mm\\\/#primaryimage\",\"url\":\"https:\\\/\\\/www.varygrow.com\\\/wp-content\\\/uploads\\\/sites\\\/19\\\/2025\\\/12\\\/Manifold-rozbocovac-konektor-8-mm-pro-kapilaru-20x-5-mm.jpg\",\"contentUrl\":\"https:\\\/\\\/www.varygrow.com\\\/wp-content\\\/uploads\\\/sites\\\/19\\\/2025\\\/12\\\/Manifold-rozbocovac-konektor-8-mm-pro-kapilaru-20x-5-mm.jpg\",\"width\":1000,\"height\":1000,\"caption\":\"Manifold rozbo\u010dova\u010d konektor 8 mm pro kapil\u00e1ru 20x 5 mm\"},{\"@type\":\"BreadcrumbList\",\"@id\":\"https:\\\/\\\/www.varygrow.com\\\/cs\\\/eshop\\\/manifold-rozbocovac-konektor-8-mm-pro-kapilaru-20x-5-mm\\\/#breadcrumb\",\"itemListElement\":[{\"@type\":\"ListItem\",\"position\":1,\"name\":\"Dom\u016f\",\"item\":\"https:\\\/\\\/www.varygrow.com\\\/cs\\\/\"},{\"@type\":\"ListItem\",\"position\":2,\"name\":\"Eshop\",\"item\":\"https:\\\/\\\/www.varygrow.com\\\/cs\\\/eshop\\\/\"},{\"@type\":\"ListItem\",\"position\":3,\"name\":\"Manifold rozbo\u010dova\u010d konektor 8 mm pro kapil\u00e1ru 20x 5 mm\"}]},{\"@type\":\"WebSite\",\"@id\":\"https:\\\/\\\/www.varygrow.com\\\/cs\\\/#website\",\"url\":\"https:\\\/\\\/www.varygrow.com\\\/cs\\\/\",\"name\":\"VaryGrow\",\"description\":\"Udr\u017eiteln\u00e9 podnik\u00e1n\u00ed\",\"publisher\":{\"@id\":\"https:\\\/\\\/www.varygrow.com\\\/cs\\\/#organization\"},\"potentialAction\":[{\"@type\":\"SearchAction\",\"target\":{\"@type\":\"EntryPoint\",\"urlTemplate\":\"https:\\\/\\\/www.varygrow.com\\\/cs\\\/?s={search_term_string}\"},\"query-input\":{\"@type\":\"PropertyValueSpecification\",\"valueRequired\":true,\"valueName\":\"search_term_string\"}}],\"inLanguage\":\"cs\"},{\"@type\":\"Organization\",\"@id\":\"https:\\\/\\\/www.varygrow.com\\\/cs\\\/#organization\",\"name\":\"DAMARA s.r.o.\",\"url\":\"https:\\\/\\\/www.varygrow.com\\\/cs\\\/\",\"logo\":{\"@type\":\"ImageObject\",\"inLanguage\":\"cs\",\"@id\":\"https:\\\/\\\/www.varygrow.com\\\/cs\\\/#\\\/schema\\\/logo\\\/image\\\/\",\"url\":\"https:\\\/\\\/www.varygrow.com\\\/wp-content\\\/uploads\\\/sites\\\/19\\\/2023\\\/08\\\/Logo-Heureka-480x150-1.png\",\"contentUrl\":\"https:\\\/\\\/www.varygrow.com\\\/wp-content\\\/uploads\\\/sites\\\/19\\\/2023\\\/08\\\/Logo-Heureka-480x150-1.png\",\"width\":480,\"height\":150,\"caption\":\"DAMARA s.r.o.\"},\"image\":{\"@id\":\"https:\\\/\\\/www.varygrow.com\\\/cs\\\/#\\\/schema\\\/logo\\\/image\\\/\"},\"sameAs\":[\"https:\\\/\\\/facebook.com\\\/VaryGrow\"]}]}<\/script>\n<!-- \/ Yoast SEO plugin. -->","yoast_head_json":{"title":"Manifold rozbo\u010dova\u010d konektor 8 mm pro kapil\u00e1ru 20x 5 mm","description":"Rozbo\u010dova\u010d pro hadi\u010dky s 20 v\u00fdstupy. Manifold konektor 8 mm pro kapil\u00e1ru 20x 5 mm.","robots":{"index":"index","follow":"follow","max-snippet":"max-snippet:-1","max-image-preview":"max-image-preview:large","max-video-preview":"max-video-preview:-1"},"canonical":"https:\/\/www.varygrow.com\/cs\/eshop\/manifold-rozbocovac-konektor-8-mm-pro-kapilaru-20x-5-mm\/","og_locale":"cs_CZ","og_type":"article","og_title":"Manifold rozbo\u010dova\u010d konektor 8 mm pro kapil\u00e1ru 20x 5 mm","og_description":"Rozbo\u010dova\u010d pro hadi\u010dky s 20 v\u00fdstupy. Manifold konektor 8 mm pro kapil\u00e1ru 20x 5 mm.","og_url":"https:\/\/www.varygrow.com\/cs\/eshop\/manifold-rozbocovac-konektor-8-mm-pro-kapilaru-20x-5-mm\/","og_site_name":"VaryGrow","article_publisher":"https:\/\/facebook.com\/VaryGrow","article_modified_time":"2026-04-15T02:39:19+00:00","og_image":[{"width":1000,"height":1000,"url":"https:\/\/www.varygrow.com\/wp-content\/uploads\/sites\/19\/2025\/12\/Manifold-rozbocovac-konektor-8-mm-pro-kapilaru-20x-5-mm.jpg","type":"image\/jpeg"}],"twitter_card":"summary_large_image","schema":{"@context":"https:\/\/schema.org","@graph":[{"@type":"WebPage","@id":"https:\/\/www.varygrow.com\/cs\/eshop\/manifold-rozbocovac-konektor-8-mm-pro-kapilaru-20x-5-mm\/","url":"https:\/\/www.varygrow.com\/cs\/eshop\/manifold-rozbocovac-konektor-8-mm-pro-kapilaru-20x-5-mm\/","name":"Manifold rozbo\u010dova\u010d konektor 8 mm pro kapil\u00e1ru 20x 5 mm","isPartOf":{"@id":"https:\/\/www.varygrow.com\/cs\/#website"},"primaryImageOfPage":{"@id":"https:\/\/www.varygrow.com\/cs\/eshop\/manifold-rozbocovac-konektor-8-mm-pro-kapilaru-20x-5-mm\/#primaryimage"},"image":{"@id":"https:\/\/www.varygrow.com\/cs\/eshop\/manifold-rozbocovac-konektor-8-mm-pro-kapilaru-20x-5-mm\/#primaryimage"},"thumbnailUrl":"https:\/\/www.varygrow.com\/wp-content\/uploads\/sites\/19\/2025\/12\/Manifold-rozbocovac-konektor-8-mm-pro-kapilaru-20x-5-mm.jpg","datePublished":"2026-04-15T02:39:18+00:00","dateModified":"2026-04-15T02:39:19+00:00","description":"Rozbo\u010dova\u010d pro hadi\u010dky s 20 v\u00fdstupy. Manifold konektor 8 mm pro kapil\u00e1ru 20x 5 mm.","breadcrumb":{"@id":"https:\/\/www.varygrow.com\/cs\/eshop\/manifold-rozbocovac-konektor-8-mm-pro-kapilaru-20x-5-mm\/#breadcrumb"},"inLanguage":"cs","potentialAction":[{"@type":"ReadAction","target":["https:\/\/www.varygrow.com\/cs\/eshop\/manifold-rozbocovac-konektor-8-mm-pro-kapilaru-20x-5-mm\/"]}]},{"@type":"ImageObject","inLanguage":"cs","@id":"https:\/\/www.varygrow.com\/cs\/eshop\/manifold-rozbocovac-konektor-8-mm-pro-kapilaru-20x-5-mm\/#primaryimage","url":"https:\/\/www.varygrow.com\/wp-content\/uploads\/sites\/19\/2025\/12\/Manifold-rozbocovac-konektor-8-mm-pro-kapilaru-20x-5-mm.jpg","contentUrl":"https:\/\/www.varygrow.com\/wp-content\/uploads\/sites\/19\/2025\/12\/Manifold-rozbocovac-konektor-8-mm-pro-kapilaru-20x-5-mm.jpg","width":1000,"height":1000,"caption":"Manifold rozbo\u010dova\u010d konektor 8 mm pro kapil\u00e1ru 20x 5 mm"},{"@type":"BreadcrumbList","@id":"https:\/\/www.varygrow.com\/cs\/eshop\/manifold-rozbocovac-konektor-8-mm-pro-kapilaru-20x-5-mm\/#breadcrumb","itemListElement":[{"@type":"ListItem","position":1,"name":"Dom\u016f","item":"https:\/\/www.varygrow.com\/cs\/"},{"@type":"ListItem","position":2,"name":"Eshop","item":"https:\/\/www.varygrow.com\/cs\/eshop\/"},{"@type":"ListItem","position":3,"name":"Manifold rozbo\u010dova\u010d konektor 8 mm pro kapil\u00e1ru 20x 5 mm"}]},{"@type":"WebSite","@id":"https:\/\/www.varygrow.com\/cs\/#website","url":"https:\/\/www.varygrow.com\/cs\/","name":"VaryGrow","description":"Udr\u017eiteln\u00e9 podnik\u00e1n\u00ed","publisher":{"@id":"https:\/\/www.varygrow.com\/cs\/#organization"},"potentialAction":[{"@type":"SearchAction","target":{"@type":"EntryPoint","urlTemplate":"https:\/\/www.varygrow.com\/cs\/?s={search_term_string}"},"query-input":{"@type":"PropertyValueSpecification","valueRequired":true,"valueName":"search_term_string"}}],"inLanguage":"cs"},{"@type":"Organization","@id":"https:\/\/www.varygrow.com\/cs\/#organization","name":"DAMARA s.r.o.","url":"https:\/\/www.varygrow.com\/cs\/","logo":{"@type":"ImageObject","inLanguage":"cs","@id":"https:\/\/www.varygrow.com\/cs\/#\/schema\/logo\/image\/","url":"https:\/\/www.varygrow.com\/wp-content\/uploads\/sites\/19\/2023\/08\/Logo-Heureka-480x150-1.png","contentUrl":"https:\/\/www.varygrow.com\/wp-content\/uploads\/sites\/19\/2023\/08\/Logo-Heureka-480x150-1.png","width":480,"height":150,"caption":"DAMARA s.r.o."},"image":{"@id":"https:\/\/www.varygrow.com\/cs\/#\/schema\/logo\/image\/"},"sameAs":["https:\/\/facebook.com\/VaryGrow"]}]}},"brands":[{"id":9268,"name":"Ostatn\u00ed","slug":"ostatni"}],"_links":{"self":[{"href":"https:\/\/www.varygrow.com\/cs\/wp-json\/wp\/v2\/product\/194166","targetHints":{"allow":["GET"]}}],"collection":[{"href":"https:\/\/www.varygrow.com\/cs\/wp-json\/wp\/v2\/product"}],"about":[{"href":"https:\/\/www.varygrow.com\/cs\/wp-json\/wp\/v2\/types\/product"}],"replies":[{"embeddable":true,"href":"https:\/\/www.varygrow.com\/cs\/wp-json\/wp\/v2\/comments?post=194166"}],"wp:featuredmedia":[{"embeddable":true,"href":"https:\/\/www.varygrow.com\/cs\/wp-json\/wp\/v2\/media\/303840"}],"wp:attachment":[{"href":"https:\/\/www.varygrow.com\/cs\/wp-json\/wp\/v2\/media?parent=194166"}],"wp:term":[{"taxonomy":"pwb-brand","embeddable":true,"href":"https:\/\/www.varygrow.com\/cs\/wp-json\/wp\/v2\/pwb-brand?post=194166"},{"taxonomy":"product_brand","embeddable":true,"href":"https:\/\/www.varygrow.com\/cs\/wp-json\/wp\/v2\/product_brand?post=194166"},{"taxonomy":"product_cat","embeddable":true,"href":"https:\/\/www.varygrow.com\/cs\/wp-json\/wp\/v2\/product_cat?post=194166"},{"taxonomy":"product_tag","embeddable":true,"href":"https:\/\/www.varygrow.com\/cs\/wp-json\/wp\/v2\/product_tag?post=194166"},{"taxonomy":"berocket_brand","embeddable":true,"href":"https:\/\/www.varygrow.com\/cs\/wp-json\/wp\/v2\/berocket_brand?post=194166"}],"curies":[{"name":"wp","href":"https:\/\/api.w.org\/{rel}","templated":true}]}}