{"id":267334,"date":"2026-04-17T03:06:42","date_gmt":"2026-04-17T01:06:42","guid":{"rendered":"https:\/\/www.varygrow.com\/eshop\/pure-pot-textilni-kvetinac-s-uchyty-55x40-cm-95-l\/"},"modified":"2026-04-17T03:06:43","modified_gmt":"2026-04-17T01:06:43","slug":"pure-pot-textilni-kvetinac-s-uchyty-55x40-cm-95-l","status":"publish","type":"product","link":"https:\/\/www.varygrow.com\/cs\/eshop\/pure-pot-textilni-kvetinac-s-uchyty-55x40-cm-95-l\/","title":{"rendered":"Pure Pot textiln\u00ed kv\u011btin\u00e1\u010d s \u00fachyty 55&#215;40 cm &#8211; 95 l"},"content":{"rendered":"<li>Vysok\u00e1 kvalita geotextiln\u00edho kv\u011btin\u00e1\u010de\n<\/li>\n<li>Podporuje provzdu\u0161\u0148ov\u00e1n\u00ed ko\u0159enov\u00e9 z\u00f3ny\n<\/li>\n<li>Izoluje ko\u0159eny b\u011bhem chladn\u00e9ho a hork\u00e9ho obdob\u00ed\n<\/li>\n<li>Snadn\u00e1 p\u0159eprava a dod\u00e1n\u00ed slo\u017een\u00e9ho kv\u011btin\u00e1\u010de\n<\/li>\n<li>Ide\u00e1ln\u00ed podmiska pro tento kv\u011btin\u00e1\u010d k dispozici<\/li>\n","protected":false},"excerpt":{"rendered":"<p>Textiln\u00ed kv\u011btin\u00e1\u010d Pure Pot se hod\u00ed pro outdoor i indoor p\u011bstov\u00e1n\u00ed bylinek a rostlin. Podporuje kvalitn\u00ed provzdu\u0161n\u011bn\u00ed ko\u0159en\u016f a skv\u011bl\u00fd r\u016fst. \u00dachyty usnad\u0148uj\u00ed manipulaci.<\/p>\n","protected":false},"featured_media":306862,"comment_status":"open","ping_status":"open","template":"","meta":[],"pwb-brand":[7785],"product_brand":[],"product_cat":[11075,10513,11361,11138],"product_tag":[8903,1831,11362,6293],"berocket_brand":[106],"class_list":{"0":"post-267334","1":"product","2":"type-product","3":"status-publish","4":"has-post-thumbnail","6":"pwb-brand-pure-factory","7":"product_cat-kvetinace-a-podmisky","8":"product_cat-naarden","9":"product_cat-pure-pot","10":"product_cat-textilni-kvetinace-a-podmisky","11":"product_tag-kvetinace-a-pestebni-nadoby","12":"product_tag-naarden-pl","13":"product_tag-pure-pot","14":"product_tag-textilni","15":"pa_ean-12315","16":"berocket_brand-naarden","17":"sales-flash-overlay","18":"woocommerce-text-align-center","19":"woocommerce-image-align-center","20":"do-quantity-buttons","22":"first","23":"instock","24":"purchasable","25":"product-type-simple"},"yoast_head":"<!-- This site is optimized with the Yoast SEO plugin v27.4 - https:\/\/yoast.com\/product\/yoast-seo-wordpress\/ -->\n<title>Pure Pot textiln\u00ed kv\u011btin\u00e1\u010d s \u00fachyty 55x40 cm - 95 l<\/title>\n<meta name=\"description\" content=\"Textiln\u00ed kv\u011btin\u00e1\u010d Pure Pot se hod\u00ed pro outdoor i indoor p\u011bstov\u00e1n\u00ed bylinek a rostlin. Podporuje kvalitn\u00ed provzdu\u0161n\u011bn\u00ed ko\u0159en\u016f a skv\u011bl\u00fd r\u016fst. \u00dachyty usnad\u0148uj\u00ed manipulaci.\" \/>\n<meta name=\"robots\" content=\"index, follow, max-snippet:-1, max-image-preview:large, max-video-preview:-1\" \/>\n<link rel=\"canonical\" href=\"https:\/\/www.varygrow.com\/cs\/eshop\/pure-pot-textilni-kvetinac-s-uchyty-55x40-cm-95-l\/\" \/>\n<meta property=\"og:locale\" content=\"cs_CZ\" \/>\n<meta property=\"og:type\" content=\"article\" \/>\n<meta property=\"og:title\" content=\"Pure Pot textiln\u00ed kv\u011btin\u00e1\u010d s \u00fachyty 55x40 cm - 95 l\" \/>\n<meta property=\"og:description\" content=\"Textiln\u00ed kv\u011btin\u00e1\u010d Pure Pot se hod\u00ed pro outdoor i indoor p\u011bstov\u00e1n\u00ed bylinek a rostlin. Podporuje kvalitn\u00ed provzdu\u0161n\u011bn\u00ed ko\u0159en\u016f a skv\u011bl\u00fd r\u016fst. \u00dachyty usnad\u0148uj\u00ed manipulaci.\" \/>\n<meta property=\"og:url\" content=\"https:\/\/www.varygrow.com\/cs\/eshop\/pure-pot-textilni-kvetinac-s-uchyty-55x40-cm-95-l\/\" \/>\n<meta property=\"og:site_name\" content=\"VaryGrow\" \/>\n<meta property=\"article:publisher\" content=\"https:\/\/facebook.com\/VaryGrow\" \/>\n<meta property=\"article:modified_time\" content=\"2026-04-17T01:06:43+00:00\" \/>\n<meta property=\"og:image\" content=\"https:\/\/www.varygrow.com\/wp-content\/uploads\/sites\/19\/2025\/12\/Pure-Pot-textilni-kvetinac-s-uchyty-55x40-cm-95-l.jpg\" \/>\n\t<meta property=\"og:image:width\" content=\"1000\" \/>\n\t<meta property=\"og:image:height\" content=\"1000\" \/>\n\t<meta property=\"og:image:type\" content=\"image\/jpeg\" \/>\n<meta name=\"twitter:card\" content=\"summary_large_image\" \/>\n<script type=\"application\/ld+json\" class=\"yoast-schema-graph\">{\"@context\":\"https:\\\/\\\/schema.org\",\"@graph\":[{\"@type\":\"WebPage\",\"@id\":\"https:\\\/\\\/www.varygrow.com\\\/cs\\\/eshop\\\/pure-pot-textilni-kvetinac-s-uchyty-55x40-cm-95-l\\\/\",\"url\":\"https:\\\/\\\/www.varygrow.com\\\/cs\\\/eshop\\\/pure-pot-textilni-kvetinac-s-uchyty-55x40-cm-95-l\\\/\",\"name\":\"Pure Pot textiln\u00ed kv\u011btin\u00e1\u010d s \u00fachyty 55x40 cm - 95 l\",\"isPartOf\":{\"@id\":\"https:\\\/\\\/www.varygrow.com\\\/cs\\\/#website\"},\"primaryImageOfPage\":{\"@id\":\"https:\\\/\\\/www.varygrow.com\\\/cs\\\/eshop\\\/pure-pot-textilni-kvetinac-s-uchyty-55x40-cm-95-l\\\/#primaryimage\"},\"image\":{\"@id\":\"https:\\\/\\\/www.varygrow.com\\\/cs\\\/eshop\\\/pure-pot-textilni-kvetinac-s-uchyty-55x40-cm-95-l\\\/#primaryimage\"},\"thumbnailUrl\":\"https:\\\/\\\/www.varygrow.com\\\/wp-content\\\/uploads\\\/sites\\\/19\\\/2025\\\/12\\\/Pure-Pot-textilni-kvetinac-s-uchyty-55x40-cm-95-l.jpg\",\"datePublished\":\"2026-04-17T01:06:42+00:00\",\"dateModified\":\"2026-04-17T01:06:43+00:00\",\"description\":\"Textiln\u00ed kv\u011btin\u00e1\u010d Pure Pot se hod\u00ed pro outdoor i indoor p\u011bstov\u00e1n\u00ed bylinek a rostlin. Podporuje kvalitn\u00ed provzdu\u0161n\u011bn\u00ed ko\u0159en\u016f a skv\u011bl\u00fd r\u016fst. \u00dachyty usnad\u0148uj\u00ed manipulaci.\",\"breadcrumb\":{\"@id\":\"https:\\\/\\\/www.varygrow.com\\\/cs\\\/eshop\\\/pure-pot-textilni-kvetinac-s-uchyty-55x40-cm-95-l\\\/#breadcrumb\"},\"inLanguage\":\"cs\",\"potentialAction\":[{\"@type\":\"ReadAction\",\"target\":[\"https:\\\/\\\/www.varygrow.com\\\/cs\\\/eshop\\\/pure-pot-textilni-kvetinac-s-uchyty-55x40-cm-95-l\\\/\"]}]},{\"@type\":\"ImageObject\",\"inLanguage\":\"cs\",\"@id\":\"https:\\\/\\\/www.varygrow.com\\\/cs\\\/eshop\\\/pure-pot-textilni-kvetinac-s-uchyty-55x40-cm-95-l\\\/#primaryimage\",\"url\":\"https:\\\/\\\/www.varygrow.com\\\/wp-content\\\/uploads\\\/sites\\\/19\\\/2025\\\/12\\\/Pure-Pot-textilni-kvetinac-s-uchyty-55x40-cm-95-l.jpg\",\"contentUrl\":\"https:\\\/\\\/www.varygrow.com\\\/wp-content\\\/uploads\\\/sites\\\/19\\\/2025\\\/12\\\/Pure-Pot-textilni-kvetinac-s-uchyty-55x40-cm-95-l.jpg\",\"width\":1000,\"height\":1000,\"caption\":\"Pure Pot textiln\u00ed kv\u011btin\u00e1\u010d s \u00fachyty 55x40 cm - 95 l\"},{\"@type\":\"BreadcrumbList\",\"@id\":\"https:\\\/\\\/www.varygrow.com\\\/cs\\\/eshop\\\/pure-pot-textilni-kvetinac-s-uchyty-55x40-cm-95-l\\\/#breadcrumb\",\"itemListElement\":[{\"@type\":\"ListItem\",\"position\":1,\"name\":\"Dom\u016f\",\"item\":\"https:\\\/\\\/www.varygrow.com\\\/cs\\\/\"},{\"@type\":\"ListItem\",\"position\":2,\"name\":\"Eshop\",\"item\":\"https:\\\/\\\/www.varygrow.com\\\/cs\\\/eshop\\\/\"},{\"@type\":\"ListItem\",\"position\":3,\"name\":\"Pure Pot textiln\u00ed kv\u011btin\u00e1\u010d s \u00fachyty 55&#215;40 cm &#8211; 95 l\"}]},{\"@type\":\"WebSite\",\"@id\":\"https:\\\/\\\/www.varygrow.com\\\/cs\\\/#website\",\"url\":\"https:\\\/\\\/www.varygrow.com\\\/cs\\\/\",\"name\":\"VaryGrow\",\"description\":\"Udr\u017eiteln\u00e9 podnik\u00e1n\u00ed\",\"publisher\":{\"@id\":\"https:\\\/\\\/www.varygrow.com\\\/cs\\\/#organization\"},\"potentialAction\":[{\"@type\":\"SearchAction\",\"target\":{\"@type\":\"EntryPoint\",\"urlTemplate\":\"https:\\\/\\\/www.varygrow.com\\\/cs\\\/?s={search_term_string}\"},\"query-input\":{\"@type\":\"PropertyValueSpecification\",\"valueRequired\":true,\"valueName\":\"search_term_string\"}}],\"inLanguage\":\"cs\"},{\"@type\":\"Organization\",\"@id\":\"https:\\\/\\\/www.varygrow.com\\\/cs\\\/#organization\",\"name\":\"DAMARA s.r.o.\",\"url\":\"https:\\\/\\\/www.varygrow.com\\\/cs\\\/\",\"logo\":{\"@type\":\"ImageObject\",\"inLanguage\":\"cs\",\"@id\":\"https:\\\/\\\/www.varygrow.com\\\/cs\\\/#\\\/schema\\\/logo\\\/image\\\/\",\"url\":\"https:\\\/\\\/www.varygrow.com\\\/wp-content\\\/uploads\\\/sites\\\/19\\\/2023\\\/08\\\/Logo-Heureka-480x150-1.png\",\"contentUrl\":\"https:\\\/\\\/www.varygrow.com\\\/wp-content\\\/uploads\\\/sites\\\/19\\\/2023\\\/08\\\/Logo-Heureka-480x150-1.png\",\"width\":480,\"height\":150,\"caption\":\"DAMARA s.r.o.\"},\"image\":{\"@id\":\"https:\\\/\\\/www.varygrow.com\\\/cs\\\/#\\\/schema\\\/logo\\\/image\\\/\"},\"sameAs\":[\"https:\\\/\\\/facebook.com\\\/VaryGrow\"]}]}<\/script>\n<!-- \/ Yoast SEO plugin. -->","yoast_head_json":{"title":"Pure Pot textiln\u00ed kv\u011btin\u00e1\u010d s \u00fachyty 55x40 cm - 95 l","description":"Textiln\u00ed kv\u011btin\u00e1\u010d Pure Pot se hod\u00ed pro outdoor i indoor p\u011bstov\u00e1n\u00ed bylinek a rostlin. Podporuje kvalitn\u00ed provzdu\u0161n\u011bn\u00ed ko\u0159en\u016f a skv\u011bl\u00fd r\u016fst. \u00dachyty usnad\u0148uj\u00ed manipulaci.","robots":{"index":"index","follow":"follow","max-snippet":"max-snippet:-1","max-image-preview":"max-image-preview:large","max-video-preview":"max-video-preview:-1"},"canonical":"https:\/\/www.varygrow.com\/cs\/eshop\/pure-pot-textilni-kvetinac-s-uchyty-55x40-cm-95-l\/","og_locale":"cs_CZ","og_type":"article","og_title":"Pure Pot textiln\u00ed kv\u011btin\u00e1\u010d s \u00fachyty 55x40 cm - 95 l","og_description":"Textiln\u00ed kv\u011btin\u00e1\u010d Pure Pot se hod\u00ed pro outdoor i indoor p\u011bstov\u00e1n\u00ed bylinek a rostlin. Podporuje kvalitn\u00ed provzdu\u0161n\u011bn\u00ed ko\u0159en\u016f a skv\u011bl\u00fd r\u016fst. \u00dachyty usnad\u0148uj\u00ed manipulaci.","og_url":"https:\/\/www.varygrow.com\/cs\/eshop\/pure-pot-textilni-kvetinac-s-uchyty-55x40-cm-95-l\/","og_site_name":"VaryGrow","article_publisher":"https:\/\/facebook.com\/VaryGrow","article_modified_time":"2026-04-17T01:06:43+00:00","og_image":[{"width":1000,"height":1000,"url":"https:\/\/www.varygrow.com\/wp-content\/uploads\/sites\/19\/2025\/12\/Pure-Pot-textilni-kvetinac-s-uchyty-55x40-cm-95-l.jpg","type":"image\/jpeg"}],"twitter_card":"summary_large_image","schema":{"@context":"https:\/\/schema.org","@graph":[{"@type":"WebPage","@id":"https:\/\/www.varygrow.com\/cs\/eshop\/pure-pot-textilni-kvetinac-s-uchyty-55x40-cm-95-l\/","url":"https:\/\/www.varygrow.com\/cs\/eshop\/pure-pot-textilni-kvetinac-s-uchyty-55x40-cm-95-l\/","name":"Pure Pot textiln\u00ed kv\u011btin\u00e1\u010d s \u00fachyty 55x40 cm - 95 l","isPartOf":{"@id":"https:\/\/www.varygrow.com\/cs\/#website"},"primaryImageOfPage":{"@id":"https:\/\/www.varygrow.com\/cs\/eshop\/pure-pot-textilni-kvetinac-s-uchyty-55x40-cm-95-l\/#primaryimage"},"image":{"@id":"https:\/\/www.varygrow.com\/cs\/eshop\/pure-pot-textilni-kvetinac-s-uchyty-55x40-cm-95-l\/#primaryimage"},"thumbnailUrl":"https:\/\/www.varygrow.com\/wp-content\/uploads\/sites\/19\/2025\/12\/Pure-Pot-textilni-kvetinac-s-uchyty-55x40-cm-95-l.jpg","datePublished":"2026-04-17T01:06:42+00:00","dateModified":"2026-04-17T01:06:43+00:00","description":"Textiln\u00ed kv\u011btin\u00e1\u010d Pure Pot se hod\u00ed pro outdoor i indoor p\u011bstov\u00e1n\u00ed bylinek a rostlin. Podporuje kvalitn\u00ed provzdu\u0161n\u011bn\u00ed ko\u0159en\u016f a skv\u011bl\u00fd r\u016fst. \u00dachyty usnad\u0148uj\u00ed manipulaci.","breadcrumb":{"@id":"https:\/\/www.varygrow.com\/cs\/eshop\/pure-pot-textilni-kvetinac-s-uchyty-55x40-cm-95-l\/#breadcrumb"},"inLanguage":"cs","potentialAction":[{"@type":"ReadAction","target":["https:\/\/www.varygrow.com\/cs\/eshop\/pure-pot-textilni-kvetinac-s-uchyty-55x40-cm-95-l\/"]}]},{"@type":"ImageObject","inLanguage":"cs","@id":"https:\/\/www.varygrow.com\/cs\/eshop\/pure-pot-textilni-kvetinac-s-uchyty-55x40-cm-95-l\/#primaryimage","url":"https:\/\/www.varygrow.com\/wp-content\/uploads\/sites\/19\/2025\/12\/Pure-Pot-textilni-kvetinac-s-uchyty-55x40-cm-95-l.jpg","contentUrl":"https:\/\/www.varygrow.com\/wp-content\/uploads\/sites\/19\/2025\/12\/Pure-Pot-textilni-kvetinac-s-uchyty-55x40-cm-95-l.jpg","width":1000,"height":1000,"caption":"Pure Pot textiln\u00ed kv\u011btin\u00e1\u010d s \u00fachyty 55x40 cm - 95 l"},{"@type":"BreadcrumbList","@id":"https:\/\/www.varygrow.com\/cs\/eshop\/pure-pot-textilni-kvetinac-s-uchyty-55x40-cm-95-l\/#breadcrumb","itemListElement":[{"@type":"ListItem","position":1,"name":"Dom\u016f","item":"https:\/\/www.varygrow.com\/cs\/"},{"@type":"ListItem","position":2,"name":"Eshop","item":"https:\/\/www.varygrow.com\/cs\/eshop\/"},{"@type":"ListItem","position":3,"name":"Pure Pot textiln\u00ed kv\u011btin\u00e1\u010d s \u00fachyty 55&#215;40 cm &#8211; 95 l"}]},{"@type":"WebSite","@id":"https:\/\/www.varygrow.com\/cs\/#website","url":"https:\/\/www.varygrow.com\/cs\/","name":"VaryGrow","description":"Udr\u017eiteln\u00e9 podnik\u00e1n\u00ed","publisher":{"@id":"https:\/\/www.varygrow.com\/cs\/#organization"},"potentialAction":[{"@type":"SearchAction","target":{"@type":"EntryPoint","urlTemplate":"https:\/\/www.varygrow.com\/cs\/?s={search_term_string}"},"query-input":{"@type":"PropertyValueSpecification","valueRequired":true,"valueName":"search_term_string"}}],"inLanguage":"cs"},{"@type":"Organization","@id":"https:\/\/www.varygrow.com\/cs\/#organization","name":"DAMARA s.r.o.","url":"https:\/\/www.varygrow.com\/cs\/","logo":{"@type":"ImageObject","inLanguage":"cs","@id":"https:\/\/www.varygrow.com\/cs\/#\/schema\/logo\/image\/","url":"https:\/\/www.varygrow.com\/wp-content\/uploads\/sites\/19\/2023\/08\/Logo-Heureka-480x150-1.png","contentUrl":"https:\/\/www.varygrow.com\/wp-content\/uploads\/sites\/19\/2023\/08\/Logo-Heureka-480x150-1.png","width":480,"height":150,"caption":"DAMARA s.r.o."},"image":{"@id":"https:\/\/www.varygrow.com\/cs\/#\/schema\/logo\/image\/"},"sameAs":["https:\/\/facebook.com\/VaryGrow"]}]}},"brands":[{"id":7785,"name":"Pure Factory","slug":"pure-factory"}],"_links":{"self":[{"href":"https:\/\/www.varygrow.com\/cs\/wp-json\/wp\/v2\/product\/267334","targetHints":{"allow":["GET"]}}],"collection":[{"href":"https:\/\/www.varygrow.com\/cs\/wp-json\/wp\/v2\/product"}],"about":[{"href":"https:\/\/www.varygrow.com\/cs\/wp-json\/wp\/v2\/types\/product"}],"replies":[{"embeddable":true,"href":"https:\/\/www.varygrow.com\/cs\/wp-json\/wp\/v2\/comments?post=267334"}],"wp:featuredmedia":[{"embeddable":true,"href":"https:\/\/www.varygrow.com\/cs\/wp-json\/wp\/v2\/media\/306862"}],"wp:attachment":[{"href":"https:\/\/www.varygrow.com\/cs\/wp-json\/wp\/v2\/media?parent=267334"}],"wp:term":[{"taxonomy":"pwb-brand","embeddable":true,"href":"https:\/\/www.varygrow.com\/cs\/wp-json\/wp\/v2\/pwb-brand?post=267334"},{"taxonomy":"product_brand","embeddable":true,"href":"https:\/\/www.varygrow.com\/cs\/wp-json\/wp\/v2\/product_brand?post=267334"},{"taxonomy":"product_cat","embeddable":true,"href":"https:\/\/www.varygrow.com\/cs\/wp-json\/wp\/v2\/product_cat?post=267334"},{"taxonomy":"product_tag","embeddable":true,"href":"https:\/\/www.varygrow.com\/cs\/wp-json\/wp\/v2\/product_tag?post=267334"},{"taxonomy":"berocket_brand","embeddable":true,"href":"https:\/\/www.varygrow.com\/cs\/wp-json\/wp\/v2\/berocket_brand?post=267334"}],"curies":[{"name":"wp","href":"https:\/\/api.w.org\/{rel}","templated":true}]}}