{"id":274316,"date":"2026-04-18T03:05:26","date_gmt":"2026-04-18T01:05:26","guid":{"rendered":"https:\/\/www.varygrow.com\/eshop\/terra-aquatica-dualpart-grow-sw-500-ml\/"},"modified":"2026-04-18T03:05:27","modified_gmt":"2026-04-18T01:05:27","slug":"terra-aquatica-dualpart-grow-sw-500-ml","status":"publish","type":"product","link":"https:\/\/www.varygrow.com\/cs\/eshop\/terra-aquatica-dualpart-grow-sw-500-ml\/","title":{"rendered":"Terra Aquatica DualPart Grow SW 500 ml"},"content":{"rendered":"<p>FloraDuo je dvouslo\u017ekov\u00e1 miner\u00e1ln\u00ed \u017eivina &#8211; FloraDuo Grow (r\u016fst) a FloraDuo Bloom (kveten\u00ed).&nbsp;FloraDuo p\u0159edstavuje novou recepturu op\u00edraj\u00edc\u00ed se o&nbsp;nejnov\u011bj\u0161\u00ed v\u011bdeck\u00e9 poznatky.<\/p>\n<p>Byla vyvinuta a vytvorena ve spolupr\u00e1ci s&nbsp;Dr. Calem Herrmannem a Williamem Texierem.&nbsp;<\/p>\n<p>FloraDuo je \u201eklasick\u00e1\u201c&nbsp;<strong>miner\u00e1ln\u00ed \u017eivina<\/strong>, ov\u0161em jej\u00ed slo\u017een\u00ed se li\u0161\u00ed (a to velmi podstatn\u011b). Do na\u0161ich lahv\u00ed p\u0159id\u00e1v\u00e1me slo\u017eky, kter\u00fdm bychom mohli r\u00edkat &#8222;<strong>bio-aktiv\u00e1tory<\/strong>&#8222;, co\u017e nejsou doslova rostlinn\u00e9 \u017eiviny, ale l\u00e1tky, kter\u00e9 zlep\u0161uj\u00ed jejich zdrav\u00ed a pom\u00e1haj\u00ed jim l\u00e9pe absorbovat \u017eiviny a tak\u00e9 l\u00e9pe&nbsp;<strong>odol\u00e1vat patogenum a agres\u00edm hmyzu<\/strong>.<\/p>\n<p>FloraDuo je v\u0161eobsahuj\u00edc\u00ed \u017eivina p\u0159\u00edmo vytvo\u0159en\u00e1 pro rychle rostouc\u00ed rostliny s v\u00fdznamn\u00fdm rozd\u00edlem mezi pot\u0159ebami pro r\u016fst a kveten\u00ed.&nbsp;Je dod\u00e1v\u00e1na ve 2 slo\u017ek\u00e1ch: FloraDuo Grow (rust) a FloraDuo Bloom (kveten\u00ed). Abychom z\u00edskali ty nejlep\u0161\u00ed v\u00fdsledky a prizpusobili \u017eivinu pro v\u0161echny oblasti, nab\u00edz\u00edme \u201eGrow\u201c ve 2 verz\u00edch: jednu pro tvrdou vodu a jednu pro m\u011bkkou vodu. FloraDuo Grow \u201csoft water \u2013 mekk\u00e1 voda\u201d je ur\u010dena pro demineralizovanou vodu a vodu s reverzn\u00ed osm\u00f3zou.<\/p>\n<p>FloraDuo je vysoce&nbsp;<strong>koncentrovan\u00e1<\/strong>&nbsp;: 4 ml\/l sta\u010d\u00ed pro vyrovnan\u00fd a siln\u00fd r\u016fst. Tak\u00e9 cena je velmi prita\u017eliv\u00e1. FloraDuo je&nbsp;<strong>\u00fasporn\u00e1<\/strong>&nbsp;a z&nbsp;pohledu ceny efektivn\u00ed.<\/p>\n<p>FloraDuo se tak\u00e9&nbsp;<strong>dobre aplikuje<\/strong>: pro optim\u00e1ln\u00ed r\u016fst&nbsp;sta\u010d\u00ed sm\u00edchat 3 d\u00edly FloraDuo Grow s&nbsp;1 d\u00edlem FloroDuo Bloom.&nbsp;Kdy\u017e pak tento pom\u011br oto\u010d\u00edme (3 d\u00edly Bloom s&nbsp;1 d\u00edlem Grow), vyhov\u00edme v\u0161em po\u017eadavk\u016fm na kveten\u00ed. FloraDuo je z\u00e1rukou dokonal\u00e9 rovnov\u00e1hy mezi rustem a kveten\u00edm. Pro bohatou a zdravou \u00farodu nic v\u00edc nepotrebujete.<\/p>\n<p>Pou\u017eijte Soft water pro vodu s m\u00e9n\u011b ne\u017e 70mg\/l v\u00e1pn\u00edku.<\/p>\n","protected":false},"excerpt":{"rendered":"<p>FloraDuo je dvouslo\u017ekov\u00e1 miner\u00e1ln\u00ed \u017eivina &#8211; FloraDuo Grow (r\u016fst) a FloraDuo Bloom (kveten\u00ed). FloraDuo p\u0159edstavuje novou recepturu op\u00edraj\u00edc\u00ed se o nejnov\u011bj\u0161\u00ed v\u011bdeck\u00e9 poznatky.<\/p>\n","protected":false},"featured_media":309846,"comment_status":"open","ping_status":"open","template":"","meta":[],"pwb-brand":[124],"product_brand":[],"product_cat":[10532,10513,12275,12266],"product_tag":[6061,1831,6468,12238],"berocket_brand":[106],"class_list":{"0":"post-274316","1":"product","2":"type-product","3":"status-publish","4":"has-post-thumbnail","6":"pwb-brand-terra-aquatica","7":"product_cat-hnojiva","8":"product_cat-naarden","9":"product_cat-t-a-dualpart-terra-aquatica-hnojiva","10":"product_cat-terra-aquatica-hnojiva","11":"product_tag-hnojiva","12":"product_tag-naarden-pl","13":"product_tag-t-a-dualpart","14":"product_tag-terra-aquatica","15":"pa_ean-5124","16":"berocket_brand-naarden","17":"sales-flash-overlay","18":"woocommerce-text-align-center","19":"woocommerce-image-align-center","20":"do-quantity-buttons","22":"first","23":"instock","24":"purchasable","25":"product-type-simple"},"yoast_head":"<!-- This site is optimized with the Yoast SEO plugin v27.4 - https:\/\/yoast.com\/product\/yoast-seo-wordpress\/ -->\n<title>Terra Aquatica DualPart Grow SW 500 ml<\/title>\n<meta name=\"description\" content=\"FloraDuo je dvouslo\u017ekov\u00e1 miner\u00e1ln\u00ed \u017eivina - FloraDuo Grow (r\u016fst) a FloraDuo Bloom (kveten\u00ed). FloraDuo p\u0159edstavuje novou recepturu op\u00edraj\u00edc\u00ed se o nejnov\u011bj\u0161\u00ed v\u011bdeck\u00e9 poznatky.\" \/>\n<meta name=\"robots\" content=\"index, follow, max-snippet:-1, max-image-preview:large, max-video-preview:-1\" \/>\n<link rel=\"canonical\" href=\"https:\/\/www.varygrow.com\/cs\/eshop\/terra-aquatica-dualpart-grow-sw-500-ml\/\" \/>\n<meta property=\"og:locale\" content=\"cs_CZ\" \/>\n<meta property=\"og:type\" content=\"article\" \/>\n<meta property=\"og:title\" content=\"Terra Aquatica DualPart Grow SW 500 ml\" \/>\n<meta property=\"og:description\" content=\"FloraDuo je dvouslo\u017ekov\u00e1 miner\u00e1ln\u00ed \u017eivina - FloraDuo Grow (r\u016fst) a FloraDuo Bloom (kveten\u00ed). FloraDuo p\u0159edstavuje novou recepturu op\u00edraj\u00edc\u00ed se o nejnov\u011bj\u0161\u00ed v\u011bdeck\u00e9 poznatky.\" \/>\n<meta property=\"og:url\" content=\"https:\/\/www.varygrow.com\/cs\/eshop\/terra-aquatica-dualpart-grow-sw-500-ml\/\" \/>\n<meta property=\"og:site_name\" content=\"VaryGrow\" \/>\n<meta property=\"article:publisher\" content=\"https:\/\/facebook.com\/VaryGrow\" \/>\n<meta property=\"article:modified_time\" content=\"2026-04-18T01:05:27+00:00\" \/>\n<meta property=\"og:image\" content=\"https:\/\/www.varygrow.com\/wp-content\/uploads\/sites\/19\/2025\/12\/Terra-Aquatica-DualPart-Grow-SW-500-ml.jpg\" \/>\n\t<meta property=\"og:image:width\" content=\"1000\" \/>\n\t<meta property=\"og:image:height\" content=\"1000\" \/>\n\t<meta property=\"og:image:type\" content=\"image\/jpeg\" \/>\n<meta name=\"twitter:card\" content=\"summary_large_image\" \/>\n<meta name=\"twitter:label1\" content=\"Odhadovan\u00e1 doba \u010dten\u00ed\" \/>\n\t<meta name=\"twitter:data1\" content=\"2 minuty\" \/>\n<script type=\"application\/ld+json\" class=\"yoast-schema-graph\">{\"@context\":\"https:\\\/\\\/schema.org\",\"@graph\":[{\"@type\":\"WebPage\",\"@id\":\"https:\\\/\\\/www.varygrow.com\\\/cs\\\/eshop\\\/terra-aquatica-dualpart-grow-sw-500-ml\\\/\",\"url\":\"https:\\\/\\\/www.varygrow.com\\\/cs\\\/eshop\\\/terra-aquatica-dualpart-grow-sw-500-ml\\\/\",\"name\":\"Terra Aquatica DualPart Grow SW 500 ml\",\"isPartOf\":{\"@id\":\"https:\\\/\\\/www.varygrow.com\\\/cs\\\/#website\"},\"primaryImageOfPage\":{\"@id\":\"https:\\\/\\\/www.varygrow.com\\\/cs\\\/eshop\\\/terra-aquatica-dualpart-grow-sw-500-ml\\\/#primaryimage\"},\"image\":{\"@id\":\"https:\\\/\\\/www.varygrow.com\\\/cs\\\/eshop\\\/terra-aquatica-dualpart-grow-sw-500-ml\\\/#primaryimage\"},\"thumbnailUrl\":\"https:\\\/\\\/www.varygrow.com\\\/wp-content\\\/uploads\\\/sites\\\/19\\\/2025\\\/12\\\/Terra-Aquatica-DualPart-Grow-SW-500-ml.jpg\",\"datePublished\":\"2026-04-18T01:05:26+00:00\",\"dateModified\":\"2026-04-18T01:05:27+00:00\",\"description\":\"FloraDuo je dvouslo\u017ekov\u00e1 miner\u00e1ln\u00ed \u017eivina - FloraDuo Grow (r\u016fst) a FloraDuo Bloom (kveten\u00ed). FloraDuo p\u0159edstavuje novou recepturu op\u00edraj\u00edc\u00ed se o nejnov\u011bj\u0161\u00ed v\u011bdeck\u00e9 poznatky.\",\"breadcrumb\":{\"@id\":\"https:\\\/\\\/www.varygrow.com\\\/cs\\\/eshop\\\/terra-aquatica-dualpart-grow-sw-500-ml\\\/#breadcrumb\"},\"inLanguage\":\"cs\",\"potentialAction\":[{\"@type\":\"ReadAction\",\"target\":[\"https:\\\/\\\/www.varygrow.com\\\/cs\\\/eshop\\\/terra-aquatica-dualpart-grow-sw-500-ml\\\/\"]}]},{\"@type\":\"ImageObject\",\"inLanguage\":\"cs\",\"@id\":\"https:\\\/\\\/www.varygrow.com\\\/cs\\\/eshop\\\/terra-aquatica-dualpart-grow-sw-500-ml\\\/#primaryimage\",\"url\":\"https:\\\/\\\/www.varygrow.com\\\/wp-content\\\/uploads\\\/sites\\\/19\\\/2025\\\/12\\\/Terra-Aquatica-DualPart-Grow-SW-500-ml.jpg\",\"contentUrl\":\"https:\\\/\\\/www.varygrow.com\\\/wp-content\\\/uploads\\\/sites\\\/19\\\/2025\\\/12\\\/Terra-Aquatica-DualPart-Grow-SW-500-ml.jpg\",\"width\":1000,\"height\":1000,\"caption\":\"Terra Aquatica DualPart Grow SW 500 ml\"},{\"@type\":\"BreadcrumbList\",\"@id\":\"https:\\\/\\\/www.varygrow.com\\\/cs\\\/eshop\\\/terra-aquatica-dualpart-grow-sw-500-ml\\\/#breadcrumb\",\"itemListElement\":[{\"@type\":\"ListItem\",\"position\":1,\"name\":\"Dom\u016f\",\"item\":\"https:\\\/\\\/www.varygrow.com\\\/cs\\\/\"},{\"@type\":\"ListItem\",\"position\":2,\"name\":\"Eshop\",\"item\":\"https:\\\/\\\/www.varygrow.com\\\/cs\\\/eshop\\\/\"},{\"@type\":\"ListItem\",\"position\":3,\"name\":\"Terra Aquatica DualPart Grow SW 500 ml\"}]},{\"@type\":\"WebSite\",\"@id\":\"https:\\\/\\\/www.varygrow.com\\\/cs\\\/#website\",\"url\":\"https:\\\/\\\/www.varygrow.com\\\/cs\\\/\",\"name\":\"VaryGrow\",\"description\":\"Udr\u017eiteln\u00e9 podnik\u00e1n\u00ed\",\"publisher\":{\"@id\":\"https:\\\/\\\/www.varygrow.com\\\/cs\\\/#organization\"},\"potentialAction\":[{\"@type\":\"SearchAction\",\"target\":{\"@type\":\"EntryPoint\",\"urlTemplate\":\"https:\\\/\\\/www.varygrow.com\\\/cs\\\/?s={search_term_string}\"},\"query-input\":{\"@type\":\"PropertyValueSpecification\",\"valueRequired\":true,\"valueName\":\"search_term_string\"}}],\"inLanguage\":\"cs\"},{\"@type\":\"Organization\",\"@id\":\"https:\\\/\\\/www.varygrow.com\\\/cs\\\/#organization\",\"name\":\"DAMARA s.r.o.\",\"url\":\"https:\\\/\\\/www.varygrow.com\\\/cs\\\/\",\"logo\":{\"@type\":\"ImageObject\",\"inLanguage\":\"cs\",\"@id\":\"https:\\\/\\\/www.varygrow.com\\\/cs\\\/#\\\/schema\\\/logo\\\/image\\\/\",\"url\":\"https:\\\/\\\/www.varygrow.com\\\/wp-content\\\/uploads\\\/sites\\\/19\\\/2023\\\/08\\\/Logo-Heureka-480x150-1.png\",\"contentUrl\":\"https:\\\/\\\/www.varygrow.com\\\/wp-content\\\/uploads\\\/sites\\\/19\\\/2023\\\/08\\\/Logo-Heureka-480x150-1.png\",\"width\":480,\"height\":150,\"caption\":\"DAMARA s.r.o.\"},\"image\":{\"@id\":\"https:\\\/\\\/www.varygrow.com\\\/cs\\\/#\\\/schema\\\/logo\\\/image\\\/\"},\"sameAs\":[\"https:\\\/\\\/facebook.com\\\/VaryGrow\"]}]}<\/script>\n<!-- \/ Yoast SEO plugin. -->","yoast_head_json":{"title":"Terra Aquatica DualPart Grow SW 500 ml","description":"FloraDuo je dvouslo\u017ekov\u00e1 miner\u00e1ln\u00ed \u017eivina - FloraDuo Grow (r\u016fst) a FloraDuo Bloom (kveten\u00ed). FloraDuo p\u0159edstavuje novou recepturu op\u00edraj\u00edc\u00ed se o nejnov\u011bj\u0161\u00ed v\u011bdeck\u00e9 poznatky.","robots":{"index":"index","follow":"follow","max-snippet":"max-snippet:-1","max-image-preview":"max-image-preview:large","max-video-preview":"max-video-preview:-1"},"canonical":"https:\/\/www.varygrow.com\/cs\/eshop\/terra-aquatica-dualpart-grow-sw-500-ml\/","og_locale":"cs_CZ","og_type":"article","og_title":"Terra Aquatica DualPart Grow SW 500 ml","og_description":"FloraDuo je dvouslo\u017ekov\u00e1 miner\u00e1ln\u00ed \u017eivina - FloraDuo Grow (r\u016fst) a FloraDuo Bloom (kveten\u00ed). FloraDuo p\u0159edstavuje novou recepturu op\u00edraj\u00edc\u00ed se o nejnov\u011bj\u0161\u00ed v\u011bdeck\u00e9 poznatky.","og_url":"https:\/\/www.varygrow.com\/cs\/eshop\/terra-aquatica-dualpart-grow-sw-500-ml\/","og_site_name":"VaryGrow","article_publisher":"https:\/\/facebook.com\/VaryGrow","article_modified_time":"2026-04-18T01:05:27+00:00","og_image":[{"width":1000,"height":1000,"url":"https:\/\/www.varygrow.com\/wp-content\/uploads\/sites\/19\/2025\/12\/Terra-Aquatica-DualPart-Grow-SW-500-ml.jpg","type":"image\/jpeg"}],"twitter_card":"summary_large_image","twitter_misc":{"Odhadovan\u00e1 doba \u010dten\u00ed":"2 minuty"},"schema":{"@context":"https:\/\/schema.org","@graph":[{"@type":"WebPage","@id":"https:\/\/www.varygrow.com\/cs\/eshop\/terra-aquatica-dualpart-grow-sw-500-ml\/","url":"https:\/\/www.varygrow.com\/cs\/eshop\/terra-aquatica-dualpart-grow-sw-500-ml\/","name":"Terra Aquatica DualPart Grow SW 500 ml","isPartOf":{"@id":"https:\/\/www.varygrow.com\/cs\/#website"},"primaryImageOfPage":{"@id":"https:\/\/www.varygrow.com\/cs\/eshop\/terra-aquatica-dualpart-grow-sw-500-ml\/#primaryimage"},"image":{"@id":"https:\/\/www.varygrow.com\/cs\/eshop\/terra-aquatica-dualpart-grow-sw-500-ml\/#primaryimage"},"thumbnailUrl":"https:\/\/www.varygrow.com\/wp-content\/uploads\/sites\/19\/2025\/12\/Terra-Aquatica-DualPart-Grow-SW-500-ml.jpg","datePublished":"2026-04-18T01:05:26+00:00","dateModified":"2026-04-18T01:05:27+00:00","description":"FloraDuo je dvouslo\u017ekov\u00e1 miner\u00e1ln\u00ed \u017eivina - FloraDuo Grow (r\u016fst) a FloraDuo Bloom (kveten\u00ed). FloraDuo p\u0159edstavuje novou recepturu op\u00edraj\u00edc\u00ed se o nejnov\u011bj\u0161\u00ed v\u011bdeck\u00e9 poznatky.","breadcrumb":{"@id":"https:\/\/www.varygrow.com\/cs\/eshop\/terra-aquatica-dualpart-grow-sw-500-ml\/#breadcrumb"},"inLanguage":"cs","potentialAction":[{"@type":"ReadAction","target":["https:\/\/www.varygrow.com\/cs\/eshop\/terra-aquatica-dualpart-grow-sw-500-ml\/"]}]},{"@type":"ImageObject","inLanguage":"cs","@id":"https:\/\/www.varygrow.com\/cs\/eshop\/terra-aquatica-dualpart-grow-sw-500-ml\/#primaryimage","url":"https:\/\/www.varygrow.com\/wp-content\/uploads\/sites\/19\/2025\/12\/Terra-Aquatica-DualPart-Grow-SW-500-ml.jpg","contentUrl":"https:\/\/www.varygrow.com\/wp-content\/uploads\/sites\/19\/2025\/12\/Terra-Aquatica-DualPart-Grow-SW-500-ml.jpg","width":1000,"height":1000,"caption":"Terra Aquatica DualPart Grow SW 500 ml"},{"@type":"BreadcrumbList","@id":"https:\/\/www.varygrow.com\/cs\/eshop\/terra-aquatica-dualpart-grow-sw-500-ml\/#breadcrumb","itemListElement":[{"@type":"ListItem","position":1,"name":"Dom\u016f","item":"https:\/\/www.varygrow.com\/cs\/"},{"@type":"ListItem","position":2,"name":"Eshop","item":"https:\/\/www.varygrow.com\/cs\/eshop\/"},{"@type":"ListItem","position":3,"name":"Terra Aquatica DualPart Grow SW 500 ml"}]},{"@type":"WebSite","@id":"https:\/\/www.varygrow.com\/cs\/#website","url":"https:\/\/www.varygrow.com\/cs\/","name":"VaryGrow","description":"Udr\u017eiteln\u00e9 podnik\u00e1n\u00ed","publisher":{"@id":"https:\/\/www.varygrow.com\/cs\/#organization"},"potentialAction":[{"@type":"SearchAction","target":{"@type":"EntryPoint","urlTemplate":"https:\/\/www.varygrow.com\/cs\/?s={search_term_string}"},"query-input":{"@type":"PropertyValueSpecification","valueRequired":true,"valueName":"search_term_string"}}],"inLanguage":"cs"},{"@type":"Organization","@id":"https:\/\/www.varygrow.com\/cs\/#organization","name":"DAMARA s.r.o.","url":"https:\/\/www.varygrow.com\/cs\/","logo":{"@type":"ImageObject","inLanguage":"cs","@id":"https:\/\/www.varygrow.com\/cs\/#\/schema\/logo\/image\/","url":"https:\/\/www.varygrow.com\/wp-content\/uploads\/sites\/19\/2023\/08\/Logo-Heureka-480x150-1.png","contentUrl":"https:\/\/www.varygrow.com\/wp-content\/uploads\/sites\/19\/2023\/08\/Logo-Heureka-480x150-1.png","width":480,"height":150,"caption":"DAMARA s.r.o."},"image":{"@id":"https:\/\/www.varygrow.com\/cs\/#\/schema\/logo\/image\/"},"sameAs":["https:\/\/facebook.com\/VaryGrow"]}]}},"brands":[{"id":124,"name":"Terra Aquatica","slug":"terra-aquatica"}],"_links":{"self":[{"href":"https:\/\/www.varygrow.com\/cs\/wp-json\/wp\/v2\/product\/274316","targetHints":{"allow":["GET"]}}],"collection":[{"href":"https:\/\/www.varygrow.com\/cs\/wp-json\/wp\/v2\/product"}],"about":[{"href":"https:\/\/www.varygrow.com\/cs\/wp-json\/wp\/v2\/types\/product"}],"replies":[{"embeddable":true,"href":"https:\/\/www.varygrow.com\/cs\/wp-json\/wp\/v2\/comments?post=274316"}],"wp:featuredmedia":[{"embeddable":true,"href":"https:\/\/www.varygrow.com\/cs\/wp-json\/wp\/v2\/media\/309846"}],"wp:attachment":[{"href":"https:\/\/www.varygrow.com\/cs\/wp-json\/wp\/v2\/media?parent=274316"}],"wp:term":[{"taxonomy":"pwb-brand","embeddable":true,"href":"https:\/\/www.varygrow.com\/cs\/wp-json\/wp\/v2\/pwb-brand?post=274316"},{"taxonomy":"product_brand","embeddable":true,"href":"https:\/\/www.varygrow.com\/cs\/wp-json\/wp\/v2\/product_brand?post=274316"},{"taxonomy":"product_cat","embeddable":true,"href":"https:\/\/www.varygrow.com\/cs\/wp-json\/wp\/v2\/product_cat?post=274316"},{"taxonomy":"product_tag","embeddable":true,"href":"https:\/\/www.varygrow.com\/cs\/wp-json\/wp\/v2\/product_tag?post=274316"},{"taxonomy":"berocket_brand","embeddable":true,"href":"https:\/\/www.varygrow.com\/cs\/wp-json\/wp\/v2\/berocket_brand?post=274316"}],"curies":[{"name":"wp","href":"https:\/\/api.w.org\/{rel}","templated":true}]}}