{"id":278702,"date":"2026-04-19T04:18:24","date_gmt":"2026-04-19T02:18:24","guid":{"rendered":"https:\/\/www.varygrow.com\/eshop\/agrobacterias-bactobloom-prirodni-kvetovy-booster-10-g\/"},"modified":"2026-04-19T04:18:24","modified_gmt":"2026-04-19T02:18:24","slug":"agrobacterias-bactobloom-prirodni-kvetovy-booster-10-g","status":"publish","type":"product","link":"https:\/\/www.varygrow.com\/cs\/eshop\/agrobacterias-bactobloom-prirodni-kvetovy-booster-10-g\/","title":{"rendered":"Agrobacterias Bactobloom, p\u0159\u00edrodn\u00ed kv\u011btov\u00fd booster 10 g"},"content":{"rendered":"<li>Organick\u00fd booster Agrobacterias Bactobloom 10 g obsahuje 97% polysacharid\u016f a 3% rostlinn\u00fdch aminokyselin.\n<\/li>\n<li>Aktivn\u00ed metabolity stimuluj\u00ed r\u016fst, \u0161\u00ed\u0159en\u00ed sekund\u00e1rn\u00edch ko\u0159en\u016f, produktivitu rostliny a sni\u017euj\u00ed stres zp\u016fsoben\u00fd \u0161kodliv\u00fdmi organismy a podm\u00ednkami prost\u0159ed\u00ed.\n<\/li>\n<li>Zlep\u0161uje strukturu p\u016fdy a z\u00edsk\u00e1v\u00e1n\u00ed \u017eivin.\n<\/li>\n<li>D\u00e1vkov\u00e1n\u00ed: 10 g\/ 4 litry vody nebo 1 l\u017ei\u010dka na 1 litr vody.<\/li>\n","protected":false},"excerpt":{"rendered":"<p>Bactobloom &#8211; organick\u00fd booster pro rostliny obsahuj\u00edc\u00ed polysacharidy a aminokyseliny, kter\u00fd stimuluje r\u016fst rostlin, zlep\u0161uje strukturu p\u016fdy a sni\u017euje stres. Doporu\u010den\u00e9 d\u00e1vkov\u00e1n\u00ed 10 g na 4 litry vody.<\/p>\n","protected":false},"featured_media":300060,"comment_status":"open","ping_status":"open","template":"","meta":[],"pwb-brand":[11481],"product_brand":[],"product_cat":[11482,10532,10513],"product_tag":[11483,6061,1831],"berocket_brand":[106],"class_list":{"0":"post-278702","1":"product","2":"type-product","3":"status-publish","4":"has-post-thumbnail","6":"pwb-brand-agrobacterias","7":"product_cat-agrobacterias","8":"product_cat-hnojiva","9":"product_cat-naarden","10":"product_tag-agrobacterias","11":"product_tag-hnojiva","12":"product_tag-naarden-pl","13":"pa_ean-11484","14":"berocket_brand-naarden","15":"sales-flash-overlay","16":"woocommerce-text-align-center","17":"woocommerce-image-align-center","18":"do-quantity-buttons","20":"first","21":"instock","22":"purchasable","23":"product-type-simple"},"yoast_head":"<!-- This site is optimized with the Yoast SEO plugin v27.4 - https:\/\/yoast.com\/product\/yoast-seo-wordpress\/ -->\n<title>Agrobacterias Bactobloom, p\u0159\u00edrodn\u00ed kv\u011btov\u00fd booster 10 g<\/title>\n<meta name=\"description\" content=\"Bactobloom - organick\u00fd booster pro rostliny obsahuj\u00edc\u00ed polysacharidy a aminokyseliny, kter\u00fd stimuluje r\u016fst rostlin, zlep\u0161uje strukturu p\u016fdy a sni\u017euje stres. Doporu\u010den\u00e9 d\u00e1vkov\u00e1n\u00ed 10 g na 4 litry vody.\" \/>\n<meta name=\"robots\" content=\"index, follow, max-snippet:-1, max-image-preview:large, max-video-preview:-1\" \/>\n<link rel=\"canonical\" href=\"https:\/\/www.varygrow.com\/cs\/eshop\/agrobacterias-bactobloom-prirodni-kvetovy-booster-10-g\/\" \/>\n<meta property=\"og:locale\" content=\"cs_CZ\" \/>\n<meta property=\"og:type\" content=\"article\" \/>\n<meta property=\"og:title\" content=\"Agrobacterias Bactobloom, p\u0159\u00edrodn\u00ed kv\u011btov\u00fd booster 10 g\" \/>\n<meta property=\"og:description\" content=\"Bactobloom - organick\u00fd booster pro rostliny obsahuj\u00edc\u00ed polysacharidy a aminokyseliny, kter\u00fd stimuluje r\u016fst rostlin, zlep\u0161uje strukturu p\u016fdy a sni\u017euje stres. Doporu\u010den\u00e9 d\u00e1vkov\u00e1n\u00ed 10 g na 4 litry vody.\" \/>\n<meta property=\"og:url\" content=\"https:\/\/www.varygrow.com\/cs\/eshop\/agrobacterias-bactobloom-prirodni-kvetovy-booster-10-g\/\" \/>\n<meta property=\"og:site_name\" content=\"VaryGrow\" \/>\n<meta property=\"article:publisher\" content=\"https:\/\/facebook.com\/VaryGrow\" \/>\n<meta property=\"og:image\" content=\"https:\/\/www.varygrow.com\/wp-content\/uploads\/sites\/19\/2025\/12\/Agrobacterias-Bactobloom-prirodni-kvetovy-booster-10-g.jpg\" \/>\n\t<meta property=\"og:image:width\" content=\"1000\" \/>\n\t<meta property=\"og:image:height\" content=\"1000\" \/>\n\t<meta property=\"og:image:type\" content=\"image\/jpeg\" \/>\n<meta name=\"twitter:card\" content=\"summary_large_image\" \/>\n<script type=\"application\/ld+json\" class=\"yoast-schema-graph\">{\"@context\":\"https:\\\/\\\/schema.org\",\"@graph\":[{\"@type\":\"WebPage\",\"@id\":\"https:\\\/\\\/www.varygrow.com\\\/cs\\\/eshop\\\/agrobacterias-bactobloom-prirodni-kvetovy-booster-10-g\\\/\",\"url\":\"https:\\\/\\\/www.varygrow.com\\\/cs\\\/eshop\\\/agrobacterias-bactobloom-prirodni-kvetovy-booster-10-g\\\/\",\"name\":\"Agrobacterias Bactobloom, p\u0159\u00edrodn\u00ed kv\u011btov\u00fd booster 10 g\",\"isPartOf\":{\"@id\":\"https:\\\/\\\/www.varygrow.com\\\/cs\\\/#website\"},\"primaryImageOfPage\":{\"@id\":\"https:\\\/\\\/www.varygrow.com\\\/cs\\\/eshop\\\/agrobacterias-bactobloom-prirodni-kvetovy-booster-10-g\\\/#primaryimage\"},\"image\":{\"@id\":\"https:\\\/\\\/www.varygrow.com\\\/cs\\\/eshop\\\/agrobacterias-bactobloom-prirodni-kvetovy-booster-10-g\\\/#primaryimage\"},\"thumbnailUrl\":\"https:\\\/\\\/www.varygrow.com\\\/wp-content\\\/uploads\\\/sites\\\/19\\\/2025\\\/12\\\/Agrobacterias-Bactobloom-prirodni-kvetovy-booster-10-g.jpg\",\"datePublished\":\"2026-04-19T02:18:24+00:00\",\"description\":\"Bactobloom - organick\u00fd booster pro rostliny obsahuj\u00edc\u00ed polysacharidy a aminokyseliny, kter\u00fd stimuluje r\u016fst rostlin, zlep\u0161uje strukturu p\u016fdy a sni\u017euje stres. Doporu\u010den\u00e9 d\u00e1vkov\u00e1n\u00ed 10 g na 4 litry vody.\",\"breadcrumb\":{\"@id\":\"https:\\\/\\\/www.varygrow.com\\\/cs\\\/eshop\\\/agrobacterias-bactobloom-prirodni-kvetovy-booster-10-g\\\/#breadcrumb\"},\"inLanguage\":\"cs\",\"potentialAction\":[{\"@type\":\"ReadAction\",\"target\":[\"https:\\\/\\\/www.varygrow.com\\\/cs\\\/eshop\\\/agrobacterias-bactobloom-prirodni-kvetovy-booster-10-g\\\/\"]}]},{\"@type\":\"ImageObject\",\"inLanguage\":\"cs\",\"@id\":\"https:\\\/\\\/www.varygrow.com\\\/cs\\\/eshop\\\/agrobacterias-bactobloom-prirodni-kvetovy-booster-10-g\\\/#primaryimage\",\"url\":\"https:\\\/\\\/www.varygrow.com\\\/wp-content\\\/uploads\\\/sites\\\/19\\\/2025\\\/12\\\/Agrobacterias-Bactobloom-prirodni-kvetovy-booster-10-g.jpg\",\"contentUrl\":\"https:\\\/\\\/www.varygrow.com\\\/wp-content\\\/uploads\\\/sites\\\/19\\\/2025\\\/12\\\/Agrobacterias-Bactobloom-prirodni-kvetovy-booster-10-g.jpg\",\"width\":1000,\"height\":1000,\"caption\":\"Agrobacterias Bactobloom\"},{\"@type\":\"BreadcrumbList\",\"@id\":\"https:\\\/\\\/www.varygrow.com\\\/cs\\\/eshop\\\/agrobacterias-bactobloom-prirodni-kvetovy-booster-10-g\\\/#breadcrumb\",\"itemListElement\":[{\"@type\":\"ListItem\",\"position\":1,\"name\":\"Dom\u016f\",\"item\":\"https:\\\/\\\/www.varygrow.com\\\/cs\\\/\"},{\"@type\":\"ListItem\",\"position\":2,\"name\":\"Eshop\",\"item\":\"https:\\\/\\\/www.varygrow.com\\\/cs\\\/eshop\\\/\"},{\"@type\":\"ListItem\",\"position\":3,\"name\":\"Agrobacterias Bactobloom, p\u0159\u00edrodn\u00ed kv\u011btov\u00fd booster 10 g\"}]},{\"@type\":\"WebSite\",\"@id\":\"https:\\\/\\\/www.varygrow.com\\\/cs\\\/#website\",\"url\":\"https:\\\/\\\/www.varygrow.com\\\/cs\\\/\",\"name\":\"VaryGrow\",\"description\":\"Udr\u017eiteln\u00e9 podnik\u00e1n\u00ed\",\"publisher\":{\"@id\":\"https:\\\/\\\/www.varygrow.com\\\/cs\\\/#organization\"},\"potentialAction\":[{\"@type\":\"SearchAction\",\"target\":{\"@type\":\"EntryPoint\",\"urlTemplate\":\"https:\\\/\\\/www.varygrow.com\\\/cs\\\/?s={search_term_string}\"},\"query-input\":{\"@type\":\"PropertyValueSpecification\",\"valueRequired\":true,\"valueName\":\"search_term_string\"}}],\"inLanguage\":\"cs\"},{\"@type\":\"Organization\",\"@id\":\"https:\\\/\\\/www.varygrow.com\\\/cs\\\/#organization\",\"name\":\"DAMARA s.r.o.\",\"url\":\"https:\\\/\\\/www.varygrow.com\\\/cs\\\/\",\"logo\":{\"@type\":\"ImageObject\",\"inLanguage\":\"cs\",\"@id\":\"https:\\\/\\\/www.varygrow.com\\\/cs\\\/#\\\/schema\\\/logo\\\/image\\\/\",\"url\":\"https:\\\/\\\/www.varygrow.com\\\/wp-content\\\/uploads\\\/sites\\\/19\\\/2023\\\/08\\\/Logo-Heureka-480x150-1.png\",\"contentUrl\":\"https:\\\/\\\/www.varygrow.com\\\/wp-content\\\/uploads\\\/sites\\\/19\\\/2023\\\/08\\\/Logo-Heureka-480x150-1.png\",\"width\":480,\"height\":150,\"caption\":\"DAMARA s.r.o.\"},\"image\":{\"@id\":\"https:\\\/\\\/www.varygrow.com\\\/cs\\\/#\\\/schema\\\/logo\\\/image\\\/\"},\"sameAs\":[\"https:\\\/\\\/facebook.com\\\/VaryGrow\"]}]}<\/script>\n<!-- \/ Yoast SEO plugin. -->","yoast_head_json":{"title":"Agrobacterias Bactobloom, p\u0159\u00edrodn\u00ed kv\u011btov\u00fd booster 10 g","description":"Bactobloom - organick\u00fd booster pro rostliny obsahuj\u00edc\u00ed polysacharidy a aminokyseliny, kter\u00fd stimuluje r\u016fst rostlin, zlep\u0161uje strukturu p\u016fdy a sni\u017euje stres. Doporu\u010den\u00e9 d\u00e1vkov\u00e1n\u00ed 10 g na 4 litry vody.","robots":{"index":"index","follow":"follow","max-snippet":"max-snippet:-1","max-image-preview":"max-image-preview:large","max-video-preview":"max-video-preview:-1"},"canonical":"https:\/\/www.varygrow.com\/cs\/eshop\/agrobacterias-bactobloom-prirodni-kvetovy-booster-10-g\/","og_locale":"cs_CZ","og_type":"article","og_title":"Agrobacterias Bactobloom, p\u0159\u00edrodn\u00ed kv\u011btov\u00fd booster 10 g","og_description":"Bactobloom - organick\u00fd booster pro rostliny obsahuj\u00edc\u00ed polysacharidy a aminokyseliny, kter\u00fd stimuluje r\u016fst rostlin, zlep\u0161uje strukturu p\u016fdy a sni\u017euje stres. Doporu\u010den\u00e9 d\u00e1vkov\u00e1n\u00ed 10 g na 4 litry vody.","og_url":"https:\/\/www.varygrow.com\/cs\/eshop\/agrobacterias-bactobloom-prirodni-kvetovy-booster-10-g\/","og_site_name":"VaryGrow","article_publisher":"https:\/\/facebook.com\/VaryGrow","og_image":[{"width":1000,"height":1000,"url":"https:\/\/www.varygrow.com\/wp-content\/uploads\/sites\/19\/2025\/12\/Agrobacterias-Bactobloom-prirodni-kvetovy-booster-10-g.jpg","type":"image\/jpeg"}],"twitter_card":"summary_large_image","schema":{"@context":"https:\/\/schema.org","@graph":[{"@type":"WebPage","@id":"https:\/\/www.varygrow.com\/cs\/eshop\/agrobacterias-bactobloom-prirodni-kvetovy-booster-10-g\/","url":"https:\/\/www.varygrow.com\/cs\/eshop\/agrobacterias-bactobloom-prirodni-kvetovy-booster-10-g\/","name":"Agrobacterias Bactobloom, p\u0159\u00edrodn\u00ed kv\u011btov\u00fd booster 10 g","isPartOf":{"@id":"https:\/\/www.varygrow.com\/cs\/#website"},"primaryImageOfPage":{"@id":"https:\/\/www.varygrow.com\/cs\/eshop\/agrobacterias-bactobloom-prirodni-kvetovy-booster-10-g\/#primaryimage"},"image":{"@id":"https:\/\/www.varygrow.com\/cs\/eshop\/agrobacterias-bactobloom-prirodni-kvetovy-booster-10-g\/#primaryimage"},"thumbnailUrl":"https:\/\/www.varygrow.com\/wp-content\/uploads\/sites\/19\/2025\/12\/Agrobacterias-Bactobloom-prirodni-kvetovy-booster-10-g.jpg","datePublished":"2026-04-19T02:18:24+00:00","description":"Bactobloom - organick\u00fd booster pro rostliny obsahuj\u00edc\u00ed polysacharidy a aminokyseliny, kter\u00fd stimuluje r\u016fst rostlin, zlep\u0161uje strukturu p\u016fdy a sni\u017euje stres. Doporu\u010den\u00e9 d\u00e1vkov\u00e1n\u00ed 10 g na 4 litry vody.","breadcrumb":{"@id":"https:\/\/www.varygrow.com\/cs\/eshop\/agrobacterias-bactobloom-prirodni-kvetovy-booster-10-g\/#breadcrumb"},"inLanguage":"cs","potentialAction":[{"@type":"ReadAction","target":["https:\/\/www.varygrow.com\/cs\/eshop\/agrobacterias-bactobloom-prirodni-kvetovy-booster-10-g\/"]}]},{"@type":"ImageObject","inLanguage":"cs","@id":"https:\/\/www.varygrow.com\/cs\/eshop\/agrobacterias-bactobloom-prirodni-kvetovy-booster-10-g\/#primaryimage","url":"https:\/\/www.varygrow.com\/wp-content\/uploads\/sites\/19\/2025\/12\/Agrobacterias-Bactobloom-prirodni-kvetovy-booster-10-g.jpg","contentUrl":"https:\/\/www.varygrow.com\/wp-content\/uploads\/sites\/19\/2025\/12\/Agrobacterias-Bactobloom-prirodni-kvetovy-booster-10-g.jpg","width":1000,"height":1000,"caption":"Agrobacterias Bactobloom"},{"@type":"BreadcrumbList","@id":"https:\/\/www.varygrow.com\/cs\/eshop\/agrobacterias-bactobloom-prirodni-kvetovy-booster-10-g\/#breadcrumb","itemListElement":[{"@type":"ListItem","position":1,"name":"Dom\u016f","item":"https:\/\/www.varygrow.com\/cs\/"},{"@type":"ListItem","position":2,"name":"Eshop","item":"https:\/\/www.varygrow.com\/cs\/eshop\/"},{"@type":"ListItem","position":3,"name":"Agrobacterias Bactobloom, p\u0159\u00edrodn\u00ed kv\u011btov\u00fd booster 10 g"}]},{"@type":"WebSite","@id":"https:\/\/www.varygrow.com\/cs\/#website","url":"https:\/\/www.varygrow.com\/cs\/","name":"VaryGrow","description":"Udr\u017eiteln\u00e9 podnik\u00e1n\u00ed","publisher":{"@id":"https:\/\/www.varygrow.com\/cs\/#organization"},"potentialAction":[{"@type":"SearchAction","target":{"@type":"EntryPoint","urlTemplate":"https:\/\/www.varygrow.com\/cs\/?s={search_term_string}"},"query-input":{"@type":"PropertyValueSpecification","valueRequired":true,"valueName":"search_term_string"}}],"inLanguage":"cs"},{"@type":"Organization","@id":"https:\/\/www.varygrow.com\/cs\/#organization","name":"DAMARA s.r.o.","url":"https:\/\/www.varygrow.com\/cs\/","logo":{"@type":"ImageObject","inLanguage":"cs","@id":"https:\/\/www.varygrow.com\/cs\/#\/schema\/logo\/image\/","url":"https:\/\/www.varygrow.com\/wp-content\/uploads\/sites\/19\/2023\/08\/Logo-Heureka-480x150-1.png","contentUrl":"https:\/\/www.varygrow.com\/wp-content\/uploads\/sites\/19\/2023\/08\/Logo-Heureka-480x150-1.png","width":480,"height":150,"caption":"DAMARA s.r.o."},"image":{"@id":"https:\/\/www.varygrow.com\/cs\/#\/schema\/logo\/image\/"},"sameAs":["https:\/\/facebook.com\/VaryGrow"]}]}},"brands":[{"id":11481,"name":"Agrobacterias","slug":"agrobacterias"}],"_links":{"self":[{"href":"https:\/\/www.varygrow.com\/cs\/wp-json\/wp\/v2\/product\/278702","targetHints":{"allow":["GET"]}}],"collection":[{"href":"https:\/\/www.varygrow.com\/cs\/wp-json\/wp\/v2\/product"}],"about":[{"href":"https:\/\/www.varygrow.com\/cs\/wp-json\/wp\/v2\/types\/product"}],"replies":[{"embeddable":true,"href":"https:\/\/www.varygrow.com\/cs\/wp-json\/wp\/v2\/comments?post=278702"}],"wp:featuredmedia":[{"embeddable":true,"href":"https:\/\/www.varygrow.com\/cs\/wp-json\/wp\/v2\/media\/300060"}],"wp:attachment":[{"href":"https:\/\/www.varygrow.com\/cs\/wp-json\/wp\/v2\/media?parent=278702"}],"wp:term":[{"taxonomy":"pwb-brand","embeddable":true,"href":"https:\/\/www.varygrow.com\/cs\/wp-json\/wp\/v2\/pwb-brand?post=278702"},{"taxonomy":"product_brand","embeddable":true,"href":"https:\/\/www.varygrow.com\/cs\/wp-json\/wp\/v2\/product_brand?post=278702"},{"taxonomy":"product_cat","embeddable":true,"href":"https:\/\/www.varygrow.com\/cs\/wp-json\/wp\/v2\/product_cat?post=278702"},{"taxonomy":"product_tag","embeddable":true,"href":"https:\/\/www.varygrow.com\/cs\/wp-json\/wp\/v2\/product_tag?post=278702"},{"taxonomy":"berocket_brand","embeddable":true,"href":"https:\/\/www.varygrow.com\/cs\/wp-json\/wp\/v2\/berocket_brand?post=278702"}],"curies":[{"name":"wp","href":"https:\/\/api.w.org\/{rel}","templated":true}]}}