{"id":282591,"date":"2026-04-13T03:46:21","date_gmt":"2026-04-13T01:46:21","guid":{"rendered":"https:\/\/www.varygrow.com\/eshop\/gas-intelligent-humidity-controller-ihc-dual\/"},"modified":"2026-04-13T03:46:21","modified_gmt":"2026-04-13T01:46:21","slug":"gas-intelligent-humidity-controller-ihc-dual","status":"publish","type":"product","link":"https:\/\/www.varygrow.com\/cs\/eshop\/gas-intelligent-humidity-controller-ihc-dual\/","title":{"rendered":"GAS Intelligent Humidity Controller (IHC) Dual"},"content":{"rendered":"<p>Inteligentn\u00ed regul\u00e1tor vlhkosti G.A.S. Dual monitoruje prost\u0159ed\u00ed v p\u011bstebn\u00ed m\u00edstnosti a \u0159\u00edd\u00ed \u00farove\u0148 vlhkosti na VPD (deficit tlaku par) nebo relativn\u00ed vlhkost, a to prost\u0159ednictv\u00edm ovl\u00e1d\u00e1n\u00ed zvlh\u010dova\u010d\u016f i odvlh\u010dova\u010d\u016f.<\/p>\n<p>Provoz ve dvou re\u017eimech: D\u00edky mo\u017enosti ovl\u00e1dat jak\u00fdkoli zvlh\u010dova\u010d vzduchu do v\u00fdkonu 320 W (v\u010detn\u011b v\u0161ech zvlh\u010dova\u010d\u016f SonicAir) a odvlh\u010dova\u010d vzduchu sou\u010dasn\u011b m\u00e1te naprostou kontrolu nad vnit\u0159n\u00edm prost\u0159ed\u00edm. Dos\u00e1hn\u011bte ide\u00e1ln\u00ed rovnov\u00e1hy vlhkosti bez n\u00e1mahy.<\/p>\n<p>P\u0159esn\u00e9 ovl\u00e1d\u00e1n\u00ed: IHC Dual nab\u00edz\u00ed bezkonkuren\u010dn\u00ed p\u0159esnost, pokud jde o \u0159\u00edzen\u00ed \u00farovn\u011b vlhkosti ve va\u0161\u00ed p\u011bstebn\u00ed m\u00edstnosti. Poskytuje v\u00e1m mo\u017enost m\u011bnit a sledovat vlhkost ve va\u0161\u00ed p\u011bstebn\u00ed m\u00edstnosti v ka\u017ed\u00e9 f\u00e1zi r\u016fstov\u00e9ho cyklu rostlin.<\/p>\n<p>P\u0159izp\u016fsobiteln\u00e9 nastaven\u00ed: P\u0159izp\u016fsobte si vnit\u0159n\u00ed prost\u0159ed\u00ed podle sv\u00fdch p\u0159edstav pomoc\u00ed p\u0159izp\u016fsobiteln\u00fdch denn\u00edch a no\u010dn\u00edch nastaven\u00ed.<\/p>\n<p>U\u017eivatelsky p\u0159\u00edv\u011btiv\u00e9 rozhran\u00ed: Intuitivn\u00ed LCD displej a snadno pou\u017eiteln\u00e9 ovl\u00e1dac\u00ed prvky umo\u017e\u0148uj\u00ed ka\u017ed\u00e9mu snadno nastavit preferovan\u00e9 \u00farovn\u011b vlhkosti. Nejsou pot\u0159eba \u017e\u00e1dn\u00e9 technick\u00e9 znalosti! Zvlh\u010dova\u010d IHC Dual nav\u00edc zobraz\u00ed varov\u00e1n\u00ed, pokud zvlh\u010dova\u010di dojde voda.<\/p>\n<p>Inteligentn\u00ed senzory: Na\u0161e \u0159\u00eddic\u00ed jednotka je vybavena pokro\u010dil\u00fdmi senzory a nep\u0159etr\u017eit\u011b monitoruje \u00farove\u0148 vlhkosti ve va\u0161em prostoru. Pot\u00e9 prov\u00e1d\u00ed \u00fapravy v re\u00e1ln\u00e9m \u010dase, aby udr\u017eel v\u00e1mi zvolen\u00e9 nastaven\u00ed vlhkosti.<\/p>\n<p>Z\u00e1znamn\u00edk dat: IHC Dual je vybaven z\u00e1znamn\u00edkem dat, kter\u00fd zaznamen\u00e1v\u00e1 teplotu a vlhkost po dobu a\u017e 7 dn\u00ed. Umo\u017e\u0148uje v\u00e1m sledovat podm\u00ednky v p\u011bstebn\u00ed m\u00edstnosti, i kdy\u017e v n\u00ed nejste.<\/p>\n","protected":false},"excerpt":{"rendered":"<p>Inteligentn\u00ed regul\u00e1tor vlhkosti G.A.S. Dual monitoruje prost\u0159ed\u00ed v p\u011bstebn\u00ed m\u00edstnosti a \u0159\u00edd\u00ed \u00farove\u0148 vlhkosti na VPD (deficit tlaku par) nebo relativn\u00ed vlhkost, a to prost\u0159ednictv\u00edm ovl\u00e1d\u00e1n\u00ed zvlh\u010dova\u010d\u016f i odvlh\u010dova\u010d\u016f.<\/p>\n","protected":false},"featured_media":296616,"comment_status":"open","ping_status":"open","template":"","meta":[],"pwb-brand":[5702],"product_brand":[],"product_cat":[10762,10513,10688,10568],"product_tag":[6278,1831,6227,6083],"berocket_brand":[106],"class_list":{"0":"post-282591","1":"product","2":"type-product","3":"status-publish","4":"has-post-thumbnail","6":"pwb-brand-gas","7":"product_cat-gas","8":"product_cat-naarden","9":"product_cat-regulatory-ventilace","10":"product_cat-vzduchotechnika","11":"product_tag-gas","12":"product_tag-naarden-pl","13":"product_tag-regulatory-ventilace","14":"product_tag-vzduchotechnika","15":"pa_ean-14630","16":"berocket_brand-naarden","17":"sales-flash-overlay","18":"woocommerce-text-align-center","19":"woocommerce-image-align-center","20":"do-quantity-buttons","22":"first","23":"instock","24":"purchasable","25":"product-type-simple"},"yoast_head":"<!-- This site is optimized with the Yoast SEO plugin v27.4 - https:\/\/yoast.com\/product\/yoast-seo-wordpress\/ -->\n<title>GAS Intelligent Humidity Controller (IHC) Dual<\/title>\n<meta name=\"description\" content=\"Inteligentn\u00ed regul\u00e1tor vlhkosti G.A.S. Dual monitoruje prost\u0159ed\u00ed v p\u011bstebn\u00ed m\u00edstnosti a \u0159\u00edd\u00ed \u00farove\u0148 vlhkosti na VPD (deficit tlaku par) nebo relativn\u00ed vlhkost, a to prost\u0159ednictv\u00edm ovl\u00e1d\u00e1n\u00ed zvlh\u010dova\u010d\u016f i odvlh\u010dova\u010d\u016f.\" \/>\n<meta name=\"robots\" content=\"index, follow, max-snippet:-1, max-image-preview:large, max-video-preview:-1\" \/>\n<link rel=\"canonical\" href=\"https:\/\/www.varygrow.com\/cs\/eshop\/gas-intelligent-humidity-controller-ihc-dual\/\" \/>\n<meta property=\"og:locale\" content=\"cs_CZ\" \/>\n<meta property=\"og:type\" content=\"article\" \/>\n<meta property=\"og:title\" content=\"GAS Intelligent Humidity Controller (IHC) Dual\" \/>\n<meta property=\"og:description\" content=\"Inteligentn\u00ed regul\u00e1tor vlhkosti G.A.S. Dual monitoruje prost\u0159ed\u00ed v p\u011bstebn\u00ed m\u00edstnosti a \u0159\u00edd\u00ed \u00farove\u0148 vlhkosti na VPD (deficit tlaku par) nebo relativn\u00ed vlhkost, a to prost\u0159ednictv\u00edm ovl\u00e1d\u00e1n\u00ed zvlh\u010dova\u010d\u016f i odvlh\u010dova\u010d\u016f.\" \/>\n<meta property=\"og:url\" content=\"https:\/\/www.varygrow.com\/cs\/eshop\/gas-intelligent-humidity-controller-ihc-dual\/\" \/>\n<meta property=\"og:site_name\" content=\"VaryGrow\" \/>\n<meta property=\"article:publisher\" content=\"https:\/\/facebook.com\/VaryGrow\" \/>\n<meta property=\"og:image\" content=\"https:\/\/www.varygrow.com\/wp-content\/uploads\/sites\/19\/2025\/12\/GAS-Intelligent-Humidity-Controller-IHC-Dual.jpg\" \/>\n\t<meta property=\"og:image:width\" content=\"1000\" \/>\n\t<meta property=\"og:image:height\" content=\"1000\" \/>\n\t<meta property=\"og:image:type\" content=\"image\/jpeg\" \/>\n<meta name=\"twitter:card\" content=\"summary_large_image\" \/>\n<meta name=\"twitter:label1\" content=\"Odhadovan\u00e1 doba \u010dten\u00ed\" \/>\n\t<meta name=\"twitter:data1\" content=\"2 minuty\" \/>\n<script type=\"application\/ld+json\" class=\"yoast-schema-graph\">{\"@context\":\"https:\\\/\\\/schema.org\",\"@graph\":[{\"@type\":\"WebPage\",\"@id\":\"https:\\\/\\\/www.varygrow.com\\\/cs\\\/eshop\\\/gas-intelligent-humidity-controller-ihc-dual\\\/\",\"url\":\"https:\\\/\\\/www.varygrow.com\\\/cs\\\/eshop\\\/gas-intelligent-humidity-controller-ihc-dual\\\/\",\"name\":\"GAS Intelligent Humidity Controller (IHC) Dual\",\"isPartOf\":{\"@id\":\"https:\\\/\\\/www.varygrow.com\\\/cs\\\/#website\"},\"primaryImageOfPage\":{\"@id\":\"https:\\\/\\\/www.varygrow.com\\\/cs\\\/eshop\\\/gas-intelligent-humidity-controller-ihc-dual\\\/#primaryimage\"},\"image\":{\"@id\":\"https:\\\/\\\/www.varygrow.com\\\/cs\\\/eshop\\\/gas-intelligent-humidity-controller-ihc-dual\\\/#primaryimage\"},\"thumbnailUrl\":\"https:\\\/\\\/www.varygrow.com\\\/wp-content\\\/uploads\\\/sites\\\/19\\\/2025\\\/12\\\/GAS-Intelligent-Humidity-Controller-IHC-Dual.jpg\",\"datePublished\":\"2026-04-13T01:46:21+00:00\",\"description\":\"Inteligentn\u00ed regul\u00e1tor vlhkosti G.A.S. Dual monitoruje prost\u0159ed\u00ed v p\u011bstebn\u00ed m\u00edstnosti a \u0159\u00edd\u00ed \u00farove\u0148 vlhkosti na VPD (deficit tlaku par) nebo relativn\u00ed vlhkost, a to prost\u0159ednictv\u00edm ovl\u00e1d\u00e1n\u00ed zvlh\u010dova\u010d\u016f i odvlh\u010dova\u010d\u016f.\",\"breadcrumb\":{\"@id\":\"https:\\\/\\\/www.varygrow.com\\\/cs\\\/eshop\\\/gas-intelligent-humidity-controller-ihc-dual\\\/#breadcrumb\"},\"inLanguage\":\"cs\",\"potentialAction\":[{\"@type\":\"ReadAction\",\"target\":[\"https:\\\/\\\/www.varygrow.com\\\/cs\\\/eshop\\\/gas-intelligent-humidity-controller-ihc-dual\\\/\"]}]},{\"@type\":\"ImageObject\",\"inLanguage\":\"cs\",\"@id\":\"https:\\\/\\\/www.varygrow.com\\\/cs\\\/eshop\\\/gas-intelligent-humidity-controller-ihc-dual\\\/#primaryimage\",\"url\":\"https:\\\/\\\/www.varygrow.com\\\/wp-content\\\/uploads\\\/sites\\\/19\\\/2025\\\/12\\\/GAS-Intelligent-Humidity-Controller-IHC-Dual.jpg\",\"contentUrl\":\"https:\\\/\\\/www.varygrow.com\\\/wp-content\\\/uploads\\\/sites\\\/19\\\/2025\\\/12\\\/GAS-Intelligent-Humidity-Controller-IHC-Dual.jpg\",\"width\":1000,\"height\":1000,\"caption\":\"GAS Intelligent Humidity Controller (IHC) Dual\"},{\"@type\":\"BreadcrumbList\",\"@id\":\"https:\\\/\\\/www.varygrow.com\\\/cs\\\/eshop\\\/gas-intelligent-humidity-controller-ihc-dual\\\/#breadcrumb\",\"itemListElement\":[{\"@type\":\"ListItem\",\"position\":1,\"name\":\"Dom\u016f\",\"item\":\"https:\\\/\\\/www.varygrow.com\\\/cs\\\/\"},{\"@type\":\"ListItem\",\"position\":2,\"name\":\"Eshop\",\"item\":\"https:\\\/\\\/www.varygrow.com\\\/cs\\\/eshop\\\/\"},{\"@type\":\"ListItem\",\"position\":3,\"name\":\"GAS Intelligent Humidity Controller (IHC) Dual\"}]},{\"@type\":\"WebSite\",\"@id\":\"https:\\\/\\\/www.varygrow.com\\\/cs\\\/#website\",\"url\":\"https:\\\/\\\/www.varygrow.com\\\/cs\\\/\",\"name\":\"VaryGrow\",\"description\":\"Udr\u017eiteln\u00e9 podnik\u00e1n\u00ed\",\"publisher\":{\"@id\":\"https:\\\/\\\/www.varygrow.com\\\/cs\\\/#organization\"},\"potentialAction\":[{\"@type\":\"SearchAction\",\"target\":{\"@type\":\"EntryPoint\",\"urlTemplate\":\"https:\\\/\\\/www.varygrow.com\\\/cs\\\/?s={search_term_string}\"},\"query-input\":{\"@type\":\"PropertyValueSpecification\",\"valueRequired\":true,\"valueName\":\"search_term_string\"}}],\"inLanguage\":\"cs\"},{\"@type\":\"Organization\",\"@id\":\"https:\\\/\\\/www.varygrow.com\\\/cs\\\/#organization\",\"name\":\"DAMARA s.r.o.\",\"url\":\"https:\\\/\\\/www.varygrow.com\\\/cs\\\/\",\"logo\":{\"@type\":\"ImageObject\",\"inLanguage\":\"cs\",\"@id\":\"https:\\\/\\\/www.varygrow.com\\\/cs\\\/#\\\/schema\\\/logo\\\/image\\\/\",\"url\":\"https:\\\/\\\/www.varygrow.com\\\/wp-content\\\/uploads\\\/sites\\\/19\\\/2023\\\/08\\\/Logo-Heureka-480x150-1.png\",\"contentUrl\":\"https:\\\/\\\/www.varygrow.com\\\/wp-content\\\/uploads\\\/sites\\\/19\\\/2023\\\/08\\\/Logo-Heureka-480x150-1.png\",\"width\":480,\"height\":150,\"caption\":\"DAMARA s.r.o.\"},\"image\":{\"@id\":\"https:\\\/\\\/www.varygrow.com\\\/cs\\\/#\\\/schema\\\/logo\\\/image\\\/\"},\"sameAs\":[\"https:\\\/\\\/facebook.com\\\/VaryGrow\"]}]}<\/script>\n<!-- \/ Yoast SEO plugin. -->","yoast_head_json":{"title":"GAS Intelligent Humidity Controller (IHC) Dual","description":"Inteligentn\u00ed regul\u00e1tor vlhkosti G.A.S. Dual monitoruje prost\u0159ed\u00ed v p\u011bstebn\u00ed m\u00edstnosti a \u0159\u00edd\u00ed \u00farove\u0148 vlhkosti na VPD (deficit tlaku par) nebo relativn\u00ed vlhkost, a to prost\u0159ednictv\u00edm ovl\u00e1d\u00e1n\u00ed zvlh\u010dova\u010d\u016f i odvlh\u010dova\u010d\u016f.","robots":{"index":"index","follow":"follow","max-snippet":"max-snippet:-1","max-image-preview":"max-image-preview:large","max-video-preview":"max-video-preview:-1"},"canonical":"https:\/\/www.varygrow.com\/cs\/eshop\/gas-intelligent-humidity-controller-ihc-dual\/","og_locale":"cs_CZ","og_type":"article","og_title":"GAS Intelligent Humidity Controller (IHC) Dual","og_description":"Inteligentn\u00ed regul\u00e1tor vlhkosti G.A.S. Dual monitoruje prost\u0159ed\u00ed v p\u011bstebn\u00ed m\u00edstnosti a \u0159\u00edd\u00ed \u00farove\u0148 vlhkosti na VPD (deficit tlaku par) nebo relativn\u00ed vlhkost, a to prost\u0159ednictv\u00edm ovl\u00e1d\u00e1n\u00ed zvlh\u010dova\u010d\u016f i odvlh\u010dova\u010d\u016f.","og_url":"https:\/\/www.varygrow.com\/cs\/eshop\/gas-intelligent-humidity-controller-ihc-dual\/","og_site_name":"VaryGrow","article_publisher":"https:\/\/facebook.com\/VaryGrow","og_image":[{"width":1000,"height":1000,"url":"https:\/\/www.varygrow.com\/wp-content\/uploads\/sites\/19\/2025\/12\/GAS-Intelligent-Humidity-Controller-IHC-Dual.jpg","type":"image\/jpeg"}],"twitter_card":"summary_large_image","twitter_misc":{"Odhadovan\u00e1 doba \u010dten\u00ed":"2 minuty"},"schema":{"@context":"https:\/\/schema.org","@graph":[{"@type":"WebPage","@id":"https:\/\/www.varygrow.com\/cs\/eshop\/gas-intelligent-humidity-controller-ihc-dual\/","url":"https:\/\/www.varygrow.com\/cs\/eshop\/gas-intelligent-humidity-controller-ihc-dual\/","name":"GAS Intelligent Humidity Controller (IHC) Dual","isPartOf":{"@id":"https:\/\/www.varygrow.com\/cs\/#website"},"primaryImageOfPage":{"@id":"https:\/\/www.varygrow.com\/cs\/eshop\/gas-intelligent-humidity-controller-ihc-dual\/#primaryimage"},"image":{"@id":"https:\/\/www.varygrow.com\/cs\/eshop\/gas-intelligent-humidity-controller-ihc-dual\/#primaryimage"},"thumbnailUrl":"https:\/\/www.varygrow.com\/wp-content\/uploads\/sites\/19\/2025\/12\/GAS-Intelligent-Humidity-Controller-IHC-Dual.jpg","datePublished":"2026-04-13T01:46:21+00:00","description":"Inteligentn\u00ed regul\u00e1tor vlhkosti G.A.S. Dual monitoruje prost\u0159ed\u00ed v p\u011bstebn\u00ed m\u00edstnosti a \u0159\u00edd\u00ed \u00farove\u0148 vlhkosti na VPD (deficit tlaku par) nebo relativn\u00ed vlhkost, a to prost\u0159ednictv\u00edm ovl\u00e1d\u00e1n\u00ed zvlh\u010dova\u010d\u016f i odvlh\u010dova\u010d\u016f.","breadcrumb":{"@id":"https:\/\/www.varygrow.com\/cs\/eshop\/gas-intelligent-humidity-controller-ihc-dual\/#breadcrumb"},"inLanguage":"cs","potentialAction":[{"@type":"ReadAction","target":["https:\/\/www.varygrow.com\/cs\/eshop\/gas-intelligent-humidity-controller-ihc-dual\/"]}]},{"@type":"ImageObject","inLanguage":"cs","@id":"https:\/\/www.varygrow.com\/cs\/eshop\/gas-intelligent-humidity-controller-ihc-dual\/#primaryimage","url":"https:\/\/www.varygrow.com\/wp-content\/uploads\/sites\/19\/2025\/12\/GAS-Intelligent-Humidity-Controller-IHC-Dual.jpg","contentUrl":"https:\/\/www.varygrow.com\/wp-content\/uploads\/sites\/19\/2025\/12\/GAS-Intelligent-Humidity-Controller-IHC-Dual.jpg","width":1000,"height":1000,"caption":"GAS Intelligent Humidity Controller (IHC) Dual"},{"@type":"BreadcrumbList","@id":"https:\/\/www.varygrow.com\/cs\/eshop\/gas-intelligent-humidity-controller-ihc-dual\/#breadcrumb","itemListElement":[{"@type":"ListItem","position":1,"name":"Dom\u016f","item":"https:\/\/www.varygrow.com\/cs\/"},{"@type":"ListItem","position":2,"name":"Eshop","item":"https:\/\/www.varygrow.com\/cs\/eshop\/"},{"@type":"ListItem","position":3,"name":"GAS Intelligent Humidity Controller (IHC) Dual"}]},{"@type":"WebSite","@id":"https:\/\/www.varygrow.com\/cs\/#website","url":"https:\/\/www.varygrow.com\/cs\/","name":"VaryGrow","description":"Udr\u017eiteln\u00e9 podnik\u00e1n\u00ed","publisher":{"@id":"https:\/\/www.varygrow.com\/cs\/#organization"},"potentialAction":[{"@type":"SearchAction","target":{"@type":"EntryPoint","urlTemplate":"https:\/\/www.varygrow.com\/cs\/?s={search_term_string}"},"query-input":{"@type":"PropertyValueSpecification","valueRequired":true,"valueName":"search_term_string"}}],"inLanguage":"cs"},{"@type":"Organization","@id":"https:\/\/www.varygrow.com\/cs\/#organization","name":"DAMARA s.r.o.","url":"https:\/\/www.varygrow.com\/cs\/","logo":{"@type":"ImageObject","inLanguage":"cs","@id":"https:\/\/www.varygrow.com\/cs\/#\/schema\/logo\/image\/","url":"https:\/\/www.varygrow.com\/wp-content\/uploads\/sites\/19\/2023\/08\/Logo-Heureka-480x150-1.png","contentUrl":"https:\/\/www.varygrow.com\/wp-content\/uploads\/sites\/19\/2023\/08\/Logo-Heureka-480x150-1.png","width":480,"height":150,"caption":"DAMARA s.r.o."},"image":{"@id":"https:\/\/www.varygrow.com\/cs\/#\/schema\/logo\/image\/"},"sameAs":["https:\/\/facebook.com\/VaryGrow"]}]}},"brands":[{"id":5702,"name":"GAS","slug":"gas"}],"_links":{"self":[{"href":"https:\/\/www.varygrow.com\/cs\/wp-json\/wp\/v2\/product\/282591","targetHints":{"allow":["GET"]}}],"collection":[{"href":"https:\/\/www.varygrow.com\/cs\/wp-json\/wp\/v2\/product"}],"about":[{"href":"https:\/\/www.varygrow.com\/cs\/wp-json\/wp\/v2\/types\/product"}],"replies":[{"embeddable":true,"href":"https:\/\/www.varygrow.com\/cs\/wp-json\/wp\/v2\/comments?post=282591"}],"wp:featuredmedia":[{"embeddable":true,"href":"https:\/\/www.varygrow.com\/cs\/wp-json\/wp\/v2\/media\/296616"}],"wp:attachment":[{"href":"https:\/\/www.varygrow.com\/cs\/wp-json\/wp\/v2\/media?parent=282591"}],"wp:term":[{"taxonomy":"pwb-brand","embeddable":true,"href":"https:\/\/www.varygrow.com\/cs\/wp-json\/wp\/v2\/pwb-brand?post=282591"},{"taxonomy":"product_brand","embeddable":true,"href":"https:\/\/www.varygrow.com\/cs\/wp-json\/wp\/v2\/product_brand?post=282591"},{"taxonomy":"product_cat","embeddable":true,"href":"https:\/\/www.varygrow.com\/cs\/wp-json\/wp\/v2\/product_cat?post=282591"},{"taxonomy":"product_tag","embeddable":true,"href":"https:\/\/www.varygrow.com\/cs\/wp-json\/wp\/v2\/product_tag?post=282591"},{"taxonomy":"berocket_brand","embeddable":true,"href":"https:\/\/www.varygrow.com\/cs\/wp-json\/wp\/v2\/berocket_brand?post=282591"}],"curies":[{"name":"wp","href":"https:\/\/api.w.org\/{rel}","templated":true}]}}