{"id":286922,"date":"2026-04-13T03:43:56","date_gmt":"2026-04-13T01:43:56","guid":{"rendered":"https:\/\/www.varygrow.com\/eshop\/gas-black-combi-150-mm-ventilacni-potrubi-zpevnene-box-5-m\/"},"modified":"2026-04-13T03:43:56","modified_gmt":"2026-04-13T01:43:56","slug":"gas-black-combi-150-mm-ventilacni-potrubi-zpevnene-box-5-m","status":"publish","type":"product","link":"https:\/\/www.varygrow.com\/cs\/eshop\/gas-black-combi-150-mm-ventilacni-potrubi-zpevnene-box-5-m\/","title":{"rendered":"GAS Black Combi 150 mm ventila\u010dn\u00ed potrub\u00ed zpevn\u011bn\u00e9, box 5 m"},"content":{"rendered":"<p>Na\u0161e \u010dern\u00e9 kombinovan\u00e9 potrub\u00ed poch\u00e1z\u00ed z Evropy a je siln\u00e9 a spolehliv\u00e9, s robustn\u00edm a odoln\u00fdm vn\u011bj\u0161\u00edm pl\u00e1\u0161t\u011bm.<\/p>\n<p>Je z\u00e1m\u011brn\u011b navr\u017een v \u010dern\u00e9 barv\u011b, aby se zabr\u00e1nilo odrazu sv\u011btla skrz potrub\u00ed, a m\u00e1 dvouvrstvou konstrukci s hlin\u00edkovou vnit\u0159n\u00ed a plastovou vn\u011bj\u0161\u00ed stranou, co\u017e v\u00fdrazn\u011b zvy\u0161uje jeho odolnost proti roztr\u017een\u00ed a z\u00e1rove\u0148 zabra\u0148uje \u00fanik\u016fm sv\u011btla.<\/p>\n<ul>\n<li>Dvouvrstv\u00e1 konstrukce &#8211; hlin\u00edkov\u00fd pl\u00e1\u0161\u0165 s vn\u011bj\u0161\u00edm polyesterov\u00fdm pl\u00e1\u0161t\u011bm<\/li>\n<li>V\u011bt\u0161\u00ed odolnost proti roztr\u017een\u00ed ne\u017e standardn\u00ed hlin\u00edkov\u00e9 potrub\u00ed<\/li>\n<li>Sn\u00ed\u017een\u00e1 hladina hluku ve srovn\u00e1n\u00ed s jednovrstv\u00fdm potrub\u00edm<\/li>\n<li>Zabra\u0148uje \u00fanik\u016fm sv\u011btla<\/li>\n<li>K dispozici v d\u00e9lk\u00e1ch 5 a 10 metr\u016f, od 100 do 355 mm<\/li>\n<\/ul>\n","protected":false},"excerpt":{"rendered":"<p>GAS Black Combi ventila\u010dn\u00ed potrub\u00ed m\u00e1 dvouvrstvou konstrukci s hlin\u00edkovou vnit\u0159n\u00ed a plastovou vn\u011bj\u0161\u00ed stranou, co\u017e v\u00fdrazn\u011b zvy\u0161uje jeho odolnost proti roztr\u017een\u00ed a z\u00e1rove\u0148 zabra\u0148uje \u00fanik\u016fm sv\u011btla.<\/p>\n","protected":false},"featured_media":296571,"comment_status":"open","ping_status":"open","template":"","meta":[],"pwb-brand":[5702],"product_brand":[],"product_cat":[10715,10513,10579,10568],"product_tag":[6248,1831,6162,6083],"berocket_brand":[106],"class_list":{"0":"post-286922","1":"product","2":"type-product","3":"status-publish","4":"has-post-thumbnail","6":"pwb-brand-gas","7":"product_cat-combi","8":"product_cat-naarden","9":"product_cat-potrubi","10":"product_cat-vzduchotechnika","11":"product_tag-combi","12":"product_tag-naarden-pl","13":"product_tag-potrubi","14":"product_tag-vzduchotechnika","15":"pa_ean-9196","16":"berocket_brand-naarden","17":"sales-flash-overlay","18":"woocommerce-text-align-center","19":"woocommerce-image-align-center","20":"do-quantity-buttons","22":"first","23":"instock","24":"purchasable","25":"product-type-simple"},"yoast_head":"<!-- This site is optimized with the Yoast SEO plugin v27.4 - https:\/\/yoast.com\/product\/yoast-seo-wordpress\/ -->\n<title>GAS Black Combi 150 mm ventila\u010dn\u00ed potrub\u00ed zpevn\u011bn\u00e9, box 5 m<\/title>\n<meta name=\"description\" content=\"GAS Black Combi ventila\u010dn\u00ed potrub\u00ed m\u00e1 dvouvrstvou konstrukci s hlin\u00edkovou vnit\u0159n\u00ed a plastovou vn\u011bj\u0161\u00ed stranou, co\u017e v\u00fdrazn\u011b zvy\u0161uje jeho odolnost proti roztr\u017een\u00ed a z\u00e1rove\u0148 zabra\u0148uje \u00fanik\u016fm sv\u011btla.\" \/>\n<meta name=\"robots\" content=\"index, follow, max-snippet:-1, max-image-preview:large, max-video-preview:-1\" \/>\n<link rel=\"canonical\" href=\"https:\/\/www.varygrow.com\/cs\/eshop\/gas-black-combi-150-mm-ventilacni-potrubi-zpevnene-box-5-m\/\" \/>\n<meta property=\"og:locale\" content=\"cs_CZ\" \/>\n<meta property=\"og:type\" content=\"article\" \/>\n<meta property=\"og:title\" content=\"GAS Black Combi 150 mm ventila\u010dn\u00ed potrub\u00ed zpevn\u011bn\u00e9, box 5 m\" \/>\n<meta property=\"og:description\" content=\"GAS Black Combi ventila\u010dn\u00ed potrub\u00ed m\u00e1 dvouvrstvou konstrukci s hlin\u00edkovou vnit\u0159n\u00ed a plastovou vn\u011bj\u0161\u00ed stranou, co\u017e v\u00fdrazn\u011b zvy\u0161uje jeho odolnost proti roztr\u017een\u00ed a z\u00e1rove\u0148 zabra\u0148uje \u00fanik\u016fm sv\u011btla.\" \/>\n<meta property=\"og:url\" content=\"https:\/\/www.varygrow.com\/cs\/eshop\/gas-black-combi-150-mm-ventilacni-potrubi-zpevnene-box-5-m\/\" \/>\n<meta property=\"og:site_name\" content=\"VaryGrow\" \/>\n<meta property=\"article:publisher\" content=\"https:\/\/facebook.com\/VaryGrow\" \/>\n<meta property=\"og:image\" content=\"https:\/\/www.varygrow.com\/wp-content\/uploads\/sites\/19\/2025\/12\/GAS-Black-Combi-100-mm-ventilacni-potrubi-zpevnene-box-10-m.jpg\" \/>\n\t<meta property=\"og:image:width\" content=\"1000\" \/>\n\t<meta property=\"og:image:height\" content=\"1000\" \/>\n\t<meta property=\"og:image:type\" content=\"image\/jpeg\" \/>\n<meta name=\"twitter:card\" content=\"summary_large_image\" \/>\n<meta name=\"twitter:label1\" content=\"Odhadovan\u00e1 doba \u010dten\u00ed\" \/>\n\t<meta name=\"twitter:data1\" content=\"1 minuta\" \/>\n<script type=\"application\/ld+json\" class=\"yoast-schema-graph\">{\"@context\":\"https:\\\/\\\/schema.org\",\"@graph\":[{\"@type\":\"WebPage\",\"@id\":\"https:\\\/\\\/www.varygrow.com\\\/cs\\\/eshop\\\/gas-black-combi-150-mm-ventilacni-potrubi-zpevnene-box-5-m\\\/\",\"url\":\"https:\\\/\\\/www.varygrow.com\\\/cs\\\/eshop\\\/gas-black-combi-150-mm-ventilacni-potrubi-zpevnene-box-5-m\\\/\",\"name\":\"GAS Black Combi 150 mm ventila\u010dn\u00ed potrub\u00ed zpevn\u011bn\u00e9, box 5 m\",\"isPartOf\":{\"@id\":\"https:\\\/\\\/www.varygrow.com\\\/cs\\\/#website\"},\"primaryImageOfPage\":{\"@id\":\"https:\\\/\\\/www.varygrow.com\\\/cs\\\/eshop\\\/gas-black-combi-150-mm-ventilacni-potrubi-zpevnene-box-5-m\\\/#primaryimage\"},\"image\":{\"@id\":\"https:\\\/\\\/www.varygrow.com\\\/cs\\\/eshop\\\/gas-black-combi-150-mm-ventilacni-potrubi-zpevnene-box-5-m\\\/#primaryimage\"},\"thumbnailUrl\":\"https:\\\/\\\/www.varygrow.com\\\/wp-content\\\/uploads\\\/sites\\\/19\\\/2025\\\/12\\\/GAS-Black-Combi-100-mm-ventilacni-potrubi-zpevnene-box-10-m.jpg\",\"datePublished\":\"2026-04-13T01:43:56+00:00\",\"description\":\"GAS Black Combi ventila\u010dn\u00ed potrub\u00ed m\u00e1 dvouvrstvou konstrukci s hlin\u00edkovou vnit\u0159n\u00ed a plastovou vn\u011bj\u0161\u00ed stranou, co\u017e v\u00fdrazn\u011b zvy\u0161uje jeho odolnost proti roztr\u017een\u00ed a z\u00e1rove\u0148 zabra\u0148uje \u00fanik\u016fm sv\u011btla.\",\"breadcrumb\":{\"@id\":\"https:\\\/\\\/www.varygrow.com\\\/cs\\\/eshop\\\/gas-black-combi-150-mm-ventilacni-potrubi-zpevnene-box-5-m\\\/#breadcrumb\"},\"inLanguage\":\"cs\",\"potentialAction\":[{\"@type\":\"ReadAction\",\"target\":[\"https:\\\/\\\/www.varygrow.com\\\/cs\\\/eshop\\\/gas-black-combi-150-mm-ventilacni-potrubi-zpevnene-box-5-m\\\/\"]}]},{\"@type\":\"ImageObject\",\"inLanguage\":\"cs\",\"@id\":\"https:\\\/\\\/www.varygrow.com\\\/cs\\\/eshop\\\/gas-black-combi-150-mm-ventilacni-potrubi-zpevnene-box-5-m\\\/#primaryimage\",\"url\":\"https:\\\/\\\/www.varygrow.com\\\/wp-content\\\/uploads\\\/sites\\\/19\\\/2025\\\/12\\\/GAS-Black-Combi-100-mm-ventilacni-potrubi-zpevnene-box-10-m.jpg\",\"contentUrl\":\"https:\\\/\\\/www.varygrow.com\\\/wp-content\\\/uploads\\\/sites\\\/19\\\/2025\\\/12\\\/GAS-Black-Combi-100-mm-ventilacni-potrubi-zpevnene-box-10-m.jpg\",\"width\":1000,\"height\":1000,\"caption\":\"GAS Black Combi 355 mm ventila\u010dn\u00ed potrub\u00ed zpevn\u011bn\u00e9\"},{\"@type\":\"BreadcrumbList\",\"@id\":\"https:\\\/\\\/www.varygrow.com\\\/cs\\\/eshop\\\/gas-black-combi-150-mm-ventilacni-potrubi-zpevnene-box-5-m\\\/#breadcrumb\",\"itemListElement\":[{\"@type\":\"ListItem\",\"position\":1,\"name\":\"Dom\u016f\",\"item\":\"https:\\\/\\\/www.varygrow.com\\\/cs\\\/\"},{\"@type\":\"ListItem\",\"position\":2,\"name\":\"Eshop\",\"item\":\"https:\\\/\\\/www.varygrow.com\\\/cs\\\/eshop\\\/\"},{\"@type\":\"ListItem\",\"position\":3,\"name\":\"GAS Black Combi 150 mm ventila\u010dn\u00ed potrub\u00ed zpevn\u011bn\u00e9, box 5 m\"}]},{\"@type\":\"WebSite\",\"@id\":\"https:\\\/\\\/www.varygrow.com\\\/cs\\\/#website\",\"url\":\"https:\\\/\\\/www.varygrow.com\\\/cs\\\/\",\"name\":\"VaryGrow\",\"description\":\"Udr\u017eiteln\u00e9 podnik\u00e1n\u00ed\",\"publisher\":{\"@id\":\"https:\\\/\\\/www.varygrow.com\\\/cs\\\/#organization\"},\"potentialAction\":[{\"@type\":\"SearchAction\",\"target\":{\"@type\":\"EntryPoint\",\"urlTemplate\":\"https:\\\/\\\/www.varygrow.com\\\/cs\\\/?s={search_term_string}\"},\"query-input\":{\"@type\":\"PropertyValueSpecification\",\"valueRequired\":true,\"valueName\":\"search_term_string\"}}],\"inLanguage\":\"cs\"},{\"@type\":\"Organization\",\"@id\":\"https:\\\/\\\/www.varygrow.com\\\/cs\\\/#organization\",\"name\":\"DAMARA s.r.o.\",\"url\":\"https:\\\/\\\/www.varygrow.com\\\/cs\\\/\",\"logo\":{\"@type\":\"ImageObject\",\"inLanguage\":\"cs\",\"@id\":\"https:\\\/\\\/www.varygrow.com\\\/cs\\\/#\\\/schema\\\/logo\\\/image\\\/\",\"url\":\"https:\\\/\\\/www.varygrow.com\\\/wp-content\\\/uploads\\\/sites\\\/19\\\/2023\\\/08\\\/Logo-Heureka-480x150-1.png\",\"contentUrl\":\"https:\\\/\\\/www.varygrow.com\\\/wp-content\\\/uploads\\\/sites\\\/19\\\/2023\\\/08\\\/Logo-Heureka-480x150-1.png\",\"width\":480,\"height\":150,\"caption\":\"DAMARA s.r.o.\"},\"image\":{\"@id\":\"https:\\\/\\\/www.varygrow.com\\\/cs\\\/#\\\/schema\\\/logo\\\/image\\\/\"},\"sameAs\":[\"https:\\\/\\\/facebook.com\\\/VaryGrow\"]}]}<\/script>\n<!-- \/ Yoast SEO plugin. -->","yoast_head_json":{"title":"GAS Black Combi 150 mm ventila\u010dn\u00ed potrub\u00ed zpevn\u011bn\u00e9, box 5 m","description":"GAS Black Combi ventila\u010dn\u00ed potrub\u00ed m\u00e1 dvouvrstvou konstrukci s hlin\u00edkovou vnit\u0159n\u00ed a plastovou vn\u011bj\u0161\u00ed stranou, co\u017e v\u00fdrazn\u011b zvy\u0161uje jeho odolnost proti roztr\u017een\u00ed a z\u00e1rove\u0148 zabra\u0148uje \u00fanik\u016fm sv\u011btla.","robots":{"index":"index","follow":"follow","max-snippet":"max-snippet:-1","max-image-preview":"max-image-preview:large","max-video-preview":"max-video-preview:-1"},"canonical":"https:\/\/www.varygrow.com\/cs\/eshop\/gas-black-combi-150-mm-ventilacni-potrubi-zpevnene-box-5-m\/","og_locale":"cs_CZ","og_type":"article","og_title":"GAS Black Combi 150 mm ventila\u010dn\u00ed potrub\u00ed zpevn\u011bn\u00e9, box 5 m","og_description":"GAS Black Combi ventila\u010dn\u00ed potrub\u00ed m\u00e1 dvouvrstvou konstrukci s hlin\u00edkovou vnit\u0159n\u00ed a plastovou vn\u011bj\u0161\u00ed stranou, co\u017e v\u00fdrazn\u011b zvy\u0161uje jeho odolnost proti roztr\u017een\u00ed a z\u00e1rove\u0148 zabra\u0148uje \u00fanik\u016fm sv\u011btla.","og_url":"https:\/\/www.varygrow.com\/cs\/eshop\/gas-black-combi-150-mm-ventilacni-potrubi-zpevnene-box-5-m\/","og_site_name":"VaryGrow","article_publisher":"https:\/\/facebook.com\/VaryGrow","og_image":[{"width":1000,"height":1000,"url":"https:\/\/www.varygrow.com\/wp-content\/uploads\/sites\/19\/2025\/12\/GAS-Black-Combi-100-mm-ventilacni-potrubi-zpevnene-box-10-m.jpg","type":"image\/jpeg"}],"twitter_card":"summary_large_image","twitter_misc":{"Odhadovan\u00e1 doba \u010dten\u00ed":"1 minuta"},"schema":{"@context":"https:\/\/schema.org","@graph":[{"@type":"WebPage","@id":"https:\/\/www.varygrow.com\/cs\/eshop\/gas-black-combi-150-mm-ventilacni-potrubi-zpevnene-box-5-m\/","url":"https:\/\/www.varygrow.com\/cs\/eshop\/gas-black-combi-150-mm-ventilacni-potrubi-zpevnene-box-5-m\/","name":"GAS Black Combi 150 mm ventila\u010dn\u00ed potrub\u00ed zpevn\u011bn\u00e9, box 5 m","isPartOf":{"@id":"https:\/\/www.varygrow.com\/cs\/#website"},"primaryImageOfPage":{"@id":"https:\/\/www.varygrow.com\/cs\/eshop\/gas-black-combi-150-mm-ventilacni-potrubi-zpevnene-box-5-m\/#primaryimage"},"image":{"@id":"https:\/\/www.varygrow.com\/cs\/eshop\/gas-black-combi-150-mm-ventilacni-potrubi-zpevnene-box-5-m\/#primaryimage"},"thumbnailUrl":"https:\/\/www.varygrow.com\/wp-content\/uploads\/sites\/19\/2025\/12\/GAS-Black-Combi-100-mm-ventilacni-potrubi-zpevnene-box-10-m.jpg","datePublished":"2026-04-13T01:43:56+00:00","description":"GAS Black Combi ventila\u010dn\u00ed potrub\u00ed m\u00e1 dvouvrstvou konstrukci s hlin\u00edkovou vnit\u0159n\u00ed a plastovou vn\u011bj\u0161\u00ed stranou, co\u017e v\u00fdrazn\u011b zvy\u0161uje jeho odolnost proti roztr\u017een\u00ed a z\u00e1rove\u0148 zabra\u0148uje \u00fanik\u016fm sv\u011btla.","breadcrumb":{"@id":"https:\/\/www.varygrow.com\/cs\/eshop\/gas-black-combi-150-mm-ventilacni-potrubi-zpevnene-box-5-m\/#breadcrumb"},"inLanguage":"cs","potentialAction":[{"@type":"ReadAction","target":["https:\/\/www.varygrow.com\/cs\/eshop\/gas-black-combi-150-mm-ventilacni-potrubi-zpevnene-box-5-m\/"]}]},{"@type":"ImageObject","inLanguage":"cs","@id":"https:\/\/www.varygrow.com\/cs\/eshop\/gas-black-combi-150-mm-ventilacni-potrubi-zpevnene-box-5-m\/#primaryimage","url":"https:\/\/www.varygrow.com\/wp-content\/uploads\/sites\/19\/2025\/12\/GAS-Black-Combi-100-mm-ventilacni-potrubi-zpevnene-box-10-m.jpg","contentUrl":"https:\/\/www.varygrow.com\/wp-content\/uploads\/sites\/19\/2025\/12\/GAS-Black-Combi-100-mm-ventilacni-potrubi-zpevnene-box-10-m.jpg","width":1000,"height":1000,"caption":"GAS Black Combi 355 mm ventila\u010dn\u00ed potrub\u00ed zpevn\u011bn\u00e9"},{"@type":"BreadcrumbList","@id":"https:\/\/www.varygrow.com\/cs\/eshop\/gas-black-combi-150-mm-ventilacni-potrubi-zpevnene-box-5-m\/#breadcrumb","itemListElement":[{"@type":"ListItem","position":1,"name":"Dom\u016f","item":"https:\/\/www.varygrow.com\/cs\/"},{"@type":"ListItem","position":2,"name":"Eshop","item":"https:\/\/www.varygrow.com\/cs\/eshop\/"},{"@type":"ListItem","position":3,"name":"GAS Black Combi 150 mm ventila\u010dn\u00ed potrub\u00ed zpevn\u011bn\u00e9, box 5 m"}]},{"@type":"WebSite","@id":"https:\/\/www.varygrow.com\/cs\/#website","url":"https:\/\/www.varygrow.com\/cs\/","name":"VaryGrow","description":"Udr\u017eiteln\u00e9 podnik\u00e1n\u00ed","publisher":{"@id":"https:\/\/www.varygrow.com\/cs\/#organization"},"potentialAction":[{"@type":"SearchAction","target":{"@type":"EntryPoint","urlTemplate":"https:\/\/www.varygrow.com\/cs\/?s={search_term_string}"},"query-input":{"@type":"PropertyValueSpecification","valueRequired":true,"valueName":"search_term_string"}}],"inLanguage":"cs"},{"@type":"Organization","@id":"https:\/\/www.varygrow.com\/cs\/#organization","name":"DAMARA s.r.o.","url":"https:\/\/www.varygrow.com\/cs\/","logo":{"@type":"ImageObject","inLanguage":"cs","@id":"https:\/\/www.varygrow.com\/cs\/#\/schema\/logo\/image\/","url":"https:\/\/www.varygrow.com\/wp-content\/uploads\/sites\/19\/2023\/08\/Logo-Heureka-480x150-1.png","contentUrl":"https:\/\/www.varygrow.com\/wp-content\/uploads\/sites\/19\/2023\/08\/Logo-Heureka-480x150-1.png","width":480,"height":150,"caption":"DAMARA s.r.o."},"image":{"@id":"https:\/\/www.varygrow.com\/cs\/#\/schema\/logo\/image\/"},"sameAs":["https:\/\/facebook.com\/VaryGrow"]}]}},"brands":[{"id":5702,"name":"GAS","slug":"gas"}],"_links":{"self":[{"href":"https:\/\/www.varygrow.com\/cs\/wp-json\/wp\/v2\/product\/286922","targetHints":{"allow":["GET"]}}],"collection":[{"href":"https:\/\/www.varygrow.com\/cs\/wp-json\/wp\/v2\/product"}],"about":[{"href":"https:\/\/www.varygrow.com\/cs\/wp-json\/wp\/v2\/types\/product"}],"replies":[{"embeddable":true,"href":"https:\/\/www.varygrow.com\/cs\/wp-json\/wp\/v2\/comments?post=286922"}],"wp:featuredmedia":[{"embeddable":true,"href":"https:\/\/www.varygrow.com\/cs\/wp-json\/wp\/v2\/media\/296571"}],"wp:attachment":[{"href":"https:\/\/www.varygrow.com\/cs\/wp-json\/wp\/v2\/media?parent=286922"}],"wp:term":[{"taxonomy":"pwb-brand","embeddable":true,"href":"https:\/\/www.varygrow.com\/cs\/wp-json\/wp\/v2\/pwb-brand?post=286922"},{"taxonomy":"product_brand","embeddable":true,"href":"https:\/\/www.varygrow.com\/cs\/wp-json\/wp\/v2\/product_brand?post=286922"},{"taxonomy":"product_cat","embeddable":true,"href":"https:\/\/www.varygrow.com\/cs\/wp-json\/wp\/v2\/product_cat?post=286922"},{"taxonomy":"product_tag","embeddable":true,"href":"https:\/\/www.varygrow.com\/cs\/wp-json\/wp\/v2\/product_tag?post=286922"},{"taxonomy":"berocket_brand","embeddable":true,"href":"https:\/\/www.varygrow.com\/cs\/wp-json\/wp\/v2\/berocket_brand?post=286922"}],"curies":[{"name":"wp","href":"https:\/\/api.w.org\/{rel}","templated":true}]}}