{"id":290246,"date":"2026-04-22T03:06:35","date_gmt":"2026-04-22T01:06:35","guid":{"rendered":"https:\/\/www.varygrow.com\/eshop\/canna-sada-pro-3-rostliny\/"},"modified":"2026-04-22T03:06:35","modified_gmt":"2026-04-22T01:06:35","slug":"canna-sada-pro-3-rostliny","status":"publish","type":"product","link":"https:\/\/www.varygrow.com\/cs\/eshop\/canna-sada-pro-3-rostliny\/","title":{"rendered":"CANNA Sada pro 3 rostliny"},"content":{"rendered":"<p>&nbsp;<\/p>\n<ul>\n<li>v\u0161e co pot\u0159ebujete pro p\u011bstov\u00e1n\u00ed venku v z\u00e1honu (hnojiva r\u016fst a kv\u011bt + ko\u0159enov\u00fd posilova\u010d)<\/li>\n<li>pro kv\u011btin\u00e1\u010de sta\u010d\u00ed dokoupit substr\u00e1t<\/li>\n<li>n\u00e1vod i pro za\u010d\u00e1te\u010dn\u00edky<\/li>\n<li>nemus\u00edte m\u011b\u0159it pH \u010di EC<\/li>\n<\/ul>\n<p>UVNIT\u0158 BALEN\u00cd NAJDETE:<\/p>\n<p><strong>BIOCANNA Vega 500 ml<\/strong><\/p>\n<p>Kompletn\u00ed certifikovan\u00e9 Bio a Vegan hnojivo s obsahem v\u0161ech nezbytn\u00fdch \u017eivin, kter\u00e9 rostliny pot\u0159ebuj\u00ed b\u011bhem r\u016fstov\u00e9 f\u00e1ze. BIOCANNA Vega stimuluje tvorbu siln\u00fdch, vit\u00e1ln\u00edch v\u00fdhonk\u016f a bujn\u00e9ho ko\u0159enov\u00e9ho syst\u00e9mu.<\/p>\n<p><strong>BIOCANNA Flores 500 ml<\/strong><\/p>\n<p>Certifikovan\u00e9 Bio a Vegan hnojivo s obsahem v\u0161ech d\u016fle\u017eit\u00fdch \u017eivin, kter\u00e9 rostliny pot\u0159ebuj\u00ed pro bohat\u00e9 kveten\u00ed a tvorbu plod\u016f. BIOCANNA Flores podporuje v\u00fdslednou chu\u0165 v\u016fni \u00farody.<\/p>\n<p><strong>CANNA Rhizotonic 500 ml<\/strong><\/p>\n<p>Legend\u00e1rn\u00ed ko\u0159enov\u00fd stimul\u00e1tor od CANNA \u2013 znateln\u011b urychluje tvorbu i r\u016fst ko\u0159en\u016f a podporuje zdrav\u00e9 prost\u0159ed\u00ed ko\u0159enov\u00e9ho syst\u00e9mu rostlin. Nyn\u00ed ve vylep\u0161en\u00e9 verzi.<\/p>\n<p><strong>Tip:&nbsp;<\/strong><\/p>\n<p>Pro je\u0161t\u011b lep\u0161\u00ed v\u00fdsledky doporu\u010dujeme p\u0159ikoupit aditivum CANNA BOOST a CANNA PK 13\/14<\/p>\n<p>Doporu\u010dujeme pou\u017e\u00edt substr\u00e1t BIOCANNA Bio Terra Plus<\/p>\n<p>UPOZORN\u011aN\u00cd: P\u011bstov\u00e1n\u00ed a\u017e 3 rostlin konop\u00ed s obsahem THC nad 1 % pro osoby star\u0161\u00ed 21 let pro vlastn\u00ed pot\u0159ebu je v \u010cR leg\u00e1ln\u00ed od 1. 1. 2026, nikoliv d\u0159\u00edve. Respektujte pros\u00edm v\u0161echna z\u00e1konn\u00e1 pravidla. Spole\u010dnost CANNA neodpov\u00edd\u00e1 za jak\u00e9koliv probl\u00e9my vznikl\u00e9 nedodr\u017een\u00edm platn\u00e9 legislativy.<\/p>\n","protected":false},"excerpt":{"rendered":"<p>CANNA ve spolupr\u00e1ci s Dutch Passion uv\u00e1d\u00ed kompletn\u00ed sadu hnojiv a ko\u0159enov\u00e9ho posilova\u010de. P\u0159ipravte se na novou \u00e9ru s CANNA sadou. Kompletn\u00ed bal\u00ed\u010dek pro ka\u017ed\u00e9ho, kdo chce p\u011bstovat s radost\u00ed a v souladu se z\u00e1konem.<\/p>\n","protected":false},"featured_media":302890,"comment_status":"open","ping_status":"open","template":"","meta":[],"pwb-brand":[115],"product_brand":[],"product_cat":[10653,10532,10513,10656],"product_tag":[6213,6061,15317,6215],"berocket_brand":[106],"class_list":{"0":"post-290246","1":"product","2":"type-product","3":"status-publish","4":"has-post-thumbnail","6":"pwb-brand-canna","7":"product_cat-canna","8":"product_cat-hnojiva","9":"product_cat-naarden","10":"product_cat-starter-kity","11":"product_tag-canna","12":"product_tag-hnojiva","13":"product_tag-naarden","14":"product_tag-starter-kity","15":"pa_ean-15329","16":"berocket_brand-naarden","17":"sales-flash-overlay","18":"woocommerce-text-align-center","19":"woocommerce-image-align-center","20":"do-quantity-buttons","22":"first","23":"instock","24":"purchasable","25":"product-type-simple"},"yoast_head":"<!-- This site is optimized with the Yoast SEO plugin v27.4 - https:\/\/yoast.com\/product\/yoast-seo-wordpress\/ -->\n<title>CANNA Sada pro 3 rostliny<\/title>\n<meta name=\"description\" content=\"CANNA ve spolupr\u00e1ci s Dutch Passion uv\u00e1d\u00ed kompletn\u00ed sadu hnojiv a ko\u0159enov\u00e9ho posilova\u010de. P\u0159ipravte se na novou \u00e9ru s CANNA sadou. Kompletn\u00ed bal\u00ed\u010dek pro ka\u017ed\u00e9ho, kdo chce p\u011bstovat s radost\u00ed a v souladu se z\u00e1konem.\" \/>\n<meta name=\"robots\" content=\"index, follow, max-snippet:-1, max-image-preview:large, max-video-preview:-1\" \/>\n<link rel=\"canonical\" href=\"https:\/\/www.varygrow.com\/cs\/eshop\/canna-sada-pro-3-rostliny\/\" \/>\n<meta property=\"og:locale\" content=\"cs_CZ\" \/>\n<meta property=\"og:type\" content=\"article\" \/>\n<meta property=\"og:title\" content=\"CANNA Sada pro 3 rostliny\" \/>\n<meta property=\"og:description\" content=\"CANNA ve spolupr\u00e1ci s Dutch Passion uv\u00e1d\u00ed kompletn\u00ed sadu hnojiv a ko\u0159enov\u00e9ho posilova\u010de. P\u0159ipravte se na novou \u00e9ru s CANNA sadou. Kompletn\u00ed bal\u00ed\u010dek pro ka\u017ed\u00e9ho, kdo chce p\u011bstovat s radost\u00ed a v souladu se z\u00e1konem.\" \/>\n<meta property=\"og:url\" content=\"https:\/\/www.varygrow.com\/cs\/eshop\/canna-sada-pro-3-rostliny\/\" \/>\n<meta property=\"og:site_name\" content=\"VaryGrow\" \/>\n<meta property=\"article:publisher\" content=\"https:\/\/facebook.com\/VaryGrow\" \/>\n<meta property=\"og:image\" content=\"https:\/\/www.varygrow.com\/wp-content\/uploads\/sites\/19\/2025\/12\/CANNA-Sada-pro-3-rostliny.jpg\" \/>\n\t<meta property=\"og:image:width\" content=\"1000\" \/>\n\t<meta property=\"og:image:height\" content=\"1000\" \/>\n\t<meta property=\"og:image:type\" content=\"image\/jpeg\" \/>\n<meta name=\"twitter:card\" content=\"summary_large_image\" \/>\n<meta name=\"twitter:label1\" content=\"Odhadovan\u00e1 doba \u010dten\u00ed\" \/>\n\t<meta name=\"twitter:data1\" content=\"1 minuta\" \/>\n<script type=\"application\/ld+json\" class=\"yoast-schema-graph\">{\"@context\":\"https:\\\/\\\/schema.org\",\"@graph\":[{\"@type\":\"WebPage\",\"@id\":\"https:\\\/\\\/www.varygrow.com\\\/cs\\\/eshop\\\/canna-sada-pro-3-rostliny\\\/\",\"url\":\"https:\\\/\\\/www.varygrow.com\\\/cs\\\/eshop\\\/canna-sada-pro-3-rostliny\\\/\",\"name\":\"CANNA Sada pro 3 rostliny\",\"isPartOf\":{\"@id\":\"https:\\\/\\\/www.varygrow.com\\\/cs\\\/#website\"},\"primaryImageOfPage\":{\"@id\":\"https:\\\/\\\/www.varygrow.com\\\/cs\\\/eshop\\\/canna-sada-pro-3-rostliny\\\/#primaryimage\"},\"image\":{\"@id\":\"https:\\\/\\\/www.varygrow.com\\\/cs\\\/eshop\\\/canna-sada-pro-3-rostliny\\\/#primaryimage\"},\"thumbnailUrl\":\"https:\\\/\\\/www.varygrow.com\\\/wp-content\\\/uploads\\\/sites\\\/19\\\/2025\\\/12\\\/CANNA-Sada-pro-3-rostliny.jpg\",\"datePublished\":\"2026-04-22T01:06:35+00:00\",\"description\":\"CANNA ve spolupr\u00e1ci s Dutch Passion uv\u00e1d\u00ed kompletn\u00ed sadu hnojiv a ko\u0159enov\u00e9ho posilova\u010de. P\u0159ipravte se na novou \u00e9ru s CANNA sadou. Kompletn\u00ed bal\u00ed\u010dek pro ka\u017ed\u00e9ho, kdo chce p\u011bstovat s radost\u00ed a v souladu se z\u00e1konem.\",\"breadcrumb\":{\"@id\":\"https:\\\/\\\/www.varygrow.com\\\/cs\\\/eshop\\\/canna-sada-pro-3-rostliny\\\/#breadcrumb\"},\"inLanguage\":\"cs\",\"potentialAction\":[{\"@type\":\"ReadAction\",\"target\":[\"https:\\\/\\\/www.varygrow.com\\\/cs\\\/eshop\\\/canna-sada-pro-3-rostliny\\\/\"]}]},{\"@type\":\"ImageObject\",\"inLanguage\":\"cs\",\"@id\":\"https:\\\/\\\/www.varygrow.com\\\/cs\\\/eshop\\\/canna-sada-pro-3-rostliny\\\/#primaryimage\",\"url\":\"https:\\\/\\\/www.varygrow.com\\\/wp-content\\\/uploads\\\/sites\\\/19\\\/2025\\\/12\\\/CANNA-Sada-pro-3-rostliny.jpg\",\"contentUrl\":\"https:\\\/\\\/www.varygrow.com\\\/wp-content\\\/uploads\\\/sites\\\/19\\\/2025\\\/12\\\/CANNA-Sada-pro-3-rostliny.jpg\",\"width\":1000,\"height\":1000,\"caption\":\"CANNA Sada pro 3 rostliny\"},{\"@type\":\"BreadcrumbList\",\"@id\":\"https:\\\/\\\/www.varygrow.com\\\/cs\\\/eshop\\\/canna-sada-pro-3-rostliny\\\/#breadcrumb\",\"itemListElement\":[{\"@type\":\"ListItem\",\"position\":1,\"name\":\"Dom\u016f\",\"item\":\"https:\\\/\\\/www.varygrow.com\\\/cs\\\/\"},{\"@type\":\"ListItem\",\"position\":2,\"name\":\"Eshop\",\"item\":\"https:\\\/\\\/www.varygrow.com\\\/cs\\\/eshop\\\/\"},{\"@type\":\"ListItem\",\"position\":3,\"name\":\"CANNA Sada pro 3 rostliny\"}]},{\"@type\":\"WebSite\",\"@id\":\"https:\\\/\\\/www.varygrow.com\\\/cs\\\/#website\",\"url\":\"https:\\\/\\\/www.varygrow.com\\\/cs\\\/\",\"name\":\"VaryGrow\",\"description\":\"Udr\u017eiteln\u00e9 podnik\u00e1n\u00ed\",\"publisher\":{\"@id\":\"https:\\\/\\\/www.varygrow.com\\\/cs\\\/#organization\"},\"potentialAction\":[{\"@type\":\"SearchAction\",\"target\":{\"@type\":\"EntryPoint\",\"urlTemplate\":\"https:\\\/\\\/www.varygrow.com\\\/cs\\\/?s={search_term_string}\"},\"query-input\":{\"@type\":\"PropertyValueSpecification\",\"valueRequired\":true,\"valueName\":\"search_term_string\"}}],\"inLanguage\":\"cs\"},{\"@type\":\"Organization\",\"@id\":\"https:\\\/\\\/www.varygrow.com\\\/cs\\\/#organization\",\"name\":\"DAMARA s.r.o.\",\"url\":\"https:\\\/\\\/www.varygrow.com\\\/cs\\\/\",\"logo\":{\"@type\":\"ImageObject\",\"inLanguage\":\"cs\",\"@id\":\"https:\\\/\\\/www.varygrow.com\\\/cs\\\/#\\\/schema\\\/logo\\\/image\\\/\",\"url\":\"https:\\\/\\\/www.varygrow.com\\\/wp-content\\\/uploads\\\/sites\\\/19\\\/2023\\\/08\\\/Logo-Heureka-480x150-1.png\",\"contentUrl\":\"https:\\\/\\\/www.varygrow.com\\\/wp-content\\\/uploads\\\/sites\\\/19\\\/2023\\\/08\\\/Logo-Heureka-480x150-1.png\",\"width\":480,\"height\":150,\"caption\":\"DAMARA s.r.o.\"},\"image\":{\"@id\":\"https:\\\/\\\/www.varygrow.com\\\/cs\\\/#\\\/schema\\\/logo\\\/image\\\/\"},\"sameAs\":[\"https:\\\/\\\/facebook.com\\\/VaryGrow\"]}]}<\/script>\n<!-- \/ Yoast SEO plugin. -->","yoast_head_json":{"title":"CANNA Sada pro 3 rostliny","description":"CANNA ve spolupr\u00e1ci s Dutch Passion uv\u00e1d\u00ed kompletn\u00ed sadu hnojiv a ko\u0159enov\u00e9ho posilova\u010de. P\u0159ipravte se na novou \u00e9ru s CANNA sadou. Kompletn\u00ed bal\u00ed\u010dek pro ka\u017ed\u00e9ho, kdo chce p\u011bstovat s radost\u00ed a v souladu se z\u00e1konem.","robots":{"index":"index","follow":"follow","max-snippet":"max-snippet:-1","max-image-preview":"max-image-preview:large","max-video-preview":"max-video-preview:-1"},"canonical":"https:\/\/www.varygrow.com\/cs\/eshop\/canna-sada-pro-3-rostliny\/","og_locale":"cs_CZ","og_type":"article","og_title":"CANNA Sada pro 3 rostliny","og_description":"CANNA ve spolupr\u00e1ci s Dutch Passion uv\u00e1d\u00ed kompletn\u00ed sadu hnojiv a ko\u0159enov\u00e9ho posilova\u010de. P\u0159ipravte se na novou \u00e9ru s CANNA sadou. Kompletn\u00ed bal\u00ed\u010dek pro ka\u017ed\u00e9ho, kdo chce p\u011bstovat s radost\u00ed a v souladu se z\u00e1konem.","og_url":"https:\/\/www.varygrow.com\/cs\/eshop\/canna-sada-pro-3-rostliny\/","og_site_name":"VaryGrow","article_publisher":"https:\/\/facebook.com\/VaryGrow","og_image":[{"width":1000,"height":1000,"url":"https:\/\/www.varygrow.com\/wp-content\/uploads\/sites\/19\/2025\/12\/CANNA-Sada-pro-3-rostliny.jpg","type":"image\/jpeg"}],"twitter_card":"summary_large_image","twitter_misc":{"Odhadovan\u00e1 doba \u010dten\u00ed":"1 minuta"},"schema":{"@context":"https:\/\/schema.org","@graph":[{"@type":"WebPage","@id":"https:\/\/www.varygrow.com\/cs\/eshop\/canna-sada-pro-3-rostliny\/","url":"https:\/\/www.varygrow.com\/cs\/eshop\/canna-sada-pro-3-rostliny\/","name":"CANNA Sada pro 3 rostliny","isPartOf":{"@id":"https:\/\/www.varygrow.com\/cs\/#website"},"primaryImageOfPage":{"@id":"https:\/\/www.varygrow.com\/cs\/eshop\/canna-sada-pro-3-rostliny\/#primaryimage"},"image":{"@id":"https:\/\/www.varygrow.com\/cs\/eshop\/canna-sada-pro-3-rostliny\/#primaryimage"},"thumbnailUrl":"https:\/\/www.varygrow.com\/wp-content\/uploads\/sites\/19\/2025\/12\/CANNA-Sada-pro-3-rostliny.jpg","datePublished":"2026-04-22T01:06:35+00:00","description":"CANNA ve spolupr\u00e1ci s Dutch Passion uv\u00e1d\u00ed kompletn\u00ed sadu hnojiv a ko\u0159enov\u00e9ho posilova\u010de. P\u0159ipravte se na novou \u00e9ru s CANNA sadou. Kompletn\u00ed bal\u00ed\u010dek pro ka\u017ed\u00e9ho, kdo chce p\u011bstovat s radost\u00ed a v souladu se z\u00e1konem.","breadcrumb":{"@id":"https:\/\/www.varygrow.com\/cs\/eshop\/canna-sada-pro-3-rostliny\/#breadcrumb"},"inLanguage":"cs","potentialAction":[{"@type":"ReadAction","target":["https:\/\/www.varygrow.com\/cs\/eshop\/canna-sada-pro-3-rostliny\/"]}]},{"@type":"ImageObject","inLanguage":"cs","@id":"https:\/\/www.varygrow.com\/cs\/eshop\/canna-sada-pro-3-rostliny\/#primaryimage","url":"https:\/\/www.varygrow.com\/wp-content\/uploads\/sites\/19\/2025\/12\/CANNA-Sada-pro-3-rostliny.jpg","contentUrl":"https:\/\/www.varygrow.com\/wp-content\/uploads\/sites\/19\/2025\/12\/CANNA-Sada-pro-3-rostliny.jpg","width":1000,"height":1000,"caption":"CANNA Sada pro 3 rostliny"},{"@type":"BreadcrumbList","@id":"https:\/\/www.varygrow.com\/cs\/eshop\/canna-sada-pro-3-rostliny\/#breadcrumb","itemListElement":[{"@type":"ListItem","position":1,"name":"Dom\u016f","item":"https:\/\/www.varygrow.com\/cs\/"},{"@type":"ListItem","position":2,"name":"Eshop","item":"https:\/\/www.varygrow.com\/cs\/eshop\/"},{"@type":"ListItem","position":3,"name":"CANNA Sada pro 3 rostliny"}]},{"@type":"WebSite","@id":"https:\/\/www.varygrow.com\/cs\/#website","url":"https:\/\/www.varygrow.com\/cs\/","name":"VaryGrow","description":"Udr\u017eiteln\u00e9 podnik\u00e1n\u00ed","publisher":{"@id":"https:\/\/www.varygrow.com\/cs\/#organization"},"potentialAction":[{"@type":"SearchAction","target":{"@type":"EntryPoint","urlTemplate":"https:\/\/www.varygrow.com\/cs\/?s={search_term_string}"},"query-input":{"@type":"PropertyValueSpecification","valueRequired":true,"valueName":"search_term_string"}}],"inLanguage":"cs"},{"@type":"Organization","@id":"https:\/\/www.varygrow.com\/cs\/#organization","name":"DAMARA s.r.o.","url":"https:\/\/www.varygrow.com\/cs\/","logo":{"@type":"ImageObject","inLanguage":"cs","@id":"https:\/\/www.varygrow.com\/cs\/#\/schema\/logo\/image\/","url":"https:\/\/www.varygrow.com\/wp-content\/uploads\/sites\/19\/2023\/08\/Logo-Heureka-480x150-1.png","contentUrl":"https:\/\/www.varygrow.com\/wp-content\/uploads\/sites\/19\/2023\/08\/Logo-Heureka-480x150-1.png","width":480,"height":150,"caption":"DAMARA s.r.o."},"image":{"@id":"https:\/\/www.varygrow.com\/cs\/#\/schema\/logo\/image\/"},"sameAs":["https:\/\/facebook.com\/VaryGrow"]}]}},"brands":[{"id":115,"name":"Canna","slug":"canna"}],"_links":{"self":[{"href":"https:\/\/www.varygrow.com\/cs\/wp-json\/wp\/v2\/product\/290246","targetHints":{"allow":["GET"]}}],"collection":[{"href":"https:\/\/www.varygrow.com\/cs\/wp-json\/wp\/v2\/product"}],"about":[{"href":"https:\/\/www.varygrow.com\/cs\/wp-json\/wp\/v2\/types\/product"}],"replies":[{"embeddable":true,"href":"https:\/\/www.varygrow.com\/cs\/wp-json\/wp\/v2\/comments?post=290246"}],"wp:featuredmedia":[{"embeddable":true,"href":"https:\/\/www.varygrow.com\/cs\/wp-json\/wp\/v2\/media\/302890"}],"wp:attachment":[{"href":"https:\/\/www.varygrow.com\/cs\/wp-json\/wp\/v2\/media?parent=290246"}],"wp:term":[{"taxonomy":"pwb-brand","embeddable":true,"href":"https:\/\/www.varygrow.com\/cs\/wp-json\/wp\/v2\/pwb-brand?post=290246"},{"taxonomy":"product_brand","embeddable":true,"href":"https:\/\/www.varygrow.com\/cs\/wp-json\/wp\/v2\/product_brand?post=290246"},{"taxonomy":"product_cat","embeddable":true,"href":"https:\/\/www.varygrow.com\/cs\/wp-json\/wp\/v2\/product_cat?post=290246"},{"taxonomy":"product_tag","embeddable":true,"href":"https:\/\/www.varygrow.com\/cs\/wp-json\/wp\/v2\/product_tag?post=290246"},{"taxonomy":"berocket_brand","embeddable":true,"href":"https:\/\/www.varygrow.com\/cs\/wp-json\/wp\/v2\/berocket_brand?post=290246"}],"curies":[{"name":"wp","href":"https:\/\/api.w.org\/{rel}","templated":true}]}}