{"id":306257,"date":"2026-04-16T04:30:41","date_gmt":"2026-04-16T02:30:41","guid":{"rendered":"https:\/\/www.varygrow.com\/eshop\/prima-klima-filtr-eco-k2600-flat-100-mm-250-m3-h\/"},"modified":"2026-04-16T04:30:41","modified_gmt":"2026-04-16T02:30:41","slug":"prima-klima-filtr-eco-k2600-flat-100-mm-250-m3-h","status":"publish","type":"product","link":"https:\/\/www.varygrow.com\/cs\/eshop\/prima-klima-filtr-eco-k2600-flat-100-mm-250-m3-h\/","title":{"rendered":"Prima Klima filtr ECO K2600 FLAT, 100 mm, 250 m3\/h"},"content":{"rendered":"<ul>\n<li>Pr\u016fm\u011br p\u0159\u00edruby: 100 mm<\/li>\n<li>Maxim\u00e1ln\u00ed pr\u016ftok vzduchu: 250 m3\/h<\/li>\n<li>Optim\u00e1ln\u00ed pr\u016ftok vzduchu: 200 m3\/h<\/li>\n<li>Kvalita a hmotnost uhl\u00ed: CTC75 (3mm) &#8211; 2.5 kg<\/li>\n<li>\u017divotnost uhl\u00ed: cca 12 m\u011bs\u00edc\u016f<\/li>\n<li>Pr\u016fm\u011br filtru: 230 mm<\/li>\n<li>D\u00e9lka filtru bez p\u0159\u00edruby: 135 mm<\/li>\n<li>Hmotnost: 1.9 kg<\/li>\n<li>Mont\u00e1\u017e: horizont\u00e1ln\u00ed i vertik\u00e1ln\u00ed<\/li>\n<li>Provozn\u00ed teplota vzduchu je od 10\u00b0C &#8211; 70\u00b0C a vlhkost vzduchu 0 &#8211; 100%<\/li>\n<li>Doporu\u010den\u00e9 ventil\u00e1tory: Prima Klima<\/li>\n<\/ul>\n","protected":false},"excerpt":{"rendered":"<p>Prima Klima filtr ECO K2600 FLAT, 100 mm, 250 m3\/h.<\/p>\n","protected":false},"featured_media":306258,"comment_status":"open","ping_status":"open","template":"","meta":[],"pwb-brand":[5868],"product_brand":[],"product_cat":[10513,10689,10915,10568],"product_tag":[15317,6087,6395,6083],"berocket_brand":[106],"class_list":{"0":"post-306257","1":"product","2":"type-product","3":"status-publish","4":"has-post-thumbnail","6":"pwb-brand-primaklima","7":"product_cat-naarden","8":"product_cat-pachove-filtry","9":"product_cat-prima-klima-eco","10":"product_cat-vzduchotechnika","11":"product_tag-naarden","12":"product_tag-pachove-filtry","13":"product_tag-prima-klima-eco","14":"product_tag-vzduchotechnika","15":"pa_ean-14041","16":"berocket_brand-naarden","17":"sales-flash-overlay","18":"woocommerce-text-align-center","19":"woocommerce-image-align-center","20":"do-quantity-buttons","22":"first","23":"instock","24":"purchasable","25":"product-type-simple"},"yoast_head":"<!-- This site is optimized with the Yoast SEO plugin v27.4 - https:\/\/yoast.com\/product\/yoast-seo-wordpress\/ -->\n<title>Prima Klima filtr ECO K2600 FLAT, 100 mm, 250 m3\/h<\/title>\n<meta name=\"description\" content=\"Prima Klima filtr ECO K2600 FLAT, 100 mm, 250 m3\/h.\" \/>\n<meta name=\"robots\" content=\"index, follow, max-snippet:-1, max-image-preview:large, max-video-preview:-1\" \/>\n<link rel=\"canonical\" href=\"https:\/\/www.varygrow.com\/cs\/eshop\/prima-klima-filtr-eco-k2600-flat-100-mm-250-m3-h\/\" \/>\n<meta property=\"og:locale\" content=\"cs_CZ\" \/>\n<meta property=\"og:type\" content=\"article\" \/>\n<meta property=\"og:title\" content=\"Prima Klima filtr ECO K2600 FLAT, 100 mm, 250 m3\/h\" \/>\n<meta property=\"og:description\" content=\"Prima Klima filtr ECO K2600 FLAT, 100 mm, 250 m3\/h.\" \/>\n<meta property=\"og:url\" content=\"https:\/\/www.varygrow.com\/cs\/eshop\/prima-klima-filtr-eco-k2600-flat-100-mm-250-m3-h\/\" \/>\n<meta property=\"og:site_name\" content=\"VaryGrow\" \/>\n<meta property=\"article:publisher\" content=\"https:\/\/facebook.com\/VaryGrow\" \/>\n<meta property=\"og:image\" content=\"https:\/\/www.varygrow.com\/wp-content\/uploads\/sites\/19\/2025\/12\/Prima-Klima-filtr-ECO-K2600-FLAT-100-mm-250-m3h.jpg\" \/>\n\t<meta property=\"og:image:width\" content=\"1000\" \/>\n\t<meta property=\"og:image:height\" content=\"1000\" \/>\n\t<meta property=\"og:image:type\" content=\"image\/jpeg\" \/>\n<meta name=\"twitter:card\" content=\"summary_large_image\" \/>\n<script type=\"application\/ld+json\" class=\"yoast-schema-graph\">{\"@context\":\"https:\\\/\\\/schema.org\",\"@graph\":[{\"@type\":\"WebPage\",\"@id\":\"https:\\\/\\\/www.varygrow.com\\\/cs\\\/eshop\\\/prima-klima-filtr-eco-k2600-flat-100-mm-250-m3-h\\\/\",\"url\":\"https:\\\/\\\/www.varygrow.com\\\/cs\\\/eshop\\\/prima-klima-filtr-eco-k2600-flat-100-mm-250-m3-h\\\/\",\"name\":\"Prima Klima filtr ECO K2600 FLAT, 100 mm, 250 m3\\\/h\",\"isPartOf\":{\"@id\":\"https:\\\/\\\/www.varygrow.com\\\/cs\\\/#website\"},\"primaryImageOfPage\":{\"@id\":\"https:\\\/\\\/www.varygrow.com\\\/cs\\\/eshop\\\/prima-klima-filtr-eco-k2600-flat-100-mm-250-m3-h\\\/#primaryimage\"},\"image\":{\"@id\":\"https:\\\/\\\/www.varygrow.com\\\/cs\\\/eshop\\\/prima-klima-filtr-eco-k2600-flat-100-mm-250-m3-h\\\/#primaryimage\"},\"thumbnailUrl\":\"https:\\\/\\\/www.varygrow.com\\\/wp-content\\\/uploads\\\/sites\\\/19\\\/2025\\\/12\\\/Prima-Klima-filtr-ECO-K2600-FLAT-100-mm-250-m3h.jpg\",\"datePublished\":\"2026-04-16T02:30:41+00:00\",\"description\":\"Prima Klima filtr ECO K2600 FLAT, 100 mm, 250 m3\\\/h.\",\"breadcrumb\":{\"@id\":\"https:\\\/\\\/www.varygrow.com\\\/cs\\\/eshop\\\/prima-klima-filtr-eco-k2600-flat-100-mm-250-m3-h\\\/#breadcrumb\"},\"inLanguage\":\"cs\",\"potentialAction\":[{\"@type\":\"ReadAction\",\"target\":[\"https:\\\/\\\/www.varygrow.com\\\/cs\\\/eshop\\\/prima-klima-filtr-eco-k2600-flat-100-mm-250-m3-h\\\/\"]}]},{\"@type\":\"ImageObject\",\"inLanguage\":\"cs\",\"@id\":\"https:\\\/\\\/www.varygrow.com\\\/cs\\\/eshop\\\/prima-klima-filtr-eco-k2600-flat-100-mm-250-m3-h\\\/#primaryimage\",\"url\":\"https:\\\/\\\/www.varygrow.com\\\/wp-content\\\/uploads\\\/sites\\\/19\\\/2025\\\/12\\\/Prima-Klima-filtr-ECO-K2600-FLAT-100-mm-250-m3h.jpg\",\"contentUrl\":\"https:\\\/\\\/www.varygrow.com\\\/wp-content\\\/uploads\\\/sites\\\/19\\\/2025\\\/12\\\/Prima-Klima-filtr-ECO-K2600-FLAT-100-mm-250-m3h.jpg\",\"width\":1000,\"height\":1000,\"caption\":\"Prima Klima filtr ECO K2600 FLAT\"},{\"@type\":\"BreadcrumbList\",\"@id\":\"https:\\\/\\\/www.varygrow.com\\\/cs\\\/eshop\\\/prima-klima-filtr-eco-k2600-flat-100-mm-250-m3-h\\\/#breadcrumb\",\"itemListElement\":[{\"@type\":\"ListItem\",\"position\":1,\"name\":\"Dom\u016f\",\"item\":\"https:\\\/\\\/www.varygrow.com\\\/cs\\\/\"},{\"@type\":\"ListItem\",\"position\":2,\"name\":\"Eshop\",\"item\":\"https:\\\/\\\/www.varygrow.com\\\/cs\\\/eshop\\\/\"},{\"@type\":\"ListItem\",\"position\":3,\"name\":\"Prima Klima filtr ECO K2600 FLAT, 100 mm, 250 m3\\\/h\"}]},{\"@type\":\"WebSite\",\"@id\":\"https:\\\/\\\/www.varygrow.com\\\/cs\\\/#website\",\"url\":\"https:\\\/\\\/www.varygrow.com\\\/cs\\\/\",\"name\":\"VaryGrow\",\"description\":\"Udr\u017eiteln\u00e9 podnik\u00e1n\u00ed\",\"publisher\":{\"@id\":\"https:\\\/\\\/www.varygrow.com\\\/cs\\\/#organization\"},\"potentialAction\":[{\"@type\":\"SearchAction\",\"target\":{\"@type\":\"EntryPoint\",\"urlTemplate\":\"https:\\\/\\\/www.varygrow.com\\\/cs\\\/?s={search_term_string}\"},\"query-input\":{\"@type\":\"PropertyValueSpecification\",\"valueRequired\":true,\"valueName\":\"search_term_string\"}}],\"inLanguage\":\"cs\"},{\"@type\":\"Organization\",\"@id\":\"https:\\\/\\\/www.varygrow.com\\\/cs\\\/#organization\",\"name\":\"DAMARA s.r.o.\",\"url\":\"https:\\\/\\\/www.varygrow.com\\\/cs\\\/\",\"logo\":{\"@type\":\"ImageObject\",\"inLanguage\":\"cs\",\"@id\":\"https:\\\/\\\/www.varygrow.com\\\/cs\\\/#\\\/schema\\\/logo\\\/image\\\/\",\"url\":\"https:\\\/\\\/www.varygrow.com\\\/wp-content\\\/uploads\\\/sites\\\/19\\\/2023\\\/08\\\/Logo-Heureka-480x150-1.png\",\"contentUrl\":\"https:\\\/\\\/www.varygrow.com\\\/wp-content\\\/uploads\\\/sites\\\/19\\\/2023\\\/08\\\/Logo-Heureka-480x150-1.png\",\"width\":480,\"height\":150,\"caption\":\"DAMARA s.r.o.\"},\"image\":{\"@id\":\"https:\\\/\\\/www.varygrow.com\\\/cs\\\/#\\\/schema\\\/logo\\\/image\\\/\"},\"sameAs\":[\"https:\\\/\\\/facebook.com\\\/VaryGrow\"]}]}<\/script>\n<!-- \/ Yoast SEO plugin. -->","yoast_head_json":{"title":"Prima Klima filtr ECO K2600 FLAT, 100 mm, 250 m3\/h","description":"Prima Klima filtr ECO K2600 FLAT, 100 mm, 250 m3\/h.","robots":{"index":"index","follow":"follow","max-snippet":"max-snippet:-1","max-image-preview":"max-image-preview:large","max-video-preview":"max-video-preview:-1"},"canonical":"https:\/\/www.varygrow.com\/cs\/eshop\/prima-klima-filtr-eco-k2600-flat-100-mm-250-m3-h\/","og_locale":"cs_CZ","og_type":"article","og_title":"Prima Klima filtr ECO K2600 FLAT, 100 mm, 250 m3\/h","og_description":"Prima Klima filtr ECO K2600 FLAT, 100 mm, 250 m3\/h.","og_url":"https:\/\/www.varygrow.com\/cs\/eshop\/prima-klima-filtr-eco-k2600-flat-100-mm-250-m3-h\/","og_site_name":"VaryGrow","article_publisher":"https:\/\/facebook.com\/VaryGrow","og_image":[{"width":1000,"height":1000,"url":"https:\/\/www.varygrow.com\/wp-content\/uploads\/sites\/19\/2025\/12\/Prima-Klima-filtr-ECO-K2600-FLAT-100-mm-250-m3h.jpg","type":"image\/jpeg"}],"twitter_card":"summary_large_image","schema":{"@context":"https:\/\/schema.org","@graph":[{"@type":"WebPage","@id":"https:\/\/www.varygrow.com\/cs\/eshop\/prima-klima-filtr-eco-k2600-flat-100-mm-250-m3-h\/","url":"https:\/\/www.varygrow.com\/cs\/eshop\/prima-klima-filtr-eco-k2600-flat-100-mm-250-m3-h\/","name":"Prima Klima filtr ECO K2600 FLAT, 100 mm, 250 m3\/h","isPartOf":{"@id":"https:\/\/www.varygrow.com\/cs\/#website"},"primaryImageOfPage":{"@id":"https:\/\/www.varygrow.com\/cs\/eshop\/prima-klima-filtr-eco-k2600-flat-100-mm-250-m3-h\/#primaryimage"},"image":{"@id":"https:\/\/www.varygrow.com\/cs\/eshop\/prima-klima-filtr-eco-k2600-flat-100-mm-250-m3-h\/#primaryimage"},"thumbnailUrl":"https:\/\/www.varygrow.com\/wp-content\/uploads\/sites\/19\/2025\/12\/Prima-Klima-filtr-ECO-K2600-FLAT-100-mm-250-m3h.jpg","datePublished":"2026-04-16T02:30:41+00:00","description":"Prima Klima filtr ECO K2600 FLAT, 100 mm, 250 m3\/h.","breadcrumb":{"@id":"https:\/\/www.varygrow.com\/cs\/eshop\/prima-klima-filtr-eco-k2600-flat-100-mm-250-m3-h\/#breadcrumb"},"inLanguage":"cs","potentialAction":[{"@type":"ReadAction","target":["https:\/\/www.varygrow.com\/cs\/eshop\/prima-klima-filtr-eco-k2600-flat-100-mm-250-m3-h\/"]}]},{"@type":"ImageObject","inLanguage":"cs","@id":"https:\/\/www.varygrow.com\/cs\/eshop\/prima-klima-filtr-eco-k2600-flat-100-mm-250-m3-h\/#primaryimage","url":"https:\/\/www.varygrow.com\/wp-content\/uploads\/sites\/19\/2025\/12\/Prima-Klima-filtr-ECO-K2600-FLAT-100-mm-250-m3h.jpg","contentUrl":"https:\/\/www.varygrow.com\/wp-content\/uploads\/sites\/19\/2025\/12\/Prima-Klima-filtr-ECO-K2600-FLAT-100-mm-250-m3h.jpg","width":1000,"height":1000,"caption":"Prima Klima filtr ECO K2600 FLAT"},{"@type":"BreadcrumbList","@id":"https:\/\/www.varygrow.com\/cs\/eshop\/prima-klima-filtr-eco-k2600-flat-100-mm-250-m3-h\/#breadcrumb","itemListElement":[{"@type":"ListItem","position":1,"name":"Dom\u016f","item":"https:\/\/www.varygrow.com\/cs\/"},{"@type":"ListItem","position":2,"name":"Eshop","item":"https:\/\/www.varygrow.com\/cs\/eshop\/"},{"@type":"ListItem","position":3,"name":"Prima Klima filtr ECO K2600 FLAT, 100 mm, 250 m3\/h"}]},{"@type":"WebSite","@id":"https:\/\/www.varygrow.com\/cs\/#website","url":"https:\/\/www.varygrow.com\/cs\/","name":"VaryGrow","description":"Udr\u017eiteln\u00e9 podnik\u00e1n\u00ed","publisher":{"@id":"https:\/\/www.varygrow.com\/cs\/#organization"},"potentialAction":[{"@type":"SearchAction","target":{"@type":"EntryPoint","urlTemplate":"https:\/\/www.varygrow.com\/cs\/?s={search_term_string}"},"query-input":{"@type":"PropertyValueSpecification","valueRequired":true,"valueName":"search_term_string"}}],"inLanguage":"cs"},{"@type":"Organization","@id":"https:\/\/www.varygrow.com\/cs\/#organization","name":"DAMARA s.r.o.","url":"https:\/\/www.varygrow.com\/cs\/","logo":{"@type":"ImageObject","inLanguage":"cs","@id":"https:\/\/www.varygrow.com\/cs\/#\/schema\/logo\/image\/","url":"https:\/\/www.varygrow.com\/wp-content\/uploads\/sites\/19\/2023\/08\/Logo-Heureka-480x150-1.png","contentUrl":"https:\/\/www.varygrow.com\/wp-content\/uploads\/sites\/19\/2023\/08\/Logo-Heureka-480x150-1.png","width":480,"height":150,"caption":"DAMARA s.r.o."},"image":{"@id":"https:\/\/www.varygrow.com\/cs\/#\/schema\/logo\/image\/"},"sameAs":["https:\/\/facebook.com\/VaryGrow"]}]}},"brands":[{"id":5868,"name":"PrimaKlima","slug":"primaklima"}],"_links":{"self":[{"href":"https:\/\/www.varygrow.com\/cs\/wp-json\/wp\/v2\/product\/306257","targetHints":{"allow":["GET"]}}],"collection":[{"href":"https:\/\/www.varygrow.com\/cs\/wp-json\/wp\/v2\/product"}],"about":[{"href":"https:\/\/www.varygrow.com\/cs\/wp-json\/wp\/v2\/types\/product"}],"replies":[{"embeddable":true,"href":"https:\/\/www.varygrow.com\/cs\/wp-json\/wp\/v2\/comments?post=306257"}],"wp:featuredmedia":[{"embeddable":true,"href":"https:\/\/www.varygrow.com\/cs\/wp-json\/wp\/v2\/media\/306258"}],"wp:attachment":[{"href":"https:\/\/www.varygrow.com\/cs\/wp-json\/wp\/v2\/media?parent=306257"}],"wp:term":[{"taxonomy":"pwb-brand","embeddable":true,"href":"https:\/\/www.varygrow.com\/cs\/wp-json\/wp\/v2\/pwb-brand?post=306257"},{"taxonomy":"product_brand","embeddable":true,"href":"https:\/\/www.varygrow.com\/cs\/wp-json\/wp\/v2\/product_brand?post=306257"},{"taxonomy":"product_cat","embeddable":true,"href":"https:\/\/www.varygrow.com\/cs\/wp-json\/wp\/v2\/product_cat?post=306257"},{"taxonomy":"product_tag","embeddable":true,"href":"https:\/\/www.varygrow.com\/cs\/wp-json\/wp\/v2\/product_tag?post=306257"},{"taxonomy":"berocket_brand","embeddable":true,"href":"https:\/\/www.varygrow.com\/cs\/wp-json\/wp\/v2\/berocket_brand?post=306257"}],"curies":[{"name":"wp","href":"https:\/\/api.w.org\/{rel}","templated":true}]}}