{"id":312974,"date":"2026-04-13T03:46:10","date_gmt":"2026-04-13T01:46:10","guid":{"rendered":"https:\/\/www.varygrow.com\/eshop\/gas-duct-tape-lepici-paska-50-mm-x-50-m\/"},"modified":"2026-04-13T03:46:11","modified_gmt":"2026-04-13T01:46:11","slug":"gas-duct-tape-lepici-paska-50-mm-x-50-m","status":"publish","type":"product","link":"https:\/\/www.varygrow.com\/cs\/eshop\/gas-duct-tape-lepici-paska-50-mm-x-50-m\/","title":{"rendered":"GAS Duct Tape lepic\u00ed p\u00e1ska &#8211; 50 mm x 50 m"},"content":{"rendered":"<p>Vysoce kvalitn\u00ed hlin\u00edkov\u00e1 lepic\u00ed p\u00e1ska. Pevn\u00e1, odoln\u00e1 a s dlouhou \u017eivotnost\u00ed. Skv\u011ble se hod\u00ed k oprav\u011b nebo ut\u011bsn\u011bn\u00ed spoj\u016f potrub\u00ed. D\u00e9lka 50 metr\u016f. Ide\u00e1ln\u00ed pro spojov\u00e1n\u00ed reflexn\u00edch f\u00f3li\u00ed. \u0160\u00ed\u0159ka 5 cm.<\/p>\n","protected":false},"excerpt":{"rendered":"<p>Vysoce kvalitn\u00ed hlin\u00edkov\u00e1 lepic\u00ed p\u00e1ska. Pevn\u00e1, odoln\u00e1 a s dlouhou \u017eivotnost\u00ed. Skv\u011ble se hod\u00ed k oprav\u011b nebo ut\u011bsn\u011bn\u00ed spoj\u016f potrub\u00ed. D\u00e9lka 50 metr\u016f. Ide\u00e1ln\u00ed pro spojov\u00e1n\u00ed reflexn\u00edch f\u00f3li\u00ed. \u0160\u00ed\u0159ka 5 cm.<\/p>\n","protected":false},"featured_media":312975,"comment_status":"open","ping_status":"open","template":"","meta":[],"pwb-brand":[5702],"product_brand":[],"product_cat":[12020,10513,10579,10718,10568],"product_tag":[12021,15317,6162,6251,6083],"berocket_brand":[106],"class_list":{"0":"post-312974","1":"product","2":"type-product","3":"status-publish","4":"has-post-thumbnail","6":"pwb-brand-gas","7":"product_cat-duct-tape","8":"product_cat-naarden","9":"product_cat-potrubi","10":"product_cat-prislusenstvi-k-potrubi","11":"product_cat-vzduchotechnika","12":"product_tag-duct-tape","13":"product_tag-naarden","14":"product_tag-potrubi","15":"product_tag-prislusenstvi-k-potrubi","16":"product_tag-vzduchotechnika","17":"pa_ean-7723","18":"berocket_brand-naarden","19":"sales-flash-overlay","20":"woocommerce-text-align-center","21":"woocommerce-image-align-center","22":"do-quantity-buttons","24":"first","25":"instock","26":"purchasable","27":"product-type-simple"},"yoast_head":"<!-- This site is optimized with the Yoast SEO plugin v27.4 - https:\/\/yoast.com\/product\/yoast-seo-wordpress\/ -->\n<title>GAS Duct Tape lepic\u00ed p\u00e1ska - 50 mm x 50 m<\/title>\n<meta name=\"description\" content=\"Vysoce kvalitn\u00ed hlin\u00edkov\u00e1 lepic\u00ed p\u00e1ska. Pevn\u00e1, odoln\u00e1 a s dlouhou \u017eivotnost\u00ed. Skv\u011ble se hod\u00ed k oprav\u011b nebo ut\u011bsn\u011bn\u00ed spoj\u016f potrub\u00ed. D\u00e9lka 50 metr\u016f. Ide\u00e1ln\u00ed pro spojov\u00e1n\u00ed reflexn\u00edch f\u00f3li\u00ed. \u0160\u00ed\u0159ka 5 cm.\" \/>\n<meta name=\"robots\" content=\"index, follow, max-snippet:-1, max-image-preview:large, max-video-preview:-1\" \/>\n<link rel=\"canonical\" href=\"https:\/\/www.varygrow.com\/cs\/eshop\/gas-duct-tape-lepici-paska-50-mm-x-50-m\/\" \/>\n<meta property=\"og:locale\" content=\"cs_CZ\" \/>\n<meta property=\"og:type\" content=\"article\" \/>\n<meta property=\"og:title\" content=\"GAS Duct Tape lepic\u00ed p\u00e1ska - 50 mm x 50 m\" \/>\n<meta property=\"og:description\" content=\"Vysoce kvalitn\u00ed hlin\u00edkov\u00e1 lepic\u00ed p\u00e1ska. Pevn\u00e1, odoln\u00e1 a s dlouhou \u017eivotnost\u00ed. Skv\u011ble se hod\u00ed k oprav\u011b nebo ut\u011bsn\u011bn\u00ed spoj\u016f potrub\u00ed. D\u00e9lka 50 metr\u016f. Ide\u00e1ln\u00ed pro spojov\u00e1n\u00ed reflexn\u00edch f\u00f3li\u00ed. \u0160\u00ed\u0159ka 5 cm.\" \/>\n<meta property=\"og:url\" content=\"https:\/\/www.varygrow.com\/cs\/eshop\/gas-duct-tape-lepici-paska-50-mm-x-50-m\/\" \/>\n<meta property=\"og:site_name\" content=\"VaryGrow\" \/>\n<meta property=\"article:publisher\" content=\"https:\/\/facebook.com\/VaryGrow\" \/>\n<meta property=\"article:modified_time\" content=\"2026-04-13T01:46:11+00:00\" \/>\n<meta property=\"og:image\" content=\"https:\/\/www.varygrow.com\/wp-content\/uploads\/sites\/19\/2025\/12\/GAS-Duct-Tape-lepici-paska-50-mm-x-50-m.jpg\" \/>\n\t<meta property=\"og:image:width\" content=\"1000\" \/>\n\t<meta property=\"og:image:height\" content=\"1000\" \/>\n\t<meta property=\"og:image:type\" content=\"image\/jpeg\" \/>\n<meta name=\"twitter:card\" content=\"summary_large_image\" \/>\n<script type=\"application\/ld+json\" class=\"yoast-schema-graph\">{\"@context\":\"https:\\\/\\\/schema.org\",\"@graph\":[{\"@type\":\"WebPage\",\"@id\":\"https:\\\/\\\/www.varygrow.com\\\/cs\\\/eshop\\\/gas-duct-tape-lepici-paska-50-mm-x-50-m\\\/\",\"url\":\"https:\\\/\\\/www.varygrow.com\\\/cs\\\/eshop\\\/gas-duct-tape-lepici-paska-50-mm-x-50-m\\\/\",\"name\":\"GAS Duct Tape lepic\u00ed p\u00e1ska - 50 mm x 50 m\",\"isPartOf\":{\"@id\":\"https:\\\/\\\/www.varygrow.com\\\/cs\\\/#website\"},\"primaryImageOfPage\":{\"@id\":\"https:\\\/\\\/www.varygrow.com\\\/cs\\\/eshop\\\/gas-duct-tape-lepici-paska-50-mm-x-50-m\\\/#primaryimage\"},\"image\":{\"@id\":\"https:\\\/\\\/www.varygrow.com\\\/cs\\\/eshop\\\/gas-duct-tape-lepici-paska-50-mm-x-50-m\\\/#primaryimage\"},\"thumbnailUrl\":\"https:\\\/\\\/www.varygrow.com\\\/wp-content\\\/uploads\\\/sites\\\/19\\\/2025\\\/12\\\/GAS-Duct-Tape-lepici-paska-50-mm-x-50-m.jpg\",\"datePublished\":\"2026-04-13T01:46:10+00:00\",\"dateModified\":\"2026-04-13T01:46:11+00:00\",\"description\":\"Vysoce kvalitn\u00ed hlin\u00edkov\u00e1 lepic\u00ed p\u00e1ska. Pevn\u00e1, odoln\u00e1 a s dlouhou \u017eivotnost\u00ed. Skv\u011ble se hod\u00ed k oprav\u011b nebo ut\u011bsn\u011bn\u00ed spoj\u016f potrub\u00ed. D\u00e9lka 50 metr\u016f. Ide\u00e1ln\u00ed pro spojov\u00e1n\u00ed reflexn\u00edch f\u00f3li\u00ed. \u0160\u00ed\u0159ka 5 cm.\",\"breadcrumb\":{\"@id\":\"https:\\\/\\\/www.varygrow.com\\\/cs\\\/eshop\\\/gas-duct-tape-lepici-paska-50-mm-x-50-m\\\/#breadcrumb\"},\"inLanguage\":\"cs\",\"potentialAction\":[{\"@type\":\"ReadAction\",\"target\":[\"https:\\\/\\\/www.varygrow.com\\\/cs\\\/eshop\\\/gas-duct-tape-lepici-paska-50-mm-x-50-m\\\/\"]}]},{\"@type\":\"ImageObject\",\"inLanguage\":\"cs\",\"@id\":\"https:\\\/\\\/www.varygrow.com\\\/cs\\\/eshop\\\/gas-duct-tape-lepici-paska-50-mm-x-50-m\\\/#primaryimage\",\"url\":\"https:\\\/\\\/www.varygrow.com\\\/wp-content\\\/uploads\\\/sites\\\/19\\\/2025\\\/12\\\/GAS-Duct-Tape-lepici-paska-50-mm-x-50-m.jpg\",\"contentUrl\":\"https:\\\/\\\/www.varygrow.com\\\/wp-content\\\/uploads\\\/sites\\\/19\\\/2025\\\/12\\\/GAS-Duct-Tape-lepici-paska-50-mm-x-50-m.jpg\",\"width\":1000,\"height\":1000,\"caption\":\"GAS Duct Tape lepic\u00ed p\u00e1ska - 50 mm x 50 m\"},{\"@type\":\"BreadcrumbList\",\"@id\":\"https:\\\/\\\/www.varygrow.com\\\/cs\\\/eshop\\\/gas-duct-tape-lepici-paska-50-mm-x-50-m\\\/#breadcrumb\",\"itemListElement\":[{\"@type\":\"ListItem\",\"position\":1,\"name\":\"Dom\u016f\",\"item\":\"https:\\\/\\\/www.varygrow.com\\\/cs\\\/\"},{\"@type\":\"ListItem\",\"position\":2,\"name\":\"Eshop\",\"item\":\"https:\\\/\\\/www.varygrow.com\\\/cs\\\/eshop\\\/\"},{\"@type\":\"ListItem\",\"position\":3,\"name\":\"GAS Duct Tape lepic\u00ed p\u00e1ska &#8211; 50 mm x 50 m\"}]},{\"@type\":\"WebSite\",\"@id\":\"https:\\\/\\\/www.varygrow.com\\\/cs\\\/#website\",\"url\":\"https:\\\/\\\/www.varygrow.com\\\/cs\\\/\",\"name\":\"VaryGrow\",\"description\":\"Udr\u017eiteln\u00e9 podnik\u00e1n\u00ed\",\"publisher\":{\"@id\":\"https:\\\/\\\/www.varygrow.com\\\/cs\\\/#organization\"},\"potentialAction\":[{\"@type\":\"SearchAction\",\"target\":{\"@type\":\"EntryPoint\",\"urlTemplate\":\"https:\\\/\\\/www.varygrow.com\\\/cs\\\/?s={search_term_string}\"},\"query-input\":{\"@type\":\"PropertyValueSpecification\",\"valueRequired\":true,\"valueName\":\"search_term_string\"}}],\"inLanguage\":\"cs\"},{\"@type\":\"Organization\",\"@id\":\"https:\\\/\\\/www.varygrow.com\\\/cs\\\/#organization\",\"name\":\"DAMARA s.r.o.\",\"url\":\"https:\\\/\\\/www.varygrow.com\\\/cs\\\/\",\"logo\":{\"@type\":\"ImageObject\",\"inLanguage\":\"cs\",\"@id\":\"https:\\\/\\\/www.varygrow.com\\\/cs\\\/#\\\/schema\\\/logo\\\/image\\\/\",\"url\":\"https:\\\/\\\/www.varygrow.com\\\/wp-content\\\/uploads\\\/sites\\\/19\\\/2023\\\/08\\\/Logo-Heureka-480x150-1.png\",\"contentUrl\":\"https:\\\/\\\/www.varygrow.com\\\/wp-content\\\/uploads\\\/sites\\\/19\\\/2023\\\/08\\\/Logo-Heureka-480x150-1.png\",\"width\":480,\"height\":150,\"caption\":\"DAMARA s.r.o.\"},\"image\":{\"@id\":\"https:\\\/\\\/www.varygrow.com\\\/cs\\\/#\\\/schema\\\/logo\\\/image\\\/\"},\"sameAs\":[\"https:\\\/\\\/facebook.com\\\/VaryGrow\"]}]}<\/script>\n<!-- \/ Yoast SEO plugin. -->","yoast_head_json":{"title":"GAS Duct Tape lepic\u00ed p\u00e1ska - 50 mm x 50 m","description":"Vysoce kvalitn\u00ed hlin\u00edkov\u00e1 lepic\u00ed p\u00e1ska. Pevn\u00e1, odoln\u00e1 a s dlouhou \u017eivotnost\u00ed. Skv\u011ble se hod\u00ed k oprav\u011b nebo ut\u011bsn\u011bn\u00ed spoj\u016f potrub\u00ed. D\u00e9lka 50 metr\u016f. Ide\u00e1ln\u00ed pro spojov\u00e1n\u00ed reflexn\u00edch f\u00f3li\u00ed. \u0160\u00ed\u0159ka 5 cm.","robots":{"index":"index","follow":"follow","max-snippet":"max-snippet:-1","max-image-preview":"max-image-preview:large","max-video-preview":"max-video-preview:-1"},"canonical":"https:\/\/www.varygrow.com\/cs\/eshop\/gas-duct-tape-lepici-paska-50-mm-x-50-m\/","og_locale":"cs_CZ","og_type":"article","og_title":"GAS Duct Tape lepic\u00ed p\u00e1ska - 50 mm x 50 m","og_description":"Vysoce kvalitn\u00ed hlin\u00edkov\u00e1 lepic\u00ed p\u00e1ska. Pevn\u00e1, odoln\u00e1 a s dlouhou \u017eivotnost\u00ed. Skv\u011ble se hod\u00ed k oprav\u011b nebo ut\u011bsn\u011bn\u00ed spoj\u016f potrub\u00ed. D\u00e9lka 50 metr\u016f. Ide\u00e1ln\u00ed pro spojov\u00e1n\u00ed reflexn\u00edch f\u00f3li\u00ed. \u0160\u00ed\u0159ka 5 cm.","og_url":"https:\/\/www.varygrow.com\/cs\/eshop\/gas-duct-tape-lepici-paska-50-mm-x-50-m\/","og_site_name":"VaryGrow","article_publisher":"https:\/\/facebook.com\/VaryGrow","article_modified_time":"2026-04-13T01:46:11+00:00","og_image":[{"width":1000,"height":1000,"url":"https:\/\/www.varygrow.com\/wp-content\/uploads\/sites\/19\/2025\/12\/GAS-Duct-Tape-lepici-paska-50-mm-x-50-m.jpg","type":"image\/jpeg"}],"twitter_card":"summary_large_image","schema":{"@context":"https:\/\/schema.org","@graph":[{"@type":"WebPage","@id":"https:\/\/www.varygrow.com\/cs\/eshop\/gas-duct-tape-lepici-paska-50-mm-x-50-m\/","url":"https:\/\/www.varygrow.com\/cs\/eshop\/gas-duct-tape-lepici-paska-50-mm-x-50-m\/","name":"GAS Duct Tape lepic\u00ed p\u00e1ska - 50 mm x 50 m","isPartOf":{"@id":"https:\/\/www.varygrow.com\/cs\/#website"},"primaryImageOfPage":{"@id":"https:\/\/www.varygrow.com\/cs\/eshop\/gas-duct-tape-lepici-paska-50-mm-x-50-m\/#primaryimage"},"image":{"@id":"https:\/\/www.varygrow.com\/cs\/eshop\/gas-duct-tape-lepici-paska-50-mm-x-50-m\/#primaryimage"},"thumbnailUrl":"https:\/\/www.varygrow.com\/wp-content\/uploads\/sites\/19\/2025\/12\/GAS-Duct-Tape-lepici-paska-50-mm-x-50-m.jpg","datePublished":"2026-04-13T01:46:10+00:00","dateModified":"2026-04-13T01:46:11+00:00","description":"Vysoce kvalitn\u00ed hlin\u00edkov\u00e1 lepic\u00ed p\u00e1ska. Pevn\u00e1, odoln\u00e1 a s dlouhou \u017eivotnost\u00ed. Skv\u011ble se hod\u00ed k oprav\u011b nebo ut\u011bsn\u011bn\u00ed spoj\u016f potrub\u00ed. D\u00e9lka 50 metr\u016f. Ide\u00e1ln\u00ed pro spojov\u00e1n\u00ed reflexn\u00edch f\u00f3li\u00ed. \u0160\u00ed\u0159ka 5 cm.","breadcrumb":{"@id":"https:\/\/www.varygrow.com\/cs\/eshop\/gas-duct-tape-lepici-paska-50-mm-x-50-m\/#breadcrumb"},"inLanguage":"cs","potentialAction":[{"@type":"ReadAction","target":["https:\/\/www.varygrow.com\/cs\/eshop\/gas-duct-tape-lepici-paska-50-mm-x-50-m\/"]}]},{"@type":"ImageObject","inLanguage":"cs","@id":"https:\/\/www.varygrow.com\/cs\/eshop\/gas-duct-tape-lepici-paska-50-mm-x-50-m\/#primaryimage","url":"https:\/\/www.varygrow.com\/wp-content\/uploads\/sites\/19\/2025\/12\/GAS-Duct-Tape-lepici-paska-50-mm-x-50-m.jpg","contentUrl":"https:\/\/www.varygrow.com\/wp-content\/uploads\/sites\/19\/2025\/12\/GAS-Duct-Tape-lepici-paska-50-mm-x-50-m.jpg","width":1000,"height":1000,"caption":"GAS Duct Tape lepic\u00ed p\u00e1ska - 50 mm x 50 m"},{"@type":"BreadcrumbList","@id":"https:\/\/www.varygrow.com\/cs\/eshop\/gas-duct-tape-lepici-paska-50-mm-x-50-m\/#breadcrumb","itemListElement":[{"@type":"ListItem","position":1,"name":"Dom\u016f","item":"https:\/\/www.varygrow.com\/cs\/"},{"@type":"ListItem","position":2,"name":"Eshop","item":"https:\/\/www.varygrow.com\/cs\/eshop\/"},{"@type":"ListItem","position":3,"name":"GAS Duct Tape lepic\u00ed p\u00e1ska &#8211; 50 mm x 50 m"}]},{"@type":"WebSite","@id":"https:\/\/www.varygrow.com\/cs\/#website","url":"https:\/\/www.varygrow.com\/cs\/","name":"VaryGrow","description":"Udr\u017eiteln\u00e9 podnik\u00e1n\u00ed","publisher":{"@id":"https:\/\/www.varygrow.com\/cs\/#organization"},"potentialAction":[{"@type":"SearchAction","target":{"@type":"EntryPoint","urlTemplate":"https:\/\/www.varygrow.com\/cs\/?s={search_term_string}"},"query-input":{"@type":"PropertyValueSpecification","valueRequired":true,"valueName":"search_term_string"}}],"inLanguage":"cs"},{"@type":"Organization","@id":"https:\/\/www.varygrow.com\/cs\/#organization","name":"DAMARA s.r.o.","url":"https:\/\/www.varygrow.com\/cs\/","logo":{"@type":"ImageObject","inLanguage":"cs","@id":"https:\/\/www.varygrow.com\/cs\/#\/schema\/logo\/image\/","url":"https:\/\/www.varygrow.com\/wp-content\/uploads\/sites\/19\/2023\/08\/Logo-Heureka-480x150-1.png","contentUrl":"https:\/\/www.varygrow.com\/wp-content\/uploads\/sites\/19\/2023\/08\/Logo-Heureka-480x150-1.png","width":480,"height":150,"caption":"DAMARA s.r.o."},"image":{"@id":"https:\/\/www.varygrow.com\/cs\/#\/schema\/logo\/image\/"},"sameAs":["https:\/\/facebook.com\/VaryGrow"]}]}},"brands":[{"id":5702,"name":"GAS","slug":"gas"}],"_links":{"self":[{"href":"https:\/\/www.varygrow.com\/cs\/wp-json\/wp\/v2\/product\/312974","targetHints":{"allow":["GET"]}}],"collection":[{"href":"https:\/\/www.varygrow.com\/cs\/wp-json\/wp\/v2\/product"}],"about":[{"href":"https:\/\/www.varygrow.com\/cs\/wp-json\/wp\/v2\/types\/product"}],"replies":[{"embeddable":true,"href":"https:\/\/www.varygrow.com\/cs\/wp-json\/wp\/v2\/comments?post=312974"}],"wp:featuredmedia":[{"embeddable":true,"href":"https:\/\/www.varygrow.com\/cs\/wp-json\/wp\/v2\/media\/312975"}],"wp:attachment":[{"href":"https:\/\/www.varygrow.com\/cs\/wp-json\/wp\/v2\/media?parent=312974"}],"wp:term":[{"taxonomy":"pwb-brand","embeddable":true,"href":"https:\/\/www.varygrow.com\/cs\/wp-json\/wp\/v2\/pwb-brand?post=312974"},{"taxonomy":"product_brand","embeddable":true,"href":"https:\/\/www.varygrow.com\/cs\/wp-json\/wp\/v2\/product_brand?post=312974"},{"taxonomy":"product_cat","embeddable":true,"href":"https:\/\/www.varygrow.com\/cs\/wp-json\/wp\/v2\/product_cat?post=312974"},{"taxonomy":"product_tag","embeddable":true,"href":"https:\/\/www.varygrow.com\/cs\/wp-json\/wp\/v2\/product_tag?post=312974"},{"taxonomy":"berocket_brand","embeddable":true,"href":"https:\/\/www.varygrow.com\/cs\/wp-json\/wp\/v2\/berocket_brand?post=312974"}],"curies":[{"name":"wp","href":"https:\/\/api.w.org\/{rel}","templated":true}]}}