{"id":315972,"date":"2026-04-15T03:06:24","date_gmt":"2026-04-15T01:06:24","guid":{"rendered":"https:\/\/www.varygrow.com\/eshop\/integra-boost-67-g-55-vlhkost-box-100-ks\/"},"modified":"2026-04-15T03:06:26","modified_gmt":"2026-04-15T01:06:26","slug":"integra-boost-67-g-55-vlhkost-box-100-ks","status":"publish","type":"product","link":"https:\/\/www.varygrow.com\/cs\/eshop\/integra-boost-67-g-55-vlhkost-box-100-ks\/","title":{"rendered":"Integra Boost 67 g, 55% vlhkost, BOX 100 ks"},"content":{"rendered":"<p>Integra Boost d\u00edky patentovan\u00e9 technologii dokonale kontroluje \u00farove\u0148 vlhkosti a zachov\u00e1v\u00e1 v\u016fni a chu\u0165 \u010derstv\u00e9 sklizn\u011b. Od su\u0161en\u00ed po skladov\u00e1n\u00ed a konzervaci je kl\u00ed\u010dov\u00e9 udr\u017een\u00ed optim\u00e1ln\u00ed vlhkosti. P\u0159\u00edli\u0161 mnoho vlhkosti m\u016f\u017ee znamenat pl\u00edsn\u011b a p\u0159\u00edli\u0161 m\u00e1lo m\u016f\u017ee znamenat produkt, kter\u00fd je p\u0159\u00edli\u0161 such\u00fd, rozpad\u00e1 se, nevypad\u00e1 dob\u0159e a ani dob\u0159e nechutn\u00e1. Rozlu\u010dte se s p\u0159esu\u0161enou \u00farodou \u010di pl\u00edsn\u00ed. Zapome\u0148te na obavy z vlhk\u00e9 su\u0161\u00e1rny a poznejte dokonale vyv\u00e1\u017eenou vlhkost d\u00edky Integra Boost. Va\u0161e bylinky si nezaslou\u017e\u00ed nic jin\u00e9ho! Bezpe\u010dn\u00e9, bez soli a 100% netoxick\u00e9.\n<\/p>\n<p>\nPou\u017eijte syst\u00e9my Integra Boost pro kontrolu vlhkosti v uzav\u0159en\u00e9m prostoru. Patentovan\u00e1 technologie bu\u010f uvoln\u00ed nebo absorbuje vlhkost a udr\u017euje danou vlhkost v uzav\u0159en\u00e9m prost\u0159ed\u00ed.\n<\/p>\n<p>\nKe ka\u017ed\u00e9mu Integra Boost je dod\u00e1v\u00e1na inteligentn\u00ed snadno \u010diteln\u00e1 indika\u010dn\u00ed karta v\u00fdm\u011bny. V\u017edy kdy\u017e se te\u010dka na indika\u010dn\u00ed kart\u011b zm\u011bn\u00ed na modrou, v\u00edte, \u017ee je \u010das na v\u00fdm\u011bnu za \u010derstv\u00fd bal\u00ed\u010dek.\n<\/p>\n<p>\nV\u0161echny v\u00fdrobky Integra Boost jsou schv\u00e1leny FDA, odoln\u00e9 proti roztr\u017een\u00ed a rozlit\u00ed, biologicky rozlo\u017eiteln\u00e9 a netoxick\u00e9. Nav\u00edc jsou 100% bez soli, tak\u017ee nebudou m\u011bnit chu\u0165 va\u0161ich bylin, ovoce nebo vz\u00e1cn\u00fdch doutn\u00edk\u016f.<\/p>\n<p>Specifikace:<br \/><span style=\"background-color: initial\">v\u00e1ha: 67g<br \/><\/span><span style=\"background-color: initial\">vlhkost: 55%<br \/><\/span><span style=\"background-color: initial\">po\u010det kus\u016f v balen\u00ed: 100 ks&nbsp;<\/span><\/p>\n","protected":false},"excerpt":{"rendered":"<p>Rozlu\u010dte se s p\u0159esu\u0161enou \u00farodou \u010di pl\u00edsn\u00ed. Zapome\u0148te na obavy z vlhk\u00e9 su\u0161\u00e1rny a poznejte dokonale vyv\u00e1\u017eenou vlhkost d\u00edky Integra Boost. Va\u0161e bylinky si nezaslou\u017e\u00ed nic jin\u00e9ho! Bezpe\u010dn\u00e9, bez soli a 100% netoxick\u00e9.<\/p>\n","protected":false},"featured_media":315973,"comment_status":"open","ping_status":"open","template":"","meta":[],"pwb-brand":[5776],"product_brand":[],"product_cat":[10586,11175,10513],"product_tag":[6319,15317,6091],"berocket_brand":[106],"class_list":{"0":"post-315972","1":"product","2":"type-product","3":"status-publish","4":"has-post-thumbnail","6":"pwb-brand-integra","7":"product_cat-headshop","8":"product_cat-kontrola-vlhkosti-headshop","9":"product_cat-naarden","10":"product_tag-kontrola-vlhkosti","11":"product_tag-naarden","12":"product_tag-sklizen","13":"pa_ean-9227","14":"berocket_brand-naarden","15":"sales-flash-overlay","16":"woocommerce-text-align-center","17":"woocommerce-image-align-center","18":"do-quantity-buttons","20":"first","21":"instock","22":"purchasable","23":"product-type-simple"},"yoast_head":"<!-- This site is optimized with the Yoast SEO plugin v27.4 - https:\/\/yoast.com\/product\/yoast-seo-wordpress\/ -->\n<title>Integra Boost 67 g, 55% vlhkost, BOX 100 ks<\/title>\n<meta name=\"description\" content=\"Rozlu\u010dte se s p\u0159esu\u0161enou \u00farodou \u010di pl\u00edsn\u00ed. Zapome\u0148te na obavy z vlhk\u00e9 su\u0161\u00e1rny a poznejte dokonale vyv\u00e1\u017eenou vlhkost d\u00edky Integra Boost. Va\u0161e bylinky si nezaslou\u017e\u00ed nic jin\u00e9ho! Bezpe\u010dn\u00e9, bez soli a 100% netoxick\u00e9.\" \/>\n<meta name=\"robots\" content=\"index, follow, max-snippet:-1, max-image-preview:large, max-video-preview:-1\" \/>\n<link rel=\"canonical\" href=\"https:\/\/www.varygrow.com\/cs\/eshop\/integra-boost-67-g-55-vlhkost-box-100-ks\/\" \/>\n<meta property=\"og:locale\" content=\"cs_CZ\" \/>\n<meta property=\"og:type\" content=\"article\" \/>\n<meta property=\"og:title\" content=\"Integra Boost 67 g, 55% vlhkost, BOX 100 ks\" \/>\n<meta property=\"og:description\" content=\"Rozlu\u010dte se s p\u0159esu\u0161enou \u00farodou \u010di pl\u00edsn\u00ed. Zapome\u0148te na obavy z vlhk\u00e9 su\u0161\u00e1rny a poznejte dokonale vyv\u00e1\u017eenou vlhkost d\u00edky Integra Boost. Va\u0161e bylinky si nezaslou\u017e\u00ed nic jin\u00e9ho! Bezpe\u010dn\u00e9, bez soli a 100% netoxick\u00e9.\" \/>\n<meta property=\"og:url\" content=\"https:\/\/www.varygrow.com\/cs\/eshop\/integra-boost-67-g-55-vlhkost-box-100-ks\/\" \/>\n<meta property=\"og:site_name\" content=\"VaryGrow\" \/>\n<meta property=\"article:publisher\" content=\"https:\/\/facebook.com\/VaryGrow\" \/>\n<meta property=\"article:modified_time\" content=\"2026-04-15T01:06:26+00:00\" \/>\n<meta property=\"og:image\" content=\"https:\/\/www.varygrow.com\/wp-content\/uploads\/sites\/19\/2026\/02\/Integra-Boost-67-g-55-vlhkost-BOX-100-ks.jpg\" \/>\n\t<meta property=\"og:image:width\" content=\"1000\" \/>\n\t<meta property=\"og:image:height\" content=\"1000\" \/>\n\t<meta property=\"og:image:type\" content=\"image\/jpeg\" \/>\n<meta name=\"twitter:card\" content=\"summary_large_image\" \/>\n<meta name=\"twitter:label1\" content=\"Odhadovan\u00e1 doba \u010dten\u00ed\" \/>\n\t<meta name=\"twitter:data1\" content=\"1 minuta\" \/>\n<script type=\"application\/ld+json\" class=\"yoast-schema-graph\">{\"@context\":\"https:\\\/\\\/schema.org\",\"@graph\":[{\"@type\":\"WebPage\",\"@id\":\"https:\\\/\\\/www.varygrow.com\\\/cs\\\/eshop\\\/integra-boost-67-g-55-vlhkost-box-100-ks\\\/\",\"url\":\"https:\\\/\\\/www.varygrow.com\\\/cs\\\/eshop\\\/integra-boost-67-g-55-vlhkost-box-100-ks\\\/\",\"name\":\"Integra Boost 67 g, 55% vlhkost, BOX 100 ks\",\"isPartOf\":{\"@id\":\"https:\\\/\\\/www.varygrow.com\\\/cs\\\/#website\"},\"primaryImageOfPage\":{\"@id\":\"https:\\\/\\\/www.varygrow.com\\\/cs\\\/eshop\\\/integra-boost-67-g-55-vlhkost-box-100-ks\\\/#primaryimage\"},\"image\":{\"@id\":\"https:\\\/\\\/www.varygrow.com\\\/cs\\\/eshop\\\/integra-boost-67-g-55-vlhkost-box-100-ks\\\/#primaryimage\"},\"thumbnailUrl\":\"https:\\\/\\\/www.varygrow.com\\\/wp-content\\\/uploads\\\/sites\\\/19\\\/2026\\\/02\\\/Integra-Boost-67-g-55-vlhkost-BOX-100-ks.jpg\",\"datePublished\":\"2026-04-15T01:06:24+00:00\",\"dateModified\":\"2026-04-15T01:06:26+00:00\",\"description\":\"Rozlu\u010dte se s p\u0159esu\u0161enou \u00farodou \u010di pl\u00edsn\u00ed. Zapome\u0148te na obavy z vlhk\u00e9 su\u0161\u00e1rny a poznejte dokonale vyv\u00e1\u017eenou vlhkost d\u00edky Integra Boost. Va\u0161e bylinky si nezaslou\u017e\u00ed nic jin\u00e9ho! Bezpe\u010dn\u00e9, bez soli a 100% netoxick\u00e9.\",\"breadcrumb\":{\"@id\":\"https:\\\/\\\/www.varygrow.com\\\/cs\\\/eshop\\\/integra-boost-67-g-55-vlhkost-box-100-ks\\\/#breadcrumb\"},\"inLanguage\":\"cs\",\"potentialAction\":[{\"@type\":\"ReadAction\",\"target\":[\"https:\\\/\\\/www.varygrow.com\\\/cs\\\/eshop\\\/integra-boost-67-g-55-vlhkost-box-100-ks\\\/\"]}]},{\"@type\":\"ImageObject\",\"inLanguage\":\"cs\",\"@id\":\"https:\\\/\\\/www.varygrow.com\\\/cs\\\/eshop\\\/integra-boost-67-g-55-vlhkost-box-100-ks\\\/#primaryimage\",\"url\":\"https:\\\/\\\/www.varygrow.com\\\/wp-content\\\/uploads\\\/sites\\\/19\\\/2026\\\/02\\\/Integra-Boost-67-g-55-vlhkost-BOX-100-ks.jpg\",\"contentUrl\":\"https:\\\/\\\/www.varygrow.com\\\/wp-content\\\/uploads\\\/sites\\\/19\\\/2026\\\/02\\\/Integra-Boost-67-g-55-vlhkost-BOX-100-ks.jpg\",\"width\":1000,\"height\":1000,\"caption\":\"Integra Boost 67 g\"},{\"@type\":\"BreadcrumbList\",\"@id\":\"https:\\\/\\\/www.varygrow.com\\\/cs\\\/eshop\\\/integra-boost-67-g-55-vlhkost-box-100-ks\\\/#breadcrumb\",\"itemListElement\":[{\"@type\":\"ListItem\",\"position\":1,\"name\":\"Dom\u016f\",\"item\":\"https:\\\/\\\/www.varygrow.com\\\/cs\\\/\"},{\"@type\":\"ListItem\",\"position\":2,\"name\":\"Eshop\",\"item\":\"https:\\\/\\\/www.varygrow.com\\\/cs\\\/eshop\\\/\"},{\"@type\":\"ListItem\",\"position\":3,\"name\":\"Integra Boost 67 g, 55% vlhkost, BOX 100 ks\"}]},{\"@type\":\"WebSite\",\"@id\":\"https:\\\/\\\/www.varygrow.com\\\/cs\\\/#website\",\"url\":\"https:\\\/\\\/www.varygrow.com\\\/cs\\\/\",\"name\":\"VaryGrow\",\"description\":\"Udr\u017eiteln\u00e9 podnik\u00e1n\u00ed\",\"publisher\":{\"@id\":\"https:\\\/\\\/www.varygrow.com\\\/cs\\\/#organization\"},\"potentialAction\":[{\"@type\":\"SearchAction\",\"target\":{\"@type\":\"EntryPoint\",\"urlTemplate\":\"https:\\\/\\\/www.varygrow.com\\\/cs\\\/?s={search_term_string}\"},\"query-input\":{\"@type\":\"PropertyValueSpecification\",\"valueRequired\":true,\"valueName\":\"search_term_string\"}}],\"inLanguage\":\"cs\"},{\"@type\":\"Organization\",\"@id\":\"https:\\\/\\\/www.varygrow.com\\\/cs\\\/#organization\",\"name\":\"DAMARA s.r.o.\",\"url\":\"https:\\\/\\\/www.varygrow.com\\\/cs\\\/\",\"logo\":{\"@type\":\"ImageObject\",\"inLanguage\":\"cs\",\"@id\":\"https:\\\/\\\/www.varygrow.com\\\/cs\\\/#\\\/schema\\\/logo\\\/image\\\/\",\"url\":\"https:\\\/\\\/www.varygrow.com\\\/wp-content\\\/uploads\\\/sites\\\/19\\\/2023\\\/08\\\/Logo-Heureka-480x150-1.png\",\"contentUrl\":\"https:\\\/\\\/www.varygrow.com\\\/wp-content\\\/uploads\\\/sites\\\/19\\\/2023\\\/08\\\/Logo-Heureka-480x150-1.png\",\"width\":480,\"height\":150,\"caption\":\"DAMARA s.r.o.\"},\"image\":{\"@id\":\"https:\\\/\\\/www.varygrow.com\\\/cs\\\/#\\\/schema\\\/logo\\\/image\\\/\"},\"sameAs\":[\"https:\\\/\\\/facebook.com\\\/VaryGrow\"]}]}<\/script>\n<!-- \/ Yoast SEO plugin. -->","yoast_head_json":{"title":"Integra Boost 67 g, 55% vlhkost, BOX 100 ks","description":"Rozlu\u010dte se s p\u0159esu\u0161enou \u00farodou \u010di pl\u00edsn\u00ed. Zapome\u0148te na obavy z vlhk\u00e9 su\u0161\u00e1rny a poznejte dokonale vyv\u00e1\u017eenou vlhkost d\u00edky Integra Boost. Va\u0161e bylinky si nezaslou\u017e\u00ed nic jin\u00e9ho! Bezpe\u010dn\u00e9, bez soli a 100% netoxick\u00e9.","robots":{"index":"index","follow":"follow","max-snippet":"max-snippet:-1","max-image-preview":"max-image-preview:large","max-video-preview":"max-video-preview:-1"},"canonical":"https:\/\/www.varygrow.com\/cs\/eshop\/integra-boost-67-g-55-vlhkost-box-100-ks\/","og_locale":"cs_CZ","og_type":"article","og_title":"Integra Boost 67 g, 55% vlhkost, BOX 100 ks","og_description":"Rozlu\u010dte se s p\u0159esu\u0161enou \u00farodou \u010di pl\u00edsn\u00ed. Zapome\u0148te na obavy z vlhk\u00e9 su\u0161\u00e1rny a poznejte dokonale vyv\u00e1\u017eenou vlhkost d\u00edky Integra Boost. Va\u0161e bylinky si nezaslou\u017e\u00ed nic jin\u00e9ho! Bezpe\u010dn\u00e9, bez soli a 100% netoxick\u00e9.","og_url":"https:\/\/www.varygrow.com\/cs\/eshop\/integra-boost-67-g-55-vlhkost-box-100-ks\/","og_site_name":"VaryGrow","article_publisher":"https:\/\/facebook.com\/VaryGrow","article_modified_time":"2026-04-15T01:06:26+00:00","og_image":[{"width":1000,"height":1000,"url":"https:\/\/www.varygrow.com\/wp-content\/uploads\/sites\/19\/2026\/02\/Integra-Boost-67-g-55-vlhkost-BOX-100-ks.jpg","type":"image\/jpeg"}],"twitter_card":"summary_large_image","twitter_misc":{"Odhadovan\u00e1 doba \u010dten\u00ed":"1 minuta"},"schema":{"@context":"https:\/\/schema.org","@graph":[{"@type":"WebPage","@id":"https:\/\/www.varygrow.com\/cs\/eshop\/integra-boost-67-g-55-vlhkost-box-100-ks\/","url":"https:\/\/www.varygrow.com\/cs\/eshop\/integra-boost-67-g-55-vlhkost-box-100-ks\/","name":"Integra Boost 67 g, 55% vlhkost, BOX 100 ks","isPartOf":{"@id":"https:\/\/www.varygrow.com\/cs\/#website"},"primaryImageOfPage":{"@id":"https:\/\/www.varygrow.com\/cs\/eshop\/integra-boost-67-g-55-vlhkost-box-100-ks\/#primaryimage"},"image":{"@id":"https:\/\/www.varygrow.com\/cs\/eshop\/integra-boost-67-g-55-vlhkost-box-100-ks\/#primaryimage"},"thumbnailUrl":"https:\/\/www.varygrow.com\/wp-content\/uploads\/sites\/19\/2026\/02\/Integra-Boost-67-g-55-vlhkost-BOX-100-ks.jpg","datePublished":"2026-04-15T01:06:24+00:00","dateModified":"2026-04-15T01:06:26+00:00","description":"Rozlu\u010dte se s p\u0159esu\u0161enou \u00farodou \u010di pl\u00edsn\u00ed. Zapome\u0148te na obavy z vlhk\u00e9 su\u0161\u00e1rny a poznejte dokonale vyv\u00e1\u017eenou vlhkost d\u00edky Integra Boost. Va\u0161e bylinky si nezaslou\u017e\u00ed nic jin\u00e9ho! Bezpe\u010dn\u00e9, bez soli a 100% netoxick\u00e9.","breadcrumb":{"@id":"https:\/\/www.varygrow.com\/cs\/eshop\/integra-boost-67-g-55-vlhkost-box-100-ks\/#breadcrumb"},"inLanguage":"cs","potentialAction":[{"@type":"ReadAction","target":["https:\/\/www.varygrow.com\/cs\/eshop\/integra-boost-67-g-55-vlhkost-box-100-ks\/"]}]},{"@type":"ImageObject","inLanguage":"cs","@id":"https:\/\/www.varygrow.com\/cs\/eshop\/integra-boost-67-g-55-vlhkost-box-100-ks\/#primaryimage","url":"https:\/\/www.varygrow.com\/wp-content\/uploads\/sites\/19\/2026\/02\/Integra-Boost-67-g-55-vlhkost-BOX-100-ks.jpg","contentUrl":"https:\/\/www.varygrow.com\/wp-content\/uploads\/sites\/19\/2026\/02\/Integra-Boost-67-g-55-vlhkost-BOX-100-ks.jpg","width":1000,"height":1000,"caption":"Integra Boost 67 g"},{"@type":"BreadcrumbList","@id":"https:\/\/www.varygrow.com\/cs\/eshop\/integra-boost-67-g-55-vlhkost-box-100-ks\/#breadcrumb","itemListElement":[{"@type":"ListItem","position":1,"name":"Dom\u016f","item":"https:\/\/www.varygrow.com\/cs\/"},{"@type":"ListItem","position":2,"name":"Eshop","item":"https:\/\/www.varygrow.com\/cs\/eshop\/"},{"@type":"ListItem","position":3,"name":"Integra Boost 67 g, 55% vlhkost, BOX 100 ks"}]},{"@type":"WebSite","@id":"https:\/\/www.varygrow.com\/cs\/#website","url":"https:\/\/www.varygrow.com\/cs\/","name":"VaryGrow","description":"Udr\u017eiteln\u00e9 podnik\u00e1n\u00ed","publisher":{"@id":"https:\/\/www.varygrow.com\/cs\/#organization"},"potentialAction":[{"@type":"SearchAction","target":{"@type":"EntryPoint","urlTemplate":"https:\/\/www.varygrow.com\/cs\/?s={search_term_string}"},"query-input":{"@type":"PropertyValueSpecification","valueRequired":true,"valueName":"search_term_string"}}],"inLanguage":"cs"},{"@type":"Organization","@id":"https:\/\/www.varygrow.com\/cs\/#organization","name":"DAMARA s.r.o.","url":"https:\/\/www.varygrow.com\/cs\/","logo":{"@type":"ImageObject","inLanguage":"cs","@id":"https:\/\/www.varygrow.com\/cs\/#\/schema\/logo\/image\/","url":"https:\/\/www.varygrow.com\/wp-content\/uploads\/sites\/19\/2023\/08\/Logo-Heureka-480x150-1.png","contentUrl":"https:\/\/www.varygrow.com\/wp-content\/uploads\/sites\/19\/2023\/08\/Logo-Heureka-480x150-1.png","width":480,"height":150,"caption":"DAMARA s.r.o."},"image":{"@id":"https:\/\/www.varygrow.com\/cs\/#\/schema\/logo\/image\/"},"sameAs":["https:\/\/facebook.com\/VaryGrow"]}]}},"brands":[{"id":5776,"name":"Integra","slug":"integra"}],"_links":{"self":[{"href":"https:\/\/www.varygrow.com\/cs\/wp-json\/wp\/v2\/product\/315972","targetHints":{"allow":["GET"]}}],"collection":[{"href":"https:\/\/www.varygrow.com\/cs\/wp-json\/wp\/v2\/product"}],"about":[{"href":"https:\/\/www.varygrow.com\/cs\/wp-json\/wp\/v2\/types\/product"}],"replies":[{"embeddable":true,"href":"https:\/\/www.varygrow.com\/cs\/wp-json\/wp\/v2\/comments?post=315972"}],"wp:featuredmedia":[{"embeddable":true,"href":"https:\/\/www.varygrow.com\/cs\/wp-json\/wp\/v2\/media\/315973"}],"wp:attachment":[{"href":"https:\/\/www.varygrow.com\/cs\/wp-json\/wp\/v2\/media?parent=315972"}],"wp:term":[{"taxonomy":"pwb-brand","embeddable":true,"href":"https:\/\/www.varygrow.com\/cs\/wp-json\/wp\/v2\/pwb-brand?post=315972"},{"taxonomy":"product_brand","embeddable":true,"href":"https:\/\/www.varygrow.com\/cs\/wp-json\/wp\/v2\/product_brand?post=315972"},{"taxonomy":"product_cat","embeddable":true,"href":"https:\/\/www.varygrow.com\/cs\/wp-json\/wp\/v2\/product_cat?post=315972"},{"taxonomy":"product_tag","embeddable":true,"href":"https:\/\/www.varygrow.com\/cs\/wp-json\/wp\/v2\/product_tag?post=315972"},{"taxonomy":"berocket_brand","embeddable":true,"href":"https:\/\/www.varygrow.com\/cs\/wp-json\/wp\/v2\/berocket_brand?post=315972"}],"curies":[{"name":"wp","href":"https:\/\/api.w.org\/{rel}","templated":true}]}}