{"id":317450,"date":"2026-04-22T03:36:04","date_gmt":"2026-04-22T01:36:04","guid":{"rendered":"https:\/\/www.varygrow.com\/eshop\/garland-podmiska-plast-microgreens-tray-s-drenazi-56x28x3-cm-2\/"},"modified":"2026-04-22T03:36:05","modified_gmt":"2026-04-22T01:36:05","slug":"garland-podmiska-plast-microgreens-tray-s-drenazi-56x28x3-cm","status":"publish","type":"product","link":"https:\/\/www.varygrow.com\/cs\/eshop\/garland-podmiska-plast-microgreens-tray-s-drenazi-56x28x3-cm\/","title":{"rendered":"Garland podmiska plast Microgreens Tray s dren\u00e1\u017e\u00ed 56x28x3 cm"},"content":{"rendered":"<p>Plastov\u00e1 podmiska pro p\u011bstov\u00e1n\u00ed Microgreens \u010dern\u00e1, s dren\u00e1\u017en\u00edmi otvory. Rozm\u011bry 56cm x 28cm x 3cm. Vyrobeno z recyklovan\u00e9ho plastu. <\/p>\n","protected":false},"excerpt":{"rendered":"<p>Garland Microgreens Tray 56x28x3 cm, podmiska \u010dern\u00e1 s dren\u00e1\u017e\u00ed.<\/p>\n","protected":false},"featured_media":322044,"comment_status":"open","ping_status":"open","template":"","meta":[],"pwb-brand":[5695],"product_brand":[],"product_cat":[11144,11075,10513,11143],"product_tag":[6275,8903,15317,6274],"berocket_brand":[106],"class_list":{"0":"post-317450","1":"product","2":"type-product","3":"status-publish","4":"has-post-thumbnail","6":"pwb-brand-garland","7":"product_cat-garland-podmisky-podmisky-pod-kvetinace-kvetinace-a-podmisky","8":"product_cat-kvetinace-a-podmisky","9":"product_cat-naarden","10":"product_cat-podmisky-pod-kvetinace-kvetinace-a-podmisky","11":"product_tag-garland-podmisky","12":"product_tag-kvetinace-a-pestebni-nadoby","13":"product_tag-naarden","14":"product_tag-podmisky-pod-kvetinace","15":"pa_ean-2981","16":"berocket_brand-naarden","17":"sales-flash-overlay","18":"woocommerce-text-align-center","19":"woocommerce-image-align-center","20":"do-quantity-buttons","22":"first","23":"instock","24":"purchasable","25":"product-type-simple"},"yoast_head":"<!-- This site is optimized with the Yoast SEO plugin v27.4 - https:\/\/yoast.com\/product\/yoast-seo-wordpress\/ -->\n<title>Garland podmiska plast Microgreens Tray s dren\u00e1\u017e\u00ed 56x28x3 cm<\/title>\n<meta name=\"description\" content=\"Garland Microgreens Tray 56x28x3 cm, podmiska \u010dern\u00e1 s dren\u00e1\u017e\u00ed.\" \/>\n<meta name=\"robots\" content=\"index, follow, max-snippet:-1, max-image-preview:large, max-video-preview:-1\" \/>\n<link rel=\"canonical\" href=\"https:\/\/www.varygrow.com\/cs\/eshop\/garland-podmiska-plast-microgreens-tray-s-drenazi-56x28x3-cm\/\" \/>\n<meta property=\"og:locale\" content=\"cs_CZ\" \/>\n<meta property=\"og:type\" content=\"article\" \/>\n<meta property=\"og:title\" content=\"Garland podmiska plast Microgreens Tray s dren\u00e1\u017e\u00ed 56x28x3 cm\" \/>\n<meta property=\"og:description\" content=\"Garland Microgreens Tray 56x28x3 cm, podmiska \u010dern\u00e1 s dren\u00e1\u017e\u00ed.\" \/>\n<meta property=\"og:url\" content=\"https:\/\/www.varygrow.com\/cs\/eshop\/garland-podmiska-plast-microgreens-tray-s-drenazi-56x28x3-cm\/\" \/>\n<meta property=\"og:site_name\" content=\"VaryGrow\" \/>\n<meta property=\"article:publisher\" content=\"https:\/\/facebook.com\/VaryGrow\" \/>\n<meta property=\"article:modified_time\" content=\"2026-04-22T01:36:05+00:00\" \/>\n<meta property=\"og:image\" content=\"https:\/\/www.varygrow.com\/wp-content\/uploads\/sites\/19\/2026\/02\/Garland-podmiska-plast-Microgreens-Tray-s-drenazi-56x28x3-cm.jpg\" \/>\n\t<meta property=\"og:image:width\" content=\"1000\" \/>\n\t<meta property=\"og:image:height\" content=\"1000\" \/>\n\t<meta property=\"og:image:type\" content=\"image\/jpeg\" \/>\n<meta name=\"twitter:card\" content=\"summary_large_image\" \/>\n<script type=\"application\/ld+json\" class=\"yoast-schema-graph\">{\"@context\":\"https:\\\/\\\/schema.org\",\"@graph\":[{\"@type\":\"WebPage\",\"@id\":\"https:\\\/\\\/www.varygrow.com\\\/cs\\\/eshop\\\/garland-podmiska-plast-microgreens-tray-s-drenazi-56x28x3-cm\\\/\",\"url\":\"https:\\\/\\\/www.varygrow.com\\\/cs\\\/eshop\\\/garland-podmiska-plast-microgreens-tray-s-drenazi-56x28x3-cm\\\/\",\"name\":\"Garland podmiska plast Microgreens Tray s dren\u00e1\u017e\u00ed 56x28x3 cm\",\"isPartOf\":{\"@id\":\"https:\\\/\\\/www.varygrow.com\\\/cs\\\/#website\"},\"primaryImageOfPage\":{\"@id\":\"https:\\\/\\\/www.varygrow.com\\\/cs\\\/eshop\\\/garland-podmiska-plast-microgreens-tray-s-drenazi-56x28x3-cm\\\/#primaryimage\"},\"image\":{\"@id\":\"https:\\\/\\\/www.varygrow.com\\\/cs\\\/eshop\\\/garland-podmiska-plast-microgreens-tray-s-drenazi-56x28x3-cm\\\/#primaryimage\"},\"thumbnailUrl\":\"https:\\\/\\\/www.varygrow.com\\\/wp-content\\\/uploads\\\/sites\\\/19\\\/2026\\\/02\\\/Garland-podmiska-plast-Microgreens-Tray-s-drenazi-56x28x3-cm.jpg\",\"datePublished\":\"2026-04-22T01:36:04+00:00\",\"dateModified\":\"2026-04-22T01:36:05+00:00\",\"description\":\"Garland Microgreens Tray 56x28x3 cm, podmiska \u010dern\u00e1 s dren\u00e1\u017e\u00ed.\",\"breadcrumb\":{\"@id\":\"https:\\\/\\\/www.varygrow.com\\\/cs\\\/eshop\\\/garland-podmiska-plast-microgreens-tray-s-drenazi-56x28x3-cm\\\/#breadcrumb\"},\"inLanguage\":\"cs\",\"potentialAction\":[{\"@type\":\"ReadAction\",\"target\":[\"https:\\\/\\\/www.varygrow.com\\\/cs\\\/eshop\\\/garland-podmiska-plast-microgreens-tray-s-drenazi-56x28x3-cm\\\/\"]}]},{\"@type\":\"ImageObject\",\"inLanguage\":\"cs\",\"@id\":\"https:\\\/\\\/www.varygrow.com\\\/cs\\\/eshop\\\/garland-podmiska-plast-microgreens-tray-s-drenazi-56x28x3-cm\\\/#primaryimage\",\"url\":\"https:\\\/\\\/www.varygrow.com\\\/wp-content\\\/uploads\\\/sites\\\/19\\\/2026\\\/02\\\/Garland-podmiska-plast-Microgreens-Tray-s-drenazi-56x28x3-cm.jpg\",\"contentUrl\":\"https:\\\/\\\/www.varygrow.com\\\/wp-content\\\/uploads\\\/sites\\\/19\\\/2026\\\/02\\\/Garland-podmiska-plast-Microgreens-Tray-s-drenazi-56x28x3-cm.jpg\",\"width\":1000,\"height\":1000,\"caption\":\"Garland podmiska plast Microgreens Tray s dren\u00e1\u017e\u00ed 56x28x3 cm\"},{\"@type\":\"BreadcrumbList\",\"@id\":\"https:\\\/\\\/www.varygrow.com\\\/cs\\\/eshop\\\/garland-podmiska-plast-microgreens-tray-s-drenazi-56x28x3-cm\\\/#breadcrumb\",\"itemListElement\":[{\"@type\":\"ListItem\",\"position\":1,\"name\":\"Dom\u016f\",\"item\":\"https:\\\/\\\/www.varygrow.com\\\/cs\\\/\"},{\"@type\":\"ListItem\",\"position\":2,\"name\":\"Eshop\",\"item\":\"https:\\\/\\\/www.varygrow.com\\\/cs\\\/eshop\\\/\"},{\"@type\":\"ListItem\",\"position\":3,\"name\":\"Garland podmiska plast Microgreens Tray s dren\u00e1\u017e\u00ed 56x28x3 cm\"}]},{\"@type\":\"WebSite\",\"@id\":\"https:\\\/\\\/www.varygrow.com\\\/cs\\\/#website\",\"url\":\"https:\\\/\\\/www.varygrow.com\\\/cs\\\/\",\"name\":\"VaryGrow\",\"description\":\"Udr\u017eiteln\u00e9 podnik\u00e1n\u00ed\",\"publisher\":{\"@id\":\"https:\\\/\\\/www.varygrow.com\\\/cs\\\/#organization\"},\"potentialAction\":[{\"@type\":\"SearchAction\",\"target\":{\"@type\":\"EntryPoint\",\"urlTemplate\":\"https:\\\/\\\/www.varygrow.com\\\/cs\\\/?s={search_term_string}\"},\"query-input\":{\"@type\":\"PropertyValueSpecification\",\"valueRequired\":true,\"valueName\":\"search_term_string\"}}],\"inLanguage\":\"cs\"},{\"@type\":\"Organization\",\"@id\":\"https:\\\/\\\/www.varygrow.com\\\/cs\\\/#organization\",\"name\":\"DAMARA s.r.o.\",\"url\":\"https:\\\/\\\/www.varygrow.com\\\/cs\\\/\",\"logo\":{\"@type\":\"ImageObject\",\"inLanguage\":\"cs\",\"@id\":\"https:\\\/\\\/www.varygrow.com\\\/cs\\\/#\\\/schema\\\/logo\\\/image\\\/\",\"url\":\"https:\\\/\\\/www.varygrow.com\\\/wp-content\\\/uploads\\\/sites\\\/19\\\/2023\\\/08\\\/Logo-Heureka-480x150-1.png\",\"contentUrl\":\"https:\\\/\\\/www.varygrow.com\\\/wp-content\\\/uploads\\\/sites\\\/19\\\/2023\\\/08\\\/Logo-Heureka-480x150-1.png\",\"width\":480,\"height\":150,\"caption\":\"DAMARA s.r.o.\"},\"image\":{\"@id\":\"https:\\\/\\\/www.varygrow.com\\\/cs\\\/#\\\/schema\\\/logo\\\/image\\\/\"},\"sameAs\":[\"https:\\\/\\\/facebook.com\\\/VaryGrow\"]}]}<\/script>\n<!-- \/ Yoast SEO plugin. -->","yoast_head_json":{"title":"Garland podmiska plast Microgreens Tray s dren\u00e1\u017e\u00ed 56x28x3 cm","description":"Garland Microgreens Tray 56x28x3 cm, podmiska \u010dern\u00e1 s dren\u00e1\u017e\u00ed.","robots":{"index":"index","follow":"follow","max-snippet":"max-snippet:-1","max-image-preview":"max-image-preview:large","max-video-preview":"max-video-preview:-1"},"canonical":"https:\/\/www.varygrow.com\/cs\/eshop\/garland-podmiska-plast-microgreens-tray-s-drenazi-56x28x3-cm\/","og_locale":"cs_CZ","og_type":"article","og_title":"Garland podmiska plast Microgreens Tray s dren\u00e1\u017e\u00ed 56x28x3 cm","og_description":"Garland Microgreens Tray 56x28x3 cm, podmiska \u010dern\u00e1 s dren\u00e1\u017e\u00ed.","og_url":"https:\/\/www.varygrow.com\/cs\/eshop\/garland-podmiska-plast-microgreens-tray-s-drenazi-56x28x3-cm\/","og_site_name":"VaryGrow","article_publisher":"https:\/\/facebook.com\/VaryGrow","article_modified_time":"2026-04-22T01:36:05+00:00","og_image":[{"width":1000,"height":1000,"url":"https:\/\/www.varygrow.com\/wp-content\/uploads\/sites\/19\/2026\/02\/Garland-podmiska-plast-Microgreens-Tray-s-drenazi-56x28x3-cm.jpg","type":"image\/jpeg"}],"twitter_card":"summary_large_image","schema":{"@context":"https:\/\/schema.org","@graph":[{"@type":"WebPage","@id":"https:\/\/www.varygrow.com\/cs\/eshop\/garland-podmiska-plast-microgreens-tray-s-drenazi-56x28x3-cm\/","url":"https:\/\/www.varygrow.com\/cs\/eshop\/garland-podmiska-plast-microgreens-tray-s-drenazi-56x28x3-cm\/","name":"Garland podmiska plast Microgreens Tray s dren\u00e1\u017e\u00ed 56x28x3 cm","isPartOf":{"@id":"https:\/\/www.varygrow.com\/cs\/#website"},"primaryImageOfPage":{"@id":"https:\/\/www.varygrow.com\/cs\/eshop\/garland-podmiska-plast-microgreens-tray-s-drenazi-56x28x3-cm\/#primaryimage"},"image":{"@id":"https:\/\/www.varygrow.com\/cs\/eshop\/garland-podmiska-plast-microgreens-tray-s-drenazi-56x28x3-cm\/#primaryimage"},"thumbnailUrl":"https:\/\/www.varygrow.com\/wp-content\/uploads\/sites\/19\/2026\/02\/Garland-podmiska-plast-Microgreens-Tray-s-drenazi-56x28x3-cm.jpg","datePublished":"2026-04-22T01:36:04+00:00","dateModified":"2026-04-22T01:36:05+00:00","description":"Garland Microgreens Tray 56x28x3 cm, podmiska \u010dern\u00e1 s dren\u00e1\u017e\u00ed.","breadcrumb":{"@id":"https:\/\/www.varygrow.com\/cs\/eshop\/garland-podmiska-plast-microgreens-tray-s-drenazi-56x28x3-cm\/#breadcrumb"},"inLanguage":"cs","potentialAction":[{"@type":"ReadAction","target":["https:\/\/www.varygrow.com\/cs\/eshop\/garland-podmiska-plast-microgreens-tray-s-drenazi-56x28x3-cm\/"]}]},{"@type":"ImageObject","inLanguage":"cs","@id":"https:\/\/www.varygrow.com\/cs\/eshop\/garland-podmiska-plast-microgreens-tray-s-drenazi-56x28x3-cm\/#primaryimage","url":"https:\/\/www.varygrow.com\/wp-content\/uploads\/sites\/19\/2026\/02\/Garland-podmiska-plast-Microgreens-Tray-s-drenazi-56x28x3-cm.jpg","contentUrl":"https:\/\/www.varygrow.com\/wp-content\/uploads\/sites\/19\/2026\/02\/Garland-podmiska-plast-Microgreens-Tray-s-drenazi-56x28x3-cm.jpg","width":1000,"height":1000,"caption":"Garland podmiska plast Microgreens Tray s dren\u00e1\u017e\u00ed 56x28x3 cm"},{"@type":"BreadcrumbList","@id":"https:\/\/www.varygrow.com\/cs\/eshop\/garland-podmiska-plast-microgreens-tray-s-drenazi-56x28x3-cm\/#breadcrumb","itemListElement":[{"@type":"ListItem","position":1,"name":"Dom\u016f","item":"https:\/\/www.varygrow.com\/cs\/"},{"@type":"ListItem","position":2,"name":"Eshop","item":"https:\/\/www.varygrow.com\/cs\/eshop\/"},{"@type":"ListItem","position":3,"name":"Garland podmiska plast Microgreens Tray s dren\u00e1\u017e\u00ed 56x28x3 cm"}]},{"@type":"WebSite","@id":"https:\/\/www.varygrow.com\/cs\/#website","url":"https:\/\/www.varygrow.com\/cs\/","name":"VaryGrow","description":"Udr\u017eiteln\u00e9 podnik\u00e1n\u00ed","publisher":{"@id":"https:\/\/www.varygrow.com\/cs\/#organization"},"potentialAction":[{"@type":"SearchAction","target":{"@type":"EntryPoint","urlTemplate":"https:\/\/www.varygrow.com\/cs\/?s={search_term_string}"},"query-input":{"@type":"PropertyValueSpecification","valueRequired":true,"valueName":"search_term_string"}}],"inLanguage":"cs"},{"@type":"Organization","@id":"https:\/\/www.varygrow.com\/cs\/#organization","name":"DAMARA s.r.o.","url":"https:\/\/www.varygrow.com\/cs\/","logo":{"@type":"ImageObject","inLanguage":"cs","@id":"https:\/\/www.varygrow.com\/cs\/#\/schema\/logo\/image\/","url":"https:\/\/www.varygrow.com\/wp-content\/uploads\/sites\/19\/2023\/08\/Logo-Heureka-480x150-1.png","contentUrl":"https:\/\/www.varygrow.com\/wp-content\/uploads\/sites\/19\/2023\/08\/Logo-Heureka-480x150-1.png","width":480,"height":150,"caption":"DAMARA s.r.o."},"image":{"@id":"https:\/\/www.varygrow.com\/cs\/#\/schema\/logo\/image\/"},"sameAs":["https:\/\/facebook.com\/VaryGrow"]}]}},"brands":[{"id":5695,"name":"Garland","slug":"garland"}],"_links":{"self":[{"href":"https:\/\/www.varygrow.com\/cs\/wp-json\/wp\/v2\/product\/317450","targetHints":{"allow":["GET"]}}],"collection":[{"href":"https:\/\/www.varygrow.com\/cs\/wp-json\/wp\/v2\/product"}],"about":[{"href":"https:\/\/www.varygrow.com\/cs\/wp-json\/wp\/v2\/types\/product"}],"replies":[{"embeddable":true,"href":"https:\/\/www.varygrow.com\/cs\/wp-json\/wp\/v2\/comments?post=317450"}],"wp:featuredmedia":[{"embeddable":true,"href":"https:\/\/www.varygrow.com\/cs\/wp-json\/wp\/v2\/media\/322044"}],"wp:attachment":[{"href":"https:\/\/www.varygrow.com\/cs\/wp-json\/wp\/v2\/media?parent=317450"}],"wp:term":[{"taxonomy":"pwb-brand","embeddable":true,"href":"https:\/\/www.varygrow.com\/cs\/wp-json\/wp\/v2\/pwb-brand?post=317450"},{"taxonomy":"product_brand","embeddable":true,"href":"https:\/\/www.varygrow.com\/cs\/wp-json\/wp\/v2\/product_brand?post=317450"},{"taxonomy":"product_cat","embeddable":true,"href":"https:\/\/www.varygrow.com\/cs\/wp-json\/wp\/v2\/product_cat?post=317450"},{"taxonomy":"product_tag","embeddable":true,"href":"https:\/\/www.varygrow.com\/cs\/wp-json\/wp\/v2\/product_tag?post=317450"},{"taxonomy":"berocket_brand","embeddable":true,"href":"https:\/\/www.varygrow.com\/cs\/wp-json\/wp\/v2\/berocket_brand?post=317450"}],"curies":[{"name":"wp","href":"https:\/\/api.w.org\/{rel}","templated":true}]}}