{"id":317943,"date":"2026-04-15T03:06:35","date_gmt":"2026-04-15T01:06:35","guid":{"rendered":"https:\/\/www.varygrow.com\/eshop\/integra-boost-kerr-control-kit-nahradni-sada-2\/"},"modified":"2026-04-15T03:06:36","modified_gmt":"2026-04-15T01:06:36","slug":"integra-boost-kerr-control-kit-nahradni-sada","status":"publish","type":"product","link":"https:\/\/www.varygrow.com\/cs\/eshop\/integra-boost-kerr-control-kit-nahradni-sada\/","title":{"rendered":"Integra Boost Kerr Control Kit, n\u00e1hradn\u00ed sada"},"content":{"rendered":"<p>Sada obsahuje 10x Integra Boost 4g 62% + 3x plastov\u00fd dr\u017e\u00e1k na s\u00e1\u010dky. Dokonal\u00e1 kontrola vlhkosti pro skladovan\u00e9 bylinky a potraviny.<\/p>\n","protected":false},"excerpt":{"rendered":"<p>Sada obsahuje 10x Integra Boost 4g 62% + 3x plastov\u00fd dr\u017e\u00e1k na s\u00e1\u010dky. Dokonal\u00e1 kontrola vlhkosti pro skladovan\u00e9 bylinky a potraviny.<\/p>\n","protected":false},"featured_media":323153,"comment_status":"open","ping_status":"open","template":"","meta":[],"pwb-brand":[5776],"product_brand":[],"product_cat":[10586,11175,10513],"product_tag":[6319,15317,6091],"berocket_brand":[106],"class_list":{"0":"post-317943","1":"product","2":"type-product","3":"status-publish","4":"has-post-thumbnail","6":"pwb-brand-integra","7":"product_cat-headshop","8":"product_cat-kontrola-vlhkosti-headshop","9":"product_cat-naarden","10":"product_tag-kontrola-vlhkosti","11":"product_tag-naarden","12":"product_tag-sklizen","13":"pa_ean-3475","14":"berocket_brand-naarden","15":"sales-flash-overlay","16":"woocommerce-text-align-center","17":"woocommerce-image-align-center","18":"do-quantity-buttons","20":"first","21":"instock","22":"purchasable","23":"product-type-simple"},"yoast_head":"<!-- This site is optimized with the Yoast SEO plugin v27.4 - https:\/\/yoast.com\/product\/yoast-seo-wordpress\/ -->\n<title>Integra Boost Kerr Control Kit, n\u00e1hradn\u00ed sada<\/title>\n<meta name=\"description\" content=\"Sada obsahuje 10x Integra Boost 4g 62% + 3x plastov\u00fd dr\u017e\u00e1k na s\u00e1\u010dky. Dokonal\u00e1 kontrola vlhkosti pro skladovan\u00e9 bylinky a potraviny.\" \/>\n<meta name=\"robots\" content=\"index, follow, max-snippet:-1, max-image-preview:large, max-video-preview:-1\" \/>\n<link rel=\"canonical\" href=\"https:\/\/www.varygrow.com\/cs\/eshop\/integra-boost-kerr-control-kit-nahradni-sada\/\" \/>\n<meta property=\"og:locale\" content=\"cs_CZ\" \/>\n<meta property=\"og:type\" content=\"article\" \/>\n<meta property=\"og:title\" content=\"Integra Boost Kerr Control Kit, n\u00e1hradn\u00ed sada\" \/>\n<meta property=\"og:description\" content=\"Sada obsahuje 10x Integra Boost 4g 62% + 3x plastov\u00fd dr\u017e\u00e1k na s\u00e1\u010dky. Dokonal\u00e1 kontrola vlhkosti pro skladovan\u00e9 bylinky a potraviny.\" \/>\n<meta property=\"og:url\" content=\"https:\/\/www.varygrow.com\/cs\/eshop\/integra-boost-kerr-control-kit-nahradni-sada\/\" \/>\n<meta property=\"og:site_name\" content=\"VaryGrow\" \/>\n<meta property=\"article:publisher\" content=\"https:\/\/facebook.com\/VaryGrow\" \/>\n<meta property=\"article:modified_time\" content=\"2026-04-15T01:06:36+00:00\" \/>\n<meta property=\"og:image\" content=\"https:\/\/www.varygrow.com\/wp-content\/uploads\/sites\/19\/2026\/02\/Integra-Boost-Kerr-Control-Kit-nahradni-sada.jpg\" \/>\n\t<meta property=\"og:image:width\" content=\"1000\" \/>\n\t<meta property=\"og:image:height\" content=\"1000\" \/>\n\t<meta property=\"og:image:type\" content=\"image\/jpeg\" \/>\n<meta name=\"twitter:card\" content=\"summary_large_image\" \/>\n<script type=\"application\/ld+json\" class=\"yoast-schema-graph\">{\"@context\":\"https:\\\/\\\/schema.org\",\"@graph\":[{\"@type\":\"WebPage\",\"@id\":\"https:\\\/\\\/www.varygrow.com\\\/cs\\\/eshop\\\/integra-boost-kerr-control-kit-nahradni-sada\\\/\",\"url\":\"https:\\\/\\\/www.varygrow.com\\\/cs\\\/eshop\\\/integra-boost-kerr-control-kit-nahradni-sada\\\/\",\"name\":\"Integra Boost Kerr Control Kit, n\u00e1hradn\u00ed sada\",\"isPartOf\":{\"@id\":\"https:\\\/\\\/www.varygrow.com\\\/cs\\\/#website\"},\"primaryImageOfPage\":{\"@id\":\"https:\\\/\\\/www.varygrow.com\\\/cs\\\/eshop\\\/integra-boost-kerr-control-kit-nahradni-sada\\\/#primaryimage\"},\"image\":{\"@id\":\"https:\\\/\\\/www.varygrow.com\\\/cs\\\/eshop\\\/integra-boost-kerr-control-kit-nahradni-sada\\\/#primaryimage\"},\"thumbnailUrl\":\"https:\\\/\\\/www.varygrow.com\\\/wp-content\\\/uploads\\\/sites\\\/19\\\/2026\\\/02\\\/Integra-Boost-Kerr-Control-Kit-nahradni-sada.jpg\",\"datePublished\":\"2026-04-15T01:06:35+00:00\",\"dateModified\":\"2026-04-15T01:06:36+00:00\",\"description\":\"Sada obsahuje 10x Integra Boost 4g 62% + 3x plastov\u00fd dr\u017e\u00e1k na s\u00e1\u010dky. Dokonal\u00e1 kontrola vlhkosti pro skladovan\u00e9 bylinky a potraviny.\",\"breadcrumb\":{\"@id\":\"https:\\\/\\\/www.varygrow.com\\\/cs\\\/eshop\\\/integra-boost-kerr-control-kit-nahradni-sada\\\/#breadcrumb\"},\"inLanguage\":\"cs\",\"potentialAction\":[{\"@type\":\"ReadAction\",\"target\":[\"https:\\\/\\\/www.varygrow.com\\\/cs\\\/eshop\\\/integra-boost-kerr-control-kit-nahradni-sada\\\/\"]}]},{\"@type\":\"ImageObject\",\"inLanguage\":\"cs\",\"@id\":\"https:\\\/\\\/www.varygrow.com\\\/cs\\\/eshop\\\/integra-boost-kerr-control-kit-nahradni-sada\\\/#primaryimage\",\"url\":\"https:\\\/\\\/www.varygrow.com\\\/wp-content\\\/uploads\\\/sites\\\/19\\\/2026\\\/02\\\/Integra-Boost-Kerr-Control-Kit-nahradni-sada.jpg\",\"contentUrl\":\"https:\\\/\\\/www.varygrow.com\\\/wp-content\\\/uploads\\\/sites\\\/19\\\/2026\\\/02\\\/Integra-Boost-Kerr-Control-Kit-nahradni-sada.jpg\",\"width\":1000,\"height\":1000,\"caption\":\"Integra Boost Kerr Control Kit\"},{\"@type\":\"BreadcrumbList\",\"@id\":\"https:\\\/\\\/www.varygrow.com\\\/cs\\\/eshop\\\/integra-boost-kerr-control-kit-nahradni-sada\\\/#breadcrumb\",\"itemListElement\":[{\"@type\":\"ListItem\",\"position\":1,\"name\":\"Dom\u016f\",\"item\":\"https:\\\/\\\/www.varygrow.com\\\/cs\\\/\"},{\"@type\":\"ListItem\",\"position\":2,\"name\":\"Eshop\",\"item\":\"https:\\\/\\\/www.varygrow.com\\\/cs\\\/eshop\\\/\"},{\"@type\":\"ListItem\",\"position\":3,\"name\":\"Integra Boost Kerr Control Kit, n\u00e1hradn\u00ed sada\"}]},{\"@type\":\"WebSite\",\"@id\":\"https:\\\/\\\/www.varygrow.com\\\/cs\\\/#website\",\"url\":\"https:\\\/\\\/www.varygrow.com\\\/cs\\\/\",\"name\":\"VaryGrow\",\"description\":\"Udr\u017eiteln\u00e9 podnik\u00e1n\u00ed\",\"publisher\":{\"@id\":\"https:\\\/\\\/www.varygrow.com\\\/cs\\\/#organization\"},\"potentialAction\":[{\"@type\":\"SearchAction\",\"target\":{\"@type\":\"EntryPoint\",\"urlTemplate\":\"https:\\\/\\\/www.varygrow.com\\\/cs\\\/?s={search_term_string}\"},\"query-input\":{\"@type\":\"PropertyValueSpecification\",\"valueRequired\":true,\"valueName\":\"search_term_string\"}}],\"inLanguage\":\"cs\"},{\"@type\":\"Organization\",\"@id\":\"https:\\\/\\\/www.varygrow.com\\\/cs\\\/#organization\",\"name\":\"DAMARA s.r.o.\",\"url\":\"https:\\\/\\\/www.varygrow.com\\\/cs\\\/\",\"logo\":{\"@type\":\"ImageObject\",\"inLanguage\":\"cs\",\"@id\":\"https:\\\/\\\/www.varygrow.com\\\/cs\\\/#\\\/schema\\\/logo\\\/image\\\/\",\"url\":\"https:\\\/\\\/www.varygrow.com\\\/wp-content\\\/uploads\\\/sites\\\/19\\\/2023\\\/08\\\/Logo-Heureka-480x150-1.png\",\"contentUrl\":\"https:\\\/\\\/www.varygrow.com\\\/wp-content\\\/uploads\\\/sites\\\/19\\\/2023\\\/08\\\/Logo-Heureka-480x150-1.png\",\"width\":480,\"height\":150,\"caption\":\"DAMARA s.r.o.\"},\"image\":{\"@id\":\"https:\\\/\\\/www.varygrow.com\\\/cs\\\/#\\\/schema\\\/logo\\\/image\\\/\"},\"sameAs\":[\"https:\\\/\\\/facebook.com\\\/VaryGrow\"]}]}<\/script>\n<!-- \/ Yoast SEO plugin. -->","yoast_head_json":{"title":"Integra Boost Kerr Control Kit, n\u00e1hradn\u00ed sada","description":"Sada obsahuje 10x Integra Boost 4g 62% + 3x plastov\u00fd dr\u017e\u00e1k na s\u00e1\u010dky. Dokonal\u00e1 kontrola vlhkosti pro skladovan\u00e9 bylinky a potraviny.","robots":{"index":"index","follow":"follow","max-snippet":"max-snippet:-1","max-image-preview":"max-image-preview:large","max-video-preview":"max-video-preview:-1"},"canonical":"https:\/\/www.varygrow.com\/cs\/eshop\/integra-boost-kerr-control-kit-nahradni-sada\/","og_locale":"cs_CZ","og_type":"article","og_title":"Integra Boost Kerr Control Kit, n\u00e1hradn\u00ed sada","og_description":"Sada obsahuje 10x Integra Boost 4g 62% + 3x plastov\u00fd dr\u017e\u00e1k na s\u00e1\u010dky. Dokonal\u00e1 kontrola vlhkosti pro skladovan\u00e9 bylinky a potraviny.","og_url":"https:\/\/www.varygrow.com\/cs\/eshop\/integra-boost-kerr-control-kit-nahradni-sada\/","og_site_name":"VaryGrow","article_publisher":"https:\/\/facebook.com\/VaryGrow","article_modified_time":"2026-04-15T01:06:36+00:00","og_image":[{"width":1000,"height":1000,"url":"https:\/\/www.varygrow.com\/wp-content\/uploads\/sites\/19\/2026\/02\/Integra-Boost-Kerr-Control-Kit-nahradni-sada.jpg","type":"image\/jpeg"}],"twitter_card":"summary_large_image","schema":{"@context":"https:\/\/schema.org","@graph":[{"@type":"WebPage","@id":"https:\/\/www.varygrow.com\/cs\/eshop\/integra-boost-kerr-control-kit-nahradni-sada\/","url":"https:\/\/www.varygrow.com\/cs\/eshop\/integra-boost-kerr-control-kit-nahradni-sada\/","name":"Integra Boost Kerr Control Kit, n\u00e1hradn\u00ed sada","isPartOf":{"@id":"https:\/\/www.varygrow.com\/cs\/#website"},"primaryImageOfPage":{"@id":"https:\/\/www.varygrow.com\/cs\/eshop\/integra-boost-kerr-control-kit-nahradni-sada\/#primaryimage"},"image":{"@id":"https:\/\/www.varygrow.com\/cs\/eshop\/integra-boost-kerr-control-kit-nahradni-sada\/#primaryimage"},"thumbnailUrl":"https:\/\/www.varygrow.com\/wp-content\/uploads\/sites\/19\/2026\/02\/Integra-Boost-Kerr-Control-Kit-nahradni-sada.jpg","datePublished":"2026-04-15T01:06:35+00:00","dateModified":"2026-04-15T01:06:36+00:00","description":"Sada obsahuje 10x Integra Boost 4g 62% + 3x plastov\u00fd dr\u017e\u00e1k na s\u00e1\u010dky. Dokonal\u00e1 kontrola vlhkosti pro skladovan\u00e9 bylinky a potraviny.","breadcrumb":{"@id":"https:\/\/www.varygrow.com\/cs\/eshop\/integra-boost-kerr-control-kit-nahradni-sada\/#breadcrumb"},"inLanguage":"cs","potentialAction":[{"@type":"ReadAction","target":["https:\/\/www.varygrow.com\/cs\/eshop\/integra-boost-kerr-control-kit-nahradni-sada\/"]}]},{"@type":"ImageObject","inLanguage":"cs","@id":"https:\/\/www.varygrow.com\/cs\/eshop\/integra-boost-kerr-control-kit-nahradni-sada\/#primaryimage","url":"https:\/\/www.varygrow.com\/wp-content\/uploads\/sites\/19\/2026\/02\/Integra-Boost-Kerr-Control-Kit-nahradni-sada.jpg","contentUrl":"https:\/\/www.varygrow.com\/wp-content\/uploads\/sites\/19\/2026\/02\/Integra-Boost-Kerr-Control-Kit-nahradni-sada.jpg","width":1000,"height":1000,"caption":"Integra Boost Kerr Control Kit"},{"@type":"BreadcrumbList","@id":"https:\/\/www.varygrow.com\/cs\/eshop\/integra-boost-kerr-control-kit-nahradni-sada\/#breadcrumb","itemListElement":[{"@type":"ListItem","position":1,"name":"Dom\u016f","item":"https:\/\/www.varygrow.com\/cs\/"},{"@type":"ListItem","position":2,"name":"Eshop","item":"https:\/\/www.varygrow.com\/cs\/eshop\/"},{"@type":"ListItem","position":3,"name":"Integra Boost Kerr Control Kit, n\u00e1hradn\u00ed sada"}]},{"@type":"WebSite","@id":"https:\/\/www.varygrow.com\/cs\/#website","url":"https:\/\/www.varygrow.com\/cs\/","name":"VaryGrow","description":"Udr\u017eiteln\u00e9 podnik\u00e1n\u00ed","publisher":{"@id":"https:\/\/www.varygrow.com\/cs\/#organization"},"potentialAction":[{"@type":"SearchAction","target":{"@type":"EntryPoint","urlTemplate":"https:\/\/www.varygrow.com\/cs\/?s={search_term_string}"},"query-input":{"@type":"PropertyValueSpecification","valueRequired":true,"valueName":"search_term_string"}}],"inLanguage":"cs"},{"@type":"Organization","@id":"https:\/\/www.varygrow.com\/cs\/#organization","name":"DAMARA s.r.o.","url":"https:\/\/www.varygrow.com\/cs\/","logo":{"@type":"ImageObject","inLanguage":"cs","@id":"https:\/\/www.varygrow.com\/cs\/#\/schema\/logo\/image\/","url":"https:\/\/www.varygrow.com\/wp-content\/uploads\/sites\/19\/2023\/08\/Logo-Heureka-480x150-1.png","contentUrl":"https:\/\/www.varygrow.com\/wp-content\/uploads\/sites\/19\/2023\/08\/Logo-Heureka-480x150-1.png","width":480,"height":150,"caption":"DAMARA s.r.o."},"image":{"@id":"https:\/\/www.varygrow.com\/cs\/#\/schema\/logo\/image\/"},"sameAs":["https:\/\/facebook.com\/VaryGrow"]}]}},"brands":[{"id":5776,"name":"Integra","slug":"integra"}],"_links":{"self":[{"href":"https:\/\/www.varygrow.com\/cs\/wp-json\/wp\/v2\/product\/317943","targetHints":{"allow":["GET"]}}],"collection":[{"href":"https:\/\/www.varygrow.com\/cs\/wp-json\/wp\/v2\/product"}],"about":[{"href":"https:\/\/www.varygrow.com\/cs\/wp-json\/wp\/v2\/types\/product"}],"replies":[{"embeddable":true,"href":"https:\/\/www.varygrow.com\/cs\/wp-json\/wp\/v2\/comments?post=317943"}],"wp:featuredmedia":[{"embeddable":true,"href":"https:\/\/www.varygrow.com\/cs\/wp-json\/wp\/v2\/media\/323153"}],"wp:attachment":[{"href":"https:\/\/www.varygrow.com\/cs\/wp-json\/wp\/v2\/media?parent=317943"}],"wp:term":[{"taxonomy":"pwb-brand","embeddable":true,"href":"https:\/\/www.varygrow.com\/cs\/wp-json\/wp\/v2\/pwb-brand?post=317943"},{"taxonomy":"product_brand","embeddable":true,"href":"https:\/\/www.varygrow.com\/cs\/wp-json\/wp\/v2\/product_brand?post=317943"},{"taxonomy":"product_cat","embeddable":true,"href":"https:\/\/www.varygrow.com\/cs\/wp-json\/wp\/v2\/product_cat?post=317943"},{"taxonomy":"product_tag","embeddable":true,"href":"https:\/\/www.varygrow.com\/cs\/wp-json\/wp\/v2\/product_tag?post=317943"},{"taxonomy":"berocket_brand","embeddable":true,"href":"https:\/\/www.varygrow.com\/cs\/wp-json\/wp\/v2\/berocket_brand?post=317943"}],"curies":[{"name":"wp","href":"https:\/\/api.w.org\/{rel}","templated":true}]}}