{"id":317958,"date":"2026-04-15T03:08:56","date_gmt":"2026-04-15T01:08:56","guid":{"rendered":"https:\/\/www.varygrow.com\/eshop\/integra-boost-terpene-essentials-pinen-4-g-62-1-ks-2\/"},"modified":"2026-04-15T03:08:57","modified_gmt":"2026-04-15T01:08:57","slug":"integra-boost-terpene-essentials-pinen-4-g-62-1-ks","status":"publish","type":"product","link":"https:\/\/www.varygrow.com\/cs\/eshop\/integra-boost-terpene-essentials-pinen-4-g-62-1-ks\/","title":{"rendered":"Integra Boost Terpene Essentials Pinen 4 g, 62%, 1 ks"},"content":{"rendered":"<p>Terpeny jsou p\u0159\u00edrodn\u00ed slou\u010deniny, kter\u00e9 rostlin\u00e1m dod\u00e1vaj\u00ed charakteristickou v\u016fni a chu\u0165.&nbsp; Ve spole\u010dnosti Integra poch\u00e1zej\u00ed na\u0161e terpeny z botanick\u00fdch zdroj\u016f, jsou standardizov\u00e1ny na \u00fa\u010dinnost, jsou bezpe\u010dn\u00e9 pro potraviny a maj\u00ed certifik\u00e1t Safe Terpene Certified &#8211; co\u017e znamen\u00e1, \u017ee na\u0161e Boost\u00ae Terpene Essentials jsou testov\u00e1ny pomoc\u00ed pokro\u010dil\u00fdch analytick\u00fdch metod, aby bylo zaji\u0161t\u011bno, \u017ee NEobsahuj\u00ed t\u011b\u017ek\u00e9 kovy, pesticidy, zbytkov\u00e1 rozpou\u0161t\u011bdla a mykotoxiny.<\/p>\n<p>\u0158ada Boost\u00ae Terpene Essentials obsahuje n\u011bkter\u00e9 z nejobl\u00edben\u011bj\u0161\u00edch izol\u00e1t\u016f: linalool, limonen, myrcen, humulen, beta-karyofylen, pinen a terpinolen.<\/p>\n<p>St\u00e1le pou\u017e\u00edv\u00e1me na\u0161i d\u016fv\u011bryhodnou formuli pro regulaci vlhkosti bez soli, kter\u00e1 nen\u00ed toxick\u00e1 a je zalo\u017eena na rostlin\u00e1ch, ale do balen\u00ed jsme p\u0159idali tak\u00e9 terpeny z botanick\u00fdch zdroj\u016f, tak\u017ee m\u016f\u017eete sv\u016fj bylinn\u00fd produkt obohatit o v\u00fdrazn\u00e9 v\u016fn\u011b a chut\u011b sv\u00fdch obl\u00edben\u00fdch terpen\u016f.<\/p>\n<p>Tyto obaly maj\u00ed dvoj\u00ed \u00fa\u010del: za\u010dlenit do va\u0161ich bylinn\u00fdch produkt\u016f rostlinn\u00e9 terpeny posiluj\u00edc\u00ed chu\u0165 a smysly A regulovat vlhkost.<\/p>\n<p>Na rozd\u00edl od b\u011b\u017en\u00fdch neochucen\u00fdch bal\u00ed\u010dk\u016f Integra Boost\u00ae zm\u011bn\u00ed \u0159ada Boost\u00ae Terpene Essentials v\u016fn\u011b a chut\u011b va\u0161eho produktu. Tyto zm\u011bny jsou norm\u00e1ln\u00ed a o\u010dek\u00e1van\u00e9 &#8211; znamen\u00e1 to, \u017ee v\u00e1\u0161 produkt absorbuje\/spojuje se s terpenem.<\/p>\n<p><strong>KA\u017dD\u00c9 BALEN\u00cd CHR\u00c1N\u00cdME POMOC\u00cd INTEGRA NO-OX<\/strong><\/p>\n<p>Odstran\u011bn\u00ed kysl\u00edku z obalu pom\u00e1h\u00e1 udr\u017eet terpeny v balen\u00ed \u010derstv\u00e9, stabiln\u00ed a \u00fa\u010dinn\u00e9! Je u\u017eite\u010dn\u00e9 p\u0159i prodlu\u017eov\u00e1n\u00ed \u017eivotnosti v\u0161ech druh\u016f koncentr\u00e1t\u016f, extrakt\u016f a potravin a rostlinn\u00fdch produkt\u016f.<\/p>\n<p><strong>N\u00c1VOD K POU\u017dIT\u00cd<\/strong><\/p>\n<ol>\n<li>Vyjm\u011bte balen\u00ed z vn\u011bj\u0161\u00edho pr\u016fhledn\u00e9ho obalu.<\/li>\n<li>Vlo\u017ete bylinn\u00fd p\u0159\u00edpravek a balen\u00ed Integra Boost\u00ae Terpene Essentials spole\u010dn\u011b do vzduchot\u011bsn\u00e9 n\u00e1doby a uzav\u0159ete.<\/li>\n<li>Vy\u010dkejte 24-72 hodin, ne\u017e dojde k po\u010d\u00e1te\u010dn\u00ed terpenov\u00e9 infuzi.<\/li>\n<li>Po vyluhov\u00e1n\u00ed vym\u011b\u0148te balen\u00ed za nearomatizovan\u00fd 55% nebo 62% RH Boost Pack, abyste si dlouhodob\u011b zachovali chu\u0165 a \u010derstvost.<\/li>\n<li>Balen\u00ed Terpene Essentials Pack lze pou\u017e\u00edt a\u017e t\u0159ikr\u00e1t, pokud je mezi jednotliv\u00fdmi infuzemi ulo\u017eeno ve vzduchot\u011bsn\u00e9 n\u00e1dob\u011b.<\/li>\n<\/ol>\n<ul>\n<li>(\u017d\u00c1DN\u00c9 T\u011a\u017dK\u00c9 KOVY, PESTICIDY, ZBYTKOV\u00c1 ROZPOU\u0160T\u011aDLA, MYKOTOXINY).<\/li>\n<li>STANDARDIZOV\u00c1NO NA \u00da\u010cINNOST &#8211; SPL\u0147UJE PO\u017dADAVKY FDA.<\/li>\n<li>Z BOTANICK\u00ddCH ZDROJ\u016e &#8211; CERTIFIKOV\u00c1NO GMP &#8211; CERTIFIK\u00c1T ISO:2015 &#8211; NETOXICK\u00dd<\/li>\n<\/ul>\n","protected":false},"excerpt":{"rendered":"<p>Integra Boost\u00ae Terpene Essentials Pinen. Hmotnost 4 g, vlhkost 62 %, balen\u00ed 1 ks.<\/p>\n","protected":false},"featured_media":323208,"comment_status":"open","ping_status":"open","template":"","meta":[],"pwb-brand":[5776],"product_brand":[],"product_cat":[10586,10513,11176,14125],"product_tag":[15317,6091,6320,14126],"berocket_brand":[106],"class_list":{"0":"post-317958","1":"product","2":"type-product","3":"status-publish","4":"has-post-thumbnail","6":"pwb-brand-integra","7":"product_cat-headshop","8":"product_cat-naarden","9":"product_cat-terpeny-headshop","10":"product_cat-terpeny-integra","11":"product_tag-naarden","12":"product_tag-sklizen","13":"product_tag-terpeny","14":"product_tag-terpeny-integra","15":"pa_ean-3492","16":"berocket_brand-naarden","17":"sales-flash-overlay","18":"woocommerce-text-align-center","19":"woocommerce-image-align-center","20":"do-quantity-buttons","22":"first","23":"instock","24":"purchasable","25":"product-type-simple"},"yoast_head":"<!-- This site is optimized with the Yoast SEO plugin v27.4 - https:\/\/yoast.com\/product\/yoast-seo-wordpress\/ -->\n<title>Integra Boost Terpene Essentials Pinen 4 g, 62%, 1 ks<\/title>\n<meta name=\"description\" content=\"Integra Boost\u00ae Terpene Essentials Pinen. Hmotnost 4 g, vlhkost 62 %, balen\u00ed 1 ks.\" \/>\n<meta name=\"robots\" content=\"index, follow, max-snippet:-1, max-image-preview:large, max-video-preview:-1\" \/>\n<link rel=\"canonical\" href=\"https:\/\/www.varygrow.com\/cs\/eshop\/integra-boost-terpene-essentials-pinen-4-g-62-1-ks\/\" \/>\n<meta property=\"og:locale\" content=\"cs_CZ\" \/>\n<meta property=\"og:type\" content=\"article\" \/>\n<meta property=\"og:title\" content=\"Integra Boost Terpene Essentials Pinen 4 g, 62%, 1 ks\" \/>\n<meta property=\"og:description\" content=\"Integra Boost\u00ae Terpene Essentials Pinen. Hmotnost 4 g, vlhkost 62 %, balen\u00ed 1 ks.\" \/>\n<meta property=\"og:url\" content=\"https:\/\/www.varygrow.com\/cs\/eshop\/integra-boost-terpene-essentials-pinen-4-g-62-1-ks\/\" \/>\n<meta property=\"og:site_name\" content=\"VaryGrow\" \/>\n<meta property=\"article:publisher\" content=\"https:\/\/facebook.com\/VaryGrow\" \/>\n<meta property=\"article:modified_time\" content=\"2026-04-15T01:08:57+00:00\" \/>\n<meta property=\"og:image\" content=\"https:\/\/www.varygrow.com\/wp-content\/uploads\/sites\/19\/2026\/02\/Integra-Boost-Terpene-Essentials-Pinen-4-g-62-1-ks.jpg\" \/>\n\t<meta property=\"og:image:width\" content=\"1000\" \/>\n\t<meta property=\"og:image:height\" content=\"1000\" \/>\n\t<meta property=\"og:image:type\" content=\"image\/jpeg\" \/>\n<meta name=\"twitter:card\" content=\"summary_large_image\" \/>\n<meta name=\"twitter:label1\" content=\"Odhadovan\u00e1 doba \u010dten\u00ed\" \/>\n\t<meta name=\"twitter:data1\" content=\"2 minuty\" \/>\n<script type=\"application\/ld+json\" class=\"yoast-schema-graph\">{\"@context\":\"https:\\\/\\\/schema.org\",\"@graph\":[{\"@type\":\"WebPage\",\"@id\":\"https:\\\/\\\/www.varygrow.com\\\/cs\\\/eshop\\\/integra-boost-terpene-essentials-pinen-4-g-62-1-ks\\\/\",\"url\":\"https:\\\/\\\/www.varygrow.com\\\/cs\\\/eshop\\\/integra-boost-terpene-essentials-pinen-4-g-62-1-ks\\\/\",\"name\":\"Integra Boost Terpene Essentials Pinen 4 g, 62%, 1 ks\",\"isPartOf\":{\"@id\":\"https:\\\/\\\/www.varygrow.com\\\/cs\\\/#website\"},\"primaryImageOfPage\":{\"@id\":\"https:\\\/\\\/www.varygrow.com\\\/cs\\\/eshop\\\/integra-boost-terpene-essentials-pinen-4-g-62-1-ks\\\/#primaryimage\"},\"image\":{\"@id\":\"https:\\\/\\\/www.varygrow.com\\\/cs\\\/eshop\\\/integra-boost-terpene-essentials-pinen-4-g-62-1-ks\\\/#primaryimage\"},\"thumbnailUrl\":\"https:\\\/\\\/www.varygrow.com\\\/wp-content\\\/uploads\\\/sites\\\/19\\\/2026\\\/02\\\/Integra-Boost-Terpene-Essentials-Pinen-4-g-62-1-ks.jpg\",\"datePublished\":\"2026-04-15T01:08:56+00:00\",\"dateModified\":\"2026-04-15T01:08:57+00:00\",\"description\":\"Integra Boost\u00ae Terpene Essentials Pinen. Hmotnost 4 g, vlhkost 62 %, balen\u00ed 1 ks.\",\"breadcrumb\":{\"@id\":\"https:\\\/\\\/www.varygrow.com\\\/cs\\\/eshop\\\/integra-boost-terpene-essentials-pinen-4-g-62-1-ks\\\/#breadcrumb\"},\"inLanguage\":\"cs\",\"potentialAction\":[{\"@type\":\"ReadAction\",\"target\":[\"https:\\\/\\\/www.varygrow.com\\\/cs\\\/eshop\\\/integra-boost-terpene-essentials-pinen-4-g-62-1-ks\\\/\"]}]},{\"@type\":\"ImageObject\",\"inLanguage\":\"cs\",\"@id\":\"https:\\\/\\\/www.varygrow.com\\\/cs\\\/eshop\\\/integra-boost-terpene-essentials-pinen-4-g-62-1-ks\\\/#primaryimage\",\"url\":\"https:\\\/\\\/www.varygrow.com\\\/wp-content\\\/uploads\\\/sites\\\/19\\\/2026\\\/02\\\/Integra-Boost-Terpene-Essentials-Pinen-4-g-62-1-ks.jpg\",\"contentUrl\":\"https:\\\/\\\/www.varygrow.com\\\/wp-content\\\/uploads\\\/sites\\\/19\\\/2026\\\/02\\\/Integra-Boost-Terpene-Essentials-Pinen-4-g-62-1-ks.jpg\",\"width\":1000,\"height\":1000,\"caption\":\"Integra Boost Terpene Essentials Pinen 4 g\"},{\"@type\":\"BreadcrumbList\",\"@id\":\"https:\\\/\\\/www.varygrow.com\\\/cs\\\/eshop\\\/integra-boost-terpene-essentials-pinen-4-g-62-1-ks\\\/#breadcrumb\",\"itemListElement\":[{\"@type\":\"ListItem\",\"position\":1,\"name\":\"Dom\u016f\",\"item\":\"https:\\\/\\\/www.varygrow.com\\\/cs\\\/\"},{\"@type\":\"ListItem\",\"position\":2,\"name\":\"Eshop\",\"item\":\"https:\\\/\\\/www.varygrow.com\\\/cs\\\/eshop\\\/\"},{\"@type\":\"ListItem\",\"position\":3,\"name\":\"Integra Boost Terpene Essentials Pinen 4 g, 62%, 1 ks\"}]},{\"@type\":\"WebSite\",\"@id\":\"https:\\\/\\\/www.varygrow.com\\\/cs\\\/#website\",\"url\":\"https:\\\/\\\/www.varygrow.com\\\/cs\\\/\",\"name\":\"VaryGrow\",\"description\":\"Udr\u017eiteln\u00e9 podnik\u00e1n\u00ed\",\"publisher\":{\"@id\":\"https:\\\/\\\/www.varygrow.com\\\/cs\\\/#organization\"},\"potentialAction\":[{\"@type\":\"SearchAction\",\"target\":{\"@type\":\"EntryPoint\",\"urlTemplate\":\"https:\\\/\\\/www.varygrow.com\\\/cs\\\/?s={search_term_string}\"},\"query-input\":{\"@type\":\"PropertyValueSpecification\",\"valueRequired\":true,\"valueName\":\"search_term_string\"}}],\"inLanguage\":\"cs\"},{\"@type\":\"Organization\",\"@id\":\"https:\\\/\\\/www.varygrow.com\\\/cs\\\/#organization\",\"name\":\"DAMARA s.r.o.\",\"url\":\"https:\\\/\\\/www.varygrow.com\\\/cs\\\/\",\"logo\":{\"@type\":\"ImageObject\",\"inLanguage\":\"cs\",\"@id\":\"https:\\\/\\\/www.varygrow.com\\\/cs\\\/#\\\/schema\\\/logo\\\/image\\\/\",\"url\":\"https:\\\/\\\/www.varygrow.com\\\/wp-content\\\/uploads\\\/sites\\\/19\\\/2023\\\/08\\\/Logo-Heureka-480x150-1.png\",\"contentUrl\":\"https:\\\/\\\/www.varygrow.com\\\/wp-content\\\/uploads\\\/sites\\\/19\\\/2023\\\/08\\\/Logo-Heureka-480x150-1.png\",\"width\":480,\"height\":150,\"caption\":\"DAMARA s.r.o.\"},\"image\":{\"@id\":\"https:\\\/\\\/www.varygrow.com\\\/cs\\\/#\\\/schema\\\/logo\\\/image\\\/\"},\"sameAs\":[\"https:\\\/\\\/facebook.com\\\/VaryGrow\"]}]}<\/script>\n<!-- \/ Yoast SEO plugin. -->","yoast_head_json":{"title":"Integra Boost Terpene Essentials Pinen 4 g, 62%, 1 ks","description":"Integra Boost\u00ae Terpene Essentials Pinen. Hmotnost 4 g, vlhkost 62 %, balen\u00ed 1 ks.","robots":{"index":"index","follow":"follow","max-snippet":"max-snippet:-1","max-image-preview":"max-image-preview:large","max-video-preview":"max-video-preview:-1"},"canonical":"https:\/\/www.varygrow.com\/cs\/eshop\/integra-boost-terpene-essentials-pinen-4-g-62-1-ks\/","og_locale":"cs_CZ","og_type":"article","og_title":"Integra Boost Terpene Essentials Pinen 4 g, 62%, 1 ks","og_description":"Integra Boost\u00ae Terpene Essentials Pinen. Hmotnost 4 g, vlhkost 62 %, balen\u00ed 1 ks.","og_url":"https:\/\/www.varygrow.com\/cs\/eshop\/integra-boost-terpene-essentials-pinen-4-g-62-1-ks\/","og_site_name":"VaryGrow","article_publisher":"https:\/\/facebook.com\/VaryGrow","article_modified_time":"2026-04-15T01:08:57+00:00","og_image":[{"width":1000,"height":1000,"url":"https:\/\/www.varygrow.com\/wp-content\/uploads\/sites\/19\/2026\/02\/Integra-Boost-Terpene-Essentials-Pinen-4-g-62-1-ks.jpg","type":"image\/jpeg"}],"twitter_card":"summary_large_image","twitter_misc":{"Odhadovan\u00e1 doba \u010dten\u00ed":"2 minuty"},"schema":{"@context":"https:\/\/schema.org","@graph":[{"@type":"WebPage","@id":"https:\/\/www.varygrow.com\/cs\/eshop\/integra-boost-terpene-essentials-pinen-4-g-62-1-ks\/","url":"https:\/\/www.varygrow.com\/cs\/eshop\/integra-boost-terpene-essentials-pinen-4-g-62-1-ks\/","name":"Integra Boost Terpene Essentials Pinen 4 g, 62%, 1 ks","isPartOf":{"@id":"https:\/\/www.varygrow.com\/cs\/#website"},"primaryImageOfPage":{"@id":"https:\/\/www.varygrow.com\/cs\/eshop\/integra-boost-terpene-essentials-pinen-4-g-62-1-ks\/#primaryimage"},"image":{"@id":"https:\/\/www.varygrow.com\/cs\/eshop\/integra-boost-terpene-essentials-pinen-4-g-62-1-ks\/#primaryimage"},"thumbnailUrl":"https:\/\/www.varygrow.com\/wp-content\/uploads\/sites\/19\/2026\/02\/Integra-Boost-Terpene-Essentials-Pinen-4-g-62-1-ks.jpg","datePublished":"2026-04-15T01:08:56+00:00","dateModified":"2026-04-15T01:08:57+00:00","description":"Integra Boost\u00ae Terpene Essentials Pinen. Hmotnost 4 g, vlhkost 62 %, balen\u00ed 1 ks.","breadcrumb":{"@id":"https:\/\/www.varygrow.com\/cs\/eshop\/integra-boost-terpene-essentials-pinen-4-g-62-1-ks\/#breadcrumb"},"inLanguage":"cs","potentialAction":[{"@type":"ReadAction","target":["https:\/\/www.varygrow.com\/cs\/eshop\/integra-boost-terpene-essentials-pinen-4-g-62-1-ks\/"]}]},{"@type":"ImageObject","inLanguage":"cs","@id":"https:\/\/www.varygrow.com\/cs\/eshop\/integra-boost-terpene-essentials-pinen-4-g-62-1-ks\/#primaryimage","url":"https:\/\/www.varygrow.com\/wp-content\/uploads\/sites\/19\/2026\/02\/Integra-Boost-Terpene-Essentials-Pinen-4-g-62-1-ks.jpg","contentUrl":"https:\/\/www.varygrow.com\/wp-content\/uploads\/sites\/19\/2026\/02\/Integra-Boost-Terpene-Essentials-Pinen-4-g-62-1-ks.jpg","width":1000,"height":1000,"caption":"Integra Boost Terpene Essentials Pinen 4 g"},{"@type":"BreadcrumbList","@id":"https:\/\/www.varygrow.com\/cs\/eshop\/integra-boost-terpene-essentials-pinen-4-g-62-1-ks\/#breadcrumb","itemListElement":[{"@type":"ListItem","position":1,"name":"Dom\u016f","item":"https:\/\/www.varygrow.com\/cs\/"},{"@type":"ListItem","position":2,"name":"Eshop","item":"https:\/\/www.varygrow.com\/cs\/eshop\/"},{"@type":"ListItem","position":3,"name":"Integra Boost Terpene Essentials Pinen 4 g, 62%, 1 ks"}]},{"@type":"WebSite","@id":"https:\/\/www.varygrow.com\/cs\/#website","url":"https:\/\/www.varygrow.com\/cs\/","name":"VaryGrow","description":"Udr\u017eiteln\u00e9 podnik\u00e1n\u00ed","publisher":{"@id":"https:\/\/www.varygrow.com\/cs\/#organization"},"potentialAction":[{"@type":"SearchAction","target":{"@type":"EntryPoint","urlTemplate":"https:\/\/www.varygrow.com\/cs\/?s={search_term_string}"},"query-input":{"@type":"PropertyValueSpecification","valueRequired":true,"valueName":"search_term_string"}}],"inLanguage":"cs"},{"@type":"Organization","@id":"https:\/\/www.varygrow.com\/cs\/#organization","name":"DAMARA s.r.o.","url":"https:\/\/www.varygrow.com\/cs\/","logo":{"@type":"ImageObject","inLanguage":"cs","@id":"https:\/\/www.varygrow.com\/cs\/#\/schema\/logo\/image\/","url":"https:\/\/www.varygrow.com\/wp-content\/uploads\/sites\/19\/2023\/08\/Logo-Heureka-480x150-1.png","contentUrl":"https:\/\/www.varygrow.com\/wp-content\/uploads\/sites\/19\/2023\/08\/Logo-Heureka-480x150-1.png","width":480,"height":150,"caption":"DAMARA s.r.o."},"image":{"@id":"https:\/\/www.varygrow.com\/cs\/#\/schema\/logo\/image\/"},"sameAs":["https:\/\/facebook.com\/VaryGrow"]}]}},"brands":[{"id":5776,"name":"Integra","slug":"integra"}],"_links":{"self":[{"href":"https:\/\/www.varygrow.com\/cs\/wp-json\/wp\/v2\/product\/317958","targetHints":{"allow":["GET"]}}],"collection":[{"href":"https:\/\/www.varygrow.com\/cs\/wp-json\/wp\/v2\/product"}],"about":[{"href":"https:\/\/www.varygrow.com\/cs\/wp-json\/wp\/v2\/types\/product"}],"replies":[{"embeddable":true,"href":"https:\/\/www.varygrow.com\/cs\/wp-json\/wp\/v2\/comments?post=317958"}],"wp:featuredmedia":[{"embeddable":true,"href":"https:\/\/www.varygrow.com\/cs\/wp-json\/wp\/v2\/media\/323208"}],"wp:attachment":[{"href":"https:\/\/www.varygrow.com\/cs\/wp-json\/wp\/v2\/media?parent=317958"}],"wp:term":[{"taxonomy":"pwb-brand","embeddable":true,"href":"https:\/\/www.varygrow.com\/cs\/wp-json\/wp\/v2\/pwb-brand?post=317958"},{"taxonomy":"product_brand","embeddable":true,"href":"https:\/\/www.varygrow.com\/cs\/wp-json\/wp\/v2\/product_brand?post=317958"},{"taxonomy":"product_cat","embeddable":true,"href":"https:\/\/www.varygrow.com\/cs\/wp-json\/wp\/v2\/product_cat?post=317958"},{"taxonomy":"product_tag","embeddable":true,"href":"https:\/\/www.varygrow.com\/cs\/wp-json\/wp\/v2\/product_tag?post=317958"},{"taxonomy":"berocket_brand","embeddable":true,"href":"https:\/\/www.varygrow.com\/cs\/wp-json\/wp\/v2\/berocket_brand?post=317958"}],"curies":[{"name":"wp","href":"https:\/\/api.w.org\/{rel}","templated":true}]}}