{"id":318276,"date":"2026-04-16T04:01:32","date_gmt":"2026-04-16T02:01:32","guid":{"rendered":"https:\/\/www.varygrow.com\/eshop\/ona-liquid-polar-crystal-922-ml-2\/"},"modified":"2026-04-16T04:01:32","modified_gmt":"2026-04-16T02:01:32","slug":"ona-liquid-polar-crystal-922-ml","status":"publish","type":"product","link":"https:\/\/www.varygrow.com\/cs\/eshop\/ona-liquid-polar-crystal-922-ml\/","title":{"rendered":"ONA Liquid Polar Crystal 922 ml"},"content":{"rendered":"<p>ONA Liquid je univerz\u00e1ln\u00ed odstra\u0148ova\u010d z\u00e1pachu, kter\u00fd lze p\u0159id\u00e1vat do post\u0159ikova\u010d\u016f nebo \u0159edit vodou a pou\u017e\u00edvat jako myc\u00ed prost\u0159edek. Tento odstra\u0148ova\u010d z\u00e1pachu v dom\u00e1cnosti se skl\u00e1d\u00e1 z p\u0159\u00edrodn\u00edch esenci\u00e1ln\u00edch olej\u016f, co\u017e znamen\u00e1, \u017ee je bezpe\u010dn\u00fd pro pou\u017eit\u00ed v bl\u00edzkosti lid\u00ed, rostlin a dom\u00e1c\u00edch zv\u00ed\u0159at. P\u0159\u00edrodn\u00ed v\u016fn\u011b do dom\u00e1cnosti vhodn\u00e1 pro pou\u017eit\u00ed s ml\u017en\u00fdmi difuz\u00e9ry ONA Misting Domes.<\/p>\n<p>Molekuly ONA v kapalin\u011b mlhov\u00e9ho difuz\u00e9ru reaguj\u00ed s jak\u00fdmikoliv pachov\u00fdmi molekulami, s nimi\u017e p\u0159ijdou do styku, a u\u010din\u00ed je nulov\u00fdmi a inertn\u00edmi. V\u00fdsledkem je trval\u00e9 odstran\u011bn\u00ed z\u00e1pachu ze vzduchu, kter\u00fd p\u016fsob\u00ed jako p\u0159\u00edrodn\u00ed bytov\u00e1 v\u016fn\u011b a zanech\u00e1v\u00e1 za sebou sv\u011b\u017e\u00ed p\u0159\u00edjemnou v\u016fni.<\/p>\n<p>ONA Liquid je k dispozici ve v\u016fn\u00edch Fruit Fusion, Apple Crumble, PRO, Fresh Linen, Polar Crystal, Tropics a zcela nov\u00e9 v\u016fni Lemongrass!<\/p>\n","protected":false},"excerpt":{"rendered":"<p>ONA Liquid je obecn\u00fd odstra\u0148ova\u010d z\u00e1pachu, kter\u00fd lze p\u0159id\u00e1vat do post\u0159ikova\u010d\u016f nebo \u0159edit vodou a pou\u017e\u00edvat jako myc\u00ed prost\u0159edek.<\/p>\n","protected":false},"featured_media":324387,"comment_status":"open","ping_status":"open","template":"","meta":[],"pwb-brand":[5875],"product_brand":[],"product_cat":[10513,10657,10891,10894,10568],"product_tag":[15317,6376,6377,6381,6083],"berocket_brand":[106],"class_list":{"0":"post-318276","1":"product","2":"type-product","3":"status-publish","4":"has-post-thumbnail","6":"pwb-brand-ona","7":"product_cat-naarden","8":"product_cat-neutralizace-zapachu","9":"product_cat-ona","10":"product_cat-ona-liquid","11":"product_cat-vzduchotechnika","12":"product_tag-naarden","13":"product_tag-neutralizace-zapachu","14":"product_tag-ona","15":"product_tag-ona-liquid","16":"product_tag-vzduchotechnika","17":"pa_ean-4088","18":"berocket_brand-naarden","19":"sales-flash-overlay","20":"woocommerce-text-align-center","21":"woocommerce-image-align-center","22":"do-quantity-buttons","24":"first","25":"instock","26":"purchasable","27":"product-type-simple"},"yoast_head":"<!-- This site is optimized with the Yoast SEO plugin v27.4 - https:\/\/yoast.com\/product\/yoast-seo-wordpress\/ -->\n<title>ONA Liquid Polar Crystal 922 ml<\/title>\n<meta name=\"description\" content=\"ONA Liquid je obecn\u00fd odstra\u0148ova\u010d z\u00e1pachu, kter\u00fd lze p\u0159id\u00e1vat do post\u0159ikova\u010d\u016f nebo \u0159edit vodou a pou\u017e\u00edvat jako myc\u00ed prost\u0159edek.\" \/>\n<meta name=\"robots\" content=\"index, follow, max-snippet:-1, max-image-preview:large, max-video-preview:-1\" \/>\n<link rel=\"canonical\" href=\"https:\/\/www.varygrow.com\/cs\/eshop\/ona-liquid-polar-crystal-922-ml\/\" \/>\n<meta property=\"og:locale\" content=\"cs_CZ\" \/>\n<meta property=\"og:type\" content=\"article\" \/>\n<meta property=\"og:title\" content=\"ONA Liquid Polar Crystal 922 ml\" \/>\n<meta property=\"og:description\" content=\"ONA Liquid je obecn\u00fd odstra\u0148ova\u010d z\u00e1pachu, kter\u00fd lze p\u0159id\u00e1vat do post\u0159ikova\u010d\u016f nebo \u0159edit vodou a pou\u017e\u00edvat jako myc\u00ed prost\u0159edek.\" \/>\n<meta property=\"og:url\" content=\"https:\/\/www.varygrow.com\/cs\/eshop\/ona-liquid-polar-crystal-922-ml\/\" \/>\n<meta property=\"og:site_name\" content=\"VaryGrow\" \/>\n<meta property=\"article:publisher\" content=\"https:\/\/facebook.com\/VaryGrow\" \/>\n<meta property=\"og:image\" content=\"https:\/\/www.varygrow.com\/wp-content\/uploads\/sites\/19\/2026\/02\/ONA-Liquid-Polar-Crystal-922-ml.jpg\" \/>\n\t<meta property=\"og:image:width\" content=\"800\" \/>\n\t<meta property=\"og:image:height\" content=\"800\" \/>\n\t<meta property=\"og:image:type\" content=\"image\/jpeg\" \/>\n<meta name=\"twitter:card\" content=\"summary_large_image\" \/>\n<meta name=\"twitter:label1\" content=\"Odhadovan\u00e1 doba \u010dten\u00ed\" \/>\n\t<meta name=\"twitter:data1\" content=\"1 minuta\" \/>\n<script type=\"application\/ld+json\" class=\"yoast-schema-graph\">{\"@context\":\"https:\\\/\\\/schema.org\",\"@graph\":[{\"@type\":\"WebPage\",\"@id\":\"https:\\\/\\\/www.varygrow.com\\\/cs\\\/eshop\\\/ona-liquid-polar-crystal-922-ml\\\/\",\"url\":\"https:\\\/\\\/www.varygrow.com\\\/cs\\\/eshop\\\/ona-liquid-polar-crystal-922-ml\\\/\",\"name\":\"ONA Liquid Polar Crystal 922 ml\",\"isPartOf\":{\"@id\":\"https:\\\/\\\/www.varygrow.com\\\/cs\\\/#website\"},\"primaryImageOfPage\":{\"@id\":\"https:\\\/\\\/www.varygrow.com\\\/cs\\\/eshop\\\/ona-liquid-polar-crystal-922-ml\\\/#primaryimage\"},\"image\":{\"@id\":\"https:\\\/\\\/www.varygrow.com\\\/cs\\\/eshop\\\/ona-liquid-polar-crystal-922-ml\\\/#primaryimage\"},\"thumbnailUrl\":\"https:\\\/\\\/www.varygrow.com\\\/wp-content\\\/uploads\\\/sites\\\/19\\\/2026\\\/02\\\/ONA-Liquid-Polar-Crystal-922-ml.jpg\",\"datePublished\":\"2026-04-16T02:01:32+00:00\",\"description\":\"ONA Liquid je obecn\u00fd odstra\u0148ova\u010d z\u00e1pachu, kter\u00fd lze p\u0159id\u00e1vat do post\u0159ikova\u010d\u016f nebo \u0159edit vodou a pou\u017e\u00edvat jako myc\u00ed prost\u0159edek.\",\"breadcrumb\":{\"@id\":\"https:\\\/\\\/www.varygrow.com\\\/cs\\\/eshop\\\/ona-liquid-polar-crystal-922-ml\\\/#breadcrumb\"},\"inLanguage\":\"cs\",\"potentialAction\":[{\"@type\":\"ReadAction\",\"target\":[\"https:\\\/\\\/www.varygrow.com\\\/cs\\\/eshop\\\/ona-liquid-polar-crystal-922-ml\\\/\"]}]},{\"@type\":\"ImageObject\",\"inLanguage\":\"cs\",\"@id\":\"https:\\\/\\\/www.varygrow.com\\\/cs\\\/eshop\\\/ona-liquid-polar-crystal-922-ml\\\/#primaryimage\",\"url\":\"https:\\\/\\\/www.varygrow.com\\\/wp-content\\\/uploads\\\/sites\\\/19\\\/2026\\\/02\\\/ONA-Liquid-Polar-Crystal-922-ml.jpg\",\"contentUrl\":\"https:\\\/\\\/www.varygrow.com\\\/wp-content\\\/uploads\\\/sites\\\/19\\\/2026\\\/02\\\/ONA-Liquid-Polar-Crystal-922-ml.jpg\",\"width\":800,\"height\":800,\"caption\":\"ONA Liquid Polar Crystal 922 ml\"},{\"@type\":\"BreadcrumbList\",\"@id\":\"https:\\\/\\\/www.varygrow.com\\\/cs\\\/eshop\\\/ona-liquid-polar-crystal-922-ml\\\/#breadcrumb\",\"itemListElement\":[{\"@type\":\"ListItem\",\"position\":1,\"name\":\"Dom\u016f\",\"item\":\"https:\\\/\\\/www.varygrow.com\\\/cs\\\/\"},{\"@type\":\"ListItem\",\"position\":2,\"name\":\"Eshop\",\"item\":\"https:\\\/\\\/www.varygrow.com\\\/cs\\\/eshop\\\/\"},{\"@type\":\"ListItem\",\"position\":3,\"name\":\"ONA Liquid Polar Crystal 922 ml\"}]},{\"@type\":\"WebSite\",\"@id\":\"https:\\\/\\\/www.varygrow.com\\\/cs\\\/#website\",\"url\":\"https:\\\/\\\/www.varygrow.com\\\/cs\\\/\",\"name\":\"VaryGrow\",\"description\":\"Udr\u017eiteln\u00e9 podnik\u00e1n\u00ed\",\"publisher\":{\"@id\":\"https:\\\/\\\/www.varygrow.com\\\/cs\\\/#organization\"},\"potentialAction\":[{\"@type\":\"SearchAction\",\"target\":{\"@type\":\"EntryPoint\",\"urlTemplate\":\"https:\\\/\\\/www.varygrow.com\\\/cs\\\/?s={search_term_string}\"},\"query-input\":{\"@type\":\"PropertyValueSpecification\",\"valueRequired\":true,\"valueName\":\"search_term_string\"}}],\"inLanguage\":\"cs\"},{\"@type\":\"Organization\",\"@id\":\"https:\\\/\\\/www.varygrow.com\\\/cs\\\/#organization\",\"name\":\"DAMARA s.r.o.\",\"url\":\"https:\\\/\\\/www.varygrow.com\\\/cs\\\/\",\"logo\":{\"@type\":\"ImageObject\",\"inLanguage\":\"cs\",\"@id\":\"https:\\\/\\\/www.varygrow.com\\\/cs\\\/#\\\/schema\\\/logo\\\/image\\\/\",\"url\":\"https:\\\/\\\/www.varygrow.com\\\/wp-content\\\/uploads\\\/sites\\\/19\\\/2023\\\/08\\\/Logo-Heureka-480x150-1.png\",\"contentUrl\":\"https:\\\/\\\/www.varygrow.com\\\/wp-content\\\/uploads\\\/sites\\\/19\\\/2023\\\/08\\\/Logo-Heureka-480x150-1.png\",\"width\":480,\"height\":150,\"caption\":\"DAMARA s.r.o.\"},\"image\":{\"@id\":\"https:\\\/\\\/www.varygrow.com\\\/cs\\\/#\\\/schema\\\/logo\\\/image\\\/\"},\"sameAs\":[\"https:\\\/\\\/facebook.com\\\/VaryGrow\"]}]}<\/script>\n<!-- \/ Yoast SEO plugin. -->","yoast_head_json":{"title":"ONA Liquid Polar Crystal 922 ml","description":"ONA Liquid je obecn\u00fd odstra\u0148ova\u010d z\u00e1pachu, kter\u00fd lze p\u0159id\u00e1vat do post\u0159ikova\u010d\u016f nebo \u0159edit vodou a pou\u017e\u00edvat jako myc\u00ed prost\u0159edek.","robots":{"index":"index","follow":"follow","max-snippet":"max-snippet:-1","max-image-preview":"max-image-preview:large","max-video-preview":"max-video-preview:-1"},"canonical":"https:\/\/www.varygrow.com\/cs\/eshop\/ona-liquid-polar-crystal-922-ml\/","og_locale":"cs_CZ","og_type":"article","og_title":"ONA Liquid Polar Crystal 922 ml","og_description":"ONA Liquid je obecn\u00fd odstra\u0148ova\u010d z\u00e1pachu, kter\u00fd lze p\u0159id\u00e1vat do post\u0159ikova\u010d\u016f nebo \u0159edit vodou a pou\u017e\u00edvat jako myc\u00ed prost\u0159edek.","og_url":"https:\/\/www.varygrow.com\/cs\/eshop\/ona-liquid-polar-crystal-922-ml\/","og_site_name":"VaryGrow","article_publisher":"https:\/\/facebook.com\/VaryGrow","og_image":[{"width":800,"height":800,"url":"https:\/\/www.varygrow.com\/wp-content\/uploads\/sites\/19\/2026\/02\/ONA-Liquid-Polar-Crystal-922-ml.jpg","type":"image\/jpeg"}],"twitter_card":"summary_large_image","twitter_misc":{"Odhadovan\u00e1 doba \u010dten\u00ed":"1 minuta"},"schema":{"@context":"https:\/\/schema.org","@graph":[{"@type":"WebPage","@id":"https:\/\/www.varygrow.com\/cs\/eshop\/ona-liquid-polar-crystal-922-ml\/","url":"https:\/\/www.varygrow.com\/cs\/eshop\/ona-liquid-polar-crystal-922-ml\/","name":"ONA Liquid Polar Crystal 922 ml","isPartOf":{"@id":"https:\/\/www.varygrow.com\/cs\/#website"},"primaryImageOfPage":{"@id":"https:\/\/www.varygrow.com\/cs\/eshop\/ona-liquid-polar-crystal-922-ml\/#primaryimage"},"image":{"@id":"https:\/\/www.varygrow.com\/cs\/eshop\/ona-liquid-polar-crystal-922-ml\/#primaryimage"},"thumbnailUrl":"https:\/\/www.varygrow.com\/wp-content\/uploads\/sites\/19\/2026\/02\/ONA-Liquid-Polar-Crystal-922-ml.jpg","datePublished":"2026-04-16T02:01:32+00:00","description":"ONA Liquid je obecn\u00fd odstra\u0148ova\u010d z\u00e1pachu, kter\u00fd lze p\u0159id\u00e1vat do post\u0159ikova\u010d\u016f nebo \u0159edit vodou a pou\u017e\u00edvat jako myc\u00ed prost\u0159edek.","breadcrumb":{"@id":"https:\/\/www.varygrow.com\/cs\/eshop\/ona-liquid-polar-crystal-922-ml\/#breadcrumb"},"inLanguage":"cs","potentialAction":[{"@type":"ReadAction","target":["https:\/\/www.varygrow.com\/cs\/eshop\/ona-liquid-polar-crystal-922-ml\/"]}]},{"@type":"ImageObject","inLanguage":"cs","@id":"https:\/\/www.varygrow.com\/cs\/eshop\/ona-liquid-polar-crystal-922-ml\/#primaryimage","url":"https:\/\/www.varygrow.com\/wp-content\/uploads\/sites\/19\/2026\/02\/ONA-Liquid-Polar-Crystal-922-ml.jpg","contentUrl":"https:\/\/www.varygrow.com\/wp-content\/uploads\/sites\/19\/2026\/02\/ONA-Liquid-Polar-Crystal-922-ml.jpg","width":800,"height":800,"caption":"ONA Liquid Polar Crystal 922 ml"},{"@type":"BreadcrumbList","@id":"https:\/\/www.varygrow.com\/cs\/eshop\/ona-liquid-polar-crystal-922-ml\/#breadcrumb","itemListElement":[{"@type":"ListItem","position":1,"name":"Dom\u016f","item":"https:\/\/www.varygrow.com\/cs\/"},{"@type":"ListItem","position":2,"name":"Eshop","item":"https:\/\/www.varygrow.com\/cs\/eshop\/"},{"@type":"ListItem","position":3,"name":"ONA Liquid Polar Crystal 922 ml"}]},{"@type":"WebSite","@id":"https:\/\/www.varygrow.com\/cs\/#website","url":"https:\/\/www.varygrow.com\/cs\/","name":"VaryGrow","description":"Udr\u017eiteln\u00e9 podnik\u00e1n\u00ed","publisher":{"@id":"https:\/\/www.varygrow.com\/cs\/#organization"},"potentialAction":[{"@type":"SearchAction","target":{"@type":"EntryPoint","urlTemplate":"https:\/\/www.varygrow.com\/cs\/?s={search_term_string}"},"query-input":{"@type":"PropertyValueSpecification","valueRequired":true,"valueName":"search_term_string"}}],"inLanguage":"cs"},{"@type":"Organization","@id":"https:\/\/www.varygrow.com\/cs\/#organization","name":"DAMARA s.r.o.","url":"https:\/\/www.varygrow.com\/cs\/","logo":{"@type":"ImageObject","inLanguage":"cs","@id":"https:\/\/www.varygrow.com\/cs\/#\/schema\/logo\/image\/","url":"https:\/\/www.varygrow.com\/wp-content\/uploads\/sites\/19\/2023\/08\/Logo-Heureka-480x150-1.png","contentUrl":"https:\/\/www.varygrow.com\/wp-content\/uploads\/sites\/19\/2023\/08\/Logo-Heureka-480x150-1.png","width":480,"height":150,"caption":"DAMARA s.r.o."},"image":{"@id":"https:\/\/www.varygrow.com\/cs\/#\/schema\/logo\/image\/"},"sameAs":["https:\/\/facebook.com\/VaryGrow"]}]}},"brands":[{"id":5875,"name":"ONA","slug":"ona"}],"_links":{"self":[{"href":"https:\/\/www.varygrow.com\/cs\/wp-json\/wp\/v2\/product\/318276","targetHints":{"allow":["GET"]}}],"collection":[{"href":"https:\/\/www.varygrow.com\/cs\/wp-json\/wp\/v2\/product"}],"about":[{"href":"https:\/\/www.varygrow.com\/cs\/wp-json\/wp\/v2\/types\/product"}],"replies":[{"embeddable":true,"href":"https:\/\/www.varygrow.com\/cs\/wp-json\/wp\/v2\/comments?post=318276"}],"wp:featuredmedia":[{"embeddable":true,"href":"https:\/\/www.varygrow.com\/cs\/wp-json\/wp\/v2\/media\/324387"}],"wp:attachment":[{"href":"https:\/\/www.varygrow.com\/cs\/wp-json\/wp\/v2\/media?parent=318276"}],"wp:term":[{"taxonomy":"pwb-brand","embeddable":true,"href":"https:\/\/www.varygrow.com\/cs\/wp-json\/wp\/v2\/pwb-brand?post=318276"},{"taxonomy":"product_brand","embeddable":true,"href":"https:\/\/www.varygrow.com\/cs\/wp-json\/wp\/v2\/product_brand?post=318276"},{"taxonomy":"product_cat","embeddable":true,"href":"https:\/\/www.varygrow.com\/cs\/wp-json\/wp\/v2\/product_cat?post=318276"},{"taxonomy":"product_tag","embeddable":true,"href":"https:\/\/www.varygrow.com\/cs\/wp-json\/wp\/v2\/product_tag?post=318276"},{"taxonomy":"berocket_brand","embeddable":true,"href":"https:\/\/www.varygrow.com\/cs\/wp-json\/wp\/v2\/berocket_brand?post=318276"}],"curies":[{"name":"wp","href":"https:\/\/api.w.org\/{rel}","templated":true}]}}