{"id":318547,"date":"2026-04-17T03:03:17","date_gmt":"2026-04-17T01:03:17","guid":{"rendered":"https:\/\/www.varygrow.com\/eshop\/puffco-proxy-travel-pack-cestovni-sada-pro-vaporizer-2\/"},"modified":"2026-04-17T03:03:18","modified_gmt":"2026-04-17T01:03:18","slug":"puffco-proxy-travel-pack-cestovni-sada-pro-vaporizer","status":"publish","type":"product","link":"https:\/\/www.varygrow.com\/cs\/eshop\/puffco-proxy-travel-pack-cestovni-sada-pro-vaporizer\/","title":{"rendered":"Puffco Proxy Travel Pack, cestovn\u00ed sada pro vaporiz\u00e9r"},"content":{"rendered":"<p>V cestovn\u00edm balen\u00ed Puffco Proxy je v\u0161e pot\u0159ebn\u00e9 ke konzumaci ulo\u017eeno v jedn\u00e9 p\u0159enosn\u00e9 n\u00e1dob\u011b, tak\u017ee konzumace na cest\u00e1ch je snadn\u011bj\u0161\u00ed ne\u017e kdykoli p\u0159edt\u00edm. Cestovn\u00ed balen\u00ed obsahuje:<\/p>\n<ul>\n<li>Silikonov\u00fd batoh: Sada: P\u0159id\u00e1v\u00e1 mobiln\u00ed \u00falo\u017en\u00fd prostor pro du\u00e1ln\u00ed n\u00e1stroje s ploch\u00fdm dnem.<\/li>\n<li>Kuli\u010dkov\u00e1 \u010depice Proxy: P\u0159id\u00e1v\u00e1 sm\u011brov\u00e9 proud\u011bn\u00ed vzduchu, kter\u00e9 zaji\u0161\u0165uje konzistentn\u011bj\u0161\u00ed a vaporem napln\u011bn\u00fd hit.<\/li>\n<li>Proxy Carb Cap a Tether:&nbsp;Udr\u017euje karbur\u00e1torovou \u010depi\u010dku a olej Oculus bezpe\u010dn\u011b tam, kam pat\u0159\u00ed.<\/li>\n<li>N\u00e1ustek: Chr\u00e1n\u00ed sklen\u011bnou \u0161pi\u010dku a poskytuje hygienick\u00fd prost\u0159edek pro sd\u00edlen\u00ed.<\/li>\n<li>neobsahuje vaporiz\u00e9r<\/li>\n<\/ul>\n<p>*Tento v\u00fdrobek nen\u00ed ur\u010den pro pou\u017eit\u00ed s tab\u00e1kem, e-liquidy obsahuj\u00edc\u00edmi nikotin ani s \u017e\u00e1dn\u00fdm syntetick\u00fdm nikotinem nebo n\u00e1hradou nikotinu.<\/p>\n","protected":false},"excerpt":{"rendered":"<p>V cestovn\u00edm balen\u00ed Puffco Proxy je v\u0161e pot\u0159ebn\u00e9 ke konzumaci ulo\u017eeno v jedn\u00e9 p\u0159enosn\u00e9 n\u00e1dob\u011b, tak\u017ee konzumace na cest\u00e1ch je snadn\u011bj\u0161\u00ed ne\u017e kdykoli p\u0159edt\u00edm. Cestovn\u00ed balen\u00ed obsahuje:<\/p>\n","protected":false},"featured_media":325028,"comment_status":"open","ping_status":"open","template":"","meta":[],"pwb-brand":[5924],"product_brand":[],"product_cat":[10586,10513,10933,10685],"product_tag":[6166,15317,6412,6223],"berocket_brand":[106],"class_list":{"0":"post-318547","1":"product","2":"type-product","3":"status-publish","4":"has-post-thumbnail","6":"pwb-brand-puffco","7":"product_cat-headshop","8":"product_cat-naarden","9":"product_cat-puffco","10":"product_cat-vaporizery","11":"product_tag-headshop","12":"product_tag-naarden","13":"product_tag-puffco","14":"product_tag-vaporizery","15":"pa_ean-4492","16":"berocket_brand-naarden","17":"sales-flash-overlay","18":"woocommerce-text-align-center","19":"woocommerce-image-align-center","20":"do-quantity-buttons","22":"first","23":"instock","24":"purchasable","25":"product-type-simple"},"yoast_head":"<!-- This site is optimized with the Yoast SEO plugin v27.4 - https:\/\/yoast.com\/product\/yoast-seo-wordpress\/ -->\n<title>Puffco Proxy Travel Pack, cestovn\u00ed sada pro vaporiz\u00e9r<\/title>\n<meta name=\"description\" content=\"V cestovn\u00edm balen\u00ed Puffco Proxy je v\u0161e pot\u0159ebn\u00e9 ke konzumaci ulo\u017eeno v jedn\u00e9 p\u0159enosn\u00e9 n\u00e1dob\u011b, tak\u017ee konzumace na cest\u00e1ch je snadn\u011bj\u0161\u00ed ne\u017e kdykoli p\u0159edt\u00edm. Cestovn\u00ed balen\u00ed obsahuje:\" \/>\n<meta name=\"robots\" content=\"index, follow, max-snippet:-1, max-image-preview:large, max-video-preview:-1\" \/>\n<link rel=\"canonical\" href=\"https:\/\/www.varygrow.com\/cs\/eshop\/puffco-proxy-travel-pack-cestovni-sada-pro-vaporizer\/\" \/>\n<meta property=\"og:locale\" content=\"cs_CZ\" \/>\n<meta property=\"og:type\" content=\"article\" \/>\n<meta property=\"og:title\" content=\"Puffco Proxy Travel Pack, cestovn\u00ed sada pro vaporiz\u00e9r\" \/>\n<meta property=\"og:description\" content=\"V cestovn\u00edm balen\u00ed Puffco Proxy je v\u0161e pot\u0159ebn\u00e9 ke konzumaci ulo\u017eeno v jedn\u00e9 p\u0159enosn\u00e9 n\u00e1dob\u011b, tak\u017ee konzumace na cest\u00e1ch je snadn\u011bj\u0161\u00ed ne\u017e kdykoli p\u0159edt\u00edm. Cestovn\u00ed balen\u00ed obsahuje:\" \/>\n<meta property=\"og:url\" content=\"https:\/\/www.varygrow.com\/cs\/eshop\/puffco-proxy-travel-pack-cestovni-sada-pro-vaporizer\/\" \/>\n<meta property=\"og:site_name\" content=\"VaryGrow\" \/>\n<meta property=\"article:publisher\" content=\"https:\/\/facebook.com\/VaryGrow\" \/>\n<meta property=\"article:modified_time\" content=\"2026-04-17T01:03:18+00:00\" \/>\n<meta property=\"og:image\" content=\"https:\/\/www.varygrow.com\/wp-content\/uploads\/sites\/19\/2026\/02\/Puffco-Proxy-Travel-Pack-cestovni-sada-pro-vaporizer.jpg\" \/>\n\t<meta property=\"og:image:width\" content=\"1000\" \/>\n\t<meta property=\"og:image:height\" content=\"1000\" \/>\n\t<meta property=\"og:image:type\" content=\"image\/jpeg\" \/>\n<meta name=\"twitter:card\" content=\"summary_large_image\" \/>\n<meta name=\"twitter:label1\" content=\"Odhadovan\u00e1 doba \u010dten\u00ed\" \/>\n\t<meta name=\"twitter:data1\" content=\"1 minuta\" \/>\n<script type=\"application\/ld+json\" class=\"yoast-schema-graph\">{\"@context\":\"https:\\\/\\\/schema.org\",\"@graph\":[{\"@type\":\"WebPage\",\"@id\":\"https:\\\/\\\/www.varygrow.com\\\/cs\\\/eshop\\\/puffco-proxy-travel-pack-cestovni-sada-pro-vaporizer\\\/\",\"url\":\"https:\\\/\\\/www.varygrow.com\\\/cs\\\/eshop\\\/puffco-proxy-travel-pack-cestovni-sada-pro-vaporizer\\\/\",\"name\":\"Puffco Proxy Travel Pack, cestovn\u00ed sada pro vaporiz\u00e9r\",\"isPartOf\":{\"@id\":\"https:\\\/\\\/www.varygrow.com\\\/cs\\\/#website\"},\"primaryImageOfPage\":{\"@id\":\"https:\\\/\\\/www.varygrow.com\\\/cs\\\/eshop\\\/puffco-proxy-travel-pack-cestovni-sada-pro-vaporizer\\\/#primaryimage\"},\"image\":{\"@id\":\"https:\\\/\\\/www.varygrow.com\\\/cs\\\/eshop\\\/puffco-proxy-travel-pack-cestovni-sada-pro-vaporizer\\\/#primaryimage\"},\"thumbnailUrl\":\"https:\\\/\\\/www.varygrow.com\\\/wp-content\\\/uploads\\\/sites\\\/19\\\/2026\\\/02\\\/Puffco-Proxy-Travel-Pack-cestovni-sada-pro-vaporizer.jpg\",\"datePublished\":\"2026-04-17T01:03:17+00:00\",\"dateModified\":\"2026-04-17T01:03:18+00:00\",\"description\":\"V cestovn\u00edm balen\u00ed Puffco Proxy je v\u0161e pot\u0159ebn\u00e9 ke konzumaci ulo\u017eeno v jedn\u00e9 p\u0159enosn\u00e9 n\u00e1dob\u011b, tak\u017ee konzumace na cest\u00e1ch je snadn\u011bj\u0161\u00ed ne\u017e kdykoli p\u0159edt\u00edm. Cestovn\u00ed balen\u00ed obsahuje:\",\"breadcrumb\":{\"@id\":\"https:\\\/\\\/www.varygrow.com\\\/cs\\\/eshop\\\/puffco-proxy-travel-pack-cestovni-sada-pro-vaporizer\\\/#breadcrumb\"},\"inLanguage\":\"cs\",\"potentialAction\":[{\"@type\":\"ReadAction\",\"target\":[\"https:\\\/\\\/www.varygrow.com\\\/cs\\\/eshop\\\/puffco-proxy-travel-pack-cestovni-sada-pro-vaporizer\\\/\"]}]},{\"@type\":\"ImageObject\",\"inLanguage\":\"cs\",\"@id\":\"https:\\\/\\\/www.varygrow.com\\\/cs\\\/eshop\\\/puffco-proxy-travel-pack-cestovni-sada-pro-vaporizer\\\/#primaryimage\",\"url\":\"https:\\\/\\\/www.varygrow.com\\\/wp-content\\\/uploads\\\/sites\\\/19\\\/2026\\\/02\\\/Puffco-Proxy-Travel-Pack-cestovni-sada-pro-vaporizer.jpg\",\"contentUrl\":\"https:\\\/\\\/www.varygrow.com\\\/wp-content\\\/uploads\\\/sites\\\/19\\\/2026\\\/02\\\/Puffco-Proxy-Travel-Pack-cestovni-sada-pro-vaporizer.jpg\",\"width\":1000,\"height\":1000,\"caption\":\"Puffco Proxy Travel Pack\"},{\"@type\":\"BreadcrumbList\",\"@id\":\"https:\\\/\\\/www.varygrow.com\\\/cs\\\/eshop\\\/puffco-proxy-travel-pack-cestovni-sada-pro-vaporizer\\\/#breadcrumb\",\"itemListElement\":[{\"@type\":\"ListItem\",\"position\":1,\"name\":\"Dom\u016f\",\"item\":\"https:\\\/\\\/www.varygrow.com\\\/cs\\\/\"},{\"@type\":\"ListItem\",\"position\":2,\"name\":\"Eshop\",\"item\":\"https:\\\/\\\/www.varygrow.com\\\/cs\\\/eshop\\\/\"},{\"@type\":\"ListItem\",\"position\":3,\"name\":\"Puffco Proxy Travel Pack, cestovn\u00ed sada pro vaporiz\u00e9r\"}]},{\"@type\":\"WebSite\",\"@id\":\"https:\\\/\\\/www.varygrow.com\\\/cs\\\/#website\",\"url\":\"https:\\\/\\\/www.varygrow.com\\\/cs\\\/\",\"name\":\"VaryGrow\",\"description\":\"Udr\u017eiteln\u00e9 podnik\u00e1n\u00ed\",\"publisher\":{\"@id\":\"https:\\\/\\\/www.varygrow.com\\\/cs\\\/#organization\"},\"potentialAction\":[{\"@type\":\"SearchAction\",\"target\":{\"@type\":\"EntryPoint\",\"urlTemplate\":\"https:\\\/\\\/www.varygrow.com\\\/cs\\\/?s={search_term_string}\"},\"query-input\":{\"@type\":\"PropertyValueSpecification\",\"valueRequired\":true,\"valueName\":\"search_term_string\"}}],\"inLanguage\":\"cs\"},{\"@type\":\"Organization\",\"@id\":\"https:\\\/\\\/www.varygrow.com\\\/cs\\\/#organization\",\"name\":\"DAMARA s.r.o.\",\"url\":\"https:\\\/\\\/www.varygrow.com\\\/cs\\\/\",\"logo\":{\"@type\":\"ImageObject\",\"inLanguage\":\"cs\",\"@id\":\"https:\\\/\\\/www.varygrow.com\\\/cs\\\/#\\\/schema\\\/logo\\\/image\\\/\",\"url\":\"https:\\\/\\\/www.varygrow.com\\\/wp-content\\\/uploads\\\/sites\\\/19\\\/2023\\\/08\\\/Logo-Heureka-480x150-1.png\",\"contentUrl\":\"https:\\\/\\\/www.varygrow.com\\\/wp-content\\\/uploads\\\/sites\\\/19\\\/2023\\\/08\\\/Logo-Heureka-480x150-1.png\",\"width\":480,\"height\":150,\"caption\":\"DAMARA s.r.o.\"},\"image\":{\"@id\":\"https:\\\/\\\/www.varygrow.com\\\/cs\\\/#\\\/schema\\\/logo\\\/image\\\/\"},\"sameAs\":[\"https:\\\/\\\/facebook.com\\\/VaryGrow\"]}]}<\/script>\n<!-- \/ Yoast SEO plugin. -->","yoast_head_json":{"title":"Puffco Proxy Travel Pack, cestovn\u00ed sada pro vaporiz\u00e9r","description":"V cestovn\u00edm balen\u00ed Puffco Proxy je v\u0161e pot\u0159ebn\u00e9 ke konzumaci ulo\u017eeno v jedn\u00e9 p\u0159enosn\u00e9 n\u00e1dob\u011b, tak\u017ee konzumace na cest\u00e1ch je snadn\u011bj\u0161\u00ed ne\u017e kdykoli p\u0159edt\u00edm. Cestovn\u00ed balen\u00ed obsahuje:","robots":{"index":"index","follow":"follow","max-snippet":"max-snippet:-1","max-image-preview":"max-image-preview:large","max-video-preview":"max-video-preview:-1"},"canonical":"https:\/\/www.varygrow.com\/cs\/eshop\/puffco-proxy-travel-pack-cestovni-sada-pro-vaporizer\/","og_locale":"cs_CZ","og_type":"article","og_title":"Puffco Proxy Travel Pack, cestovn\u00ed sada pro vaporiz\u00e9r","og_description":"V cestovn\u00edm balen\u00ed Puffco Proxy je v\u0161e pot\u0159ebn\u00e9 ke konzumaci ulo\u017eeno v jedn\u00e9 p\u0159enosn\u00e9 n\u00e1dob\u011b, tak\u017ee konzumace na cest\u00e1ch je snadn\u011bj\u0161\u00ed ne\u017e kdykoli p\u0159edt\u00edm. Cestovn\u00ed balen\u00ed obsahuje:","og_url":"https:\/\/www.varygrow.com\/cs\/eshop\/puffco-proxy-travel-pack-cestovni-sada-pro-vaporizer\/","og_site_name":"VaryGrow","article_publisher":"https:\/\/facebook.com\/VaryGrow","article_modified_time":"2026-04-17T01:03:18+00:00","og_image":[{"width":1000,"height":1000,"url":"https:\/\/www.varygrow.com\/wp-content\/uploads\/sites\/19\/2026\/02\/Puffco-Proxy-Travel-Pack-cestovni-sada-pro-vaporizer.jpg","type":"image\/jpeg"}],"twitter_card":"summary_large_image","twitter_misc":{"Odhadovan\u00e1 doba \u010dten\u00ed":"1 minuta"},"schema":{"@context":"https:\/\/schema.org","@graph":[{"@type":"WebPage","@id":"https:\/\/www.varygrow.com\/cs\/eshop\/puffco-proxy-travel-pack-cestovni-sada-pro-vaporizer\/","url":"https:\/\/www.varygrow.com\/cs\/eshop\/puffco-proxy-travel-pack-cestovni-sada-pro-vaporizer\/","name":"Puffco Proxy Travel Pack, cestovn\u00ed sada pro vaporiz\u00e9r","isPartOf":{"@id":"https:\/\/www.varygrow.com\/cs\/#website"},"primaryImageOfPage":{"@id":"https:\/\/www.varygrow.com\/cs\/eshop\/puffco-proxy-travel-pack-cestovni-sada-pro-vaporizer\/#primaryimage"},"image":{"@id":"https:\/\/www.varygrow.com\/cs\/eshop\/puffco-proxy-travel-pack-cestovni-sada-pro-vaporizer\/#primaryimage"},"thumbnailUrl":"https:\/\/www.varygrow.com\/wp-content\/uploads\/sites\/19\/2026\/02\/Puffco-Proxy-Travel-Pack-cestovni-sada-pro-vaporizer.jpg","datePublished":"2026-04-17T01:03:17+00:00","dateModified":"2026-04-17T01:03:18+00:00","description":"V cestovn\u00edm balen\u00ed Puffco Proxy je v\u0161e pot\u0159ebn\u00e9 ke konzumaci ulo\u017eeno v jedn\u00e9 p\u0159enosn\u00e9 n\u00e1dob\u011b, tak\u017ee konzumace na cest\u00e1ch je snadn\u011bj\u0161\u00ed ne\u017e kdykoli p\u0159edt\u00edm. Cestovn\u00ed balen\u00ed obsahuje:","breadcrumb":{"@id":"https:\/\/www.varygrow.com\/cs\/eshop\/puffco-proxy-travel-pack-cestovni-sada-pro-vaporizer\/#breadcrumb"},"inLanguage":"cs","potentialAction":[{"@type":"ReadAction","target":["https:\/\/www.varygrow.com\/cs\/eshop\/puffco-proxy-travel-pack-cestovni-sada-pro-vaporizer\/"]}]},{"@type":"ImageObject","inLanguage":"cs","@id":"https:\/\/www.varygrow.com\/cs\/eshop\/puffco-proxy-travel-pack-cestovni-sada-pro-vaporizer\/#primaryimage","url":"https:\/\/www.varygrow.com\/wp-content\/uploads\/sites\/19\/2026\/02\/Puffco-Proxy-Travel-Pack-cestovni-sada-pro-vaporizer.jpg","contentUrl":"https:\/\/www.varygrow.com\/wp-content\/uploads\/sites\/19\/2026\/02\/Puffco-Proxy-Travel-Pack-cestovni-sada-pro-vaporizer.jpg","width":1000,"height":1000,"caption":"Puffco Proxy Travel Pack"},{"@type":"BreadcrumbList","@id":"https:\/\/www.varygrow.com\/cs\/eshop\/puffco-proxy-travel-pack-cestovni-sada-pro-vaporizer\/#breadcrumb","itemListElement":[{"@type":"ListItem","position":1,"name":"Dom\u016f","item":"https:\/\/www.varygrow.com\/cs\/"},{"@type":"ListItem","position":2,"name":"Eshop","item":"https:\/\/www.varygrow.com\/cs\/eshop\/"},{"@type":"ListItem","position":3,"name":"Puffco Proxy Travel Pack, cestovn\u00ed sada pro vaporiz\u00e9r"}]},{"@type":"WebSite","@id":"https:\/\/www.varygrow.com\/cs\/#website","url":"https:\/\/www.varygrow.com\/cs\/","name":"VaryGrow","description":"Udr\u017eiteln\u00e9 podnik\u00e1n\u00ed","publisher":{"@id":"https:\/\/www.varygrow.com\/cs\/#organization"},"potentialAction":[{"@type":"SearchAction","target":{"@type":"EntryPoint","urlTemplate":"https:\/\/www.varygrow.com\/cs\/?s={search_term_string}"},"query-input":{"@type":"PropertyValueSpecification","valueRequired":true,"valueName":"search_term_string"}}],"inLanguage":"cs"},{"@type":"Organization","@id":"https:\/\/www.varygrow.com\/cs\/#organization","name":"DAMARA s.r.o.","url":"https:\/\/www.varygrow.com\/cs\/","logo":{"@type":"ImageObject","inLanguage":"cs","@id":"https:\/\/www.varygrow.com\/cs\/#\/schema\/logo\/image\/","url":"https:\/\/www.varygrow.com\/wp-content\/uploads\/sites\/19\/2023\/08\/Logo-Heureka-480x150-1.png","contentUrl":"https:\/\/www.varygrow.com\/wp-content\/uploads\/sites\/19\/2023\/08\/Logo-Heureka-480x150-1.png","width":480,"height":150,"caption":"DAMARA s.r.o."},"image":{"@id":"https:\/\/www.varygrow.com\/cs\/#\/schema\/logo\/image\/"},"sameAs":["https:\/\/facebook.com\/VaryGrow"]}]}},"brands":[{"id":5924,"name":"Puffco","slug":"puffco"}],"_links":{"self":[{"href":"https:\/\/www.varygrow.com\/cs\/wp-json\/wp\/v2\/product\/318547","targetHints":{"allow":["GET"]}}],"collection":[{"href":"https:\/\/www.varygrow.com\/cs\/wp-json\/wp\/v2\/product"}],"about":[{"href":"https:\/\/www.varygrow.com\/cs\/wp-json\/wp\/v2\/types\/product"}],"replies":[{"embeddable":true,"href":"https:\/\/www.varygrow.com\/cs\/wp-json\/wp\/v2\/comments?post=318547"}],"wp:featuredmedia":[{"embeddable":true,"href":"https:\/\/www.varygrow.com\/cs\/wp-json\/wp\/v2\/media\/325028"}],"wp:attachment":[{"href":"https:\/\/www.varygrow.com\/cs\/wp-json\/wp\/v2\/media?parent=318547"}],"wp:term":[{"taxonomy":"pwb-brand","embeddable":true,"href":"https:\/\/www.varygrow.com\/cs\/wp-json\/wp\/v2\/pwb-brand?post=318547"},{"taxonomy":"product_brand","embeddable":true,"href":"https:\/\/www.varygrow.com\/cs\/wp-json\/wp\/v2\/product_brand?post=318547"},{"taxonomy":"product_cat","embeddable":true,"href":"https:\/\/www.varygrow.com\/cs\/wp-json\/wp\/v2\/product_cat?post=318547"},{"taxonomy":"product_tag","embeddable":true,"href":"https:\/\/www.varygrow.com\/cs\/wp-json\/wp\/v2\/product_tag?post=318547"},{"taxonomy":"berocket_brand","embeddable":true,"href":"https:\/\/www.varygrow.com\/cs\/wp-json\/wp\/v2\/berocket_brand?post=318547"}],"curies":[{"name":"wp","href":"https:\/\/api.w.org\/{rel}","templated":true}]}}