{"id":318882,"date":"2026-04-17T04:38:59","date_gmt":"2026-04-17T02:38:59","guid":{"rendered":"https:\/\/www.varygrow.com\/eshop\/shogun-zenzym-250-ml-2\/"},"modified":"2026-04-17T04:38:59","modified_gmt":"2026-04-17T02:38:59","slug":"shogun-zenzym-250-ml","status":"publish","type":"product","link":"https:\/\/www.varygrow.com\/cs\/eshop\/shogun-zenzym-250-ml\/","title":{"rendered":"Shogun Zenzym 250 ml"},"content":{"rendered":"<p>Pou\u017eit\u00ed: Vhodn\u00e9 pro v\u0161echny typy p\u011bstebn\u00edch m\u00e9di\u00ed a pro p\u011bstitele, kte\u0159\u00ed pou\u017e\u00edvaj\u00ed aktivn\u00ed hydroponick\u00e9 nebo fertiga\u010dn\u00ed syst\u00e9my. Pou\u017e\u00edvejte spole\u010dn\u011b s b\u011b\u017en\u00fdmi \u017eivinami. Jedn\u00e1 se o biostimul\u00e1tor a nen\u00ed to kompletn\u00ed krmivo.<\/p>\n<p>Krmivo pro ko\u0159eny &#8211; p\u0159idejte v d\u00e1vce 2,5 ml\/l do konve nebo z\u00e1sobn\u00edku a za\u010dn\u011bte aplikovat ihned po vysazen\u00ed a po celou dobu a\u017e do sklizn\u011b.<\/p>\n<p>SHOGUN Zenzym je jedine\u010dn\u00e1 sm\u011bs enzym\u016f, kter\u00e1 udr\u017euje ko\u0159enovou z\u00f3nu v dobr\u00e9m stavu. Rychl\u00fdm rozkladem mikroskopick\u00e9 odum\u0159el\u00e9 ko\u0159enov\u00e9 hmoty udr\u017euje SHOGUN Zenzym ko\u0159enovou z\u00f3nu \u010distou a uvol\u0148uje uzam\u010den\u00e9 \u017eiviny z odum\u0159el\u00e9 hmoty zp\u011bt do rostliny. To stimuluje dal\u0161\u00ed r\u016fst ko\u0159en\u016f a v\u00fdrazn\u011b zvy\u0161uje p\u0159\u00edjem \u017eivin, co\u017e vede k celkov\u00e9mu zv\u00fd\u0161en\u00ed v\u00fdkonnosti a v\u00fdnosu rostlin. Ur\u010deno k pou\u017eit\u00ed v pr\u016fb\u011bhu vegetace i kveten\u00ed.<\/p>\n<p>Kl\u00ed\u010dov\u00e9 vlastnosti<\/p>\n<ul>\n<li>V\u00fdkonn\u00fd prost\u0159edek pro recyklaci m\u00e9dia s vynikaj\u00edc\u00ed sm\u011bs\u00ed enzym\u016f<\/li>\n<li>O\u017eivuje opot\u0159ebovan\u00e1 m\u00e9dia rychl\u00fdm rozkladem odum\u0159el\u00fdch ko\u0159enov\u00fdch l\u00e1tek<\/li>\n<li>Zvy\u0161uje absorpci \u017eivin<\/li>\n<li>Stimuluje dal\u0161\u00ed r\u016fst ko\u0159en\u016f<\/li>\n<\/ul>\n","protected":false},"excerpt":{"rendered":"<p>SHOGUN Zenzym je jedine\u010dn\u00e1 sm\u011bs enzym\u016f, kter\u00e1 udr\u017euje ko\u0159enovou z\u00f3nu v dobr\u00e9m stavu. Rychl\u00fdm rozkladem mikroskopick\u00e9 odum\u0159el\u00e9 ko\u0159enov\u00e9 hmoty udr\u017euje SHOGUN Zenzym ko\u0159enovou z\u00f3nu \u010distou a uvol\u0148uje uzam\u010den\u00e9 \u017eiviny z odum\u0159el\u00e9 hmoty zp\u011bt do rostliny.<\/p>\n","protected":false},"featured_media":326120,"comment_status":"open","ping_status":"open","template":"","meta":[],"pwb-brand":[5976],"product_brand":[],"product_cat":[10532,10513,10983,10984],"product_tag":[6061,15317,6446,6447],"berocket_brand":[106],"class_list":{"0":"post-318882","1":"product","2":"type-product","3":"status-publish","4":"has-post-thumbnail","6":"pwb-brand-shogun","7":"product_cat-hnojiva","8":"product_cat-naarden","9":"product_cat-shogun","10":"product_cat-shogun-doplnky","11":"product_tag-hnojiva","12":"product_tag-naarden","13":"product_tag-shogun","14":"product_tag-shogun-doplnky","15":"pa_ean-4968","16":"berocket_brand-naarden","17":"sales-flash-overlay","18":"woocommerce-text-align-center","19":"woocommerce-image-align-center","20":"do-quantity-buttons","22":"first","23":"instock","24":"purchasable","25":"product-type-simple"},"yoast_head":"<!-- This site is optimized with the Yoast SEO plugin v27.4 - https:\/\/yoast.com\/product\/yoast-seo-wordpress\/ -->\n<title>Shogun Zenzym 250 ml<\/title>\n<meta name=\"description\" content=\"SHOGUN Zenzym je jedine\u010dn\u00e1 sm\u011bs enzym\u016f, kter\u00e1 udr\u017euje ko\u0159enovou z\u00f3nu v dobr\u00e9m stavu. Rychl\u00fdm rozkladem mikroskopick\u00e9 odum\u0159el\u00e9 ko\u0159enov\u00e9 hmoty udr\u017euje SHOGUN Zenzym ko\u0159enovou z\u00f3nu \u010distou a uvol\u0148uje uzam\u010den\u00e9 \u017eiviny z odum\u0159el\u00e9 hmoty zp\u011bt do rostliny.\" \/>\n<meta name=\"robots\" content=\"index, follow, max-snippet:-1, max-image-preview:large, max-video-preview:-1\" \/>\n<link rel=\"canonical\" href=\"https:\/\/www.varygrow.com\/cs\/eshop\/shogun-zenzym-250-ml\/\" \/>\n<meta property=\"og:locale\" content=\"cs_CZ\" \/>\n<meta property=\"og:type\" content=\"article\" \/>\n<meta property=\"og:title\" content=\"Shogun Zenzym 250 ml\" \/>\n<meta property=\"og:description\" content=\"SHOGUN Zenzym je jedine\u010dn\u00e1 sm\u011bs enzym\u016f, kter\u00e1 udr\u017euje ko\u0159enovou z\u00f3nu v dobr\u00e9m stavu. Rychl\u00fdm rozkladem mikroskopick\u00e9 odum\u0159el\u00e9 ko\u0159enov\u00e9 hmoty udr\u017euje SHOGUN Zenzym ko\u0159enovou z\u00f3nu \u010distou a uvol\u0148uje uzam\u010den\u00e9 \u017eiviny z odum\u0159el\u00e9 hmoty zp\u011bt do rostliny.\" \/>\n<meta property=\"og:url\" content=\"https:\/\/www.varygrow.com\/cs\/eshop\/shogun-zenzym-250-ml\/\" \/>\n<meta property=\"og:site_name\" content=\"VaryGrow\" \/>\n<meta property=\"article:publisher\" content=\"https:\/\/facebook.com\/VaryGrow\" \/>\n<meta property=\"og:image\" content=\"https:\/\/www.varygrow.com\/wp-content\/uploads\/sites\/19\/2026\/02\/Shogun-Zenzym-250-ml.jpg\" \/>\n\t<meta property=\"og:image:width\" content=\"1000\" \/>\n\t<meta property=\"og:image:height\" content=\"1000\" \/>\n\t<meta property=\"og:image:type\" content=\"image\/jpeg\" \/>\n<meta name=\"twitter:card\" content=\"summary_large_image\" \/>\n<meta name=\"twitter:label1\" content=\"Odhadovan\u00e1 doba \u010dten\u00ed\" \/>\n\t<meta name=\"twitter:data1\" content=\"1 minuta\" \/>\n<script type=\"application\/ld+json\" class=\"yoast-schema-graph\">{\"@context\":\"https:\\\/\\\/schema.org\",\"@graph\":[{\"@type\":\"WebPage\",\"@id\":\"https:\\\/\\\/www.varygrow.com\\\/cs\\\/eshop\\\/shogun-zenzym-250-ml\\\/\",\"url\":\"https:\\\/\\\/www.varygrow.com\\\/cs\\\/eshop\\\/shogun-zenzym-250-ml\\\/\",\"name\":\"Shogun Zenzym 250 ml\",\"isPartOf\":{\"@id\":\"https:\\\/\\\/www.varygrow.com\\\/cs\\\/#website\"},\"primaryImageOfPage\":{\"@id\":\"https:\\\/\\\/www.varygrow.com\\\/cs\\\/eshop\\\/shogun-zenzym-250-ml\\\/#primaryimage\"},\"image\":{\"@id\":\"https:\\\/\\\/www.varygrow.com\\\/cs\\\/eshop\\\/shogun-zenzym-250-ml\\\/#primaryimage\"},\"thumbnailUrl\":\"https:\\\/\\\/www.varygrow.com\\\/wp-content\\\/uploads\\\/sites\\\/19\\\/2026\\\/02\\\/Shogun-Zenzym-250-ml.jpg\",\"datePublished\":\"2026-04-17T02:38:59+00:00\",\"description\":\"SHOGUN Zenzym je jedine\u010dn\u00e1 sm\u011bs enzym\u016f, kter\u00e1 udr\u017euje ko\u0159enovou z\u00f3nu v dobr\u00e9m stavu. Rychl\u00fdm rozkladem mikroskopick\u00e9 odum\u0159el\u00e9 ko\u0159enov\u00e9 hmoty udr\u017euje SHOGUN Zenzym ko\u0159enovou z\u00f3nu \u010distou a uvol\u0148uje uzam\u010den\u00e9 \u017eiviny z odum\u0159el\u00e9 hmoty zp\u011bt do rostliny.\",\"breadcrumb\":{\"@id\":\"https:\\\/\\\/www.varygrow.com\\\/cs\\\/eshop\\\/shogun-zenzym-250-ml\\\/#breadcrumb\"},\"inLanguage\":\"cs\",\"potentialAction\":[{\"@type\":\"ReadAction\",\"target\":[\"https:\\\/\\\/www.varygrow.com\\\/cs\\\/eshop\\\/shogun-zenzym-250-ml\\\/\"]}]},{\"@type\":\"ImageObject\",\"inLanguage\":\"cs\",\"@id\":\"https:\\\/\\\/www.varygrow.com\\\/cs\\\/eshop\\\/shogun-zenzym-250-ml\\\/#primaryimage\",\"url\":\"https:\\\/\\\/www.varygrow.com\\\/wp-content\\\/uploads\\\/sites\\\/19\\\/2026\\\/02\\\/Shogun-Zenzym-250-ml.jpg\",\"contentUrl\":\"https:\\\/\\\/www.varygrow.com\\\/wp-content\\\/uploads\\\/sites\\\/19\\\/2026\\\/02\\\/Shogun-Zenzym-250-ml.jpg\",\"width\":1000,\"height\":1000,\"caption\":\"Shogun Zenzym 250 ml\"},{\"@type\":\"BreadcrumbList\",\"@id\":\"https:\\\/\\\/www.varygrow.com\\\/cs\\\/eshop\\\/shogun-zenzym-250-ml\\\/#breadcrumb\",\"itemListElement\":[{\"@type\":\"ListItem\",\"position\":1,\"name\":\"Dom\u016f\",\"item\":\"https:\\\/\\\/www.varygrow.com\\\/cs\\\/\"},{\"@type\":\"ListItem\",\"position\":2,\"name\":\"Eshop\",\"item\":\"https:\\\/\\\/www.varygrow.com\\\/cs\\\/eshop\\\/\"},{\"@type\":\"ListItem\",\"position\":3,\"name\":\"Shogun Zenzym 250 ml\"}]},{\"@type\":\"WebSite\",\"@id\":\"https:\\\/\\\/www.varygrow.com\\\/cs\\\/#website\",\"url\":\"https:\\\/\\\/www.varygrow.com\\\/cs\\\/\",\"name\":\"VaryGrow\",\"description\":\"Udr\u017eiteln\u00e9 podnik\u00e1n\u00ed\",\"publisher\":{\"@id\":\"https:\\\/\\\/www.varygrow.com\\\/cs\\\/#organization\"},\"potentialAction\":[{\"@type\":\"SearchAction\",\"target\":{\"@type\":\"EntryPoint\",\"urlTemplate\":\"https:\\\/\\\/www.varygrow.com\\\/cs\\\/?s={search_term_string}\"},\"query-input\":{\"@type\":\"PropertyValueSpecification\",\"valueRequired\":true,\"valueName\":\"search_term_string\"}}],\"inLanguage\":\"cs\"},{\"@type\":\"Organization\",\"@id\":\"https:\\\/\\\/www.varygrow.com\\\/cs\\\/#organization\",\"name\":\"DAMARA s.r.o.\",\"url\":\"https:\\\/\\\/www.varygrow.com\\\/cs\\\/\",\"logo\":{\"@type\":\"ImageObject\",\"inLanguage\":\"cs\",\"@id\":\"https:\\\/\\\/www.varygrow.com\\\/cs\\\/#\\\/schema\\\/logo\\\/image\\\/\",\"url\":\"https:\\\/\\\/www.varygrow.com\\\/wp-content\\\/uploads\\\/sites\\\/19\\\/2023\\\/08\\\/Logo-Heureka-480x150-1.png\",\"contentUrl\":\"https:\\\/\\\/www.varygrow.com\\\/wp-content\\\/uploads\\\/sites\\\/19\\\/2023\\\/08\\\/Logo-Heureka-480x150-1.png\",\"width\":480,\"height\":150,\"caption\":\"DAMARA s.r.o.\"},\"image\":{\"@id\":\"https:\\\/\\\/www.varygrow.com\\\/cs\\\/#\\\/schema\\\/logo\\\/image\\\/\"},\"sameAs\":[\"https:\\\/\\\/facebook.com\\\/VaryGrow\"]}]}<\/script>\n<!-- \/ Yoast SEO plugin. -->","yoast_head_json":{"title":"Shogun Zenzym 250 ml","description":"SHOGUN Zenzym je jedine\u010dn\u00e1 sm\u011bs enzym\u016f, kter\u00e1 udr\u017euje ko\u0159enovou z\u00f3nu v dobr\u00e9m stavu. Rychl\u00fdm rozkladem mikroskopick\u00e9 odum\u0159el\u00e9 ko\u0159enov\u00e9 hmoty udr\u017euje SHOGUN Zenzym ko\u0159enovou z\u00f3nu \u010distou a uvol\u0148uje uzam\u010den\u00e9 \u017eiviny z odum\u0159el\u00e9 hmoty zp\u011bt do rostliny.","robots":{"index":"index","follow":"follow","max-snippet":"max-snippet:-1","max-image-preview":"max-image-preview:large","max-video-preview":"max-video-preview:-1"},"canonical":"https:\/\/www.varygrow.com\/cs\/eshop\/shogun-zenzym-250-ml\/","og_locale":"cs_CZ","og_type":"article","og_title":"Shogun Zenzym 250 ml","og_description":"SHOGUN Zenzym je jedine\u010dn\u00e1 sm\u011bs enzym\u016f, kter\u00e1 udr\u017euje ko\u0159enovou z\u00f3nu v dobr\u00e9m stavu. Rychl\u00fdm rozkladem mikroskopick\u00e9 odum\u0159el\u00e9 ko\u0159enov\u00e9 hmoty udr\u017euje SHOGUN Zenzym ko\u0159enovou z\u00f3nu \u010distou a uvol\u0148uje uzam\u010den\u00e9 \u017eiviny z odum\u0159el\u00e9 hmoty zp\u011bt do rostliny.","og_url":"https:\/\/www.varygrow.com\/cs\/eshop\/shogun-zenzym-250-ml\/","og_site_name":"VaryGrow","article_publisher":"https:\/\/facebook.com\/VaryGrow","og_image":[{"width":1000,"height":1000,"url":"https:\/\/www.varygrow.com\/wp-content\/uploads\/sites\/19\/2026\/02\/Shogun-Zenzym-250-ml.jpg","type":"image\/jpeg"}],"twitter_card":"summary_large_image","twitter_misc":{"Odhadovan\u00e1 doba \u010dten\u00ed":"1 minuta"},"schema":{"@context":"https:\/\/schema.org","@graph":[{"@type":"WebPage","@id":"https:\/\/www.varygrow.com\/cs\/eshop\/shogun-zenzym-250-ml\/","url":"https:\/\/www.varygrow.com\/cs\/eshop\/shogun-zenzym-250-ml\/","name":"Shogun Zenzym 250 ml","isPartOf":{"@id":"https:\/\/www.varygrow.com\/cs\/#website"},"primaryImageOfPage":{"@id":"https:\/\/www.varygrow.com\/cs\/eshop\/shogun-zenzym-250-ml\/#primaryimage"},"image":{"@id":"https:\/\/www.varygrow.com\/cs\/eshop\/shogun-zenzym-250-ml\/#primaryimage"},"thumbnailUrl":"https:\/\/www.varygrow.com\/wp-content\/uploads\/sites\/19\/2026\/02\/Shogun-Zenzym-250-ml.jpg","datePublished":"2026-04-17T02:38:59+00:00","description":"SHOGUN Zenzym je jedine\u010dn\u00e1 sm\u011bs enzym\u016f, kter\u00e1 udr\u017euje ko\u0159enovou z\u00f3nu v dobr\u00e9m stavu. Rychl\u00fdm rozkladem mikroskopick\u00e9 odum\u0159el\u00e9 ko\u0159enov\u00e9 hmoty udr\u017euje SHOGUN Zenzym ko\u0159enovou z\u00f3nu \u010distou a uvol\u0148uje uzam\u010den\u00e9 \u017eiviny z odum\u0159el\u00e9 hmoty zp\u011bt do rostliny.","breadcrumb":{"@id":"https:\/\/www.varygrow.com\/cs\/eshop\/shogun-zenzym-250-ml\/#breadcrumb"},"inLanguage":"cs","potentialAction":[{"@type":"ReadAction","target":["https:\/\/www.varygrow.com\/cs\/eshop\/shogun-zenzym-250-ml\/"]}]},{"@type":"ImageObject","inLanguage":"cs","@id":"https:\/\/www.varygrow.com\/cs\/eshop\/shogun-zenzym-250-ml\/#primaryimage","url":"https:\/\/www.varygrow.com\/wp-content\/uploads\/sites\/19\/2026\/02\/Shogun-Zenzym-250-ml.jpg","contentUrl":"https:\/\/www.varygrow.com\/wp-content\/uploads\/sites\/19\/2026\/02\/Shogun-Zenzym-250-ml.jpg","width":1000,"height":1000,"caption":"Shogun Zenzym 250 ml"},{"@type":"BreadcrumbList","@id":"https:\/\/www.varygrow.com\/cs\/eshop\/shogun-zenzym-250-ml\/#breadcrumb","itemListElement":[{"@type":"ListItem","position":1,"name":"Dom\u016f","item":"https:\/\/www.varygrow.com\/cs\/"},{"@type":"ListItem","position":2,"name":"Eshop","item":"https:\/\/www.varygrow.com\/cs\/eshop\/"},{"@type":"ListItem","position":3,"name":"Shogun Zenzym 250 ml"}]},{"@type":"WebSite","@id":"https:\/\/www.varygrow.com\/cs\/#website","url":"https:\/\/www.varygrow.com\/cs\/","name":"VaryGrow","description":"Udr\u017eiteln\u00e9 podnik\u00e1n\u00ed","publisher":{"@id":"https:\/\/www.varygrow.com\/cs\/#organization"},"potentialAction":[{"@type":"SearchAction","target":{"@type":"EntryPoint","urlTemplate":"https:\/\/www.varygrow.com\/cs\/?s={search_term_string}"},"query-input":{"@type":"PropertyValueSpecification","valueRequired":true,"valueName":"search_term_string"}}],"inLanguage":"cs"},{"@type":"Organization","@id":"https:\/\/www.varygrow.com\/cs\/#organization","name":"DAMARA s.r.o.","url":"https:\/\/www.varygrow.com\/cs\/","logo":{"@type":"ImageObject","inLanguage":"cs","@id":"https:\/\/www.varygrow.com\/cs\/#\/schema\/logo\/image\/","url":"https:\/\/www.varygrow.com\/wp-content\/uploads\/sites\/19\/2023\/08\/Logo-Heureka-480x150-1.png","contentUrl":"https:\/\/www.varygrow.com\/wp-content\/uploads\/sites\/19\/2023\/08\/Logo-Heureka-480x150-1.png","width":480,"height":150,"caption":"DAMARA s.r.o."},"image":{"@id":"https:\/\/www.varygrow.com\/cs\/#\/schema\/logo\/image\/"},"sameAs":["https:\/\/facebook.com\/VaryGrow"]}]}},"brands":[{"id":5976,"name":"Shogun","slug":"shogun"}],"_links":{"self":[{"href":"https:\/\/www.varygrow.com\/cs\/wp-json\/wp\/v2\/product\/318882","targetHints":{"allow":["GET"]}}],"collection":[{"href":"https:\/\/www.varygrow.com\/cs\/wp-json\/wp\/v2\/product"}],"about":[{"href":"https:\/\/www.varygrow.com\/cs\/wp-json\/wp\/v2\/types\/product"}],"replies":[{"embeddable":true,"href":"https:\/\/www.varygrow.com\/cs\/wp-json\/wp\/v2\/comments?post=318882"}],"wp:featuredmedia":[{"embeddable":true,"href":"https:\/\/www.varygrow.com\/cs\/wp-json\/wp\/v2\/media\/326120"}],"wp:attachment":[{"href":"https:\/\/www.varygrow.com\/cs\/wp-json\/wp\/v2\/media?parent=318882"}],"wp:term":[{"taxonomy":"pwb-brand","embeddable":true,"href":"https:\/\/www.varygrow.com\/cs\/wp-json\/wp\/v2\/pwb-brand?post=318882"},{"taxonomy":"product_brand","embeddable":true,"href":"https:\/\/www.varygrow.com\/cs\/wp-json\/wp\/v2\/product_brand?post=318882"},{"taxonomy":"product_cat","embeddable":true,"href":"https:\/\/www.varygrow.com\/cs\/wp-json\/wp\/v2\/product_cat?post=318882"},{"taxonomy":"product_tag","embeddable":true,"href":"https:\/\/www.varygrow.com\/cs\/wp-json\/wp\/v2\/product_tag?post=318882"},{"taxonomy":"berocket_brand","embeddable":true,"href":"https:\/\/www.varygrow.com\/cs\/wp-json\/wp\/v2\/berocket_brand?post=318882"}],"curies":[{"name":"wp","href":"https:\/\/api.w.org\/{rel}","templated":true}]}}