{"id":319015,"date":"2026-04-18T04:01:47","date_gmt":"2026-04-18T02:01:47","guid":{"rendered":"https:\/\/www.varygrow.com\/eshop\/torus-hydro-perfect-ph-kapsle-pro-950-litru-2\/"},"modified":"2026-04-18T04:01:48","modified_gmt":"2026-04-18T02:01:48","slug":"torus-hydro-perfect-ph-kapsle-pro-950-litru","status":"publish","type":"product","link":"https:\/\/www.varygrow.com\/cs\/eshop\/torus-hydro-perfect-ph-kapsle-pro-950-litru\/","title":{"rendered":"Torus Hydro Perfect pH kapsle, pro 950 litr\u016f"},"content":{"rendered":"<p>\u2022 Perfect pH je revolu\u010dn\u00ed stabiliz\u00e1tor pH, kter\u00fd automaticky vyrovn\u00e1v\u00e1 pH va\u0161eho hydroponick\u00e9ho \u010di p\u011bstebn\u00edho syst\u00e9mu. Ji\u017e \u017e\u00e1dn\u00e9 m\u011b\u0159\u00edc\u00ed p\u0159\u00edstroje a kyseliny.<\/p>\n<p>\u2022 Perfect pH zajist\u00ed, aby byla hodnota pH st\u00e1le v ide\u00e1ln\u00edm rozmez\u00ed pro optim\u00e1ln\u00ed vst\u0159eb\u00e1v\u00e1n\u00ed \u017eivin.\n<\/p>\n<p>\n\u2022&nbsp;<span style=\"background-color: initial\">Pokro\u010dil\u00e1 iontov\u00e1 technologie Perfect pH odstra\u0148uje necht\u011bn\u00e9 v\u00fdkyvy pH, kter\u00e9 omezuj\u00ed v\u00fdvin rostlin a oslabuj\u00ed imunitn\u00ed syst\u00e9m.<\/span><\/p>\n<p>\n\u2022&nbsp;<span style=\"background-color: initial\">P\u0159i pou\u017eit\u00ed Perfect pH ji\u017e nemus\u00edte do roztoku p\u0159id\u00e1vat \u017e\u00e1dn\u00e9 chemick\u00e9 pufry a kyseliny. Omez\u00edte tak \u010dast\u00e9 zm\u011bny pH a v\u00fdm\u011bny \u017eivn\u00e9ho roztoku.<\/span><\/p>\n<p>V recirkula\u010dn\u00edch syst\u00e9mech buce Perfect pH automaticky udr\u017eovat hodnotu pH na 5,7 &#8211; 6,5.<\/p>\n<p>V ne-recirkula\u010dn\u00edch syst\u00e9mech jednodu\u0161e nastavte po\u017eadovan\u00e9 pH a Perfect pH ji udr\u017e\u00ed v rozmez\u00ed \u00b1 10%.<\/p>\n<p><\/p>\n<p>Kapsle navr\u017eena pro n\u00e1dr\u017ee o objemu 266l, kde udr\u017e\u00ed pH nejm\u00e9n\u011b 2m\u011bs\u00edce. Kapsli pak znovu nabijete perfectpH Recharge Solution.<\/p>\n<p><\/p>\n<p>V men\u0161\u00edch n\u00e1dr\u017e\u00edch kapsle udr\u017e\u00ed stabiln\u00ed pH d\u00e9le.<\/p>\n","protected":false},"excerpt":{"rendered":"<p>Perfect pH je revolu\u010dn\u00ed stabiliz\u00e1tor pH, kter\u00fd automaticky vyrovn\u00e1v\u00e1 pH va\u0161eho hydroponick\u00e9ho \u010di p\u011bstebn\u00edho syst\u00e9mu. Ji\u017e \u017e\u00e1dn\u00e9 m\u011b\u0159\u00edc\u00ed p\u0159\u00edstroje a kyseliny.<\/p>\n","protected":false},"featured_media":326502,"comment_status":"open","ping_status":"open","template":"","meta":[],"pwb-brand":[6021],"product_brand":[],"product_cat":[11081,10513,11263],"product_tag":[6168,15317,6477],"berocket_brand":[106],"class_list":{"0":"post-319015","1":"product","2":"type-product","3":"status-publish","4":"has-post-thumbnail","6":"pwb-brand-torus-hydro","7":"product_cat-mereni-a-regulace","8":"product_cat-naarden","9":"product_cat-perfect-ph-mereni-a-regulace","10":"product_tag-merici-technika","11":"product_tag-naarden","12":"product_tag-perfect-ph","13":"pa_ean-5302","14":"berocket_brand-naarden","15":"sales-flash-overlay","16":"woocommerce-text-align-center","17":"woocommerce-image-align-center","18":"do-quantity-buttons","20":"first","21":"instock","22":"purchasable","23":"product-type-simple"},"yoast_head":"<!-- This site is optimized with the Yoast SEO plugin v27.4 - https:\/\/yoast.com\/product\/yoast-seo-wordpress\/ -->\n<title>Torus Hydro Perfect pH kapsle, pro 950 litr\u016f<\/title>\n<meta name=\"description\" content=\"Perfect pH je revolu\u010dn\u00ed stabiliz\u00e1tor pH, kter\u00fd automaticky vyrovn\u00e1v\u00e1 pH va\u0161eho hydroponick\u00e9ho \u010di p\u011bstebn\u00edho syst\u00e9mu. Ji\u017e \u017e\u00e1dn\u00e9 m\u011b\u0159\u00edc\u00ed p\u0159\u00edstroje a kyseliny.\" \/>\n<meta name=\"robots\" content=\"index, follow, max-snippet:-1, max-image-preview:large, max-video-preview:-1\" \/>\n<link rel=\"canonical\" href=\"https:\/\/www.varygrow.com\/cs\/eshop\/torus-hydro-perfect-ph-kapsle-pro-950-litru\/\" \/>\n<meta property=\"og:locale\" content=\"cs_CZ\" \/>\n<meta property=\"og:type\" content=\"article\" \/>\n<meta property=\"og:title\" content=\"Torus Hydro Perfect pH kapsle, pro 950 litr\u016f\" \/>\n<meta property=\"og:description\" content=\"Perfect pH je revolu\u010dn\u00ed stabiliz\u00e1tor pH, kter\u00fd automaticky vyrovn\u00e1v\u00e1 pH va\u0161eho hydroponick\u00e9ho \u010di p\u011bstebn\u00edho syst\u00e9mu. Ji\u017e \u017e\u00e1dn\u00e9 m\u011b\u0159\u00edc\u00ed p\u0159\u00edstroje a kyseliny.\" \/>\n<meta property=\"og:url\" content=\"https:\/\/www.varygrow.com\/cs\/eshop\/torus-hydro-perfect-ph-kapsle-pro-950-litru\/\" \/>\n<meta property=\"og:site_name\" content=\"VaryGrow\" \/>\n<meta property=\"article:publisher\" content=\"https:\/\/facebook.com\/VaryGrow\" \/>\n<meta property=\"article:modified_time\" content=\"2026-04-18T02:01:48+00:00\" \/>\n<meta property=\"og:image\" content=\"https:\/\/www.varygrow.com\/wp-content\/uploads\/sites\/19\/2026\/02\/Torus-Hydro-Perfect-pH-kapsle-pro-950-litru.jpg\" \/>\n\t<meta property=\"og:image:width\" content=\"600\" \/>\n\t<meta property=\"og:image:height\" content=\"600\" \/>\n\t<meta property=\"og:image:type\" content=\"image\/jpeg\" \/>\n<meta name=\"twitter:card\" content=\"summary_large_image\" \/>\n<meta name=\"twitter:label1\" content=\"Odhadovan\u00e1 doba \u010dten\u00ed\" \/>\n\t<meta name=\"twitter:data1\" content=\"1 minuta\" \/>\n<script type=\"application\/ld+json\" class=\"yoast-schema-graph\">{\"@context\":\"https:\\\/\\\/schema.org\",\"@graph\":[{\"@type\":\"WebPage\",\"@id\":\"https:\\\/\\\/www.varygrow.com\\\/cs\\\/eshop\\\/torus-hydro-perfect-ph-kapsle-pro-950-litru\\\/\",\"url\":\"https:\\\/\\\/www.varygrow.com\\\/cs\\\/eshop\\\/torus-hydro-perfect-ph-kapsle-pro-950-litru\\\/\",\"name\":\"Torus Hydro Perfect pH kapsle, pro 950 litr\u016f\",\"isPartOf\":{\"@id\":\"https:\\\/\\\/www.varygrow.com\\\/cs\\\/#website\"},\"primaryImageOfPage\":{\"@id\":\"https:\\\/\\\/www.varygrow.com\\\/cs\\\/eshop\\\/torus-hydro-perfect-ph-kapsle-pro-950-litru\\\/#primaryimage\"},\"image\":{\"@id\":\"https:\\\/\\\/www.varygrow.com\\\/cs\\\/eshop\\\/torus-hydro-perfect-ph-kapsle-pro-950-litru\\\/#primaryimage\"},\"thumbnailUrl\":\"https:\\\/\\\/www.varygrow.com\\\/wp-content\\\/uploads\\\/sites\\\/19\\\/2026\\\/02\\\/Torus-Hydro-Perfect-pH-kapsle-pro-950-litru.jpg\",\"datePublished\":\"2026-04-18T02:01:47+00:00\",\"dateModified\":\"2026-04-18T02:01:48+00:00\",\"description\":\"Perfect pH je revolu\u010dn\u00ed stabiliz\u00e1tor pH, kter\u00fd automaticky vyrovn\u00e1v\u00e1 pH va\u0161eho hydroponick\u00e9ho \u010di p\u011bstebn\u00edho syst\u00e9mu. Ji\u017e \u017e\u00e1dn\u00e9 m\u011b\u0159\u00edc\u00ed p\u0159\u00edstroje a kyseliny.\",\"breadcrumb\":{\"@id\":\"https:\\\/\\\/www.varygrow.com\\\/cs\\\/eshop\\\/torus-hydro-perfect-ph-kapsle-pro-950-litru\\\/#breadcrumb\"},\"inLanguage\":\"cs\",\"potentialAction\":[{\"@type\":\"ReadAction\",\"target\":[\"https:\\\/\\\/www.varygrow.com\\\/cs\\\/eshop\\\/torus-hydro-perfect-ph-kapsle-pro-950-litru\\\/\"]}]},{\"@type\":\"ImageObject\",\"inLanguage\":\"cs\",\"@id\":\"https:\\\/\\\/www.varygrow.com\\\/cs\\\/eshop\\\/torus-hydro-perfect-ph-kapsle-pro-950-litru\\\/#primaryimage\",\"url\":\"https:\\\/\\\/www.varygrow.com\\\/wp-content\\\/uploads\\\/sites\\\/19\\\/2026\\\/02\\\/Torus-Hydro-Perfect-pH-kapsle-pro-950-litru.jpg\",\"contentUrl\":\"https:\\\/\\\/www.varygrow.com\\\/wp-content\\\/uploads\\\/sites\\\/19\\\/2026\\\/02\\\/Torus-Hydro-Perfect-pH-kapsle-pro-950-litru.jpg\",\"width\":600,\"height\":600,\"caption\":\"Torus Hydro Perfect pH kapsle\"},{\"@type\":\"BreadcrumbList\",\"@id\":\"https:\\\/\\\/www.varygrow.com\\\/cs\\\/eshop\\\/torus-hydro-perfect-ph-kapsle-pro-950-litru\\\/#breadcrumb\",\"itemListElement\":[{\"@type\":\"ListItem\",\"position\":1,\"name\":\"Dom\u016f\",\"item\":\"https:\\\/\\\/www.varygrow.com\\\/cs\\\/\"},{\"@type\":\"ListItem\",\"position\":2,\"name\":\"Eshop\",\"item\":\"https:\\\/\\\/www.varygrow.com\\\/cs\\\/eshop\\\/\"},{\"@type\":\"ListItem\",\"position\":3,\"name\":\"Torus Hydro Perfect pH kapsle, pro 950 litr\u016f\"}]},{\"@type\":\"WebSite\",\"@id\":\"https:\\\/\\\/www.varygrow.com\\\/cs\\\/#website\",\"url\":\"https:\\\/\\\/www.varygrow.com\\\/cs\\\/\",\"name\":\"VaryGrow\",\"description\":\"Udr\u017eiteln\u00e9 podnik\u00e1n\u00ed\",\"publisher\":{\"@id\":\"https:\\\/\\\/www.varygrow.com\\\/cs\\\/#organization\"},\"potentialAction\":[{\"@type\":\"SearchAction\",\"target\":{\"@type\":\"EntryPoint\",\"urlTemplate\":\"https:\\\/\\\/www.varygrow.com\\\/cs\\\/?s={search_term_string}\"},\"query-input\":{\"@type\":\"PropertyValueSpecification\",\"valueRequired\":true,\"valueName\":\"search_term_string\"}}],\"inLanguage\":\"cs\"},{\"@type\":\"Organization\",\"@id\":\"https:\\\/\\\/www.varygrow.com\\\/cs\\\/#organization\",\"name\":\"DAMARA s.r.o.\",\"url\":\"https:\\\/\\\/www.varygrow.com\\\/cs\\\/\",\"logo\":{\"@type\":\"ImageObject\",\"inLanguage\":\"cs\",\"@id\":\"https:\\\/\\\/www.varygrow.com\\\/cs\\\/#\\\/schema\\\/logo\\\/image\\\/\",\"url\":\"https:\\\/\\\/www.varygrow.com\\\/wp-content\\\/uploads\\\/sites\\\/19\\\/2023\\\/08\\\/Logo-Heureka-480x150-1.png\",\"contentUrl\":\"https:\\\/\\\/www.varygrow.com\\\/wp-content\\\/uploads\\\/sites\\\/19\\\/2023\\\/08\\\/Logo-Heureka-480x150-1.png\",\"width\":480,\"height\":150,\"caption\":\"DAMARA s.r.o.\"},\"image\":{\"@id\":\"https:\\\/\\\/www.varygrow.com\\\/cs\\\/#\\\/schema\\\/logo\\\/image\\\/\"},\"sameAs\":[\"https:\\\/\\\/facebook.com\\\/VaryGrow\"]}]}<\/script>\n<!-- \/ Yoast SEO plugin. -->","yoast_head_json":{"title":"Torus Hydro Perfect pH kapsle, pro 950 litr\u016f","description":"Perfect pH je revolu\u010dn\u00ed stabiliz\u00e1tor pH, kter\u00fd automaticky vyrovn\u00e1v\u00e1 pH va\u0161eho hydroponick\u00e9ho \u010di p\u011bstebn\u00edho syst\u00e9mu. Ji\u017e \u017e\u00e1dn\u00e9 m\u011b\u0159\u00edc\u00ed p\u0159\u00edstroje a kyseliny.","robots":{"index":"index","follow":"follow","max-snippet":"max-snippet:-1","max-image-preview":"max-image-preview:large","max-video-preview":"max-video-preview:-1"},"canonical":"https:\/\/www.varygrow.com\/cs\/eshop\/torus-hydro-perfect-ph-kapsle-pro-950-litru\/","og_locale":"cs_CZ","og_type":"article","og_title":"Torus Hydro Perfect pH kapsle, pro 950 litr\u016f","og_description":"Perfect pH je revolu\u010dn\u00ed stabiliz\u00e1tor pH, kter\u00fd automaticky vyrovn\u00e1v\u00e1 pH va\u0161eho hydroponick\u00e9ho \u010di p\u011bstebn\u00edho syst\u00e9mu. Ji\u017e \u017e\u00e1dn\u00e9 m\u011b\u0159\u00edc\u00ed p\u0159\u00edstroje a kyseliny.","og_url":"https:\/\/www.varygrow.com\/cs\/eshop\/torus-hydro-perfect-ph-kapsle-pro-950-litru\/","og_site_name":"VaryGrow","article_publisher":"https:\/\/facebook.com\/VaryGrow","article_modified_time":"2026-04-18T02:01:48+00:00","og_image":[{"width":600,"height":600,"url":"https:\/\/www.varygrow.com\/wp-content\/uploads\/sites\/19\/2026\/02\/Torus-Hydro-Perfect-pH-kapsle-pro-950-litru.jpg","type":"image\/jpeg"}],"twitter_card":"summary_large_image","twitter_misc":{"Odhadovan\u00e1 doba \u010dten\u00ed":"1 minuta"},"schema":{"@context":"https:\/\/schema.org","@graph":[{"@type":"WebPage","@id":"https:\/\/www.varygrow.com\/cs\/eshop\/torus-hydro-perfect-ph-kapsle-pro-950-litru\/","url":"https:\/\/www.varygrow.com\/cs\/eshop\/torus-hydro-perfect-ph-kapsle-pro-950-litru\/","name":"Torus Hydro Perfect pH kapsle, pro 950 litr\u016f","isPartOf":{"@id":"https:\/\/www.varygrow.com\/cs\/#website"},"primaryImageOfPage":{"@id":"https:\/\/www.varygrow.com\/cs\/eshop\/torus-hydro-perfect-ph-kapsle-pro-950-litru\/#primaryimage"},"image":{"@id":"https:\/\/www.varygrow.com\/cs\/eshop\/torus-hydro-perfect-ph-kapsle-pro-950-litru\/#primaryimage"},"thumbnailUrl":"https:\/\/www.varygrow.com\/wp-content\/uploads\/sites\/19\/2026\/02\/Torus-Hydro-Perfect-pH-kapsle-pro-950-litru.jpg","datePublished":"2026-04-18T02:01:47+00:00","dateModified":"2026-04-18T02:01:48+00:00","description":"Perfect pH je revolu\u010dn\u00ed stabiliz\u00e1tor pH, kter\u00fd automaticky vyrovn\u00e1v\u00e1 pH va\u0161eho hydroponick\u00e9ho \u010di p\u011bstebn\u00edho syst\u00e9mu. Ji\u017e \u017e\u00e1dn\u00e9 m\u011b\u0159\u00edc\u00ed p\u0159\u00edstroje a kyseliny.","breadcrumb":{"@id":"https:\/\/www.varygrow.com\/cs\/eshop\/torus-hydro-perfect-ph-kapsle-pro-950-litru\/#breadcrumb"},"inLanguage":"cs","potentialAction":[{"@type":"ReadAction","target":["https:\/\/www.varygrow.com\/cs\/eshop\/torus-hydro-perfect-ph-kapsle-pro-950-litru\/"]}]},{"@type":"ImageObject","inLanguage":"cs","@id":"https:\/\/www.varygrow.com\/cs\/eshop\/torus-hydro-perfect-ph-kapsle-pro-950-litru\/#primaryimage","url":"https:\/\/www.varygrow.com\/wp-content\/uploads\/sites\/19\/2026\/02\/Torus-Hydro-Perfect-pH-kapsle-pro-950-litru.jpg","contentUrl":"https:\/\/www.varygrow.com\/wp-content\/uploads\/sites\/19\/2026\/02\/Torus-Hydro-Perfect-pH-kapsle-pro-950-litru.jpg","width":600,"height":600,"caption":"Torus Hydro Perfect pH kapsle"},{"@type":"BreadcrumbList","@id":"https:\/\/www.varygrow.com\/cs\/eshop\/torus-hydro-perfect-ph-kapsle-pro-950-litru\/#breadcrumb","itemListElement":[{"@type":"ListItem","position":1,"name":"Dom\u016f","item":"https:\/\/www.varygrow.com\/cs\/"},{"@type":"ListItem","position":2,"name":"Eshop","item":"https:\/\/www.varygrow.com\/cs\/eshop\/"},{"@type":"ListItem","position":3,"name":"Torus Hydro Perfect pH kapsle, pro 950 litr\u016f"}]},{"@type":"WebSite","@id":"https:\/\/www.varygrow.com\/cs\/#website","url":"https:\/\/www.varygrow.com\/cs\/","name":"VaryGrow","description":"Udr\u017eiteln\u00e9 podnik\u00e1n\u00ed","publisher":{"@id":"https:\/\/www.varygrow.com\/cs\/#organization"},"potentialAction":[{"@type":"SearchAction","target":{"@type":"EntryPoint","urlTemplate":"https:\/\/www.varygrow.com\/cs\/?s={search_term_string}"},"query-input":{"@type":"PropertyValueSpecification","valueRequired":true,"valueName":"search_term_string"}}],"inLanguage":"cs"},{"@type":"Organization","@id":"https:\/\/www.varygrow.com\/cs\/#organization","name":"DAMARA s.r.o.","url":"https:\/\/www.varygrow.com\/cs\/","logo":{"@type":"ImageObject","inLanguage":"cs","@id":"https:\/\/www.varygrow.com\/cs\/#\/schema\/logo\/image\/","url":"https:\/\/www.varygrow.com\/wp-content\/uploads\/sites\/19\/2023\/08\/Logo-Heureka-480x150-1.png","contentUrl":"https:\/\/www.varygrow.com\/wp-content\/uploads\/sites\/19\/2023\/08\/Logo-Heureka-480x150-1.png","width":480,"height":150,"caption":"DAMARA s.r.o."},"image":{"@id":"https:\/\/www.varygrow.com\/cs\/#\/schema\/logo\/image\/"},"sameAs":["https:\/\/facebook.com\/VaryGrow"]}]}},"brands":[{"id":6021,"name":"Torus Hydro","slug":"torus-hydro"}],"_links":{"self":[{"href":"https:\/\/www.varygrow.com\/cs\/wp-json\/wp\/v2\/product\/319015","targetHints":{"allow":["GET"]}}],"collection":[{"href":"https:\/\/www.varygrow.com\/cs\/wp-json\/wp\/v2\/product"}],"about":[{"href":"https:\/\/www.varygrow.com\/cs\/wp-json\/wp\/v2\/types\/product"}],"replies":[{"embeddable":true,"href":"https:\/\/www.varygrow.com\/cs\/wp-json\/wp\/v2\/comments?post=319015"}],"wp:featuredmedia":[{"embeddable":true,"href":"https:\/\/www.varygrow.com\/cs\/wp-json\/wp\/v2\/media\/326502"}],"wp:attachment":[{"href":"https:\/\/www.varygrow.com\/cs\/wp-json\/wp\/v2\/media?parent=319015"}],"wp:term":[{"taxonomy":"pwb-brand","embeddable":true,"href":"https:\/\/www.varygrow.com\/cs\/wp-json\/wp\/v2\/pwb-brand?post=319015"},{"taxonomy":"product_brand","embeddable":true,"href":"https:\/\/www.varygrow.com\/cs\/wp-json\/wp\/v2\/product_brand?post=319015"},{"taxonomy":"product_cat","embeddable":true,"href":"https:\/\/www.varygrow.com\/cs\/wp-json\/wp\/v2\/product_cat?post=319015"},{"taxonomy":"product_tag","embeddable":true,"href":"https:\/\/www.varygrow.com\/cs\/wp-json\/wp\/v2\/product_tag?post=319015"},{"taxonomy":"berocket_brand","embeddable":true,"href":"https:\/\/www.varygrow.com\/cs\/wp-json\/wp\/v2\/berocket_brand?post=319015"}],"curies":[{"name":"wp","href":"https:\/\/api.w.org\/{rel}","templated":true}]}}