{"id":321880,"date":"2026-04-13T03:23:59","date_gmt":"2026-04-13T01:23:59","guid":{"rendered":"https:\/\/www.varygrow.com\/eshop\/emos-casovac-mechanicka-spinaci-zasuvka-venkovni-ip44\/"},"modified":"2026-04-13T03:23:59","modified_gmt":"2026-04-13T01:23:59","slug":"emos-casovac-mechanicka-spinaci-zasuvka-venkovni-ip44","status":"publish","type":"product","link":"https:\/\/www.varygrow.com\/cs\/eshop\/emos-casovac-mechanicka-spinaci-zasuvka-venkovni-ip44\/","title":{"rendered":"Emos \u010dasova\u010d \u2013 mechanick\u00e1 sp\u00ednac\u00ed z\u00e1suvka venkovn\u00ed IP44"},"content":{"rendered":"<p>Mechanick\u00e1 sp\u00ednac\u00ed z\u00e1suvka s 24hodinov\u00fdm cyklem. Minim\u00e1ln\u00ed nastaviteln\u00fd \u010dasov\u00fd \u00fasek je 30 minut. Kryt\u00ed IP44 umo\u017e\u0148uje pou\u017eit\u00ed mechanick\u00e9 sp\u00ednac\u00ed z\u00e1suvky ve venkovn\u00edch prostorech. Provozn\u00ed teplota -25 \u00b0C do +50 \u00b0C.<\/p>\n","protected":false},"excerpt":{"rendered":"<p>Mechanick\u00e1 sp\u00ednac\u00ed z\u00e1suvka s 24hodinov\u00fdm cyklem. Minim\u00e1ln\u00ed nastaviteln\u00fd \u010dasov\u00fd \u00fasek je 30 minut. Kryt\u00ed IP44 umo\u017e\u0148uje pou\u017eit\u00ed mechanick\u00e9 sp\u00ednac\u00ed z\u00e1suvky ve venkovn\u00edch prostorech. Provozn\u00ed teplota -25 \u00b0C do +50 \u00b0C.<\/p>\n","protected":false},"featured_media":321881,"comment_status":"open","ping_status":"open","template":"","meta":[],"pwb-brand":[6035],"product_brand":[],"product_cat":[10713,10513,10714],"product_tag":[6246,15317,6247],"berocket_brand":[106],"class_list":{"0":"post-321880","1":"product","2":"type-product","3":"status-publish","4":"has-post-thumbnail","6":"pwb-brand-emos","7":"product_cat-elektroinstalace","8":"product_cat-naarden","9":"product_cat-spinaci-hodiny-a-rozvadece","10":"product_tag-elektroinstalace","11":"product_tag-naarden","12":"product_tag-spinaci-hodiny-a-rozvadece","13":"pa_ean-14768","14":"berocket_brand-naarden","15":"sales-flash-overlay","16":"woocommerce-text-align-center","17":"woocommerce-image-align-center","18":"do-quantity-buttons","20":"first","21":"instock","22":"purchasable","23":"product-type-simple"},"yoast_head":"<!-- This site is optimized with the Yoast SEO plugin v27.4 - https:\/\/yoast.com\/product\/yoast-seo-wordpress\/ -->\n<title>Emos \u010dasova\u010d \u2013 mechanick\u00e1 sp\u00ednac\u00ed z\u00e1suvka venkovn\u00ed IP44<\/title>\n<meta name=\"description\" content=\"Mechanick\u00e1 sp\u00ednac\u00ed z\u00e1suvka s 24hodinov\u00fdm cyklem. Minim\u00e1ln\u00ed nastaviteln\u00fd \u010dasov\u00fd \u00fasek je 30 minut. Kryt\u00ed IP44 umo\u017e\u0148uje pou\u017eit\u00ed mechanick\u00e9 sp\u00ednac\u00ed z\u00e1suvky ve venkovn\u00edch prostorech. Provozn\u00ed teplota -25 \u00b0C do +50 \u00b0C.\" \/>\n<meta name=\"robots\" content=\"index, follow, max-snippet:-1, max-image-preview:large, max-video-preview:-1\" \/>\n<link rel=\"canonical\" href=\"https:\/\/www.varygrow.com\/cs\/eshop\/emos-casovac-mechanicka-spinaci-zasuvka-venkovni-ip44\/\" \/>\n<meta property=\"og:locale\" content=\"cs_CZ\" \/>\n<meta property=\"og:type\" content=\"article\" \/>\n<meta property=\"og:title\" content=\"Emos \u010dasova\u010d \u2013 mechanick\u00e1 sp\u00ednac\u00ed z\u00e1suvka venkovn\u00ed IP44\" \/>\n<meta property=\"og:description\" content=\"Mechanick\u00e1 sp\u00ednac\u00ed z\u00e1suvka s 24hodinov\u00fdm cyklem. Minim\u00e1ln\u00ed nastaviteln\u00fd \u010dasov\u00fd \u00fasek je 30 minut. Kryt\u00ed IP44 umo\u017e\u0148uje pou\u017eit\u00ed mechanick\u00e9 sp\u00ednac\u00ed z\u00e1suvky ve venkovn\u00edch prostorech. Provozn\u00ed teplota -25 \u00b0C do +50 \u00b0C.\" \/>\n<meta property=\"og:url\" content=\"https:\/\/www.varygrow.com\/cs\/eshop\/emos-casovac-mechanicka-spinaci-zasuvka-venkovni-ip44\/\" \/>\n<meta property=\"og:site_name\" content=\"VaryGrow\" \/>\n<meta property=\"article:publisher\" content=\"https:\/\/facebook.com\/VaryGrow\" \/>\n<meta property=\"og:image\" content=\"https:\/\/www.varygrow.com\/wp-content\/uploads\/sites\/19\/2026\/02\/Emos-casovac-\u2013-mechanicka-spinaci-zasuvka-venkovni-IP44.jpg\" \/>\n\t<meta property=\"og:image:width\" content=\"1000\" \/>\n\t<meta property=\"og:image:height\" content=\"1000\" \/>\n\t<meta property=\"og:image:type\" content=\"image\/jpeg\" \/>\n<meta name=\"twitter:card\" content=\"summary_large_image\" \/>\n<script type=\"application\/ld+json\" class=\"yoast-schema-graph\">{\"@context\":\"https:\\\/\\\/schema.org\",\"@graph\":[{\"@type\":\"WebPage\",\"@id\":\"https:\\\/\\\/www.varygrow.com\\\/cs\\\/eshop\\\/emos-casovac-mechanicka-spinaci-zasuvka-venkovni-ip44\\\/\",\"url\":\"https:\\\/\\\/www.varygrow.com\\\/cs\\\/eshop\\\/emos-casovac-mechanicka-spinaci-zasuvka-venkovni-ip44\\\/\",\"name\":\"Emos \u010dasova\u010d \u2013 mechanick\u00e1 sp\u00ednac\u00ed z\u00e1suvka venkovn\u00ed IP44\",\"isPartOf\":{\"@id\":\"https:\\\/\\\/www.varygrow.com\\\/cs\\\/#website\"},\"primaryImageOfPage\":{\"@id\":\"https:\\\/\\\/www.varygrow.com\\\/cs\\\/eshop\\\/emos-casovac-mechanicka-spinaci-zasuvka-venkovni-ip44\\\/#primaryimage\"},\"image\":{\"@id\":\"https:\\\/\\\/www.varygrow.com\\\/cs\\\/eshop\\\/emos-casovac-mechanicka-spinaci-zasuvka-venkovni-ip44\\\/#primaryimage\"},\"thumbnailUrl\":\"https:\\\/\\\/www.varygrow.com\\\/wp-content\\\/uploads\\\/sites\\\/19\\\/2026\\\/02\\\/Emos-casovac-\u2013-mechanicka-spinaci-zasuvka-venkovni-IP44.jpg\",\"datePublished\":\"2026-04-13T01:23:59+00:00\",\"description\":\"Mechanick\u00e1 sp\u00ednac\u00ed z\u00e1suvka s 24hodinov\u00fdm cyklem. Minim\u00e1ln\u00ed nastaviteln\u00fd \u010dasov\u00fd \u00fasek je 30 minut. Kryt\u00ed IP44 umo\u017e\u0148uje pou\u017eit\u00ed mechanick\u00e9 sp\u00ednac\u00ed z\u00e1suvky ve venkovn\u00edch prostorech. Provozn\u00ed teplota -25 \u00b0C do +50 \u00b0C.\",\"breadcrumb\":{\"@id\":\"https:\\\/\\\/www.varygrow.com\\\/cs\\\/eshop\\\/emos-casovac-mechanicka-spinaci-zasuvka-venkovni-ip44\\\/#breadcrumb\"},\"inLanguage\":\"cs\",\"potentialAction\":[{\"@type\":\"ReadAction\",\"target\":[\"https:\\\/\\\/www.varygrow.com\\\/cs\\\/eshop\\\/emos-casovac-mechanicka-spinaci-zasuvka-venkovni-ip44\\\/\"]}]},{\"@type\":\"ImageObject\",\"inLanguage\":\"cs\",\"@id\":\"https:\\\/\\\/www.varygrow.com\\\/cs\\\/eshop\\\/emos-casovac-mechanicka-spinaci-zasuvka-venkovni-ip44\\\/#primaryimage\",\"url\":\"https:\\\/\\\/www.varygrow.com\\\/wp-content\\\/uploads\\\/sites\\\/19\\\/2026\\\/02\\\/Emos-casovac-\u2013-mechanicka-spinaci-zasuvka-venkovni-IP44.jpg\",\"contentUrl\":\"https:\\\/\\\/www.varygrow.com\\\/wp-content\\\/uploads\\\/sites\\\/19\\\/2026\\\/02\\\/Emos-casovac-\u2013-mechanicka-spinaci-zasuvka-venkovni-IP44.jpg\",\"width\":1000,\"height\":1000,\"caption\":\"Emos \u010dasova\u010d \u2013 mechanick\u00e1 sp\u00ednac\u00ed z\u00e1suvka venkovn\u00ed IP44\"},{\"@type\":\"BreadcrumbList\",\"@id\":\"https:\\\/\\\/www.varygrow.com\\\/cs\\\/eshop\\\/emos-casovac-mechanicka-spinaci-zasuvka-venkovni-ip44\\\/#breadcrumb\",\"itemListElement\":[{\"@type\":\"ListItem\",\"position\":1,\"name\":\"Dom\u016f\",\"item\":\"https:\\\/\\\/www.varygrow.com\\\/cs\\\/\"},{\"@type\":\"ListItem\",\"position\":2,\"name\":\"Eshop\",\"item\":\"https:\\\/\\\/www.varygrow.com\\\/cs\\\/eshop\\\/\"},{\"@type\":\"ListItem\",\"position\":3,\"name\":\"Emos \u010dasova\u010d \u2013 mechanick\u00e1 sp\u00ednac\u00ed z\u00e1suvka venkovn\u00ed IP44\"}]},{\"@type\":\"WebSite\",\"@id\":\"https:\\\/\\\/www.varygrow.com\\\/cs\\\/#website\",\"url\":\"https:\\\/\\\/www.varygrow.com\\\/cs\\\/\",\"name\":\"VaryGrow\",\"description\":\"Udr\u017eiteln\u00e9 podnik\u00e1n\u00ed\",\"publisher\":{\"@id\":\"https:\\\/\\\/www.varygrow.com\\\/cs\\\/#organization\"},\"potentialAction\":[{\"@type\":\"SearchAction\",\"target\":{\"@type\":\"EntryPoint\",\"urlTemplate\":\"https:\\\/\\\/www.varygrow.com\\\/cs\\\/?s={search_term_string}\"},\"query-input\":{\"@type\":\"PropertyValueSpecification\",\"valueRequired\":true,\"valueName\":\"search_term_string\"}}],\"inLanguage\":\"cs\"},{\"@type\":\"Organization\",\"@id\":\"https:\\\/\\\/www.varygrow.com\\\/cs\\\/#organization\",\"name\":\"DAMARA s.r.o.\",\"url\":\"https:\\\/\\\/www.varygrow.com\\\/cs\\\/\",\"logo\":{\"@type\":\"ImageObject\",\"inLanguage\":\"cs\",\"@id\":\"https:\\\/\\\/www.varygrow.com\\\/cs\\\/#\\\/schema\\\/logo\\\/image\\\/\",\"url\":\"https:\\\/\\\/www.varygrow.com\\\/wp-content\\\/uploads\\\/sites\\\/19\\\/2023\\\/08\\\/Logo-Heureka-480x150-1.png\",\"contentUrl\":\"https:\\\/\\\/www.varygrow.com\\\/wp-content\\\/uploads\\\/sites\\\/19\\\/2023\\\/08\\\/Logo-Heureka-480x150-1.png\",\"width\":480,\"height\":150,\"caption\":\"DAMARA s.r.o.\"},\"image\":{\"@id\":\"https:\\\/\\\/www.varygrow.com\\\/cs\\\/#\\\/schema\\\/logo\\\/image\\\/\"},\"sameAs\":[\"https:\\\/\\\/facebook.com\\\/VaryGrow\"]}]}<\/script>\n<!-- \/ Yoast SEO plugin. -->","yoast_head_json":{"title":"Emos \u010dasova\u010d \u2013 mechanick\u00e1 sp\u00ednac\u00ed z\u00e1suvka venkovn\u00ed IP44","description":"Mechanick\u00e1 sp\u00ednac\u00ed z\u00e1suvka s 24hodinov\u00fdm cyklem. Minim\u00e1ln\u00ed nastaviteln\u00fd \u010dasov\u00fd \u00fasek je 30 minut. Kryt\u00ed IP44 umo\u017e\u0148uje pou\u017eit\u00ed mechanick\u00e9 sp\u00ednac\u00ed z\u00e1suvky ve venkovn\u00edch prostorech. Provozn\u00ed teplota -25 \u00b0C do +50 \u00b0C.","robots":{"index":"index","follow":"follow","max-snippet":"max-snippet:-1","max-image-preview":"max-image-preview:large","max-video-preview":"max-video-preview:-1"},"canonical":"https:\/\/www.varygrow.com\/cs\/eshop\/emos-casovac-mechanicka-spinaci-zasuvka-venkovni-ip44\/","og_locale":"cs_CZ","og_type":"article","og_title":"Emos \u010dasova\u010d \u2013 mechanick\u00e1 sp\u00ednac\u00ed z\u00e1suvka venkovn\u00ed IP44","og_description":"Mechanick\u00e1 sp\u00ednac\u00ed z\u00e1suvka s 24hodinov\u00fdm cyklem. Minim\u00e1ln\u00ed nastaviteln\u00fd \u010dasov\u00fd \u00fasek je 30 minut. Kryt\u00ed IP44 umo\u017e\u0148uje pou\u017eit\u00ed mechanick\u00e9 sp\u00ednac\u00ed z\u00e1suvky ve venkovn\u00edch prostorech. Provozn\u00ed teplota -25 \u00b0C do +50 \u00b0C.","og_url":"https:\/\/www.varygrow.com\/cs\/eshop\/emos-casovac-mechanicka-spinaci-zasuvka-venkovni-ip44\/","og_site_name":"VaryGrow","article_publisher":"https:\/\/facebook.com\/VaryGrow","og_image":[{"width":1000,"height":1000,"url":"https:\/\/www.varygrow.com\/wp-content\/uploads\/sites\/19\/2026\/02\/Emos-casovac-\u2013-mechanicka-spinaci-zasuvka-venkovni-IP44.jpg","type":"image\/jpeg"}],"twitter_card":"summary_large_image","schema":{"@context":"https:\/\/schema.org","@graph":[{"@type":"WebPage","@id":"https:\/\/www.varygrow.com\/cs\/eshop\/emos-casovac-mechanicka-spinaci-zasuvka-venkovni-ip44\/","url":"https:\/\/www.varygrow.com\/cs\/eshop\/emos-casovac-mechanicka-spinaci-zasuvka-venkovni-ip44\/","name":"Emos \u010dasova\u010d \u2013 mechanick\u00e1 sp\u00ednac\u00ed z\u00e1suvka venkovn\u00ed IP44","isPartOf":{"@id":"https:\/\/www.varygrow.com\/cs\/#website"},"primaryImageOfPage":{"@id":"https:\/\/www.varygrow.com\/cs\/eshop\/emos-casovac-mechanicka-spinaci-zasuvka-venkovni-ip44\/#primaryimage"},"image":{"@id":"https:\/\/www.varygrow.com\/cs\/eshop\/emos-casovac-mechanicka-spinaci-zasuvka-venkovni-ip44\/#primaryimage"},"thumbnailUrl":"https:\/\/www.varygrow.com\/wp-content\/uploads\/sites\/19\/2026\/02\/Emos-casovac-\u2013-mechanicka-spinaci-zasuvka-venkovni-IP44.jpg","datePublished":"2026-04-13T01:23:59+00:00","description":"Mechanick\u00e1 sp\u00ednac\u00ed z\u00e1suvka s 24hodinov\u00fdm cyklem. Minim\u00e1ln\u00ed nastaviteln\u00fd \u010dasov\u00fd \u00fasek je 30 minut. Kryt\u00ed IP44 umo\u017e\u0148uje pou\u017eit\u00ed mechanick\u00e9 sp\u00ednac\u00ed z\u00e1suvky ve venkovn\u00edch prostorech. Provozn\u00ed teplota -25 \u00b0C do +50 \u00b0C.","breadcrumb":{"@id":"https:\/\/www.varygrow.com\/cs\/eshop\/emos-casovac-mechanicka-spinaci-zasuvka-venkovni-ip44\/#breadcrumb"},"inLanguage":"cs","potentialAction":[{"@type":"ReadAction","target":["https:\/\/www.varygrow.com\/cs\/eshop\/emos-casovac-mechanicka-spinaci-zasuvka-venkovni-ip44\/"]}]},{"@type":"ImageObject","inLanguage":"cs","@id":"https:\/\/www.varygrow.com\/cs\/eshop\/emos-casovac-mechanicka-spinaci-zasuvka-venkovni-ip44\/#primaryimage","url":"https:\/\/www.varygrow.com\/wp-content\/uploads\/sites\/19\/2026\/02\/Emos-casovac-\u2013-mechanicka-spinaci-zasuvka-venkovni-IP44.jpg","contentUrl":"https:\/\/www.varygrow.com\/wp-content\/uploads\/sites\/19\/2026\/02\/Emos-casovac-\u2013-mechanicka-spinaci-zasuvka-venkovni-IP44.jpg","width":1000,"height":1000,"caption":"Emos \u010dasova\u010d \u2013 mechanick\u00e1 sp\u00ednac\u00ed z\u00e1suvka venkovn\u00ed IP44"},{"@type":"BreadcrumbList","@id":"https:\/\/www.varygrow.com\/cs\/eshop\/emos-casovac-mechanicka-spinaci-zasuvka-venkovni-ip44\/#breadcrumb","itemListElement":[{"@type":"ListItem","position":1,"name":"Dom\u016f","item":"https:\/\/www.varygrow.com\/cs\/"},{"@type":"ListItem","position":2,"name":"Eshop","item":"https:\/\/www.varygrow.com\/cs\/eshop\/"},{"@type":"ListItem","position":3,"name":"Emos \u010dasova\u010d \u2013 mechanick\u00e1 sp\u00ednac\u00ed z\u00e1suvka venkovn\u00ed IP44"}]},{"@type":"WebSite","@id":"https:\/\/www.varygrow.com\/cs\/#website","url":"https:\/\/www.varygrow.com\/cs\/","name":"VaryGrow","description":"Udr\u017eiteln\u00e9 podnik\u00e1n\u00ed","publisher":{"@id":"https:\/\/www.varygrow.com\/cs\/#organization"},"potentialAction":[{"@type":"SearchAction","target":{"@type":"EntryPoint","urlTemplate":"https:\/\/www.varygrow.com\/cs\/?s={search_term_string}"},"query-input":{"@type":"PropertyValueSpecification","valueRequired":true,"valueName":"search_term_string"}}],"inLanguage":"cs"},{"@type":"Organization","@id":"https:\/\/www.varygrow.com\/cs\/#organization","name":"DAMARA s.r.o.","url":"https:\/\/www.varygrow.com\/cs\/","logo":{"@type":"ImageObject","inLanguage":"cs","@id":"https:\/\/www.varygrow.com\/cs\/#\/schema\/logo\/image\/","url":"https:\/\/www.varygrow.com\/wp-content\/uploads\/sites\/19\/2023\/08\/Logo-Heureka-480x150-1.png","contentUrl":"https:\/\/www.varygrow.com\/wp-content\/uploads\/sites\/19\/2023\/08\/Logo-Heureka-480x150-1.png","width":480,"height":150,"caption":"DAMARA s.r.o."},"image":{"@id":"https:\/\/www.varygrow.com\/cs\/#\/schema\/logo\/image\/"},"sameAs":["https:\/\/facebook.com\/VaryGrow"]}]}},"brands":[{"id":6035,"name":"EMOS","slug":"emos"}],"_links":{"self":[{"href":"https:\/\/www.varygrow.com\/cs\/wp-json\/wp\/v2\/product\/321880","targetHints":{"allow":["GET"]}}],"collection":[{"href":"https:\/\/www.varygrow.com\/cs\/wp-json\/wp\/v2\/product"}],"about":[{"href":"https:\/\/www.varygrow.com\/cs\/wp-json\/wp\/v2\/types\/product"}],"replies":[{"embeddable":true,"href":"https:\/\/www.varygrow.com\/cs\/wp-json\/wp\/v2\/comments?post=321880"}],"wp:featuredmedia":[{"embeddable":true,"href":"https:\/\/www.varygrow.com\/cs\/wp-json\/wp\/v2\/media\/321881"}],"wp:attachment":[{"href":"https:\/\/www.varygrow.com\/cs\/wp-json\/wp\/v2\/media?parent=321880"}],"wp:term":[{"taxonomy":"pwb-brand","embeddable":true,"href":"https:\/\/www.varygrow.com\/cs\/wp-json\/wp\/v2\/pwb-brand?post=321880"},{"taxonomy":"product_brand","embeddable":true,"href":"https:\/\/www.varygrow.com\/cs\/wp-json\/wp\/v2\/product_brand?post=321880"},{"taxonomy":"product_cat","embeddable":true,"href":"https:\/\/www.varygrow.com\/cs\/wp-json\/wp\/v2\/product_cat?post=321880"},{"taxonomy":"product_tag","embeddable":true,"href":"https:\/\/www.varygrow.com\/cs\/wp-json\/wp\/v2\/product_tag?post=321880"},{"taxonomy":"berocket_brand","embeddable":true,"href":"https:\/\/www.varygrow.com\/cs\/wp-json\/wp\/v2\/berocket_brand?post=321880"}],"curies":[{"name":"wp","href":"https:\/\/api.w.org\/{rel}","templated":true}]}}