{"id":326997,"date":"2026-04-23T04:10:46","date_gmt":"2026-04-23T02:10:46","guid":{"rendered":"https:\/\/www.varygrow.com\/eshop\/homebox-ambient-r240-240x120x220-cm\/"},"modified":"2026-04-23T04:10:47","modified_gmt":"2026-04-23T02:10:47","slug":"homebox-ambient-r240-240x120x220-cm","status":"publish","type":"product","link":"https:\/\/www.varygrow.com\/cs\/eshop\/homebox-ambient-r240-240x120x220-cm\/","title":{"rendered":"Homebox Ambient R240+, 240x120x220 cm"},"content":{"rendered":"<p>Velk\u00fd Homebox Ambient R240+. Sv\u011btl\u00fd stan na p\u011bstov\u00e1n\u00ed v rozm\u011brech 240x120x220 cm, s odrazovou f\u00f3li\u00ed PAR+ a stabiln\u00ed kovovou konstrukc\u00ed.\n<\/p>\n<p>Dva metry vysok\u00fd Homebox Ambient R240+ zaujme stabiln\u00ed kovovou konstrukc\u00ed s pos\u00edlen\u00fdmi plastov\u00fdmi spoji a odoln\u00fdmi zipy. Speci\u00e1ln\u011b vyvinut\u00e1 odrazov\u00e1 f\u00f3lie PAR+ sni\u017euje odraz tepeln\u00e9 energie. Z\u00e1rove\u0148 odr\u00e1\u017e\u00ed v\u00edce sv\u011bteln\u00e9 energie a tak p\u0159isp\u00edv\u00e1 k optim\u00e1ln\u00edmu v\u00fdvoji rostlin, podporuje spr\u00e1vn\u00fd r\u016fst a zvy\u0161uje v\u00fdnos.\n<\/p>\n<p>Velmi prostorn\u00fd Homebox Ambient R240+ spl\u0148uje vysok\u00e9 n\u00e1roky indoor p\u011bstitel\u016f tak\u00e9 d\u00edky ide\u00e1ln\u00edmu \u0159e\u0161en\u00ed ventilace a sv\u011bteln\u011b nepropustn\u00fdm zip\u016fm. Odn\u00edmateln\u00e1 a nepropustn\u00e1 podlaha, s\u00ed\u0165ka proti hmyzu nebo pevn\u00e9 pl\u00e1tno, to je klasick\u00fd Homebox standard. Po uzav\u0159en\u00ed je growbox absolutn\u011b sv\u011bteln\u011b nepropustn\u00fd.\n<\/p>\n<p>Sv\u011btl\u00fd growbox Homebox Ambient R240+ je ur\u010den pro p\u011bstov\u00e1n\u00ed v\u0161ech rostlin pod osv\u011btlen\u00edm se st\u0159edn\u00ed watt\u00e1\u017e\u00ed. Ide\u00e1ln\u00ed p\u011bstebn\u00ed prostor o rozloze 5.76m2.<\/p>\n","protected":false},"excerpt":{"rendered":"<p>Nov\u00fd a prostorn\u00fd Homebox Ambient R 240+, u nov\u00e9 \u0159ady Ambient+ je prodlou\u017eena v\u00fd\u0161ka o 20cm. zaujme stabiln\u00ed kovovou konstrukc\u00ed s pos\u00edlen\u00fdmi plastov\u00fdmi spoji a odoln\u00fdmi, sv\u011bteln\u011b nepropustn\u00fdmi zipy. Speci\u00e1ln\u011b vyvinut\u00e1 b\u00edl\u00e1 odrazov\u00e1 f\u00f3lie PAR+ odr\u00e1\u017e\u00ed v\u00edce sv\u011bteln\u00e9 energie a sou\u010dasn\u011b sni\u017euje odraz tepeln\u00e9 energie.<\/p>\n","protected":false},"featured_media":326998,"comment_status":"open","ping_status":"open","template":"","meta":[],"pwb-brand":[5760],"product_brand":[],"product_cat":[14527,11116,11167,10513],"product_tag":[14598,6309,15317,6081],"berocket_brand":[106],"class_list":{"0":"post-326997","1":"product","2":"type-product","3":"status-publish","4":"has-post-thumbnail","6":"pwb-brand-homebox","7":"product_cat-ambientvista","8":"product_cat-growboxy","9":"product_cat-homebox-growboxy","10":"product_cat-naarden","11":"product_tag-ambientvista","12":"product_tag-homebox","13":"product_tag-naarden","14":"product_tag-pestebni-boxy","15":"pa_ean-3427","16":"berocket_brand-naarden","17":"sales-flash-overlay","18":"woocommerce-text-align-center","19":"woocommerce-image-align-center","20":"do-quantity-buttons","22":"first","23":"instock","24":"purchasable","25":"product-type-simple"},"yoast_head":"<!-- This site is optimized with the Yoast SEO plugin v27.4 - https:\/\/yoast.com\/product\/yoast-seo-wordpress\/ -->\n<title>Homebox Ambient R240+, 240x120x220 cm<\/title>\n<meta name=\"description\" content=\"Nov\u00fd a prostorn\u00fd Homebox Ambient R 240+, u nov\u00e9 \u0159ady Ambient+ je prodlou\u017eena v\u00fd\u0161ka o 20cm. zaujme stabiln\u00ed kovovou konstrukc\u00ed s pos\u00edlen\u00fdmi plastov\u00fdmi spoji a odoln\u00fdmi, sv\u011bteln\u011b nepropustn\u00fdmi zipy. Speci\u00e1ln\u011b vyvinut\u00e1 b\u00edl\u00e1 odrazov\u00e1 f\u00f3lie PAR+ odr\u00e1\u017e\u00ed v\u00edce sv\u011bteln\u00e9 energie a sou\u010dasn\u011b sni\u017euje odraz tepeln\u00e9 energie.\" \/>\n<meta name=\"robots\" content=\"index, follow, max-snippet:-1, max-image-preview:large, max-video-preview:-1\" \/>\n<link rel=\"canonical\" href=\"https:\/\/www.varygrow.com\/cs\/eshop\/homebox-ambient-r240-240x120x220-cm\/\" \/>\n<meta property=\"og:locale\" content=\"cs_CZ\" \/>\n<meta property=\"og:type\" content=\"article\" \/>\n<meta property=\"og:title\" content=\"Homebox Ambient R240+, 240x120x220 cm\" \/>\n<meta property=\"og:description\" content=\"Nov\u00fd a prostorn\u00fd Homebox Ambient R 240+, u nov\u00e9 \u0159ady Ambient+ je prodlou\u017eena v\u00fd\u0161ka o 20cm. zaujme stabiln\u00ed kovovou konstrukc\u00ed s pos\u00edlen\u00fdmi plastov\u00fdmi spoji a odoln\u00fdmi, sv\u011bteln\u011b nepropustn\u00fdmi zipy. Speci\u00e1ln\u011b vyvinut\u00e1 b\u00edl\u00e1 odrazov\u00e1 f\u00f3lie PAR+ odr\u00e1\u017e\u00ed v\u00edce sv\u011bteln\u00e9 energie a sou\u010dasn\u011b sni\u017euje odraz tepeln\u00e9 energie.\" \/>\n<meta property=\"og:url\" content=\"https:\/\/www.varygrow.com\/cs\/eshop\/homebox-ambient-r240-240x120x220-cm\/\" \/>\n<meta property=\"og:site_name\" content=\"VaryGrow\" \/>\n<meta property=\"article:publisher\" content=\"https:\/\/facebook.com\/VaryGrow\" \/>\n<meta property=\"article:modified_time\" content=\"2026-04-23T02:10:47+00:00\" \/>\n<meta property=\"og:image\" content=\"https:\/\/www.varygrow.com\/wp-content\/uploads\/sites\/19\/2026\/03\/Homebox-Ambient-R240-240x120x220-cm.jpg\" \/>\n\t<meta property=\"og:image:width\" content=\"1000\" \/>\n\t<meta property=\"og:image:height\" content=\"1000\" \/>\n\t<meta property=\"og:image:type\" content=\"image\/jpeg\" \/>\n<meta name=\"twitter:card\" content=\"summary_large_image\" \/>\n<meta name=\"twitter:label1\" content=\"Odhadovan\u00e1 doba \u010dten\u00ed\" \/>\n\t<meta name=\"twitter:data1\" content=\"1 minuta\" \/>\n<script type=\"application\/ld+json\" class=\"yoast-schema-graph\">{\"@context\":\"https:\\\/\\\/schema.org\",\"@graph\":[{\"@type\":\"WebPage\",\"@id\":\"https:\\\/\\\/www.varygrow.com\\\/cs\\\/eshop\\\/homebox-ambient-r240-240x120x220-cm\\\/\",\"url\":\"https:\\\/\\\/www.varygrow.com\\\/cs\\\/eshop\\\/homebox-ambient-r240-240x120x220-cm\\\/\",\"name\":\"Homebox Ambient R240+, 240x120x220 cm\",\"isPartOf\":{\"@id\":\"https:\\\/\\\/www.varygrow.com\\\/cs\\\/#website\"},\"primaryImageOfPage\":{\"@id\":\"https:\\\/\\\/www.varygrow.com\\\/cs\\\/eshop\\\/homebox-ambient-r240-240x120x220-cm\\\/#primaryimage\"},\"image\":{\"@id\":\"https:\\\/\\\/www.varygrow.com\\\/cs\\\/eshop\\\/homebox-ambient-r240-240x120x220-cm\\\/#primaryimage\"},\"thumbnailUrl\":\"https:\\\/\\\/www.varygrow.com\\\/wp-content\\\/uploads\\\/sites\\\/19\\\/2026\\\/03\\\/Homebox-Ambient-R240-240x120x220-cm.jpg\",\"datePublished\":\"2026-04-23T02:10:46+00:00\",\"dateModified\":\"2026-04-23T02:10:47+00:00\",\"description\":\"Nov\u00fd a prostorn\u00fd Homebox Ambient R 240+, u nov\u00e9 \u0159ady Ambient+ je prodlou\u017eena v\u00fd\u0161ka o 20cm. zaujme stabiln\u00ed kovovou konstrukc\u00ed s pos\u00edlen\u00fdmi plastov\u00fdmi spoji a odoln\u00fdmi, sv\u011bteln\u011b nepropustn\u00fdmi zipy. Speci\u00e1ln\u011b vyvinut\u00e1 b\u00edl\u00e1 odrazov\u00e1 f\u00f3lie PAR+ odr\u00e1\u017e\u00ed v\u00edce sv\u011bteln\u00e9 energie a sou\u010dasn\u011b sni\u017euje odraz tepeln\u00e9 energie.\",\"breadcrumb\":{\"@id\":\"https:\\\/\\\/www.varygrow.com\\\/cs\\\/eshop\\\/homebox-ambient-r240-240x120x220-cm\\\/#breadcrumb\"},\"inLanguage\":\"cs\",\"potentialAction\":[{\"@type\":\"ReadAction\",\"target\":[\"https:\\\/\\\/www.varygrow.com\\\/cs\\\/eshop\\\/homebox-ambient-r240-240x120x220-cm\\\/\"]}]},{\"@type\":\"ImageObject\",\"inLanguage\":\"cs\",\"@id\":\"https:\\\/\\\/www.varygrow.com\\\/cs\\\/eshop\\\/homebox-ambient-r240-240x120x220-cm\\\/#primaryimage\",\"url\":\"https:\\\/\\\/www.varygrow.com\\\/wp-content\\\/uploads\\\/sites\\\/19\\\/2026\\\/03\\\/Homebox-Ambient-R240-240x120x220-cm.jpg\",\"contentUrl\":\"https:\\\/\\\/www.varygrow.com\\\/wp-content\\\/uploads\\\/sites\\\/19\\\/2026\\\/03\\\/Homebox-Ambient-R240-240x120x220-cm.jpg\",\"width\":1000,\"height\":1000,\"caption\":\"Homebox Ambient R240+\"},{\"@type\":\"BreadcrumbList\",\"@id\":\"https:\\\/\\\/www.varygrow.com\\\/cs\\\/eshop\\\/homebox-ambient-r240-240x120x220-cm\\\/#breadcrumb\",\"itemListElement\":[{\"@type\":\"ListItem\",\"position\":1,\"name\":\"Dom\u016f\",\"item\":\"https:\\\/\\\/www.varygrow.com\\\/cs\\\/\"},{\"@type\":\"ListItem\",\"position\":2,\"name\":\"Eshop\",\"item\":\"https:\\\/\\\/www.varygrow.com\\\/cs\\\/eshop\\\/\"},{\"@type\":\"ListItem\",\"position\":3,\"name\":\"Homebox Ambient R240+, 240x120x220 cm\"}]},{\"@type\":\"WebSite\",\"@id\":\"https:\\\/\\\/www.varygrow.com\\\/cs\\\/#website\",\"url\":\"https:\\\/\\\/www.varygrow.com\\\/cs\\\/\",\"name\":\"VaryGrow\",\"description\":\"Udr\u017eiteln\u00e9 podnik\u00e1n\u00ed\",\"publisher\":{\"@id\":\"https:\\\/\\\/www.varygrow.com\\\/cs\\\/#organization\"},\"potentialAction\":[{\"@type\":\"SearchAction\",\"target\":{\"@type\":\"EntryPoint\",\"urlTemplate\":\"https:\\\/\\\/www.varygrow.com\\\/cs\\\/?s={search_term_string}\"},\"query-input\":{\"@type\":\"PropertyValueSpecification\",\"valueRequired\":true,\"valueName\":\"search_term_string\"}}],\"inLanguage\":\"cs\"},{\"@type\":\"Organization\",\"@id\":\"https:\\\/\\\/www.varygrow.com\\\/cs\\\/#organization\",\"name\":\"DAMARA s.r.o.\",\"url\":\"https:\\\/\\\/www.varygrow.com\\\/cs\\\/\",\"logo\":{\"@type\":\"ImageObject\",\"inLanguage\":\"cs\",\"@id\":\"https:\\\/\\\/www.varygrow.com\\\/cs\\\/#\\\/schema\\\/logo\\\/image\\\/\",\"url\":\"https:\\\/\\\/www.varygrow.com\\\/wp-content\\\/uploads\\\/sites\\\/19\\\/2023\\\/08\\\/Logo-Heureka-480x150-1.png\",\"contentUrl\":\"https:\\\/\\\/www.varygrow.com\\\/wp-content\\\/uploads\\\/sites\\\/19\\\/2023\\\/08\\\/Logo-Heureka-480x150-1.png\",\"width\":480,\"height\":150,\"caption\":\"DAMARA s.r.o.\"},\"image\":{\"@id\":\"https:\\\/\\\/www.varygrow.com\\\/cs\\\/#\\\/schema\\\/logo\\\/image\\\/\"},\"sameAs\":[\"https:\\\/\\\/facebook.com\\\/VaryGrow\"]}]}<\/script>\n<!-- \/ Yoast SEO plugin. -->","yoast_head_json":{"title":"Homebox Ambient R240+, 240x120x220 cm","description":"Nov\u00fd a prostorn\u00fd Homebox Ambient R 240+, u nov\u00e9 \u0159ady Ambient+ je prodlou\u017eena v\u00fd\u0161ka o 20cm. zaujme stabiln\u00ed kovovou konstrukc\u00ed s pos\u00edlen\u00fdmi plastov\u00fdmi spoji a odoln\u00fdmi, sv\u011bteln\u011b nepropustn\u00fdmi zipy. Speci\u00e1ln\u011b vyvinut\u00e1 b\u00edl\u00e1 odrazov\u00e1 f\u00f3lie PAR+ odr\u00e1\u017e\u00ed v\u00edce sv\u011bteln\u00e9 energie a sou\u010dasn\u011b sni\u017euje odraz tepeln\u00e9 energie.","robots":{"index":"index","follow":"follow","max-snippet":"max-snippet:-1","max-image-preview":"max-image-preview:large","max-video-preview":"max-video-preview:-1"},"canonical":"https:\/\/www.varygrow.com\/cs\/eshop\/homebox-ambient-r240-240x120x220-cm\/","og_locale":"cs_CZ","og_type":"article","og_title":"Homebox Ambient R240+, 240x120x220 cm","og_description":"Nov\u00fd a prostorn\u00fd Homebox Ambient R 240+, u nov\u00e9 \u0159ady Ambient+ je prodlou\u017eena v\u00fd\u0161ka o 20cm. zaujme stabiln\u00ed kovovou konstrukc\u00ed s pos\u00edlen\u00fdmi plastov\u00fdmi spoji a odoln\u00fdmi, sv\u011bteln\u011b nepropustn\u00fdmi zipy. Speci\u00e1ln\u011b vyvinut\u00e1 b\u00edl\u00e1 odrazov\u00e1 f\u00f3lie PAR+ odr\u00e1\u017e\u00ed v\u00edce sv\u011bteln\u00e9 energie a sou\u010dasn\u011b sni\u017euje odraz tepeln\u00e9 energie.","og_url":"https:\/\/www.varygrow.com\/cs\/eshop\/homebox-ambient-r240-240x120x220-cm\/","og_site_name":"VaryGrow","article_publisher":"https:\/\/facebook.com\/VaryGrow","article_modified_time":"2026-04-23T02:10:47+00:00","og_image":[{"width":1000,"height":1000,"url":"https:\/\/www.varygrow.com\/wp-content\/uploads\/sites\/19\/2026\/03\/Homebox-Ambient-R240-240x120x220-cm.jpg","type":"image\/jpeg"}],"twitter_card":"summary_large_image","twitter_misc":{"Odhadovan\u00e1 doba \u010dten\u00ed":"1 minuta"},"schema":{"@context":"https:\/\/schema.org","@graph":[{"@type":"WebPage","@id":"https:\/\/www.varygrow.com\/cs\/eshop\/homebox-ambient-r240-240x120x220-cm\/","url":"https:\/\/www.varygrow.com\/cs\/eshop\/homebox-ambient-r240-240x120x220-cm\/","name":"Homebox Ambient R240+, 240x120x220 cm","isPartOf":{"@id":"https:\/\/www.varygrow.com\/cs\/#website"},"primaryImageOfPage":{"@id":"https:\/\/www.varygrow.com\/cs\/eshop\/homebox-ambient-r240-240x120x220-cm\/#primaryimage"},"image":{"@id":"https:\/\/www.varygrow.com\/cs\/eshop\/homebox-ambient-r240-240x120x220-cm\/#primaryimage"},"thumbnailUrl":"https:\/\/www.varygrow.com\/wp-content\/uploads\/sites\/19\/2026\/03\/Homebox-Ambient-R240-240x120x220-cm.jpg","datePublished":"2026-04-23T02:10:46+00:00","dateModified":"2026-04-23T02:10:47+00:00","description":"Nov\u00fd a prostorn\u00fd Homebox Ambient R 240+, u nov\u00e9 \u0159ady Ambient+ je prodlou\u017eena v\u00fd\u0161ka o 20cm. zaujme stabiln\u00ed kovovou konstrukc\u00ed s pos\u00edlen\u00fdmi plastov\u00fdmi spoji a odoln\u00fdmi, sv\u011bteln\u011b nepropustn\u00fdmi zipy. Speci\u00e1ln\u011b vyvinut\u00e1 b\u00edl\u00e1 odrazov\u00e1 f\u00f3lie PAR+ odr\u00e1\u017e\u00ed v\u00edce sv\u011bteln\u00e9 energie a sou\u010dasn\u011b sni\u017euje odraz tepeln\u00e9 energie.","breadcrumb":{"@id":"https:\/\/www.varygrow.com\/cs\/eshop\/homebox-ambient-r240-240x120x220-cm\/#breadcrumb"},"inLanguage":"cs","potentialAction":[{"@type":"ReadAction","target":["https:\/\/www.varygrow.com\/cs\/eshop\/homebox-ambient-r240-240x120x220-cm\/"]}]},{"@type":"ImageObject","inLanguage":"cs","@id":"https:\/\/www.varygrow.com\/cs\/eshop\/homebox-ambient-r240-240x120x220-cm\/#primaryimage","url":"https:\/\/www.varygrow.com\/wp-content\/uploads\/sites\/19\/2026\/03\/Homebox-Ambient-R240-240x120x220-cm.jpg","contentUrl":"https:\/\/www.varygrow.com\/wp-content\/uploads\/sites\/19\/2026\/03\/Homebox-Ambient-R240-240x120x220-cm.jpg","width":1000,"height":1000,"caption":"Homebox Ambient R240+"},{"@type":"BreadcrumbList","@id":"https:\/\/www.varygrow.com\/cs\/eshop\/homebox-ambient-r240-240x120x220-cm\/#breadcrumb","itemListElement":[{"@type":"ListItem","position":1,"name":"Dom\u016f","item":"https:\/\/www.varygrow.com\/cs\/"},{"@type":"ListItem","position":2,"name":"Eshop","item":"https:\/\/www.varygrow.com\/cs\/eshop\/"},{"@type":"ListItem","position":3,"name":"Homebox Ambient R240+, 240x120x220 cm"}]},{"@type":"WebSite","@id":"https:\/\/www.varygrow.com\/cs\/#website","url":"https:\/\/www.varygrow.com\/cs\/","name":"VaryGrow","description":"Udr\u017eiteln\u00e9 podnik\u00e1n\u00ed","publisher":{"@id":"https:\/\/www.varygrow.com\/cs\/#organization"},"potentialAction":[{"@type":"SearchAction","target":{"@type":"EntryPoint","urlTemplate":"https:\/\/www.varygrow.com\/cs\/?s={search_term_string}"},"query-input":{"@type":"PropertyValueSpecification","valueRequired":true,"valueName":"search_term_string"}}],"inLanguage":"cs"},{"@type":"Organization","@id":"https:\/\/www.varygrow.com\/cs\/#organization","name":"DAMARA s.r.o.","url":"https:\/\/www.varygrow.com\/cs\/","logo":{"@type":"ImageObject","inLanguage":"cs","@id":"https:\/\/www.varygrow.com\/cs\/#\/schema\/logo\/image\/","url":"https:\/\/www.varygrow.com\/wp-content\/uploads\/sites\/19\/2023\/08\/Logo-Heureka-480x150-1.png","contentUrl":"https:\/\/www.varygrow.com\/wp-content\/uploads\/sites\/19\/2023\/08\/Logo-Heureka-480x150-1.png","width":480,"height":150,"caption":"DAMARA s.r.o."},"image":{"@id":"https:\/\/www.varygrow.com\/cs\/#\/schema\/logo\/image\/"},"sameAs":["https:\/\/facebook.com\/VaryGrow"]}]}},"brands":[{"id":5760,"name":"Homebox","slug":"homebox"}],"_links":{"self":[{"href":"https:\/\/www.varygrow.com\/cs\/wp-json\/wp\/v2\/product\/326997","targetHints":{"allow":["GET"]}}],"collection":[{"href":"https:\/\/www.varygrow.com\/cs\/wp-json\/wp\/v2\/product"}],"about":[{"href":"https:\/\/www.varygrow.com\/cs\/wp-json\/wp\/v2\/types\/product"}],"replies":[{"embeddable":true,"href":"https:\/\/www.varygrow.com\/cs\/wp-json\/wp\/v2\/comments?post=326997"}],"wp:featuredmedia":[{"embeddable":true,"href":"https:\/\/www.varygrow.com\/cs\/wp-json\/wp\/v2\/media\/326998"}],"wp:attachment":[{"href":"https:\/\/www.varygrow.com\/cs\/wp-json\/wp\/v2\/media?parent=326997"}],"wp:term":[{"taxonomy":"pwb-brand","embeddable":true,"href":"https:\/\/www.varygrow.com\/cs\/wp-json\/wp\/v2\/pwb-brand?post=326997"},{"taxonomy":"product_brand","embeddable":true,"href":"https:\/\/www.varygrow.com\/cs\/wp-json\/wp\/v2\/product_brand?post=326997"},{"taxonomy":"product_cat","embeddable":true,"href":"https:\/\/www.varygrow.com\/cs\/wp-json\/wp\/v2\/product_cat?post=326997"},{"taxonomy":"product_tag","embeddable":true,"href":"https:\/\/www.varygrow.com\/cs\/wp-json\/wp\/v2\/product_tag?post=326997"},{"taxonomy":"berocket_brand","embeddable":true,"href":"https:\/\/www.varygrow.com\/cs\/wp-json\/wp\/v2\/berocket_brand?post=326997"}],"curies":[{"name":"wp","href":"https:\/\/api.w.org\/{rel}","templated":true}]}}