{"id":327472,"date":"2026-04-17T04:23:17","date_gmt":"2026-04-17T02:23:17","guid":{"rendered":"https:\/\/www.varygrow.com\/eshop\/sanlight-flex-ii-gst30-napajeci-zdroj-30w-vcetne-adapteru-ai2022\/"},"modified":"2026-04-17T04:23:17","modified_gmt":"2026-04-17T02:23:17","slug":"sanlight-flex-ii-gst30-napajeci-zdroj-30w-vcetne-adapteru-ai2022","status":"publish","type":"product","link":"https:\/\/www.varygrow.com\/cs\/eshop\/sanlight-flex-ii-gst30-napajeci-zdroj-30w-vcetne-adapteru-ai2022\/","title":{"rendered":"SANlight FLEX II GST30 nap\u00e1jec\u00ed zdroj 30W v\u010detn\u011b adapt\u00e9ru (AI2022)"},"content":{"rendered":"<p>Z\u00e1suvkov\u00fd zdroj 30 W GST30 v\u010detn\u011b koncovky a adapt\u00e9rov\u00e9ho kabelu (DC na WDC19). Vhodn\u00fd pro 1x sv\u00edtidlo SANlight FLEX II 25W, 1x sv\u00edtidlo FLEX II 20W nebo 3x sv\u00edtidlo FLEX II 10W.<\/p>\n","protected":false},"excerpt":{"rendered":"<p>Z\u00e1suvkov\u00fd zdroj 30 W GST30 v\u010detn\u011b koncovky a adapt\u00e9rov\u00e9ho kabelu (DC na WDC19). Vhodn\u00fd pro 1x sv\u00edtidlo SANlight FLEX II 25W, 1x sv\u00edtidlo FLEX II 20W nebo 3x sv\u00edtidlo FLEX II 10W.<\/p>\n","protected":false},"featured_media":327473,"comment_status":"open","ping_status":"open","template":"","meta":[],"pwb-brand":[5858],"product_brand":[],"product_cat":[15379,15380,11133,10513,11050,11225],"product_tag":[15412,15413,6100,15317,6099,6430],"berocket_brand":[106],"class_list":{"0":"post-327472","1":"product","2":"type-product","3":"status-publish","4":"has-post-thumbnail","6":"pwb-brand-sanlight","7":"product_cat-flex-ii","8":"product_cat-flexx-ii-driver","9":"product_cat-led-osvetleni-rostlin","10":"product_cat-naarden","11":"product_cat-osvetleni-rostlin","12":"product_cat-sanlight-led-osvetleni-rostlin","13":"product_tag-flex-ii","14":"product_tag-flexx-ii-driver","15":"product_tag-led","16":"product_tag-naarden","17":"product_tag-osvetleni","18":"product_tag-sanlight","19":"berocket_brand-naarden","20":"sales-flash-overlay","21":"woocommerce-text-align-center","22":"woocommerce-image-align-center","23":"do-quantity-buttons","25":"first","26":"instock","27":"purchasable","28":"product-type-simple"},"yoast_head":"<!-- This site is optimized with the Yoast SEO plugin v27.4 - https:\/\/yoast.com\/product\/yoast-seo-wordpress\/ -->\n<title>SANlight FLEX II GST30 nap\u00e1jec\u00ed zdroj 30W v\u010detn\u011b adapt\u00e9ru (AI2022)<\/title>\n<meta name=\"description\" content=\"Z\u00e1suvkov\u00fd zdroj 30 W GST30 v\u010detn\u011b koncovky a adapt\u00e9rov\u00e9ho kabelu (DC na WDC19). Vhodn\u00fd pro 1x sv\u00edtidlo SANlight FLEX II 25W, 1x sv\u00edtidlo FLEX II 20W nebo 3x sv\u00edtidlo FLEX II 10W.\" \/>\n<meta name=\"robots\" content=\"index, follow, max-snippet:-1, max-image-preview:large, max-video-preview:-1\" \/>\n<link rel=\"canonical\" href=\"https:\/\/www.varygrow.com\/cs\/eshop\/sanlight-flex-ii-gst30-napajeci-zdroj-30w-vcetne-adapteru-ai2022\/\" \/>\n<meta property=\"og:locale\" content=\"cs_CZ\" \/>\n<meta property=\"og:type\" content=\"article\" \/>\n<meta property=\"og:title\" content=\"SANlight FLEX II GST30 nap\u00e1jec\u00ed zdroj 30W v\u010detn\u011b adapt\u00e9ru (AI2022)\" \/>\n<meta property=\"og:description\" content=\"Z\u00e1suvkov\u00fd zdroj 30 W GST30 v\u010detn\u011b koncovky a adapt\u00e9rov\u00e9ho kabelu (DC na WDC19). Vhodn\u00fd pro 1x sv\u00edtidlo SANlight FLEX II 25W, 1x sv\u00edtidlo FLEX II 20W nebo 3x sv\u00edtidlo FLEX II 10W.\" \/>\n<meta property=\"og:url\" content=\"https:\/\/www.varygrow.com\/cs\/eshop\/sanlight-flex-ii-gst30-napajeci-zdroj-30w-vcetne-adapteru-ai2022\/\" \/>\n<meta property=\"og:site_name\" content=\"VaryGrow\" \/>\n<meta property=\"article:publisher\" content=\"https:\/\/facebook.com\/VaryGrow\" \/>\n<meta property=\"og:image\" content=\"https:\/\/www.varygrow.com\/wp-content\/uploads\/sites\/19\/2026\/03\/SANlight-FLEX-II-GST30-napajeci-zdroj-30W-vcetne-adapteru-AI2022.jpg\" \/>\n\t<meta property=\"og:image:width\" content=\"1000\" \/>\n\t<meta property=\"og:image:height\" content=\"1000\" \/>\n\t<meta property=\"og:image:type\" content=\"image\/jpeg\" \/>\n<meta name=\"twitter:card\" content=\"summary_large_image\" \/>\n<script type=\"application\/ld+json\" class=\"yoast-schema-graph\">{\"@context\":\"https:\\\/\\\/schema.org\",\"@graph\":[{\"@type\":\"WebPage\",\"@id\":\"https:\\\/\\\/www.varygrow.com\\\/cs\\\/eshop\\\/sanlight-flex-ii-gst30-napajeci-zdroj-30w-vcetne-adapteru-ai2022\\\/\",\"url\":\"https:\\\/\\\/www.varygrow.com\\\/cs\\\/eshop\\\/sanlight-flex-ii-gst30-napajeci-zdroj-30w-vcetne-adapteru-ai2022\\\/\",\"name\":\"SANlight FLEX II GST30 nap\u00e1jec\u00ed zdroj 30W v\u010detn\u011b adapt\u00e9ru (AI2022)\",\"isPartOf\":{\"@id\":\"https:\\\/\\\/www.varygrow.com\\\/cs\\\/#website\"},\"primaryImageOfPage\":{\"@id\":\"https:\\\/\\\/www.varygrow.com\\\/cs\\\/eshop\\\/sanlight-flex-ii-gst30-napajeci-zdroj-30w-vcetne-adapteru-ai2022\\\/#primaryimage\"},\"image\":{\"@id\":\"https:\\\/\\\/www.varygrow.com\\\/cs\\\/eshop\\\/sanlight-flex-ii-gst30-napajeci-zdroj-30w-vcetne-adapteru-ai2022\\\/#primaryimage\"},\"thumbnailUrl\":\"https:\\\/\\\/www.varygrow.com\\\/wp-content\\\/uploads\\\/sites\\\/19\\\/2026\\\/03\\\/SANlight-FLEX-II-GST30-napajeci-zdroj-30W-vcetne-adapteru-AI2022.jpg\",\"datePublished\":\"2026-04-17T02:23:17+00:00\",\"description\":\"Z\u00e1suvkov\u00fd zdroj 30 W GST30 v\u010detn\u011b koncovky a adapt\u00e9rov\u00e9ho kabelu (DC na WDC19). Vhodn\u00fd pro 1x sv\u00edtidlo SANlight FLEX II 25W, 1x sv\u00edtidlo FLEX II 20W nebo 3x sv\u00edtidlo FLEX II 10W.\",\"breadcrumb\":{\"@id\":\"https:\\\/\\\/www.varygrow.com\\\/cs\\\/eshop\\\/sanlight-flex-ii-gst30-napajeci-zdroj-30w-vcetne-adapteru-ai2022\\\/#breadcrumb\"},\"inLanguage\":\"cs\",\"potentialAction\":[{\"@type\":\"ReadAction\",\"target\":[\"https:\\\/\\\/www.varygrow.com\\\/cs\\\/eshop\\\/sanlight-flex-ii-gst30-napajeci-zdroj-30w-vcetne-adapteru-ai2022\\\/\"]}]},{\"@type\":\"ImageObject\",\"inLanguage\":\"cs\",\"@id\":\"https:\\\/\\\/www.varygrow.com\\\/cs\\\/eshop\\\/sanlight-flex-ii-gst30-napajeci-zdroj-30w-vcetne-adapteru-ai2022\\\/#primaryimage\",\"url\":\"https:\\\/\\\/www.varygrow.com\\\/wp-content\\\/uploads\\\/sites\\\/19\\\/2026\\\/03\\\/SANlight-FLEX-II-GST30-napajeci-zdroj-30W-vcetne-adapteru-AI2022.jpg\",\"contentUrl\":\"https:\\\/\\\/www.varygrow.com\\\/wp-content\\\/uploads\\\/sites\\\/19\\\/2026\\\/03\\\/SANlight-FLEX-II-GST30-napajeci-zdroj-30W-vcetne-adapteru-AI2022.jpg\",\"width\":1000,\"height\":1000,\"caption\":\"SANlight FLEX II GST30 nap\u00e1jec\u00ed zdroj 30W v\u010detn\u011b adapt\u00e9ru (AI2022)\"},{\"@type\":\"BreadcrumbList\",\"@id\":\"https:\\\/\\\/www.varygrow.com\\\/cs\\\/eshop\\\/sanlight-flex-ii-gst30-napajeci-zdroj-30w-vcetne-adapteru-ai2022\\\/#breadcrumb\",\"itemListElement\":[{\"@type\":\"ListItem\",\"position\":1,\"name\":\"Dom\u016f\",\"item\":\"https:\\\/\\\/www.varygrow.com\\\/cs\\\/\"},{\"@type\":\"ListItem\",\"position\":2,\"name\":\"Eshop\",\"item\":\"https:\\\/\\\/www.varygrow.com\\\/cs\\\/eshop\\\/\"},{\"@type\":\"ListItem\",\"position\":3,\"name\":\"SANlight FLEX II GST30 nap\u00e1jec\u00ed zdroj 30W v\u010detn\u011b adapt\u00e9ru (AI2022)\"}]},{\"@type\":\"WebSite\",\"@id\":\"https:\\\/\\\/www.varygrow.com\\\/cs\\\/#website\",\"url\":\"https:\\\/\\\/www.varygrow.com\\\/cs\\\/\",\"name\":\"VaryGrow\",\"description\":\"Udr\u017eiteln\u00e9 podnik\u00e1n\u00ed\",\"publisher\":{\"@id\":\"https:\\\/\\\/www.varygrow.com\\\/cs\\\/#organization\"},\"potentialAction\":[{\"@type\":\"SearchAction\",\"target\":{\"@type\":\"EntryPoint\",\"urlTemplate\":\"https:\\\/\\\/www.varygrow.com\\\/cs\\\/?s={search_term_string}\"},\"query-input\":{\"@type\":\"PropertyValueSpecification\",\"valueRequired\":true,\"valueName\":\"search_term_string\"}}],\"inLanguage\":\"cs\"},{\"@type\":\"Organization\",\"@id\":\"https:\\\/\\\/www.varygrow.com\\\/cs\\\/#organization\",\"name\":\"DAMARA s.r.o.\",\"url\":\"https:\\\/\\\/www.varygrow.com\\\/cs\\\/\",\"logo\":{\"@type\":\"ImageObject\",\"inLanguage\":\"cs\",\"@id\":\"https:\\\/\\\/www.varygrow.com\\\/cs\\\/#\\\/schema\\\/logo\\\/image\\\/\",\"url\":\"https:\\\/\\\/www.varygrow.com\\\/wp-content\\\/uploads\\\/sites\\\/19\\\/2023\\\/08\\\/Logo-Heureka-480x150-1.png\",\"contentUrl\":\"https:\\\/\\\/www.varygrow.com\\\/wp-content\\\/uploads\\\/sites\\\/19\\\/2023\\\/08\\\/Logo-Heureka-480x150-1.png\",\"width\":480,\"height\":150,\"caption\":\"DAMARA s.r.o.\"},\"image\":{\"@id\":\"https:\\\/\\\/www.varygrow.com\\\/cs\\\/#\\\/schema\\\/logo\\\/image\\\/\"},\"sameAs\":[\"https:\\\/\\\/facebook.com\\\/VaryGrow\"]}]}<\/script>\n<!-- \/ Yoast SEO plugin. -->","yoast_head_json":{"title":"SANlight FLEX II GST30 nap\u00e1jec\u00ed zdroj 30W v\u010detn\u011b adapt\u00e9ru (AI2022)","description":"Z\u00e1suvkov\u00fd zdroj 30 W GST30 v\u010detn\u011b koncovky a adapt\u00e9rov\u00e9ho kabelu (DC na WDC19). Vhodn\u00fd pro 1x sv\u00edtidlo SANlight FLEX II 25W, 1x sv\u00edtidlo FLEX II 20W nebo 3x sv\u00edtidlo FLEX II 10W.","robots":{"index":"index","follow":"follow","max-snippet":"max-snippet:-1","max-image-preview":"max-image-preview:large","max-video-preview":"max-video-preview:-1"},"canonical":"https:\/\/www.varygrow.com\/cs\/eshop\/sanlight-flex-ii-gst30-napajeci-zdroj-30w-vcetne-adapteru-ai2022\/","og_locale":"cs_CZ","og_type":"article","og_title":"SANlight FLEX II GST30 nap\u00e1jec\u00ed zdroj 30W v\u010detn\u011b adapt\u00e9ru (AI2022)","og_description":"Z\u00e1suvkov\u00fd zdroj 30 W GST30 v\u010detn\u011b koncovky a adapt\u00e9rov\u00e9ho kabelu (DC na WDC19). Vhodn\u00fd pro 1x sv\u00edtidlo SANlight FLEX II 25W, 1x sv\u00edtidlo FLEX II 20W nebo 3x sv\u00edtidlo FLEX II 10W.","og_url":"https:\/\/www.varygrow.com\/cs\/eshop\/sanlight-flex-ii-gst30-napajeci-zdroj-30w-vcetne-adapteru-ai2022\/","og_site_name":"VaryGrow","article_publisher":"https:\/\/facebook.com\/VaryGrow","og_image":[{"width":1000,"height":1000,"url":"https:\/\/www.varygrow.com\/wp-content\/uploads\/sites\/19\/2026\/03\/SANlight-FLEX-II-GST30-napajeci-zdroj-30W-vcetne-adapteru-AI2022.jpg","type":"image\/jpeg"}],"twitter_card":"summary_large_image","schema":{"@context":"https:\/\/schema.org","@graph":[{"@type":"WebPage","@id":"https:\/\/www.varygrow.com\/cs\/eshop\/sanlight-flex-ii-gst30-napajeci-zdroj-30w-vcetne-adapteru-ai2022\/","url":"https:\/\/www.varygrow.com\/cs\/eshop\/sanlight-flex-ii-gst30-napajeci-zdroj-30w-vcetne-adapteru-ai2022\/","name":"SANlight FLEX II GST30 nap\u00e1jec\u00ed zdroj 30W v\u010detn\u011b adapt\u00e9ru (AI2022)","isPartOf":{"@id":"https:\/\/www.varygrow.com\/cs\/#website"},"primaryImageOfPage":{"@id":"https:\/\/www.varygrow.com\/cs\/eshop\/sanlight-flex-ii-gst30-napajeci-zdroj-30w-vcetne-adapteru-ai2022\/#primaryimage"},"image":{"@id":"https:\/\/www.varygrow.com\/cs\/eshop\/sanlight-flex-ii-gst30-napajeci-zdroj-30w-vcetne-adapteru-ai2022\/#primaryimage"},"thumbnailUrl":"https:\/\/www.varygrow.com\/wp-content\/uploads\/sites\/19\/2026\/03\/SANlight-FLEX-II-GST30-napajeci-zdroj-30W-vcetne-adapteru-AI2022.jpg","datePublished":"2026-04-17T02:23:17+00:00","description":"Z\u00e1suvkov\u00fd zdroj 30 W GST30 v\u010detn\u011b koncovky a adapt\u00e9rov\u00e9ho kabelu (DC na WDC19). Vhodn\u00fd pro 1x sv\u00edtidlo SANlight FLEX II 25W, 1x sv\u00edtidlo FLEX II 20W nebo 3x sv\u00edtidlo FLEX II 10W.","breadcrumb":{"@id":"https:\/\/www.varygrow.com\/cs\/eshop\/sanlight-flex-ii-gst30-napajeci-zdroj-30w-vcetne-adapteru-ai2022\/#breadcrumb"},"inLanguage":"cs","potentialAction":[{"@type":"ReadAction","target":["https:\/\/www.varygrow.com\/cs\/eshop\/sanlight-flex-ii-gst30-napajeci-zdroj-30w-vcetne-adapteru-ai2022\/"]}]},{"@type":"ImageObject","inLanguage":"cs","@id":"https:\/\/www.varygrow.com\/cs\/eshop\/sanlight-flex-ii-gst30-napajeci-zdroj-30w-vcetne-adapteru-ai2022\/#primaryimage","url":"https:\/\/www.varygrow.com\/wp-content\/uploads\/sites\/19\/2026\/03\/SANlight-FLEX-II-GST30-napajeci-zdroj-30W-vcetne-adapteru-AI2022.jpg","contentUrl":"https:\/\/www.varygrow.com\/wp-content\/uploads\/sites\/19\/2026\/03\/SANlight-FLEX-II-GST30-napajeci-zdroj-30W-vcetne-adapteru-AI2022.jpg","width":1000,"height":1000,"caption":"SANlight FLEX II GST30 nap\u00e1jec\u00ed zdroj 30W v\u010detn\u011b adapt\u00e9ru (AI2022)"},{"@type":"BreadcrumbList","@id":"https:\/\/www.varygrow.com\/cs\/eshop\/sanlight-flex-ii-gst30-napajeci-zdroj-30w-vcetne-adapteru-ai2022\/#breadcrumb","itemListElement":[{"@type":"ListItem","position":1,"name":"Dom\u016f","item":"https:\/\/www.varygrow.com\/cs\/"},{"@type":"ListItem","position":2,"name":"Eshop","item":"https:\/\/www.varygrow.com\/cs\/eshop\/"},{"@type":"ListItem","position":3,"name":"SANlight FLEX II GST30 nap\u00e1jec\u00ed zdroj 30W v\u010detn\u011b adapt\u00e9ru (AI2022)"}]},{"@type":"WebSite","@id":"https:\/\/www.varygrow.com\/cs\/#website","url":"https:\/\/www.varygrow.com\/cs\/","name":"VaryGrow","description":"Udr\u017eiteln\u00e9 podnik\u00e1n\u00ed","publisher":{"@id":"https:\/\/www.varygrow.com\/cs\/#organization"},"potentialAction":[{"@type":"SearchAction","target":{"@type":"EntryPoint","urlTemplate":"https:\/\/www.varygrow.com\/cs\/?s={search_term_string}"},"query-input":{"@type":"PropertyValueSpecification","valueRequired":true,"valueName":"search_term_string"}}],"inLanguage":"cs"},{"@type":"Organization","@id":"https:\/\/www.varygrow.com\/cs\/#organization","name":"DAMARA s.r.o.","url":"https:\/\/www.varygrow.com\/cs\/","logo":{"@type":"ImageObject","inLanguage":"cs","@id":"https:\/\/www.varygrow.com\/cs\/#\/schema\/logo\/image\/","url":"https:\/\/www.varygrow.com\/wp-content\/uploads\/sites\/19\/2023\/08\/Logo-Heureka-480x150-1.png","contentUrl":"https:\/\/www.varygrow.com\/wp-content\/uploads\/sites\/19\/2023\/08\/Logo-Heureka-480x150-1.png","width":480,"height":150,"caption":"DAMARA s.r.o."},"image":{"@id":"https:\/\/www.varygrow.com\/cs\/#\/schema\/logo\/image\/"},"sameAs":["https:\/\/facebook.com\/VaryGrow"]}]}},"brands":[{"id":5858,"name":"SANlight","slug":"sanlight"}],"_links":{"self":[{"href":"https:\/\/www.varygrow.com\/cs\/wp-json\/wp\/v2\/product\/327472","targetHints":{"allow":["GET"]}}],"collection":[{"href":"https:\/\/www.varygrow.com\/cs\/wp-json\/wp\/v2\/product"}],"about":[{"href":"https:\/\/www.varygrow.com\/cs\/wp-json\/wp\/v2\/types\/product"}],"replies":[{"embeddable":true,"href":"https:\/\/www.varygrow.com\/cs\/wp-json\/wp\/v2\/comments?post=327472"}],"wp:featuredmedia":[{"embeddable":true,"href":"https:\/\/www.varygrow.com\/cs\/wp-json\/wp\/v2\/media\/327473"}],"wp:attachment":[{"href":"https:\/\/www.varygrow.com\/cs\/wp-json\/wp\/v2\/media?parent=327472"}],"wp:term":[{"taxonomy":"pwb-brand","embeddable":true,"href":"https:\/\/www.varygrow.com\/cs\/wp-json\/wp\/v2\/pwb-brand?post=327472"},{"taxonomy":"product_brand","embeddable":true,"href":"https:\/\/www.varygrow.com\/cs\/wp-json\/wp\/v2\/product_brand?post=327472"},{"taxonomy":"product_cat","embeddable":true,"href":"https:\/\/www.varygrow.com\/cs\/wp-json\/wp\/v2\/product_cat?post=327472"},{"taxonomy":"product_tag","embeddable":true,"href":"https:\/\/www.varygrow.com\/cs\/wp-json\/wp\/v2\/product_tag?post=327472"},{"taxonomy":"berocket_brand","embeddable":true,"href":"https:\/\/www.varygrow.com\/cs\/wp-json\/wp\/v2\/berocket_brand?post=327472"}],"curies":[{"name":"wp","href":"https:\/\/api.w.org\/{rel}","templated":true}]}}