{"id":327539,"date":"2026-04-17T04:29:26","date_gmt":"2026-04-17T02:29:26","guid":{"rendered":"https:\/\/www.varygrow.com\/eshop\/secret-jardin-ducting-flange-df16-priruba-na-16mm-tyc\/"},"modified":"2026-04-17T04:29:27","modified_gmt":"2026-04-17T02:29:27","slug":"secret-jardin-ducting-flange-df16-priruba-na-16mm-tyc","status":"publish","type":"product","link":"https:\/\/www.varygrow.com\/cs\/eshop\/secret-jardin-ducting-flange-df16-priruba-na-16mm-tyc\/","title":{"rendered":"Secret Jardin Ducting Flange DF16 &#8211; p\u0159\u00edruba na 16mm ty\u010d"},"content":{"rendered":"<p>Se Secret Jardin Ducting Flange DF16 m\u016f\u017eete vytvo\u0159it prostup na ventilaci kdekoli na va\u0161em stanu. Vy\u0159\u00edznout, vlo\u017eit a za\u0161roubovat. Jen 3 jednoduch\u00e9 kroky a prostup m\u00e1te p\u0159esn\u011b tam, kde ho pot\u0159ebujete<\/p>\n<p>Specifikace:<br \/>pro pou\u017eit\u00ed s Cutting Tool DF16&nbsp;<br \/>materi\u00e1l: plast<br \/><span style=\"background-color: initial\">pou\u017eiteln\u00e9 na v\u0161echny stany s 16mm ty\u010demi<br \/>verze: 4.0<\/span><\/p>\n<p>v\u010detn\u011b Cutting Tool<\/p>\n","protected":false},"excerpt":{"rendered":"<p>Se Secret Jardin Ducting Flange DF16 m\u016f\u017eete vytvo\u0159it prostup na ventilaci kdekoli na va\u0161em stanu.<\/p>\n","protected":false},"featured_media":327540,"comment_status":"open","ping_status":"open","template":"","meta":[],"pwb-brand":[5923],"product_brand":[],"product_cat":[11116,10513,12051,11246],"product_tag":[15317,6081,12052,6434],"berocket_brand":[106],"class_list":{"0":"post-327539","1":"product","2":"type-product","3":"status-publish","4":"has-post-thumbnail","6":"pwb-brand-secret-jardin","7":"product_cat-growboxy","8":"product_cat-naarden","9":"product_cat-prislusenstvi-secret-jardin-secret-jardin-growboxy","10":"product_cat-secret-jardin-growboxy","11":"product_tag-naarden","12":"product_tag-pestebni-boxy","13":"product_tag-prislusenstvi-secret-jardin","14":"product_tag-secret-jardin","15":"pa_ean-4853","16":"berocket_brand-naarden","17":"sales-flash-overlay","18":"woocommerce-text-align-center","19":"woocommerce-image-align-center","20":"do-quantity-buttons","22":"first","23":"instock","24":"purchasable","25":"product-type-simple"},"yoast_head":"<!-- This site is optimized with the Yoast SEO plugin v27.4 - https:\/\/yoast.com\/product\/yoast-seo-wordpress\/ -->\n<title>Secret Jardin Ducting Flange DF16 - p\u0159\u00edruba na 16mm ty\u010d<\/title>\n<meta name=\"description\" content=\"Se Secret Jardin Ducting Flange DF16 m\u016f\u017eete vytvo\u0159it prostup na ventilaci kdekoli na va\u0161em stanu.\" \/>\n<meta name=\"robots\" content=\"index, follow, max-snippet:-1, max-image-preview:large, max-video-preview:-1\" \/>\n<link rel=\"canonical\" href=\"https:\/\/www.varygrow.com\/cs\/eshop\/secret-jardin-ducting-flange-df16-priruba-na-16mm-tyc\/\" \/>\n<meta property=\"og:locale\" content=\"cs_CZ\" \/>\n<meta property=\"og:type\" content=\"article\" \/>\n<meta property=\"og:title\" content=\"Secret Jardin Ducting Flange DF16 - p\u0159\u00edruba na 16mm ty\u010d\" \/>\n<meta property=\"og:description\" content=\"Se Secret Jardin Ducting Flange DF16 m\u016f\u017eete vytvo\u0159it prostup na ventilaci kdekoli na va\u0161em stanu.\" \/>\n<meta property=\"og:url\" content=\"https:\/\/www.varygrow.com\/cs\/eshop\/secret-jardin-ducting-flange-df16-priruba-na-16mm-tyc\/\" \/>\n<meta property=\"og:site_name\" content=\"VaryGrow\" \/>\n<meta property=\"article:publisher\" content=\"https:\/\/facebook.com\/VaryGrow\" \/>\n<meta property=\"article:modified_time\" content=\"2026-04-17T02:29:27+00:00\" \/>\n<meta property=\"og:image\" content=\"https:\/\/www.varygrow.com\/wp-content\/uploads\/sites\/19\/2026\/03\/Secret-Jardin-Ducting-Flange-DF16-priruba-na-16mm-tyc.jpg\" \/>\n\t<meta property=\"og:image:width\" content=\"800\" \/>\n\t<meta property=\"og:image:height\" content=\"800\" \/>\n\t<meta property=\"og:image:type\" content=\"image\/jpeg\" \/>\n<meta name=\"twitter:card\" content=\"summary_large_image\" \/>\n<script type=\"application\/ld+json\" class=\"yoast-schema-graph\">{\"@context\":\"https:\\\/\\\/schema.org\",\"@graph\":[{\"@type\":\"WebPage\",\"@id\":\"https:\\\/\\\/www.varygrow.com\\\/cs\\\/eshop\\\/secret-jardin-ducting-flange-df16-priruba-na-16mm-tyc\\\/\",\"url\":\"https:\\\/\\\/www.varygrow.com\\\/cs\\\/eshop\\\/secret-jardin-ducting-flange-df16-priruba-na-16mm-tyc\\\/\",\"name\":\"Secret Jardin Ducting Flange DF16 - p\u0159\u00edruba na 16mm ty\u010d\",\"isPartOf\":{\"@id\":\"https:\\\/\\\/www.varygrow.com\\\/cs\\\/#website\"},\"primaryImageOfPage\":{\"@id\":\"https:\\\/\\\/www.varygrow.com\\\/cs\\\/eshop\\\/secret-jardin-ducting-flange-df16-priruba-na-16mm-tyc\\\/#primaryimage\"},\"image\":{\"@id\":\"https:\\\/\\\/www.varygrow.com\\\/cs\\\/eshop\\\/secret-jardin-ducting-flange-df16-priruba-na-16mm-tyc\\\/#primaryimage\"},\"thumbnailUrl\":\"https:\\\/\\\/www.varygrow.com\\\/wp-content\\\/uploads\\\/sites\\\/19\\\/2026\\\/03\\\/Secret-Jardin-Ducting-Flange-DF16-priruba-na-16mm-tyc.jpg\",\"datePublished\":\"2026-04-17T02:29:26+00:00\",\"dateModified\":\"2026-04-17T02:29:27+00:00\",\"description\":\"Se Secret Jardin Ducting Flange DF16 m\u016f\u017eete vytvo\u0159it prostup na ventilaci kdekoli na va\u0161em stanu.\",\"breadcrumb\":{\"@id\":\"https:\\\/\\\/www.varygrow.com\\\/cs\\\/eshop\\\/secret-jardin-ducting-flange-df16-priruba-na-16mm-tyc\\\/#breadcrumb\"},\"inLanguage\":\"cs\",\"potentialAction\":[{\"@type\":\"ReadAction\",\"target\":[\"https:\\\/\\\/www.varygrow.com\\\/cs\\\/eshop\\\/secret-jardin-ducting-flange-df16-priruba-na-16mm-tyc\\\/\"]}]},{\"@type\":\"ImageObject\",\"inLanguage\":\"cs\",\"@id\":\"https:\\\/\\\/www.varygrow.com\\\/cs\\\/eshop\\\/secret-jardin-ducting-flange-df16-priruba-na-16mm-tyc\\\/#primaryimage\",\"url\":\"https:\\\/\\\/www.varygrow.com\\\/wp-content\\\/uploads\\\/sites\\\/19\\\/2026\\\/03\\\/Secret-Jardin-Ducting-Flange-DF16-priruba-na-16mm-tyc.jpg\",\"contentUrl\":\"https:\\\/\\\/www.varygrow.com\\\/wp-content\\\/uploads\\\/sites\\\/19\\\/2026\\\/03\\\/Secret-Jardin-Ducting-Flange-DF16-priruba-na-16mm-tyc.jpg\",\"width\":800,\"height\":800,\"caption\":\"Secret Jardin Ducting Flange DF16 - p\u0159\u00edruba na 16mm ty\u010d\"},{\"@type\":\"BreadcrumbList\",\"@id\":\"https:\\\/\\\/www.varygrow.com\\\/cs\\\/eshop\\\/secret-jardin-ducting-flange-df16-priruba-na-16mm-tyc\\\/#breadcrumb\",\"itemListElement\":[{\"@type\":\"ListItem\",\"position\":1,\"name\":\"Dom\u016f\",\"item\":\"https:\\\/\\\/www.varygrow.com\\\/cs\\\/\"},{\"@type\":\"ListItem\",\"position\":2,\"name\":\"Eshop\",\"item\":\"https:\\\/\\\/www.varygrow.com\\\/cs\\\/eshop\\\/\"},{\"@type\":\"ListItem\",\"position\":3,\"name\":\"Secret Jardin Ducting Flange DF16 &#8211; p\u0159\u00edruba na 16mm ty\u010d\"}]},{\"@type\":\"WebSite\",\"@id\":\"https:\\\/\\\/www.varygrow.com\\\/cs\\\/#website\",\"url\":\"https:\\\/\\\/www.varygrow.com\\\/cs\\\/\",\"name\":\"VaryGrow\",\"description\":\"Udr\u017eiteln\u00e9 podnik\u00e1n\u00ed\",\"publisher\":{\"@id\":\"https:\\\/\\\/www.varygrow.com\\\/cs\\\/#organization\"},\"potentialAction\":[{\"@type\":\"SearchAction\",\"target\":{\"@type\":\"EntryPoint\",\"urlTemplate\":\"https:\\\/\\\/www.varygrow.com\\\/cs\\\/?s={search_term_string}\"},\"query-input\":{\"@type\":\"PropertyValueSpecification\",\"valueRequired\":true,\"valueName\":\"search_term_string\"}}],\"inLanguage\":\"cs\"},{\"@type\":\"Organization\",\"@id\":\"https:\\\/\\\/www.varygrow.com\\\/cs\\\/#organization\",\"name\":\"DAMARA s.r.o.\",\"url\":\"https:\\\/\\\/www.varygrow.com\\\/cs\\\/\",\"logo\":{\"@type\":\"ImageObject\",\"inLanguage\":\"cs\",\"@id\":\"https:\\\/\\\/www.varygrow.com\\\/cs\\\/#\\\/schema\\\/logo\\\/image\\\/\",\"url\":\"https:\\\/\\\/www.varygrow.com\\\/wp-content\\\/uploads\\\/sites\\\/19\\\/2023\\\/08\\\/Logo-Heureka-480x150-1.png\",\"contentUrl\":\"https:\\\/\\\/www.varygrow.com\\\/wp-content\\\/uploads\\\/sites\\\/19\\\/2023\\\/08\\\/Logo-Heureka-480x150-1.png\",\"width\":480,\"height\":150,\"caption\":\"DAMARA s.r.o.\"},\"image\":{\"@id\":\"https:\\\/\\\/www.varygrow.com\\\/cs\\\/#\\\/schema\\\/logo\\\/image\\\/\"},\"sameAs\":[\"https:\\\/\\\/facebook.com\\\/VaryGrow\"]}]}<\/script>\n<!-- \/ Yoast SEO plugin. -->","yoast_head_json":{"title":"Secret Jardin Ducting Flange DF16 - p\u0159\u00edruba na 16mm ty\u010d","description":"Se Secret Jardin Ducting Flange DF16 m\u016f\u017eete vytvo\u0159it prostup na ventilaci kdekoli na va\u0161em stanu.","robots":{"index":"index","follow":"follow","max-snippet":"max-snippet:-1","max-image-preview":"max-image-preview:large","max-video-preview":"max-video-preview:-1"},"canonical":"https:\/\/www.varygrow.com\/cs\/eshop\/secret-jardin-ducting-flange-df16-priruba-na-16mm-tyc\/","og_locale":"cs_CZ","og_type":"article","og_title":"Secret Jardin Ducting Flange DF16 - p\u0159\u00edruba na 16mm ty\u010d","og_description":"Se Secret Jardin Ducting Flange DF16 m\u016f\u017eete vytvo\u0159it prostup na ventilaci kdekoli na va\u0161em stanu.","og_url":"https:\/\/www.varygrow.com\/cs\/eshop\/secret-jardin-ducting-flange-df16-priruba-na-16mm-tyc\/","og_site_name":"VaryGrow","article_publisher":"https:\/\/facebook.com\/VaryGrow","article_modified_time":"2026-04-17T02:29:27+00:00","og_image":[{"width":800,"height":800,"url":"https:\/\/www.varygrow.com\/wp-content\/uploads\/sites\/19\/2026\/03\/Secret-Jardin-Ducting-Flange-DF16-priruba-na-16mm-tyc.jpg","type":"image\/jpeg"}],"twitter_card":"summary_large_image","schema":{"@context":"https:\/\/schema.org","@graph":[{"@type":"WebPage","@id":"https:\/\/www.varygrow.com\/cs\/eshop\/secret-jardin-ducting-flange-df16-priruba-na-16mm-tyc\/","url":"https:\/\/www.varygrow.com\/cs\/eshop\/secret-jardin-ducting-flange-df16-priruba-na-16mm-tyc\/","name":"Secret Jardin Ducting Flange DF16 - p\u0159\u00edruba na 16mm ty\u010d","isPartOf":{"@id":"https:\/\/www.varygrow.com\/cs\/#website"},"primaryImageOfPage":{"@id":"https:\/\/www.varygrow.com\/cs\/eshop\/secret-jardin-ducting-flange-df16-priruba-na-16mm-tyc\/#primaryimage"},"image":{"@id":"https:\/\/www.varygrow.com\/cs\/eshop\/secret-jardin-ducting-flange-df16-priruba-na-16mm-tyc\/#primaryimage"},"thumbnailUrl":"https:\/\/www.varygrow.com\/wp-content\/uploads\/sites\/19\/2026\/03\/Secret-Jardin-Ducting-Flange-DF16-priruba-na-16mm-tyc.jpg","datePublished":"2026-04-17T02:29:26+00:00","dateModified":"2026-04-17T02:29:27+00:00","description":"Se Secret Jardin Ducting Flange DF16 m\u016f\u017eete vytvo\u0159it prostup na ventilaci kdekoli na va\u0161em stanu.","breadcrumb":{"@id":"https:\/\/www.varygrow.com\/cs\/eshop\/secret-jardin-ducting-flange-df16-priruba-na-16mm-tyc\/#breadcrumb"},"inLanguage":"cs","potentialAction":[{"@type":"ReadAction","target":["https:\/\/www.varygrow.com\/cs\/eshop\/secret-jardin-ducting-flange-df16-priruba-na-16mm-tyc\/"]}]},{"@type":"ImageObject","inLanguage":"cs","@id":"https:\/\/www.varygrow.com\/cs\/eshop\/secret-jardin-ducting-flange-df16-priruba-na-16mm-tyc\/#primaryimage","url":"https:\/\/www.varygrow.com\/wp-content\/uploads\/sites\/19\/2026\/03\/Secret-Jardin-Ducting-Flange-DF16-priruba-na-16mm-tyc.jpg","contentUrl":"https:\/\/www.varygrow.com\/wp-content\/uploads\/sites\/19\/2026\/03\/Secret-Jardin-Ducting-Flange-DF16-priruba-na-16mm-tyc.jpg","width":800,"height":800,"caption":"Secret Jardin Ducting Flange DF16 - p\u0159\u00edruba na 16mm ty\u010d"},{"@type":"BreadcrumbList","@id":"https:\/\/www.varygrow.com\/cs\/eshop\/secret-jardin-ducting-flange-df16-priruba-na-16mm-tyc\/#breadcrumb","itemListElement":[{"@type":"ListItem","position":1,"name":"Dom\u016f","item":"https:\/\/www.varygrow.com\/cs\/"},{"@type":"ListItem","position":2,"name":"Eshop","item":"https:\/\/www.varygrow.com\/cs\/eshop\/"},{"@type":"ListItem","position":3,"name":"Secret Jardin Ducting Flange DF16 &#8211; p\u0159\u00edruba na 16mm ty\u010d"}]},{"@type":"WebSite","@id":"https:\/\/www.varygrow.com\/cs\/#website","url":"https:\/\/www.varygrow.com\/cs\/","name":"VaryGrow","description":"Udr\u017eiteln\u00e9 podnik\u00e1n\u00ed","publisher":{"@id":"https:\/\/www.varygrow.com\/cs\/#organization"},"potentialAction":[{"@type":"SearchAction","target":{"@type":"EntryPoint","urlTemplate":"https:\/\/www.varygrow.com\/cs\/?s={search_term_string}"},"query-input":{"@type":"PropertyValueSpecification","valueRequired":true,"valueName":"search_term_string"}}],"inLanguage":"cs"},{"@type":"Organization","@id":"https:\/\/www.varygrow.com\/cs\/#organization","name":"DAMARA s.r.o.","url":"https:\/\/www.varygrow.com\/cs\/","logo":{"@type":"ImageObject","inLanguage":"cs","@id":"https:\/\/www.varygrow.com\/cs\/#\/schema\/logo\/image\/","url":"https:\/\/www.varygrow.com\/wp-content\/uploads\/sites\/19\/2023\/08\/Logo-Heureka-480x150-1.png","contentUrl":"https:\/\/www.varygrow.com\/wp-content\/uploads\/sites\/19\/2023\/08\/Logo-Heureka-480x150-1.png","width":480,"height":150,"caption":"DAMARA s.r.o."},"image":{"@id":"https:\/\/www.varygrow.com\/cs\/#\/schema\/logo\/image\/"},"sameAs":["https:\/\/facebook.com\/VaryGrow"]}]}},"brands":[{"id":5923,"name":"Secret Jardin","slug":"secret-jardin"}],"_links":{"self":[{"href":"https:\/\/www.varygrow.com\/cs\/wp-json\/wp\/v2\/product\/327539","targetHints":{"allow":["GET"]}}],"collection":[{"href":"https:\/\/www.varygrow.com\/cs\/wp-json\/wp\/v2\/product"}],"about":[{"href":"https:\/\/www.varygrow.com\/cs\/wp-json\/wp\/v2\/types\/product"}],"replies":[{"embeddable":true,"href":"https:\/\/www.varygrow.com\/cs\/wp-json\/wp\/v2\/comments?post=327539"}],"wp:featuredmedia":[{"embeddable":true,"href":"https:\/\/www.varygrow.com\/cs\/wp-json\/wp\/v2\/media\/327540"}],"wp:attachment":[{"href":"https:\/\/www.varygrow.com\/cs\/wp-json\/wp\/v2\/media?parent=327539"}],"wp:term":[{"taxonomy":"pwb-brand","embeddable":true,"href":"https:\/\/www.varygrow.com\/cs\/wp-json\/wp\/v2\/pwb-brand?post=327539"},{"taxonomy":"product_brand","embeddable":true,"href":"https:\/\/www.varygrow.com\/cs\/wp-json\/wp\/v2\/product_brand?post=327539"},{"taxonomy":"product_cat","embeddable":true,"href":"https:\/\/www.varygrow.com\/cs\/wp-json\/wp\/v2\/product_cat?post=327539"},{"taxonomy":"product_tag","embeddable":true,"href":"https:\/\/www.varygrow.com\/cs\/wp-json\/wp\/v2\/product_tag?post=327539"},{"taxonomy":"berocket_brand","embeddable":true,"href":"https:\/\/www.varygrow.com\/cs\/wp-json\/wp\/v2\/berocket_brand?post=327539"}],"curies":[{"name":"wp","href":"https:\/\/api.w.org\/{rel}","templated":true}]}}