{"id":327972,"date":"2026-04-16T03:22:27","date_gmt":"2026-04-16T01:22:27","guid":{"rendered":"https:\/\/www.varygrow.com\/eshop\/ocb-papirky-rolls-virgin-slim-box-24-ks\/"},"modified":"2026-04-16T03:22:28","modified_gmt":"2026-04-16T01:22:28","slug":"ocb-papirky-rolls-virgin-slim-box-24-ks","status":"publish","type":"product","link":"https:\/\/www.varygrow.com\/cs\/eshop\/ocb-papirky-rolls-virgin-slim-box-24-ks\/","title":{"rendered":"OCB pap\u00edrky Rolls Virgin Slim, BOX 24 ks"},"content":{"rendered":"<p>Cigaretov\u00e9 pap\u00edrky OCB Rolls Slim Virgin. D\u00e9lka 4 m, \u0161\u00ed\u0159ka 44 mm. Pap\u00edrky jsou vyroben\u00e9 z ultratenk\u00e9ho neb\u011blen\u00e9ho pap\u00edru s p\u0159irozenou hn\u011bdou barvou. V boxu 24 ks.<\/p>\n","protected":false},"excerpt":{"rendered":"<p>Cigaretov\u00e9 pap\u00edrky OCB Rolls Slim Virgin. D\u00e9lka 4 m, \u0161\u00ed\u0159ka 44 mm. Pap\u00edrky jsou vyroben\u00e9 z ultratenk\u00e9ho neb\u011blen\u00e9ho pap\u00edru s p\u0159irozenou hn\u011bdou barvou. V boxu 24 ks.<\/p>\n","protected":false},"featured_media":327973,"comment_status":"open","ping_status":"open","template":"","meta":[],"pwb-brand":[5869],"product_brand":[],"product_cat":[10586,10513,10886,10863],"product_tag":[6166,15317,6373,6349],"berocket_brand":[106],"class_list":{"0":"post-327972","1":"product","2":"type-product","3":"status-publish","4":"has-post-thumbnail","6":"pwb-brand-ocb","7":"product_cat-headshop","8":"product_cat-naarden","9":"product_cat-ocb","10":"product_cat-papirky-a-filtry","11":"product_tag-headshop","12":"product_tag-naarden","13":"product_tag-ocb","14":"product_tag-papirky-a-filtry","15":"pa_ean-9329","16":"berocket_brand-naarden","17":"sales-flash-overlay","18":"woocommerce-text-align-center","19":"woocommerce-image-align-center","20":"do-quantity-buttons","22":"first","23":"instock","24":"purchasable","25":"product-type-simple"},"yoast_head":"<!-- This site is optimized with the Yoast SEO plugin v27.4 - https:\/\/yoast.com\/product\/yoast-seo-wordpress\/ -->\n<title>OCB pap\u00edrky Rolls Virgin Slim, BOX 24 ks<\/title>\n<meta name=\"description\" content=\"Cigaretov\u00e9 pap\u00edrky OCB Rolls Slim Virgin. D\u00e9lka 4 m, \u0161\u00ed\u0159ka 44 mm. Pap\u00edrky jsou vyroben\u00e9 z ultratenk\u00e9ho neb\u011blen\u00e9ho pap\u00edru s p\u0159irozenou hn\u011bdou barvou. V boxu 24 ks.\" \/>\n<meta name=\"robots\" content=\"index, follow, max-snippet:-1, max-image-preview:large, max-video-preview:-1\" \/>\n<link rel=\"canonical\" href=\"https:\/\/www.varygrow.com\/cs\/eshop\/ocb-papirky-rolls-virgin-slim-box-24-ks\/\" \/>\n<meta property=\"og:locale\" content=\"cs_CZ\" \/>\n<meta property=\"og:type\" content=\"article\" \/>\n<meta property=\"og:title\" content=\"OCB pap\u00edrky Rolls Virgin Slim, BOX 24 ks\" \/>\n<meta property=\"og:description\" content=\"Cigaretov\u00e9 pap\u00edrky OCB Rolls Slim Virgin. D\u00e9lka 4 m, \u0161\u00ed\u0159ka 44 mm. Pap\u00edrky jsou vyroben\u00e9 z ultratenk\u00e9ho neb\u011blen\u00e9ho pap\u00edru s p\u0159irozenou hn\u011bdou barvou. V boxu 24 ks.\" \/>\n<meta property=\"og:url\" content=\"https:\/\/www.varygrow.com\/cs\/eshop\/ocb-papirky-rolls-virgin-slim-box-24-ks\/\" \/>\n<meta property=\"og:site_name\" content=\"VaryGrow\" \/>\n<meta property=\"article:publisher\" content=\"https:\/\/facebook.com\/VaryGrow\" \/>\n<meta property=\"article:modified_time\" content=\"2026-04-16T01:22:28+00:00\" \/>\n<meta property=\"og:image\" content=\"https:\/\/www.varygrow.com\/wp-content\/uploads\/sites\/19\/2026\/03\/OCB-papirky-Rolls-Virgin-Slim-BOX-24-ks.jpg\" \/>\n\t<meta property=\"og:image:width\" content=\"1000\" \/>\n\t<meta property=\"og:image:height\" content=\"1000\" \/>\n\t<meta property=\"og:image:type\" content=\"image\/jpeg\" \/>\n<meta name=\"twitter:card\" content=\"summary_large_image\" \/>\n<script type=\"application\/ld+json\" class=\"yoast-schema-graph\">{\"@context\":\"https:\\\/\\\/schema.org\",\"@graph\":[{\"@type\":\"WebPage\",\"@id\":\"https:\\\/\\\/www.varygrow.com\\\/cs\\\/eshop\\\/ocb-papirky-rolls-virgin-slim-box-24-ks\\\/\",\"url\":\"https:\\\/\\\/www.varygrow.com\\\/cs\\\/eshop\\\/ocb-papirky-rolls-virgin-slim-box-24-ks\\\/\",\"name\":\"OCB pap\u00edrky Rolls Virgin Slim, BOX 24 ks\",\"isPartOf\":{\"@id\":\"https:\\\/\\\/www.varygrow.com\\\/cs\\\/#website\"},\"primaryImageOfPage\":{\"@id\":\"https:\\\/\\\/www.varygrow.com\\\/cs\\\/eshop\\\/ocb-papirky-rolls-virgin-slim-box-24-ks\\\/#primaryimage\"},\"image\":{\"@id\":\"https:\\\/\\\/www.varygrow.com\\\/cs\\\/eshop\\\/ocb-papirky-rolls-virgin-slim-box-24-ks\\\/#primaryimage\"},\"thumbnailUrl\":\"https:\\\/\\\/www.varygrow.com\\\/wp-content\\\/uploads\\\/sites\\\/19\\\/2026\\\/03\\\/OCB-papirky-Rolls-Virgin-Slim-BOX-24-ks.jpg\",\"datePublished\":\"2026-04-16T01:22:27+00:00\",\"dateModified\":\"2026-04-16T01:22:28+00:00\",\"description\":\"Cigaretov\u00e9 pap\u00edrky OCB Rolls Slim Virgin. D\u00e9lka 4 m, \u0161\u00ed\u0159ka 44 mm. Pap\u00edrky jsou vyroben\u00e9 z ultratenk\u00e9ho neb\u011blen\u00e9ho pap\u00edru s p\u0159irozenou hn\u011bdou barvou. V boxu 24 ks.\",\"breadcrumb\":{\"@id\":\"https:\\\/\\\/www.varygrow.com\\\/cs\\\/eshop\\\/ocb-papirky-rolls-virgin-slim-box-24-ks\\\/#breadcrumb\"},\"inLanguage\":\"cs\",\"potentialAction\":[{\"@type\":\"ReadAction\",\"target\":[\"https:\\\/\\\/www.varygrow.com\\\/cs\\\/eshop\\\/ocb-papirky-rolls-virgin-slim-box-24-ks\\\/\"]}]},{\"@type\":\"ImageObject\",\"inLanguage\":\"cs\",\"@id\":\"https:\\\/\\\/www.varygrow.com\\\/cs\\\/eshop\\\/ocb-papirky-rolls-virgin-slim-box-24-ks\\\/#primaryimage\",\"url\":\"https:\\\/\\\/www.varygrow.com\\\/wp-content\\\/uploads\\\/sites\\\/19\\\/2026\\\/03\\\/OCB-papirky-Rolls-Virgin-Slim-BOX-24-ks.jpg\",\"contentUrl\":\"https:\\\/\\\/www.varygrow.com\\\/wp-content\\\/uploads\\\/sites\\\/19\\\/2026\\\/03\\\/OCB-papirky-Rolls-Virgin-Slim-BOX-24-ks.jpg\",\"width\":1000,\"height\":1000,\"caption\":\"OCB pap\u00edrky Rolls Virgin Slim\"},{\"@type\":\"BreadcrumbList\",\"@id\":\"https:\\\/\\\/www.varygrow.com\\\/cs\\\/eshop\\\/ocb-papirky-rolls-virgin-slim-box-24-ks\\\/#breadcrumb\",\"itemListElement\":[{\"@type\":\"ListItem\",\"position\":1,\"name\":\"Dom\u016f\",\"item\":\"https:\\\/\\\/www.varygrow.com\\\/cs\\\/\"},{\"@type\":\"ListItem\",\"position\":2,\"name\":\"Eshop\",\"item\":\"https:\\\/\\\/www.varygrow.com\\\/cs\\\/eshop\\\/\"},{\"@type\":\"ListItem\",\"position\":3,\"name\":\"OCB pap\u00edrky Rolls Virgin Slim, BOX 24 ks\"}]},{\"@type\":\"WebSite\",\"@id\":\"https:\\\/\\\/www.varygrow.com\\\/cs\\\/#website\",\"url\":\"https:\\\/\\\/www.varygrow.com\\\/cs\\\/\",\"name\":\"VaryGrow\",\"description\":\"Udr\u017eiteln\u00e9 podnik\u00e1n\u00ed\",\"publisher\":{\"@id\":\"https:\\\/\\\/www.varygrow.com\\\/cs\\\/#organization\"},\"potentialAction\":[{\"@type\":\"SearchAction\",\"target\":{\"@type\":\"EntryPoint\",\"urlTemplate\":\"https:\\\/\\\/www.varygrow.com\\\/cs\\\/?s={search_term_string}\"},\"query-input\":{\"@type\":\"PropertyValueSpecification\",\"valueRequired\":true,\"valueName\":\"search_term_string\"}}],\"inLanguage\":\"cs\"},{\"@type\":\"Organization\",\"@id\":\"https:\\\/\\\/www.varygrow.com\\\/cs\\\/#organization\",\"name\":\"DAMARA s.r.o.\",\"url\":\"https:\\\/\\\/www.varygrow.com\\\/cs\\\/\",\"logo\":{\"@type\":\"ImageObject\",\"inLanguage\":\"cs\",\"@id\":\"https:\\\/\\\/www.varygrow.com\\\/cs\\\/#\\\/schema\\\/logo\\\/image\\\/\",\"url\":\"https:\\\/\\\/www.varygrow.com\\\/wp-content\\\/uploads\\\/sites\\\/19\\\/2023\\\/08\\\/Logo-Heureka-480x150-1.png\",\"contentUrl\":\"https:\\\/\\\/www.varygrow.com\\\/wp-content\\\/uploads\\\/sites\\\/19\\\/2023\\\/08\\\/Logo-Heureka-480x150-1.png\",\"width\":480,\"height\":150,\"caption\":\"DAMARA s.r.o.\"},\"image\":{\"@id\":\"https:\\\/\\\/www.varygrow.com\\\/cs\\\/#\\\/schema\\\/logo\\\/image\\\/\"},\"sameAs\":[\"https:\\\/\\\/facebook.com\\\/VaryGrow\"]}]}<\/script>\n<!-- \/ Yoast SEO plugin. -->","yoast_head_json":{"title":"OCB pap\u00edrky Rolls Virgin Slim, BOX 24 ks","description":"Cigaretov\u00e9 pap\u00edrky OCB Rolls Slim Virgin. D\u00e9lka 4 m, \u0161\u00ed\u0159ka 44 mm. Pap\u00edrky jsou vyroben\u00e9 z ultratenk\u00e9ho neb\u011blen\u00e9ho pap\u00edru s p\u0159irozenou hn\u011bdou barvou. V boxu 24 ks.","robots":{"index":"index","follow":"follow","max-snippet":"max-snippet:-1","max-image-preview":"max-image-preview:large","max-video-preview":"max-video-preview:-1"},"canonical":"https:\/\/www.varygrow.com\/cs\/eshop\/ocb-papirky-rolls-virgin-slim-box-24-ks\/","og_locale":"cs_CZ","og_type":"article","og_title":"OCB pap\u00edrky Rolls Virgin Slim, BOX 24 ks","og_description":"Cigaretov\u00e9 pap\u00edrky OCB Rolls Slim Virgin. D\u00e9lka 4 m, \u0161\u00ed\u0159ka 44 mm. Pap\u00edrky jsou vyroben\u00e9 z ultratenk\u00e9ho neb\u011blen\u00e9ho pap\u00edru s p\u0159irozenou hn\u011bdou barvou. V boxu 24 ks.","og_url":"https:\/\/www.varygrow.com\/cs\/eshop\/ocb-papirky-rolls-virgin-slim-box-24-ks\/","og_site_name":"VaryGrow","article_publisher":"https:\/\/facebook.com\/VaryGrow","article_modified_time":"2026-04-16T01:22:28+00:00","og_image":[{"width":1000,"height":1000,"url":"https:\/\/www.varygrow.com\/wp-content\/uploads\/sites\/19\/2026\/03\/OCB-papirky-Rolls-Virgin-Slim-BOX-24-ks.jpg","type":"image\/jpeg"}],"twitter_card":"summary_large_image","schema":{"@context":"https:\/\/schema.org","@graph":[{"@type":"WebPage","@id":"https:\/\/www.varygrow.com\/cs\/eshop\/ocb-papirky-rolls-virgin-slim-box-24-ks\/","url":"https:\/\/www.varygrow.com\/cs\/eshop\/ocb-papirky-rolls-virgin-slim-box-24-ks\/","name":"OCB pap\u00edrky Rolls Virgin Slim, BOX 24 ks","isPartOf":{"@id":"https:\/\/www.varygrow.com\/cs\/#website"},"primaryImageOfPage":{"@id":"https:\/\/www.varygrow.com\/cs\/eshop\/ocb-papirky-rolls-virgin-slim-box-24-ks\/#primaryimage"},"image":{"@id":"https:\/\/www.varygrow.com\/cs\/eshop\/ocb-papirky-rolls-virgin-slim-box-24-ks\/#primaryimage"},"thumbnailUrl":"https:\/\/www.varygrow.com\/wp-content\/uploads\/sites\/19\/2026\/03\/OCB-papirky-Rolls-Virgin-Slim-BOX-24-ks.jpg","datePublished":"2026-04-16T01:22:27+00:00","dateModified":"2026-04-16T01:22:28+00:00","description":"Cigaretov\u00e9 pap\u00edrky OCB Rolls Slim Virgin. D\u00e9lka 4 m, \u0161\u00ed\u0159ka 44 mm. Pap\u00edrky jsou vyroben\u00e9 z ultratenk\u00e9ho neb\u011blen\u00e9ho pap\u00edru s p\u0159irozenou hn\u011bdou barvou. V boxu 24 ks.","breadcrumb":{"@id":"https:\/\/www.varygrow.com\/cs\/eshop\/ocb-papirky-rolls-virgin-slim-box-24-ks\/#breadcrumb"},"inLanguage":"cs","potentialAction":[{"@type":"ReadAction","target":["https:\/\/www.varygrow.com\/cs\/eshop\/ocb-papirky-rolls-virgin-slim-box-24-ks\/"]}]},{"@type":"ImageObject","inLanguage":"cs","@id":"https:\/\/www.varygrow.com\/cs\/eshop\/ocb-papirky-rolls-virgin-slim-box-24-ks\/#primaryimage","url":"https:\/\/www.varygrow.com\/wp-content\/uploads\/sites\/19\/2026\/03\/OCB-papirky-Rolls-Virgin-Slim-BOX-24-ks.jpg","contentUrl":"https:\/\/www.varygrow.com\/wp-content\/uploads\/sites\/19\/2026\/03\/OCB-papirky-Rolls-Virgin-Slim-BOX-24-ks.jpg","width":1000,"height":1000,"caption":"OCB pap\u00edrky Rolls Virgin Slim"},{"@type":"BreadcrumbList","@id":"https:\/\/www.varygrow.com\/cs\/eshop\/ocb-papirky-rolls-virgin-slim-box-24-ks\/#breadcrumb","itemListElement":[{"@type":"ListItem","position":1,"name":"Dom\u016f","item":"https:\/\/www.varygrow.com\/cs\/"},{"@type":"ListItem","position":2,"name":"Eshop","item":"https:\/\/www.varygrow.com\/cs\/eshop\/"},{"@type":"ListItem","position":3,"name":"OCB pap\u00edrky Rolls Virgin Slim, BOX 24 ks"}]},{"@type":"WebSite","@id":"https:\/\/www.varygrow.com\/cs\/#website","url":"https:\/\/www.varygrow.com\/cs\/","name":"VaryGrow","description":"Udr\u017eiteln\u00e9 podnik\u00e1n\u00ed","publisher":{"@id":"https:\/\/www.varygrow.com\/cs\/#organization"},"potentialAction":[{"@type":"SearchAction","target":{"@type":"EntryPoint","urlTemplate":"https:\/\/www.varygrow.com\/cs\/?s={search_term_string}"},"query-input":{"@type":"PropertyValueSpecification","valueRequired":true,"valueName":"search_term_string"}}],"inLanguage":"cs"},{"@type":"Organization","@id":"https:\/\/www.varygrow.com\/cs\/#organization","name":"DAMARA s.r.o.","url":"https:\/\/www.varygrow.com\/cs\/","logo":{"@type":"ImageObject","inLanguage":"cs","@id":"https:\/\/www.varygrow.com\/cs\/#\/schema\/logo\/image\/","url":"https:\/\/www.varygrow.com\/wp-content\/uploads\/sites\/19\/2023\/08\/Logo-Heureka-480x150-1.png","contentUrl":"https:\/\/www.varygrow.com\/wp-content\/uploads\/sites\/19\/2023\/08\/Logo-Heureka-480x150-1.png","width":480,"height":150,"caption":"DAMARA s.r.o."},"image":{"@id":"https:\/\/www.varygrow.com\/cs\/#\/schema\/logo\/image\/"},"sameAs":["https:\/\/facebook.com\/VaryGrow"]}]}},"brands":[{"id":5869,"name":"OCB","slug":"ocb"}],"_links":{"self":[{"href":"https:\/\/www.varygrow.com\/cs\/wp-json\/wp\/v2\/product\/327972","targetHints":{"allow":["GET"]}}],"collection":[{"href":"https:\/\/www.varygrow.com\/cs\/wp-json\/wp\/v2\/product"}],"about":[{"href":"https:\/\/www.varygrow.com\/cs\/wp-json\/wp\/v2\/types\/product"}],"replies":[{"embeddable":true,"href":"https:\/\/www.varygrow.com\/cs\/wp-json\/wp\/v2\/comments?post=327972"}],"wp:featuredmedia":[{"embeddable":true,"href":"https:\/\/www.varygrow.com\/cs\/wp-json\/wp\/v2\/media\/327973"}],"wp:attachment":[{"href":"https:\/\/www.varygrow.com\/cs\/wp-json\/wp\/v2\/media?parent=327972"}],"wp:term":[{"taxonomy":"pwb-brand","embeddable":true,"href":"https:\/\/www.varygrow.com\/cs\/wp-json\/wp\/v2\/pwb-brand?post=327972"},{"taxonomy":"product_brand","embeddable":true,"href":"https:\/\/www.varygrow.com\/cs\/wp-json\/wp\/v2\/product_brand?post=327972"},{"taxonomy":"product_cat","embeddable":true,"href":"https:\/\/www.varygrow.com\/cs\/wp-json\/wp\/v2\/product_cat?post=327972"},{"taxonomy":"product_tag","embeddable":true,"href":"https:\/\/www.varygrow.com\/cs\/wp-json\/wp\/v2\/product_tag?post=327972"},{"taxonomy":"berocket_brand","embeddable":true,"href":"https:\/\/www.varygrow.com\/cs\/wp-json\/wp\/v2\/berocket_brand?post=327972"}],"curies":[{"name":"wp","href":"https:\/\/api.w.org\/{rel}","templated":true}]}}