{"id":328316,"date":"2026-04-18T03:10:04","date_gmt":"2026-04-18T01:10:04","guid":{"rendered":"https:\/\/www.varygrow.com\/eshop\/terra-aquatica-pro-roots-organic-250-ml\/"},"modified":"2026-04-18T03:10:05","modified_gmt":"2026-04-18T01:10:05","slug":"terra-aquatica-pro-roots-organic-250-ml","status":"publish","type":"product","link":"https:\/\/www.varygrow.com\/cs\/eshop\/terra-aquatica-pro-roots-organic-250-ml\/","title":{"rendered":"Terra Aquatica Pro Roots Organic 250 ml"},"content":{"rendered":"<div>Bio Roots je aktiv\u00e1torem ko\u0159en\u016f a je vhodn\u00fd pro v\u0161echny metody p\u011bstov\u00e1n\u00ed: hydroponie i p\u016fda.<\/div>\n<ul>\n<li>Stimuluje&nbsp;<strong>rozvoj mikroorganism\u016f v ko\u0159enov\u00e9 mase<\/strong>&nbsp;\u010d\u00edm\u017e podporuje r\u016fst ko\u0159en\u016f a ko\u0159\u00ednk\u016f.<\/li>\n<li><strong>Zlep\u0161uje biotop ko\u0159en\u016f a posiluje ko\u0159enovou \u010depi\u010dku.&nbsp;<\/strong><\/li>\n<li>Umo\u017e\u0148uje lep\u0161\u00ed odolnost proti nemocem a patogenn\u00edm pl\u00edsn\u00edm (nap\u0159. napaden\u00ed semen\u00e1\u010dk\u016f a \u0159\u00edzk\u016f pra\u0161n\u00fdmi pl\u00edsn\u011bmi, atd.)<\/li>\n<\/ul>\n<p><\/p>\n<p><em>Bio Roots, Bio Bloom a Bio Protect existuj\u00ed v balen\u00edch 30 ml, 60 ml, 0,5 l, 1 l.<\/em><\/p>\n","protected":false},"excerpt":{"rendered":"<p>Bio Roots je aktiv\u00e1torem ko\u0159en\u016f a je vhodn\u00fd pro v\u0161echny metody p\u011bstov\u00e1n\u00ed: hydroponie i p\u016fda.<\/p>\n","protected":false},"featured_media":332325,"comment_status":"open","ping_status":"open","template":"","meta":[],"pwb-brand":[124],"product_brand":[],"product_cat":[10532,10513,12269,12266],"product_tag":[6061,15317,12054,12238],"berocket_brand":[106],"class_list":{"0":"post-328316","1":"product","2":"type-product","3":"status-publish","4":"has-post-thumbnail","6":"pwb-brand-terra-aquatica","7":"product_cat-hnojiva","8":"product_cat-naarden","9":"product_cat-t-a-doplnky-terra-aquatica-hnojiva","10":"product_cat-terra-aquatica-hnojiva","11":"product_tag-hnojiva","12":"product_tag-naarden","13":"product_tag-t-a-doplnky","14":"product_tag-terra-aquatica","15":"pa_ean-5196","16":"berocket_brand-naarden","17":"sales-flash-overlay","18":"woocommerce-text-align-center","19":"woocommerce-image-align-center","20":"do-quantity-buttons","22":"first","23":"instock","24":"purchasable","25":"product-type-simple"},"yoast_head":"<!-- This site is optimized with the Yoast SEO plugin v27.4 - https:\/\/yoast.com\/product\/yoast-seo-wordpress\/ -->\n<title>Terra Aquatica Pro Roots Organic 250 ml<\/title>\n<meta name=\"description\" content=\"Bio Roots je aktiv\u00e1torem ko\u0159en\u016f a je vhodn\u00fd pro v\u0161echny metody p\u011bstov\u00e1n\u00ed: hydroponie i p\u016fda.\" \/>\n<meta name=\"robots\" content=\"index, follow, max-snippet:-1, max-image-preview:large, max-video-preview:-1\" \/>\n<link rel=\"canonical\" href=\"https:\/\/www.varygrow.com\/cs\/eshop\/terra-aquatica-pro-roots-organic-250-ml\/\" \/>\n<meta property=\"og:locale\" content=\"cs_CZ\" \/>\n<meta property=\"og:type\" content=\"article\" \/>\n<meta property=\"og:title\" content=\"Terra Aquatica Pro Roots Organic 250 ml\" \/>\n<meta property=\"og:description\" content=\"Bio Roots je aktiv\u00e1torem ko\u0159en\u016f a je vhodn\u00fd pro v\u0161echny metody p\u011bstov\u00e1n\u00ed: hydroponie i p\u016fda.\" \/>\n<meta property=\"og:url\" content=\"https:\/\/www.varygrow.com\/cs\/eshop\/terra-aquatica-pro-roots-organic-250-ml\/\" \/>\n<meta property=\"og:site_name\" content=\"VaryGrow\" \/>\n<meta property=\"article:publisher\" content=\"https:\/\/facebook.com\/VaryGrow\" \/>\n<meta property=\"article:modified_time\" content=\"2026-04-18T01:10:05+00:00\" \/>\n<meta property=\"og:image\" content=\"https:\/\/www.varygrow.com\/wp-content\/uploads\/sites\/19\/2026\/04\/Terra-Aquatica-Pro-Roots-Organic-250-ml.jpg\" \/>\n\t<meta property=\"og:image:width\" content=\"1000\" \/>\n\t<meta property=\"og:image:height\" content=\"1000\" \/>\n\t<meta property=\"og:image:type\" content=\"image\/jpeg\" \/>\n<meta name=\"twitter:card\" content=\"summary_large_image\" \/>\n<script type=\"application\/ld+json\" class=\"yoast-schema-graph\">{\"@context\":\"https:\\\/\\\/schema.org\",\"@graph\":[{\"@type\":\"WebPage\",\"@id\":\"https:\\\/\\\/www.varygrow.com\\\/cs\\\/eshop\\\/terra-aquatica-pro-roots-organic-250-ml\\\/\",\"url\":\"https:\\\/\\\/www.varygrow.com\\\/cs\\\/eshop\\\/terra-aquatica-pro-roots-organic-250-ml\\\/\",\"name\":\"Terra Aquatica Pro Roots Organic 250 ml\",\"isPartOf\":{\"@id\":\"https:\\\/\\\/www.varygrow.com\\\/cs\\\/#website\"},\"primaryImageOfPage\":{\"@id\":\"https:\\\/\\\/www.varygrow.com\\\/cs\\\/eshop\\\/terra-aquatica-pro-roots-organic-250-ml\\\/#primaryimage\"},\"image\":{\"@id\":\"https:\\\/\\\/www.varygrow.com\\\/cs\\\/eshop\\\/terra-aquatica-pro-roots-organic-250-ml\\\/#primaryimage\"},\"thumbnailUrl\":\"https:\\\/\\\/www.varygrow.com\\\/wp-content\\\/uploads\\\/sites\\\/19\\\/2026\\\/04\\\/Terra-Aquatica-Pro-Roots-Organic-250-ml.jpg\",\"datePublished\":\"2026-04-18T01:10:04+00:00\",\"dateModified\":\"2026-04-18T01:10:05+00:00\",\"description\":\"Bio Roots je aktiv\u00e1torem ko\u0159en\u016f a je vhodn\u00fd pro v\u0161echny metody p\u011bstov\u00e1n\u00ed: hydroponie i p\u016fda.\",\"breadcrumb\":{\"@id\":\"https:\\\/\\\/www.varygrow.com\\\/cs\\\/eshop\\\/terra-aquatica-pro-roots-organic-250-ml\\\/#breadcrumb\"},\"inLanguage\":\"cs\",\"potentialAction\":[{\"@type\":\"ReadAction\",\"target\":[\"https:\\\/\\\/www.varygrow.com\\\/cs\\\/eshop\\\/terra-aquatica-pro-roots-organic-250-ml\\\/\"]}]},{\"@type\":\"ImageObject\",\"inLanguage\":\"cs\",\"@id\":\"https:\\\/\\\/www.varygrow.com\\\/cs\\\/eshop\\\/terra-aquatica-pro-roots-organic-250-ml\\\/#primaryimage\",\"url\":\"https:\\\/\\\/www.varygrow.com\\\/wp-content\\\/uploads\\\/sites\\\/19\\\/2026\\\/04\\\/Terra-Aquatica-Pro-Roots-Organic-250-ml.jpg\",\"contentUrl\":\"https:\\\/\\\/www.varygrow.com\\\/wp-content\\\/uploads\\\/sites\\\/19\\\/2026\\\/04\\\/Terra-Aquatica-Pro-Roots-Organic-250-ml.jpg\",\"width\":1000,\"height\":1000,\"caption\":\"Terra Aquatica Pro Roots Organic 250 ml\"},{\"@type\":\"BreadcrumbList\",\"@id\":\"https:\\\/\\\/www.varygrow.com\\\/cs\\\/eshop\\\/terra-aquatica-pro-roots-organic-250-ml\\\/#breadcrumb\",\"itemListElement\":[{\"@type\":\"ListItem\",\"position\":1,\"name\":\"Dom\u016f\",\"item\":\"https:\\\/\\\/www.varygrow.com\\\/cs\\\/\"},{\"@type\":\"ListItem\",\"position\":2,\"name\":\"Eshop\",\"item\":\"https:\\\/\\\/www.varygrow.com\\\/cs\\\/eshop\\\/\"},{\"@type\":\"ListItem\",\"position\":3,\"name\":\"Terra Aquatica Pro Roots Organic 250 ml\"}]},{\"@type\":\"WebSite\",\"@id\":\"https:\\\/\\\/www.varygrow.com\\\/cs\\\/#website\",\"url\":\"https:\\\/\\\/www.varygrow.com\\\/cs\\\/\",\"name\":\"VaryGrow\",\"description\":\"Udr\u017eiteln\u00e9 podnik\u00e1n\u00ed\",\"publisher\":{\"@id\":\"https:\\\/\\\/www.varygrow.com\\\/cs\\\/#organization\"},\"potentialAction\":[{\"@type\":\"SearchAction\",\"target\":{\"@type\":\"EntryPoint\",\"urlTemplate\":\"https:\\\/\\\/www.varygrow.com\\\/cs\\\/?s={search_term_string}\"},\"query-input\":{\"@type\":\"PropertyValueSpecification\",\"valueRequired\":true,\"valueName\":\"search_term_string\"}}],\"inLanguage\":\"cs\"},{\"@type\":\"Organization\",\"@id\":\"https:\\\/\\\/www.varygrow.com\\\/cs\\\/#organization\",\"name\":\"DAMARA s.r.o.\",\"url\":\"https:\\\/\\\/www.varygrow.com\\\/cs\\\/\",\"logo\":{\"@type\":\"ImageObject\",\"inLanguage\":\"cs\",\"@id\":\"https:\\\/\\\/www.varygrow.com\\\/cs\\\/#\\\/schema\\\/logo\\\/image\\\/\",\"url\":\"https:\\\/\\\/www.varygrow.com\\\/wp-content\\\/uploads\\\/sites\\\/19\\\/2023\\\/08\\\/Logo-Heureka-480x150-1.png\",\"contentUrl\":\"https:\\\/\\\/www.varygrow.com\\\/wp-content\\\/uploads\\\/sites\\\/19\\\/2023\\\/08\\\/Logo-Heureka-480x150-1.png\",\"width\":480,\"height\":150,\"caption\":\"DAMARA s.r.o.\"},\"image\":{\"@id\":\"https:\\\/\\\/www.varygrow.com\\\/cs\\\/#\\\/schema\\\/logo\\\/image\\\/\"},\"sameAs\":[\"https:\\\/\\\/facebook.com\\\/VaryGrow\"]}]}<\/script>\n<!-- \/ Yoast SEO plugin. -->","yoast_head_json":{"title":"Terra Aquatica Pro Roots Organic 250 ml","description":"Bio Roots je aktiv\u00e1torem ko\u0159en\u016f a je vhodn\u00fd pro v\u0161echny metody p\u011bstov\u00e1n\u00ed: hydroponie i p\u016fda.","robots":{"index":"index","follow":"follow","max-snippet":"max-snippet:-1","max-image-preview":"max-image-preview:large","max-video-preview":"max-video-preview:-1"},"canonical":"https:\/\/www.varygrow.com\/cs\/eshop\/terra-aquatica-pro-roots-organic-250-ml\/","og_locale":"cs_CZ","og_type":"article","og_title":"Terra Aquatica Pro Roots Organic 250 ml","og_description":"Bio Roots je aktiv\u00e1torem ko\u0159en\u016f a je vhodn\u00fd pro v\u0161echny metody p\u011bstov\u00e1n\u00ed: hydroponie i p\u016fda.","og_url":"https:\/\/www.varygrow.com\/cs\/eshop\/terra-aquatica-pro-roots-organic-250-ml\/","og_site_name":"VaryGrow","article_publisher":"https:\/\/facebook.com\/VaryGrow","article_modified_time":"2026-04-18T01:10:05+00:00","og_image":[{"width":1000,"height":1000,"url":"https:\/\/www.varygrow.com\/wp-content\/uploads\/sites\/19\/2026\/04\/Terra-Aquatica-Pro-Roots-Organic-250-ml.jpg","type":"image\/jpeg"}],"twitter_card":"summary_large_image","schema":{"@context":"https:\/\/schema.org","@graph":[{"@type":"WebPage","@id":"https:\/\/www.varygrow.com\/cs\/eshop\/terra-aquatica-pro-roots-organic-250-ml\/","url":"https:\/\/www.varygrow.com\/cs\/eshop\/terra-aquatica-pro-roots-organic-250-ml\/","name":"Terra Aquatica Pro Roots Organic 250 ml","isPartOf":{"@id":"https:\/\/www.varygrow.com\/cs\/#website"},"primaryImageOfPage":{"@id":"https:\/\/www.varygrow.com\/cs\/eshop\/terra-aquatica-pro-roots-organic-250-ml\/#primaryimage"},"image":{"@id":"https:\/\/www.varygrow.com\/cs\/eshop\/terra-aquatica-pro-roots-organic-250-ml\/#primaryimage"},"thumbnailUrl":"https:\/\/www.varygrow.com\/wp-content\/uploads\/sites\/19\/2026\/04\/Terra-Aquatica-Pro-Roots-Organic-250-ml.jpg","datePublished":"2026-04-18T01:10:04+00:00","dateModified":"2026-04-18T01:10:05+00:00","description":"Bio Roots je aktiv\u00e1torem ko\u0159en\u016f a je vhodn\u00fd pro v\u0161echny metody p\u011bstov\u00e1n\u00ed: hydroponie i p\u016fda.","breadcrumb":{"@id":"https:\/\/www.varygrow.com\/cs\/eshop\/terra-aquatica-pro-roots-organic-250-ml\/#breadcrumb"},"inLanguage":"cs","potentialAction":[{"@type":"ReadAction","target":["https:\/\/www.varygrow.com\/cs\/eshop\/terra-aquatica-pro-roots-organic-250-ml\/"]}]},{"@type":"ImageObject","inLanguage":"cs","@id":"https:\/\/www.varygrow.com\/cs\/eshop\/terra-aquatica-pro-roots-organic-250-ml\/#primaryimage","url":"https:\/\/www.varygrow.com\/wp-content\/uploads\/sites\/19\/2026\/04\/Terra-Aquatica-Pro-Roots-Organic-250-ml.jpg","contentUrl":"https:\/\/www.varygrow.com\/wp-content\/uploads\/sites\/19\/2026\/04\/Terra-Aquatica-Pro-Roots-Organic-250-ml.jpg","width":1000,"height":1000,"caption":"Terra Aquatica Pro Roots Organic 250 ml"},{"@type":"BreadcrumbList","@id":"https:\/\/www.varygrow.com\/cs\/eshop\/terra-aquatica-pro-roots-organic-250-ml\/#breadcrumb","itemListElement":[{"@type":"ListItem","position":1,"name":"Dom\u016f","item":"https:\/\/www.varygrow.com\/cs\/"},{"@type":"ListItem","position":2,"name":"Eshop","item":"https:\/\/www.varygrow.com\/cs\/eshop\/"},{"@type":"ListItem","position":3,"name":"Terra Aquatica Pro Roots Organic 250 ml"}]},{"@type":"WebSite","@id":"https:\/\/www.varygrow.com\/cs\/#website","url":"https:\/\/www.varygrow.com\/cs\/","name":"VaryGrow","description":"Udr\u017eiteln\u00e9 podnik\u00e1n\u00ed","publisher":{"@id":"https:\/\/www.varygrow.com\/cs\/#organization"},"potentialAction":[{"@type":"SearchAction","target":{"@type":"EntryPoint","urlTemplate":"https:\/\/www.varygrow.com\/cs\/?s={search_term_string}"},"query-input":{"@type":"PropertyValueSpecification","valueRequired":true,"valueName":"search_term_string"}}],"inLanguage":"cs"},{"@type":"Organization","@id":"https:\/\/www.varygrow.com\/cs\/#organization","name":"DAMARA s.r.o.","url":"https:\/\/www.varygrow.com\/cs\/","logo":{"@type":"ImageObject","inLanguage":"cs","@id":"https:\/\/www.varygrow.com\/cs\/#\/schema\/logo\/image\/","url":"https:\/\/www.varygrow.com\/wp-content\/uploads\/sites\/19\/2023\/08\/Logo-Heureka-480x150-1.png","contentUrl":"https:\/\/www.varygrow.com\/wp-content\/uploads\/sites\/19\/2023\/08\/Logo-Heureka-480x150-1.png","width":480,"height":150,"caption":"DAMARA s.r.o."},"image":{"@id":"https:\/\/www.varygrow.com\/cs\/#\/schema\/logo\/image\/"},"sameAs":["https:\/\/facebook.com\/VaryGrow"]}]}},"brands":[{"id":124,"name":"Terra Aquatica","slug":"terra-aquatica"}],"_links":{"self":[{"href":"https:\/\/www.varygrow.com\/cs\/wp-json\/wp\/v2\/product\/328316","targetHints":{"allow":["GET"]}}],"collection":[{"href":"https:\/\/www.varygrow.com\/cs\/wp-json\/wp\/v2\/product"}],"about":[{"href":"https:\/\/www.varygrow.com\/cs\/wp-json\/wp\/v2\/types\/product"}],"replies":[{"embeddable":true,"href":"https:\/\/www.varygrow.com\/cs\/wp-json\/wp\/v2\/comments?post=328316"}],"wp:featuredmedia":[{"embeddable":true,"href":"https:\/\/www.varygrow.com\/cs\/wp-json\/wp\/v2\/media\/332325"}],"wp:attachment":[{"href":"https:\/\/www.varygrow.com\/cs\/wp-json\/wp\/v2\/media?parent=328316"}],"wp:term":[{"taxonomy":"pwb-brand","embeddable":true,"href":"https:\/\/www.varygrow.com\/cs\/wp-json\/wp\/v2\/pwb-brand?post=328316"},{"taxonomy":"product_brand","embeddable":true,"href":"https:\/\/www.varygrow.com\/cs\/wp-json\/wp\/v2\/product_brand?post=328316"},{"taxonomy":"product_cat","embeddable":true,"href":"https:\/\/www.varygrow.com\/cs\/wp-json\/wp\/v2\/product_cat?post=328316"},{"taxonomy":"product_tag","embeddable":true,"href":"https:\/\/www.varygrow.com\/cs\/wp-json\/wp\/v2\/product_tag?post=328316"},{"taxonomy":"berocket_brand","embeddable":true,"href":"https:\/\/www.varygrow.com\/cs\/wp-json\/wp\/v2\/berocket_brand?post=328316"}],"curies":[{"name":"wp","href":"https:\/\/api.w.org\/{rel}","templated":true}]}}