{"id":328428,"date":"2026-04-19T03:10:25","date_gmt":"2026-04-19T01:10:25","guid":{"rendered":"https:\/\/www.varygrow.com\/eshop\/zerum-pro-gel-lesni-jahoda-900-g\/"},"modified":"2026-04-19T03:10:26","modified_gmt":"2026-04-19T01:10:26","slug":"zerum-pro-gel-lesni-jahoda-900-g","status":"publish","type":"product","link":"https:\/\/www.varygrow.com\/cs\/eshop\/zerum-pro-gel-lesni-jahoda-900-g\/","title":{"rendered":"Zerum PRO Gel Lesn\u00ed jahoda, 900 g"},"content":{"rendered":"<p>Netoxick\u00fd profesion\u00e1ln\u00ed neutraliz\u00e1tor z\u00e1pachu Zerum PRO Gel se velmi snadno pou\u017e\u00edv\u00e1. Obsahuje silnou l\u00e1tku pohlcuj\u00edc\u00ed z\u00e1pach. K dost\u00e1n\u00ed v balen\u00ed po 400 g, 900 g, 3,3 kg, 5 kg, 12,5 kg a v 5 v\u016fn\u00edch: lesn\u00ed jahoda (Fresa silvestre), meloun a \u010derven\u00e9 ovoce (Mel\u00f3n y frutos rojos), m\u00e1ta (Mentolado), neutr\u00e1ln\u00ed (Neutro), \u010dist\u00e1 (Limpio). Obecn\u011b slou\u017e\u00ed k neutralizaci pach\u016f v jak\u00e9mkoli prostoru. Eliminuje z\u00e1pach z vlhkosti, kou\u0159en\u00ed, auta, koupelny, tab\u00e1ku, dom\u00e1c\u00edch zv\u00ed\u0159at, ko\u010dek a ps\u016f atd. Zerum PRO Gel je ide\u00e1ln\u00ed pro neutralizaci a osv\u011b\u017een\u00ed pach\u016f z osobn\u00edch automobil\u016f, karavan\u016f, n\u00e1kladn\u00edch automobil\u016f, dod\u00e1vek a dal\u0161\u00edch. Odstra\u0148uje tak ve\u0161ker\u00e9 stopy nep\u0159\u00edjemn\u00e9ho z\u00e1pachu. Pou\u017eit\u00ed m\u016f\u017eete prodlou\u017eit pou\u017eit\u00edm Zerum Pro Neutralizer Recarga, proto\u017ee se jedn\u00e1 o aktiva\u010dn\u00ed kapalinu prost\u0159edku Zerum PRO Gel. K jeho obnov\u011b NEPOU\u017d\u00cdVEJTE vodu, t\u00edm byste pouze obnovili jeho objem, ale nikoliv p\u0159\u00edtomnost neutraliza\u010dn\u00edho prost\u0159edku a jeho \u00fa\u010dinnost by byla naru\u0161ena. V otev\u0159en\u00e9m prost\u0159ed\u00ed, na velk\u00fdch ploch\u00e1ch a\/nebo v siln\u011b v\u011btran\u00fdch prostor\u00e1ch m\u016f\u017ee doj\u00edt ke ztr\u00e1t\u011b \u00fa\u010dinnosti. Rovn\u011b\u017e je t\u0159eba db\u00e1t zv\u00fd\u0161en\u00e9 opatrnosti v p\u0159\u00edtomnosti d\u011bt\u00ed, proto\u017ee nen\u00ed vhodn\u00fd k po\u017eit\u00ed. Zerum Gel neutraliz\u00e1tor z\u00e1pachu je netoxick\u00fd a \u0161etrn\u00fd k \u017eivotn\u00edmu prost\u0159ed\u00ed. Uchov\u00e1vejte mimo dosah d\u011bt\u00ed a dom\u00e1c\u00edch zv\u00ed\u0159at.<\/p>\n","protected":false},"excerpt":{"rendered":"<p>Univerz\u00e1ln\u00ed, netoxick\u00fd a \u00fa\u010dinn\u00fd neutraliz\u00e9r z\u00e1pachu Zerum PRO Gel Lesn\u00ed jahoda, 900 g se postar\u00e1 o d\u016fkladnou eliminaci ne\u017e\u00e1douc\u00edch pach\u016f v uzav\u0159en\u00fdch m\u00edstnostech. K dost\u00e1n\u00ed v balen\u00ed 400 g, 900 g, 3,3 kg, 5 kg, 12,5 kg a v 5 v\u016fn\u00edch: lesn\u00ed jahoda (Fresa silvestre), meloun a \u010derven\u00e9 ovoce (Mel\u00f3n y frutos rojos), m\u00e1ta (Mentolado), neutr\u00e1ln\u00ed (Neutro), \u010dist\u00e1 (Limpio).<\/p>\n","protected":false},"featured_media":328429,"comment_status":"open","ping_status":"open","template":"","meta":[],"pwb-brand":[14802],"product_brand":[],"product_cat":[10513,10657,10568,14803,14811],"product_tag":[15317,6376,6083,14805,14812],"berocket_brand":[106],"class_list":{"0":"post-328428","1":"product","2":"type-product","3":"status-publish","4":"has-post-thumbnail","6":"pwb-brand-zerum","7":"product_cat-naarden","8":"product_cat-neutralizace-zapachu","9":"product_cat-vzduchotechnika","10":"product_cat-zerum","11":"product_cat-zerum-gel-recarga","12":"product_tag-naarden","13":"product_tag-neutralizace-zapachu","14":"product_tag-vzduchotechnika","15":"product_tag-zerum","16":"product_tag-zerum-gel-recarga","17":"pa_ean-14842","18":"berocket_brand-naarden","19":"sales-flash-overlay","20":"woocommerce-text-align-center","21":"woocommerce-image-align-center","22":"do-quantity-buttons","24":"first","25":"instock","26":"purchasable","27":"product-type-simple"},"yoast_head":"<!-- This site is optimized with the Yoast SEO plugin v27.4 - https:\/\/yoast.com\/product\/yoast-seo-wordpress\/ -->\n<title>Zerum PRO Gel Lesn\u00ed jahoda, 900 g<\/title>\n<meta name=\"description\" content=\"Univerz\u00e1ln\u00ed, netoxick\u00fd a \u00fa\u010dinn\u00fd neutraliz\u00e9r z\u00e1pachu Zerum PRO Gel Lesn\u00ed jahoda, 900 g se postar\u00e1 o d\u016fkladnou eliminaci ne\u017e\u00e1douc\u00edch pach\u016f v uzav\u0159en\u00fdch m\u00edstnostech. K dost\u00e1n\u00ed v balen\u00ed 400 g, 900 g, 3,3 kg, 5 kg, 12,5 kg a v 5 v\u016fn\u00edch: lesn\u00ed jahoda (Fresa silvestre), meloun a \u010derven\u00e9 ovoce (Mel\u00f3n y frutos rojos), m\u00e1ta (Mentolado), neutr\u00e1ln\u00ed (Neutro), \u010dist\u00e1 (Limpio).\" \/>\n<meta name=\"robots\" content=\"index, follow, max-snippet:-1, max-image-preview:large, max-video-preview:-1\" \/>\n<link rel=\"canonical\" href=\"https:\/\/www.varygrow.com\/cs\/eshop\/zerum-pro-gel-lesni-jahoda-900-g\/\" \/>\n<meta property=\"og:locale\" content=\"cs_CZ\" \/>\n<meta property=\"og:type\" content=\"article\" \/>\n<meta property=\"og:title\" content=\"Zerum PRO Gel Lesn\u00ed jahoda, 900 g\" \/>\n<meta property=\"og:description\" content=\"Univerz\u00e1ln\u00ed, netoxick\u00fd a \u00fa\u010dinn\u00fd neutraliz\u00e9r z\u00e1pachu Zerum PRO Gel Lesn\u00ed jahoda, 900 g se postar\u00e1 o d\u016fkladnou eliminaci ne\u017e\u00e1douc\u00edch pach\u016f v uzav\u0159en\u00fdch m\u00edstnostech. K dost\u00e1n\u00ed v balen\u00ed 400 g, 900 g, 3,3 kg, 5 kg, 12,5 kg a v 5 v\u016fn\u00edch: lesn\u00ed jahoda (Fresa silvestre), meloun a \u010derven\u00e9 ovoce (Mel\u00f3n y frutos rojos), m\u00e1ta (Mentolado), neutr\u00e1ln\u00ed (Neutro), \u010dist\u00e1 (Limpio).\" \/>\n<meta property=\"og:url\" content=\"https:\/\/www.varygrow.com\/cs\/eshop\/zerum-pro-gel-lesni-jahoda-900-g\/\" \/>\n<meta property=\"og:site_name\" content=\"VaryGrow\" \/>\n<meta property=\"article:publisher\" content=\"https:\/\/facebook.com\/VaryGrow\" \/>\n<meta property=\"article:modified_time\" content=\"2026-04-19T01:10:26+00:00\" \/>\n<meta property=\"og:image\" content=\"https:\/\/www.varygrow.com\/wp-content\/uploads\/sites\/19\/2026\/03\/Zerum-PRO-Gel-Lesni-jahoda-900-g.jpg\" \/>\n\t<meta property=\"og:image:width\" content=\"1000\" \/>\n\t<meta property=\"og:image:height\" content=\"1000\" \/>\n\t<meta property=\"og:image:type\" content=\"image\/jpeg\" \/>\n<meta name=\"twitter:card\" content=\"summary_large_image\" \/>\n<meta name=\"twitter:label1\" content=\"Odhadovan\u00e1 doba \u010dten\u00ed\" \/>\n\t<meta name=\"twitter:data1\" content=\"1 minuta\" \/>\n<script type=\"application\/ld+json\" class=\"yoast-schema-graph\">{\"@context\":\"https:\\\/\\\/schema.org\",\"@graph\":[{\"@type\":\"WebPage\",\"@id\":\"https:\\\/\\\/www.varygrow.com\\\/cs\\\/eshop\\\/zerum-pro-gel-lesni-jahoda-900-g\\\/\",\"url\":\"https:\\\/\\\/www.varygrow.com\\\/cs\\\/eshop\\\/zerum-pro-gel-lesni-jahoda-900-g\\\/\",\"name\":\"Zerum PRO Gel Lesn\u00ed jahoda, 900 g\",\"isPartOf\":{\"@id\":\"https:\\\/\\\/www.varygrow.com\\\/cs\\\/#website\"},\"primaryImageOfPage\":{\"@id\":\"https:\\\/\\\/www.varygrow.com\\\/cs\\\/eshop\\\/zerum-pro-gel-lesni-jahoda-900-g\\\/#primaryimage\"},\"image\":{\"@id\":\"https:\\\/\\\/www.varygrow.com\\\/cs\\\/eshop\\\/zerum-pro-gel-lesni-jahoda-900-g\\\/#primaryimage\"},\"thumbnailUrl\":\"https:\\\/\\\/www.varygrow.com\\\/wp-content\\\/uploads\\\/sites\\\/19\\\/2026\\\/03\\\/Zerum-PRO-Gel-Lesni-jahoda-900-g.jpg\",\"datePublished\":\"2026-04-19T01:10:25+00:00\",\"dateModified\":\"2026-04-19T01:10:26+00:00\",\"description\":\"Univerz\u00e1ln\u00ed, netoxick\u00fd a \u00fa\u010dinn\u00fd neutraliz\u00e9r z\u00e1pachu Zerum PRO Gel Lesn\u00ed jahoda, 900 g se postar\u00e1 o d\u016fkladnou eliminaci ne\u017e\u00e1douc\u00edch pach\u016f v uzav\u0159en\u00fdch m\u00edstnostech. K dost\u00e1n\u00ed v balen\u00ed 400 g, 900 g, 3,3 kg, 5 kg, 12,5 kg a v 5 v\u016fn\u00edch: lesn\u00ed jahoda (Fresa silvestre), meloun a \u010derven\u00e9 ovoce (Mel\u00f3n y frutos rojos), m\u00e1ta (Mentolado), neutr\u00e1ln\u00ed (Neutro), \u010dist\u00e1 (Limpio).\",\"breadcrumb\":{\"@id\":\"https:\\\/\\\/www.varygrow.com\\\/cs\\\/eshop\\\/zerum-pro-gel-lesni-jahoda-900-g\\\/#breadcrumb\"},\"inLanguage\":\"cs\",\"potentialAction\":[{\"@type\":\"ReadAction\",\"target\":[\"https:\\\/\\\/www.varygrow.com\\\/cs\\\/eshop\\\/zerum-pro-gel-lesni-jahoda-900-g\\\/\"]}]},{\"@type\":\"ImageObject\",\"inLanguage\":\"cs\",\"@id\":\"https:\\\/\\\/www.varygrow.com\\\/cs\\\/eshop\\\/zerum-pro-gel-lesni-jahoda-900-g\\\/#primaryimage\",\"url\":\"https:\\\/\\\/www.varygrow.com\\\/wp-content\\\/uploads\\\/sites\\\/19\\\/2026\\\/03\\\/Zerum-PRO-Gel-Lesni-jahoda-900-g.jpg\",\"contentUrl\":\"https:\\\/\\\/www.varygrow.com\\\/wp-content\\\/uploads\\\/sites\\\/19\\\/2026\\\/03\\\/Zerum-PRO-Gel-Lesni-jahoda-900-g.jpg\",\"width\":1000,\"height\":1000,\"caption\":\"Zerum PRO Gel Lesn\u00ed jahoda\"},{\"@type\":\"BreadcrumbList\",\"@id\":\"https:\\\/\\\/www.varygrow.com\\\/cs\\\/eshop\\\/zerum-pro-gel-lesni-jahoda-900-g\\\/#breadcrumb\",\"itemListElement\":[{\"@type\":\"ListItem\",\"position\":1,\"name\":\"Dom\u016f\",\"item\":\"https:\\\/\\\/www.varygrow.com\\\/cs\\\/\"},{\"@type\":\"ListItem\",\"position\":2,\"name\":\"Eshop\",\"item\":\"https:\\\/\\\/www.varygrow.com\\\/cs\\\/eshop\\\/\"},{\"@type\":\"ListItem\",\"position\":3,\"name\":\"Zerum PRO Gel Lesn\u00ed jahoda, 900 g\"}]},{\"@type\":\"WebSite\",\"@id\":\"https:\\\/\\\/www.varygrow.com\\\/cs\\\/#website\",\"url\":\"https:\\\/\\\/www.varygrow.com\\\/cs\\\/\",\"name\":\"VaryGrow\",\"description\":\"Udr\u017eiteln\u00e9 podnik\u00e1n\u00ed\",\"publisher\":{\"@id\":\"https:\\\/\\\/www.varygrow.com\\\/cs\\\/#organization\"},\"potentialAction\":[{\"@type\":\"SearchAction\",\"target\":{\"@type\":\"EntryPoint\",\"urlTemplate\":\"https:\\\/\\\/www.varygrow.com\\\/cs\\\/?s={search_term_string}\"},\"query-input\":{\"@type\":\"PropertyValueSpecification\",\"valueRequired\":true,\"valueName\":\"search_term_string\"}}],\"inLanguage\":\"cs\"},{\"@type\":\"Organization\",\"@id\":\"https:\\\/\\\/www.varygrow.com\\\/cs\\\/#organization\",\"name\":\"DAMARA s.r.o.\",\"url\":\"https:\\\/\\\/www.varygrow.com\\\/cs\\\/\",\"logo\":{\"@type\":\"ImageObject\",\"inLanguage\":\"cs\",\"@id\":\"https:\\\/\\\/www.varygrow.com\\\/cs\\\/#\\\/schema\\\/logo\\\/image\\\/\",\"url\":\"https:\\\/\\\/www.varygrow.com\\\/wp-content\\\/uploads\\\/sites\\\/19\\\/2023\\\/08\\\/Logo-Heureka-480x150-1.png\",\"contentUrl\":\"https:\\\/\\\/www.varygrow.com\\\/wp-content\\\/uploads\\\/sites\\\/19\\\/2023\\\/08\\\/Logo-Heureka-480x150-1.png\",\"width\":480,\"height\":150,\"caption\":\"DAMARA s.r.o.\"},\"image\":{\"@id\":\"https:\\\/\\\/www.varygrow.com\\\/cs\\\/#\\\/schema\\\/logo\\\/image\\\/\"},\"sameAs\":[\"https:\\\/\\\/facebook.com\\\/VaryGrow\"]}]}<\/script>\n<!-- \/ Yoast SEO plugin. -->","yoast_head_json":{"title":"Zerum PRO Gel Lesn\u00ed jahoda, 900 g","description":"Univerz\u00e1ln\u00ed, netoxick\u00fd a \u00fa\u010dinn\u00fd neutraliz\u00e9r z\u00e1pachu Zerum PRO Gel Lesn\u00ed jahoda, 900 g se postar\u00e1 o d\u016fkladnou eliminaci ne\u017e\u00e1douc\u00edch pach\u016f v uzav\u0159en\u00fdch m\u00edstnostech. K dost\u00e1n\u00ed v balen\u00ed 400 g, 900 g, 3,3 kg, 5 kg, 12,5 kg a v 5 v\u016fn\u00edch: lesn\u00ed jahoda (Fresa silvestre), meloun a \u010derven\u00e9 ovoce (Mel\u00f3n y frutos rojos), m\u00e1ta (Mentolado), neutr\u00e1ln\u00ed (Neutro), \u010dist\u00e1 (Limpio).","robots":{"index":"index","follow":"follow","max-snippet":"max-snippet:-1","max-image-preview":"max-image-preview:large","max-video-preview":"max-video-preview:-1"},"canonical":"https:\/\/www.varygrow.com\/cs\/eshop\/zerum-pro-gel-lesni-jahoda-900-g\/","og_locale":"cs_CZ","og_type":"article","og_title":"Zerum PRO Gel Lesn\u00ed jahoda, 900 g","og_description":"Univerz\u00e1ln\u00ed, netoxick\u00fd a \u00fa\u010dinn\u00fd neutraliz\u00e9r z\u00e1pachu Zerum PRO Gel Lesn\u00ed jahoda, 900 g se postar\u00e1 o d\u016fkladnou eliminaci ne\u017e\u00e1douc\u00edch pach\u016f v uzav\u0159en\u00fdch m\u00edstnostech. K dost\u00e1n\u00ed v balen\u00ed 400 g, 900 g, 3,3 kg, 5 kg, 12,5 kg a v 5 v\u016fn\u00edch: lesn\u00ed jahoda (Fresa silvestre), meloun a \u010derven\u00e9 ovoce (Mel\u00f3n y frutos rojos), m\u00e1ta (Mentolado), neutr\u00e1ln\u00ed (Neutro), \u010dist\u00e1 (Limpio).","og_url":"https:\/\/www.varygrow.com\/cs\/eshop\/zerum-pro-gel-lesni-jahoda-900-g\/","og_site_name":"VaryGrow","article_publisher":"https:\/\/facebook.com\/VaryGrow","article_modified_time":"2026-04-19T01:10:26+00:00","og_image":[{"width":1000,"height":1000,"url":"https:\/\/www.varygrow.com\/wp-content\/uploads\/sites\/19\/2026\/03\/Zerum-PRO-Gel-Lesni-jahoda-900-g.jpg","type":"image\/jpeg"}],"twitter_card":"summary_large_image","twitter_misc":{"Odhadovan\u00e1 doba \u010dten\u00ed":"1 minuta"},"schema":{"@context":"https:\/\/schema.org","@graph":[{"@type":"WebPage","@id":"https:\/\/www.varygrow.com\/cs\/eshop\/zerum-pro-gel-lesni-jahoda-900-g\/","url":"https:\/\/www.varygrow.com\/cs\/eshop\/zerum-pro-gel-lesni-jahoda-900-g\/","name":"Zerum PRO Gel Lesn\u00ed jahoda, 900 g","isPartOf":{"@id":"https:\/\/www.varygrow.com\/cs\/#website"},"primaryImageOfPage":{"@id":"https:\/\/www.varygrow.com\/cs\/eshop\/zerum-pro-gel-lesni-jahoda-900-g\/#primaryimage"},"image":{"@id":"https:\/\/www.varygrow.com\/cs\/eshop\/zerum-pro-gel-lesni-jahoda-900-g\/#primaryimage"},"thumbnailUrl":"https:\/\/www.varygrow.com\/wp-content\/uploads\/sites\/19\/2026\/03\/Zerum-PRO-Gel-Lesni-jahoda-900-g.jpg","datePublished":"2026-04-19T01:10:25+00:00","dateModified":"2026-04-19T01:10:26+00:00","description":"Univerz\u00e1ln\u00ed, netoxick\u00fd a \u00fa\u010dinn\u00fd neutraliz\u00e9r z\u00e1pachu Zerum PRO Gel Lesn\u00ed jahoda, 900 g se postar\u00e1 o d\u016fkladnou eliminaci ne\u017e\u00e1douc\u00edch pach\u016f v uzav\u0159en\u00fdch m\u00edstnostech. K dost\u00e1n\u00ed v balen\u00ed 400 g, 900 g, 3,3 kg, 5 kg, 12,5 kg a v 5 v\u016fn\u00edch: lesn\u00ed jahoda (Fresa silvestre), meloun a \u010derven\u00e9 ovoce (Mel\u00f3n y frutos rojos), m\u00e1ta (Mentolado), neutr\u00e1ln\u00ed (Neutro), \u010dist\u00e1 (Limpio).","breadcrumb":{"@id":"https:\/\/www.varygrow.com\/cs\/eshop\/zerum-pro-gel-lesni-jahoda-900-g\/#breadcrumb"},"inLanguage":"cs","potentialAction":[{"@type":"ReadAction","target":["https:\/\/www.varygrow.com\/cs\/eshop\/zerum-pro-gel-lesni-jahoda-900-g\/"]}]},{"@type":"ImageObject","inLanguage":"cs","@id":"https:\/\/www.varygrow.com\/cs\/eshop\/zerum-pro-gel-lesni-jahoda-900-g\/#primaryimage","url":"https:\/\/www.varygrow.com\/wp-content\/uploads\/sites\/19\/2026\/03\/Zerum-PRO-Gel-Lesni-jahoda-900-g.jpg","contentUrl":"https:\/\/www.varygrow.com\/wp-content\/uploads\/sites\/19\/2026\/03\/Zerum-PRO-Gel-Lesni-jahoda-900-g.jpg","width":1000,"height":1000,"caption":"Zerum PRO Gel Lesn\u00ed jahoda"},{"@type":"BreadcrumbList","@id":"https:\/\/www.varygrow.com\/cs\/eshop\/zerum-pro-gel-lesni-jahoda-900-g\/#breadcrumb","itemListElement":[{"@type":"ListItem","position":1,"name":"Dom\u016f","item":"https:\/\/www.varygrow.com\/cs\/"},{"@type":"ListItem","position":2,"name":"Eshop","item":"https:\/\/www.varygrow.com\/cs\/eshop\/"},{"@type":"ListItem","position":3,"name":"Zerum PRO Gel Lesn\u00ed jahoda, 900 g"}]},{"@type":"WebSite","@id":"https:\/\/www.varygrow.com\/cs\/#website","url":"https:\/\/www.varygrow.com\/cs\/","name":"VaryGrow","description":"Udr\u017eiteln\u00e9 podnik\u00e1n\u00ed","publisher":{"@id":"https:\/\/www.varygrow.com\/cs\/#organization"},"potentialAction":[{"@type":"SearchAction","target":{"@type":"EntryPoint","urlTemplate":"https:\/\/www.varygrow.com\/cs\/?s={search_term_string}"},"query-input":{"@type":"PropertyValueSpecification","valueRequired":true,"valueName":"search_term_string"}}],"inLanguage":"cs"},{"@type":"Organization","@id":"https:\/\/www.varygrow.com\/cs\/#organization","name":"DAMARA s.r.o.","url":"https:\/\/www.varygrow.com\/cs\/","logo":{"@type":"ImageObject","inLanguage":"cs","@id":"https:\/\/www.varygrow.com\/cs\/#\/schema\/logo\/image\/","url":"https:\/\/www.varygrow.com\/wp-content\/uploads\/sites\/19\/2023\/08\/Logo-Heureka-480x150-1.png","contentUrl":"https:\/\/www.varygrow.com\/wp-content\/uploads\/sites\/19\/2023\/08\/Logo-Heureka-480x150-1.png","width":480,"height":150,"caption":"DAMARA s.r.o."},"image":{"@id":"https:\/\/www.varygrow.com\/cs\/#\/schema\/logo\/image\/"},"sameAs":["https:\/\/facebook.com\/VaryGrow"]}]}},"brands":[{"id":14802,"name":"Zerum","slug":"zerum"}],"_links":{"self":[{"href":"https:\/\/www.varygrow.com\/cs\/wp-json\/wp\/v2\/product\/328428","targetHints":{"allow":["GET"]}}],"collection":[{"href":"https:\/\/www.varygrow.com\/cs\/wp-json\/wp\/v2\/product"}],"about":[{"href":"https:\/\/www.varygrow.com\/cs\/wp-json\/wp\/v2\/types\/product"}],"replies":[{"embeddable":true,"href":"https:\/\/www.varygrow.com\/cs\/wp-json\/wp\/v2\/comments?post=328428"}],"wp:featuredmedia":[{"embeddable":true,"href":"https:\/\/www.varygrow.com\/cs\/wp-json\/wp\/v2\/media\/328429"}],"wp:attachment":[{"href":"https:\/\/www.varygrow.com\/cs\/wp-json\/wp\/v2\/media?parent=328428"}],"wp:term":[{"taxonomy":"pwb-brand","embeddable":true,"href":"https:\/\/www.varygrow.com\/cs\/wp-json\/wp\/v2\/pwb-brand?post=328428"},{"taxonomy":"product_brand","embeddable":true,"href":"https:\/\/www.varygrow.com\/cs\/wp-json\/wp\/v2\/product_brand?post=328428"},{"taxonomy":"product_cat","embeddable":true,"href":"https:\/\/www.varygrow.com\/cs\/wp-json\/wp\/v2\/product_cat?post=328428"},{"taxonomy":"product_tag","embeddable":true,"href":"https:\/\/www.varygrow.com\/cs\/wp-json\/wp\/v2\/product_tag?post=328428"},{"taxonomy":"berocket_brand","embeddable":true,"href":"https:\/\/www.varygrow.com\/cs\/wp-json\/wp\/v2\/berocket_brand?post=328428"}],"curies":[{"name":"wp","href":"https:\/\/api.w.org\/{rel}","templated":true}]}}