{"id":329484,"date":"2026-04-19T04:02:31","date_gmt":"2026-04-19T02:02:31","guid":{"rendered":"https:\/\/www.varygrow.com\/eshop\/advanced-hydroponics-bloom-10-l\/"},"modified":"2026-04-19T04:02:31","modified_gmt":"2026-04-19T02:02:31","slug":"advanced-hydroponics-bloom-10-l","status":"publish","type":"product","link":"https:\/\/www.varygrow.com\/cs\/eshop\/advanced-hydroponics-bloom-10-l\/","title":{"rendered":"Advanced Hydroponics Bloom 10 l"},"content":{"rendered":"<p><strong>Doporu\u010denou kombinac\u00ed s ostatn\u00edmi slo\u017ekami<\/strong> b\u011bhem obdob\u00ed formov\u00e1n\u00ed a rozvoje kv\u011btenstv\u00ed <strong>poskytnete va\u0161im rostlin\u00e1m v\u0161e, co<\/strong> v t\u00e9to nejd\u016fle\u017eit\u011bj\u0161\u00ed f\u00e1zi <strong>pot\u0159ebuj\u00ed<\/strong>. Vsa\u010fte na <strong>ov\u011b\u0159enou kvalitu hnojiv<\/strong> <strong>vyr\u00e1b\u011bn\u00fdch<\/strong> ji\u017e po desetilet\u00edch <strong>v Holandsku<\/strong>.<\/p>\n<p>Pro je\u0161t\u011b lep\u0161\u00ed v\u00fdsledky doporu\u010dujeme sou\u010dasn\u011b pou\u017e\u00edt aditiva \u0159ady <em>Natural Power<\/em>.<\/p>\n<p><u>Pou\u017eit\u00ed<\/u><\/p>\n<ul>\n<li>vhodn\u00e9 pro <strong>v\u0161echny typy hydroponick\u00fdch substr\u00e1t\u016f, kokosov\u00e1 vl\u00e1kna i zeminu<\/strong><\/li>\n<li>i p\u0159es vysokou koncentraci je zachov\u00e1na <strong>snadn\u00e1 rozpustnost<\/strong>, kter\u00e1 \u010din\u00ed hnojivo zvl\u00e1\u0161t\u011b <strong>vhodn\u00e9 pro automatickou kapil\u00e1rn\u00ed z\u00e1vlahu<\/strong><\/li>\n<\/ul>\n<p><\/p>\n","protected":false},"excerpt":{"rendered":"<p>AH Dutch Formula Bloom &#8211; t\u0159\u00edslo\u017ekov\u00e9 miner\u00e1ln\u00ed hnojivo vysok\u00e9 kvality vyroben\u00e9 v Holandsku. Vhodn\u00e9 jak pro hydroponick\u00e9 substr\u00e1ty, tak zeminu \u010di kokos. Vysok\u00e1 koncentrace \u017eivin. Slo\u017eka \u010d. 2 &#8211; BLOOM, balen\u00ed 10 l.<\/p>\n","protected":false},"featured_media":293750,"comment_status":"open","ping_status":"open","template":"","meta":[],"pwb-brand":[108],"product_brand":[],"product_cat":[10533,10535,10532,10513],"product_tag":[6062,6063,6061,15317],"berocket_brand":[106],"class_list":{"0":"post-329484","1":"product","2":"type-product","3":"status-publish","4":"has-post-thumbnail","6":"pwb-brand-advanced-hydroponics","7":"product_cat-advanced-hydroponics","8":"product_cat-dutch-formula","9":"product_cat-hnojiva","10":"product_cat-naarden","11":"product_tag-advanced-hydroponics","12":"product_tag-dutch-formula","13":"product_tag-hnojiva","14":"product_tag-naarden","15":"pa_ean-1896","16":"berocket_brand-naarden","17":"sales-flash-overlay","18":"woocommerce-text-align-center","19":"woocommerce-image-align-center","20":"do-quantity-buttons","22":"first","23":"instock","24":"purchasable","25":"product-type-simple"},"yoast_head":"<!-- This site is optimized with the Yoast SEO plugin v27.4 - https:\/\/yoast.com\/product\/yoast-seo-wordpress\/ -->\n<title>Advanced Hydroponics Bloom 10 l<\/title>\n<meta name=\"description\" content=\"AH Dutch Formula Bloom - t\u0159\u00edslo\u017ekov\u00e9 miner\u00e1ln\u00ed hnojivo vysok\u00e9 kvality vyroben\u00e9 v Holandsku. Vhodn\u00e9 jak pro hydroponick\u00e9 substr\u00e1ty, tak zeminu \u010di kokos. Vysok\u00e1 koncentrace \u017eivin. Slo\u017eka \u010d. 2 - BLOOM, balen\u00ed 10 l.\" \/>\n<meta name=\"robots\" content=\"index, follow, max-snippet:-1, max-image-preview:large, max-video-preview:-1\" \/>\n<link rel=\"canonical\" href=\"https:\/\/www.varygrow.com\/cs\/eshop\/advanced-hydroponics-bloom-10-l\/\" \/>\n<meta property=\"og:locale\" content=\"cs_CZ\" \/>\n<meta property=\"og:type\" content=\"article\" \/>\n<meta property=\"og:title\" content=\"Advanced Hydroponics Bloom 10 l\" \/>\n<meta property=\"og:description\" content=\"AH Dutch Formula Bloom - t\u0159\u00edslo\u017ekov\u00e9 miner\u00e1ln\u00ed hnojivo vysok\u00e9 kvality vyroben\u00e9 v Holandsku. Vhodn\u00e9 jak pro hydroponick\u00e9 substr\u00e1ty, tak zeminu \u010di kokos. Vysok\u00e1 koncentrace \u017eivin. Slo\u017eka \u010d. 2 - BLOOM, balen\u00ed 10 l.\" \/>\n<meta property=\"og:url\" content=\"https:\/\/www.varygrow.com\/cs\/eshop\/advanced-hydroponics-bloom-10-l\/\" \/>\n<meta property=\"og:site_name\" content=\"VaryGrow\" \/>\n<meta property=\"article:publisher\" content=\"https:\/\/facebook.com\/VaryGrow\" \/>\n<meta property=\"og:image\" content=\"https:\/\/www.varygrow.com\/wp-content\/uploads\/sites\/19\/2025\/12\/Advanced-Hydroponics-Bloom-1-l.jpg\" \/>\n\t<meta property=\"og:image:width\" content=\"1000\" \/>\n\t<meta property=\"og:image:height\" content=\"1000\" \/>\n\t<meta property=\"og:image:type\" content=\"image\/jpeg\" \/>\n<meta name=\"twitter:card\" content=\"summary_large_image\" \/>\n<meta name=\"twitter:label1\" content=\"Odhadovan\u00e1 doba \u010dten\u00ed\" \/>\n\t<meta name=\"twitter:data1\" content=\"1 minuta\" \/>\n<script type=\"application\/ld+json\" class=\"yoast-schema-graph\">{\"@context\":\"https:\\\/\\\/schema.org\",\"@graph\":[{\"@type\":\"WebPage\",\"@id\":\"https:\\\/\\\/www.varygrow.com\\\/cs\\\/eshop\\\/advanced-hydroponics-bloom-10-l\\\/\",\"url\":\"https:\\\/\\\/www.varygrow.com\\\/cs\\\/eshop\\\/advanced-hydroponics-bloom-10-l\\\/\",\"name\":\"Advanced Hydroponics Bloom 10 l\",\"isPartOf\":{\"@id\":\"https:\\\/\\\/www.varygrow.com\\\/cs\\\/#website\"},\"primaryImageOfPage\":{\"@id\":\"https:\\\/\\\/www.varygrow.com\\\/cs\\\/eshop\\\/advanced-hydroponics-bloom-10-l\\\/#primaryimage\"},\"image\":{\"@id\":\"https:\\\/\\\/www.varygrow.com\\\/cs\\\/eshop\\\/advanced-hydroponics-bloom-10-l\\\/#primaryimage\"},\"thumbnailUrl\":\"https:\\\/\\\/www.varygrow.com\\\/wp-content\\\/uploads\\\/sites\\\/19\\\/2025\\\/12\\\/Advanced-Hydroponics-Bloom-1-l.jpg\",\"datePublished\":\"2026-04-19T02:02:31+00:00\",\"description\":\"AH Dutch Formula Bloom - t\u0159\u00edslo\u017ekov\u00e9 miner\u00e1ln\u00ed hnojivo vysok\u00e9 kvality vyroben\u00e9 v Holandsku. Vhodn\u00e9 jak pro hydroponick\u00e9 substr\u00e1ty, tak zeminu \u010di kokos. Vysok\u00e1 koncentrace \u017eivin. Slo\u017eka \u010d. 2 - BLOOM, balen\u00ed 10 l.\",\"breadcrumb\":{\"@id\":\"https:\\\/\\\/www.varygrow.com\\\/cs\\\/eshop\\\/advanced-hydroponics-bloom-10-l\\\/#breadcrumb\"},\"inLanguage\":\"cs\",\"potentialAction\":[{\"@type\":\"ReadAction\",\"target\":[\"https:\\\/\\\/www.varygrow.com\\\/cs\\\/eshop\\\/advanced-hydroponics-bloom-10-l\\\/\"]}]},{\"@type\":\"ImageObject\",\"inLanguage\":\"cs\",\"@id\":\"https:\\\/\\\/www.varygrow.com\\\/cs\\\/eshop\\\/advanced-hydroponics-bloom-10-l\\\/#primaryimage\",\"url\":\"https:\\\/\\\/www.varygrow.com\\\/wp-content\\\/uploads\\\/sites\\\/19\\\/2025\\\/12\\\/Advanced-Hydroponics-Bloom-1-l.jpg\",\"contentUrl\":\"https:\\\/\\\/www.varygrow.com\\\/wp-content\\\/uploads\\\/sites\\\/19\\\/2025\\\/12\\\/Advanced-Hydroponics-Bloom-1-l.jpg\",\"width\":1000,\"height\":1000,\"caption\":\"Advanced Hydroponics Bloom 500 ml\"},{\"@type\":\"BreadcrumbList\",\"@id\":\"https:\\\/\\\/www.varygrow.com\\\/cs\\\/eshop\\\/advanced-hydroponics-bloom-10-l\\\/#breadcrumb\",\"itemListElement\":[{\"@type\":\"ListItem\",\"position\":1,\"name\":\"Dom\u016f\",\"item\":\"https:\\\/\\\/www.varygrow.com\\\/cs\\\/\"},{\"@type\":\"ListItem\",\"position\":2,\"name\":\"Eshop\",\"item\":\"https:\\\/\\\/www.varygrow.com\\\/cs\\\/eshop\\\/\"},{\"@type\":\"ListItem\",\"position\":3,\"name\":\"Advanced Hydroponics Bloom 10 l\"}]},{\"@type\":\"WebSite\",\"@id\":\"https:\\\/\\\/www.varygrow.com\\\/cs\\\/#website\",\"url\":\"https:\\\/\\\/www.varygrow.com\\\/cs\\\/\",\"name\":\"VaryGrow\",\"description\":\"Udr\u017eiteln\u00e9 podnik\u00e1n\u00ed\",\"publisher\":{\"@id\":\"https:\\\/\\\/www.varygrow.com\\\/cs\\\/#organization\"},\"potentialAction\":[{\"@type\":\"SearchAction\",\"target\":{\"@type\":\"EntryPoint\",\"urlTemplate\":\"https:\\\/\\\/www.varygrow.com\\\/cs\\\/?s={search_term_string}\"},\"query-input\":{\"@type\":\"PropertyValueSpecification\",\"valueRequired\":true,\"valueName\":\"search_term_string\"}}],\"inLanguage\":\"cs\"},{\"@type\":\"Organization\",\"@id\":\"https:\\\/\\\/www.varygrow.com\\\/cs\\\/#organization\",\"name\":\"DAMARA s.r.o.\",\"url\":\"https:\\\/\\\/www.varygrow.com\\\/cs\\\/\",\"logo\":{\"@type\":\"ImageObject\",\"inLanguage\":\"cs\",\"@id\":\"https:\\\/\\\/www.varygrow.com\\\/cs\\\/#\\\/schema\\\/logo\\\/image\\\/\",\"url\":\"https:\\\/\\\/www.varygrow.com\\\/wp-content\\\/uploads\\\/sites\\\/19\\\/2023\\\/08\\\/Logo-Heureka-480x150-1.png\",\"contentUrl\":\"https:\\\/\\\/www.varygrow.com\\\/wp-content\\\/uploads\\\/sites\\\/19\\\/2023\\\/08\\\/Logo-Heureka-480x150-1.png\",\"width\":480,\"height\":150,\"caption\":\"DAMARA s.r.o.\"},\"image\":{\"@id\":\"https:\\\/\\\/www.varygrow.com\\\/cs\\\/#\\\/schema\\\/logo\\\/image\\\/\"},\"sameAs\":[\"https:\\\/\\\/facebook.com\\\/VaryGrow\"]}]}<\/script>\n<!-- \/ Yoast SEO plugin. -->","yoast_head_json":{"title":"Advanced Hydroponics Bloom 10 l","description":"AH Dutch Formula Bloom - t\u0159\u00edslo\u017ekov\u00e9 miner\u00e1ln\u00ed hnojivo vysok\u00e9 kvality vyroben\u00e9 v Holandsku. Vhodn\u00e9 jak pro hydroponick\u00e9 substr\u00e1ty, tak zeminu \u010di kokos. Vysok\u00e1 koncentrace \u017eivin. Slo\u017eka \u010d. 2 - BLOOM, balen\u00ed 10 l.","robots":{"index":"index","follow":"follow","max-snippet":"max-snippet:-1","max-image-preview":"max-image-preview:large","max-video-preview":"max-video-preview:-1"},"canonical":"https:\/\/www.varygrow.com\/cs\/eshop\/advanced-hydroponics-bloom-10-l\/","og_locale":"cs_CZ","og_type":"article","og_title":"Advanced Hydroponics Bloom 10 l","og_description":"AH Dutch Formula Bloom - t\u0159\u00edslo\u017ekov\u00e9 miner\u00e1ln\u00ed hnojivo vysok\u00e9 kvality vyroben\u00e9 v Holandsku. Vhodn\u00e9 jak pro hydroponick\u00e9 substr\u00e1ty, tak zeminu \u010di kokos. Vysok\u00e1 koncentrace \u017eivin. Slo\u017eka \u010d. 2 - BLOOM, balen\u00ed 10 l.","og_url":"https:\/\/www.varygrow.com\/cs\/eshop\/advanced-hydroponics-bloom-10-l\/","og_site_name":"VaryGrow","article_publisher":"https:\/\/facebook.com\/VaryGrow","og_image":[{"width":1000,"height":1000,"url":"https:\/\/www.varygrow.com\/wp-content\/uploads\/sites\/19\/2025\/12\/Advanced-Hydroponics-Bloom-1-l.jpg","type":"image\/jpeg"}],"twitter_card":"summary_large_image","twitter_misc":{"Odhadovan\u00e1 doba \u010dten\u00ed":"1 minuta"},"schema":{"@context":"https:\/\/schema.org","@graph":[{"@type":"WebPage","@id":"https:\/\/www.varygrow.com\/cs\/eshop\/advanced-hydroponics-bloom-10-l\/","url":"https:\/\/www.varygrow.com\/cs\/eshop\/advanced-hydroponics-bloom-10-l\/","name":"Advanced Hydroponics Bloom 10 l","isPartOf":{"@id":"https:\/\/www.varygrow.com\/cs\/#website"},"primaryImageOfPage":{"@id":"https:\/\/www.varygrow.com\/cs\/eshop\/advanced-hydroponics-bloom-10-l\/#primaryimage"},"image":{"@id":"https:\/\/www.varygrow.com\/cs\/eshop\/advanced-hydroponics-bloom-10-l\/#primaryimage"},"thumbnailUrl":"https:\/\/www.varygrow.com\/wp-content\/uploads\/sites\/19\/2025\/12\/Advanced-Hydroponics-Bloom-1-l.jpg","datePublished":"2026-04-19T02:02:31+00:00","description":"AH Dutch Formula Bloom - t\u0159\u00edslo\u017ekov\u00e9 miner\u00e1ln\u00ed hnojivo vysok\u00e9 kvality vyroben\u00e9 v Holandsku. Vhodn\u00e9 jak pro hydroponick\u00e9 substr\u00e1ty, tak zeminu \u010di kokos. Vysok\u00e1 koncentrace \u017eivin. Slo\u017eka \u010d. 2 - BLOOM, balen\u00ed 10 l.","breadcrumb":{"@id":"https:\/\/www.varygrow.com\/cs\/eshop\/advanced-hydroponics-bloom-10-l\/#breadcrumb"},"inLanguage":"cs","potentialAction":[{"@type":"ReadAction","target":["https:\/\/www.varygrow.com\/cs\/eshop\/advanced-hydroponics-bloom-10-l\/"]}]},{"@type":"ImageObject","inLanguage":"cs","@id":"https:\/\/www.varygrow.com\/cs\/eshop\/advanced-hydroponics-bloom-10-l\/#primaryimage","url":"https:\/\/www.varygrow.com\/wp-content\/uploads\/sites\/19\/2025\/12\/Advanced-Hydroponics-Bloom-1-l.jpg","contentUrl":"https:\/\/www.varygrow.com\/wp-content\/uploads\/sites\/19\/2025\/12\/Advanced-Hydroponics-Bloom-1-l.jpg","width":1000,"height":1000,"caption":"Advanced Hydroponics Bloom 500 ml"},{"@type":"BreadcrumbList","@id":"https:\/\/www.varygrow.com\/cs\/eshop\/advanced-hydroponics-bloom-10-l\/#breadcrumb","itemListElement":[{"@type":"ListItem","position":1,"name":"Dom\u016f","item":"https:\/\/www.varygrow.com\/cs\/"},{"@type":"ListItem","position":2,"name":"Eshop","item":"https:\/\/www.varygrow.com\/cs\/eshop\/"},{"@type":"ListItem","position":3,"name":"Advanced Hydroponics Bloom 10 l"}]},{"@type":"WebSite","@id":"https:\/\/www.varygrow.com\/cs\/#website","url":"https:\/\/www.varygrow.com\/cs\/","name":"VaryGrow","description":"Udr\u017eiteln\u00e9 podnik\u00e1n\u00ed","publisher":{"@id":"https:\/\/www.varygrow.com\/cs\/#organization"},"potentialAction":[{"@type":"SearchAction","target":{"@type":"EntryPoint","urlTemplate":"https:\/\/www.varygrow.com\/cs\/?s={search_term_string}"},"query-input":{"@type":"PropertyValueSpecification","valueRequired":true,"valueName":"search_term_string"}}],"inLanguage":"cs"},{"@type":"Organization","@id":"https:\/\/www.varygrow.com\/cs\/#organization","name":"DAMARA s.r.o.","url":"https:\/\/www.varygrow.com\/cs\/","logo":{"@type":"ImageObject","inLanguage":"cs","@id":"https:\/\/www.varygrow.com\/cs\/#\/schema\/logo\/image\/","url":"https:\/\/www.varygrow.com\/wp-content\/uploads\/sites\/19\/2023\/08\/Logo-Heureka-480x150-1.png","contentUrl":"https:\/\/www.varygrow.com\/wp-content\/uploads\/sites\/19\/2023\/08\/Logo-Heureka-480x150-1.png","width":480,"height":150,"caption":"DAMARA s.r.o."},"image":{"@id":"https:\/\/www.varygrow.com\/cs\/#\/schema\/logo\/image\/"},"sameAs":["https:\/\/facebook.com\/VaryGrow"]}]}},"brands":[{"id":108,"name":"Advanced Hydroponics","slug":"advanced-hydroponics"}],"_links":{"self":[{"href":"https:\/\/www.varygrow.com\/cs\/wp-json\/wp\/v2\/product\/329484","targetHints":{"allow":["GET"]}}],"collection":[{"href":"https:\/\/www.varygrow.com\/cs\/wp-json\/wp\/v2\/product"}],"about":[{"href":"https:\/\/www.varygrow.com\/cs\/wp-json\/wp\/v2\/types\/product"}],"replies":[{"embeddable":true,"href":"https:\/\/www.varygrow.com\/cs\/wp-json\/wp\/v2\/comments?post=329484"}],"wp:featuredmedia":[{"embeddable":true,"href":"https:\/\/www.varygrow.com\/cs\/wp-json\/wp\/v2\/media\/293750"}],"wp:attachment":[{"href":"https:\/\/www.varygrow.com\/cs\/wp-json\/wp\/v2\/media?parent=329484"}],"wp:term":[{"taxonomy":"pwb-brand","embeddable":true,"href":"https:\/\/www.varygrow.com\/cs\/wp-json\/wp\/v2\/pwb-brand?post=329484"},{"taxonomy":"product_brand","embeddable":true,"href":"https:\/\/www.varygrow.com\/cs\/wp-json\/wp\/v2\/product_brand?post=329484"},{"taxonomy":"product_cat","embeddable":true,"href":"https:\/\/www.varygrow.com\/cs\/wp-json\/wp\/v2\/product_cat?post=329484"},{"taxonomy":"product_tag","embeddable":true,"href":"https:\/\/www.varygrow.com\/cs\/wp-json\/wp\/v2\/product_tag?post=329484"},{"taxonomy":"berocket_brand","embeddable":true,"href":"https:\/\/www.varygrow.com\/cs\/wp-json\/wp\/v2\/berocket_brand?post=329484"}],"curies":[{"name":"wp","href":"https:\/\/api.w.org\/{rel}","templated":true}]}}