{"id":329548,"date":"2026-04-19T04:11:47","date_gmt":"2026-04-19T02:11:47","guid":{"rendered":"https:\/\/www.varygrow.com\/eshop\/advanced-nutrients-tarantula-liquid-250-ml\/"},"modified":"2026-04-19T04:11:48","modified_gmt":"2026-04-19T02:11:48","slug":"advanced-nutrients-tarantula-liquid-250-ml","status":"publish","type":"product","link":"https:\/\/www.varygrow.com\/cs\/eshop\/advanced-nutrients-tarantula-liquid-250-ml\/","title":{"rendered":"Advanced Nutrients Tarantula Liquid 250 ml"},"content":{"rendered":"<p>Exkluzivn\u00ed prosp\u011b\u0161n\u00e9 bakterie u Tarantule uvol\u0148uj\u00ed p\u0159\u00edrodn\u00ed l\u00e1tky, kter\u00e9 podporuj\u00ed ni\u017e\u0161\u00ed ke\u0159\u00edkovit\u00fd, hust\u011bj\u0161\u00ed r\u016fst, extra kv\u011bty a dal\u0161\u00ed v\u011btven\u00ed.<\/p>\n<p>Kdybyste p\u011bstovali v nejbohat\u0161\u00ed, nezne\u010di\u0161t\u011bn\u00e9 venkovn\u00ed p\u016fd\u011b, va\u0161e ko\u0159enov\u00e1 z\u00f3na by se hem\u017eila u\u017eite\u010dn\u00fdmi mikroby, kte\u0159\u00ed by \u017eili v symbi\u00f3ze s rostlinami, zv\u011bt\u0161ovali jejich ko\u0159eny a zvy\u0161ovali \u00farodu. Hydroponick\u00e9 p\u011bstebn\u00ed substr\u00e1ty v\u0161ak tyto mikroorganismy postr\u00e1daj\u00ed. Proto pot\u0159ebujete Tarantulu, jej\u00ed\u017e prosp\u011b\u0161n\u00e9 bakterie podporuj\u00ed dal\u0161\u00ed u\u017eite\u010dn\u00fd \u017eivot v rhizosf\u00e9\u0159e. A dokonce sni\u017euj\u00ed po\u0161kozen\u00ed tk\u00e1n\u00ed t\u011b\u017ek\u00fdmi solemi hnojiv.<\/p>\n<p>Nav\u00edc tyto prosp\u011b\u0161n\u00e9 bakterie p\u0159\u00edmo zvy\u0161uj\u00ed r\u016fst a v\u00fdnosy rostlin a napom\u00e1haj\u00ed chlorofylu, tak\u017ee va\u0161e vysoce intenzivn\u00ed osv\u011btlen\u00ed je \u00fa\u010dinn\u011bj\u0161\u00ed. A kone\u010dn\u011b, n\u00e1\u0161 patentovan\u00fd v\u00fdrobn\u00ed proces zaji\u0161\u0165uje del\u0161\u00ed trvanlivost, tak\u017ee po p\u0159id\u00e1n\u00ed do n\u00e1dr\u017ee z\u00edsk\u00e1te \u017eiv\u00e9 mikroby nam\u00edsto mrtv\u00fdch.<\/p>\n<p>V\u0159etenovit\u00e9 ko\u0159eny se p\u0159em\u011bn\u00ed na siln\u00fd, svalnat\u00fd transportn\u00ed syst\u00e9m pro efektivn\u00ed dod\u00e1vku d\u016fle\u017eit\u00e9 v\u00fd\u017eivy.<\/p>\n<p>Doporu\u010den\u00e1 kombinace s Voodoo Juice a Piranha.<\/p>\n","protected":false},"excerpt":{"rendered":"<p>Exkluzivn\u00ed prosp\u011b\u0161n\u00e9 bakterie u Advanced Nutrients Tarantula uvol\u0148uj\u00ed p\u0159\u00edrodn\u00ed l\u00e1tky, kter\u00e9 podporuj\u00ed ni\u017e\u0161\u00ed ke\u0159\u00edkovit\u00fd, hust\u011bj\u0161\u00ed r\u016fst, extra kv\u011bty a dal\u0161\u00ed v\u011btven\u00ed.<\/p>\n","protected":false},"featured_media":319462,"comment_status":"open","ping_status":"open","template":"","meta":[],"pwb-brand":[5515],"product_brand":[],"product_cat":[10542,10556,10532,10513],"product_tag":[6064,6155,6061,15317],"berocket_brand":[106],"class_list":{"0":"post-329548","1":"product","2":"type-product","3":"status-publish","4":"has-post-thumbnail","6":"pwb-brand-advanced-nutrients","7":"product_cat-advanced-nutrients","8":"product_cat-an-korenove-stimulatory","9":"product_cat-hnojiva","10":"product_cat-naarden","11":"product_tag-advanced-nutrients","12":"product_tag-an-korenove-stimulatory","13":"product_tag-hnojiva","14":"product_tag-naarden","15":"pa_ean-15178","16":"berocket_brand-naarden","17":"sales-flash-overlay","18":"woocommerce-text-align-center","19":"woocommerce-image-align-center","20":"do-quantity-buttons","22":"first","23":"instock","24":"purchasable","25":"product-type-simple"},"yoast_head":"<!-- This site is optimized with the Yoast SEO plugin v27.4 - https:\/\/yoast.com\/product\/yoast-seo-wordpress\/ -->\n<title>Advanced Nutrients Tarantula Liquid 250 ml<\/title>\n<meta name=\"description\" content=\"Exkluzivn\u00ed prosp\u011b\u0161n\u00e9 bakterie u Advanced Nutrients Tarantula uvol\u0148uj\u00ed p\u0159\u00edrodn\u00ed l\u00e1tky, kter\u00e9 podporuj\u00ed ni\u017e\u0161\u00ed ke\u0159\u00edkovit\u00fd, hust\u011bj\u0161\u00ed r\u016fst, extra kv\u011bty a dal\u0161\u00ed v\u011btven\u00ed.\" \/>\n<meta name=\"robots\" content=\"index, follow, max-snippet:-1, max-image-preview:large, max-video-preview:-1\" \/>\n<link rel=\"canonical\" href=\"https:\/\/www.varygrow.com\/cs\/eshop\/advanced-nutrients-tarantula-liquid-250-ml\/\" \/>\n<meta property=\"og:locale\" content=\"cs_CZ\" \/>\n<meta property=\"og:type\" content=\"article\" \/>\n<meta property=\"og:title\" content=\"Advanced Nutrients Tarantula Liquid 250 ml\" \/>\n<meta property=\"og:description\" content=\"Exkluzivn\u00ed prosp\u011b\u0161n\u00e9 bakterie u Advanced Nutrients Tarantula uvol\u0148uj\u00ed p\u0159\u00edrodn\u00ed l\u00e1tky, kter\u00e9 podporuj\u00ed ni\u017e\u0161\u00ed ke\u0159\u00edkovit\u00fd, hust\u011bj\u0161\u00ed r\u016fst, extra kv\u011bty a dal\u0161\u00ed v\u011btven\u00ed.\" \/>\n<meta property=\"og:url\" content=\"https:\/\/www.varygrow.com\/cs\/eshop\/advanced-nutrients-tarantula-liquid-250-ml\/\" \/>\n<meta property=\"og:site_name\" content=\"VaryGrow\" \/>\n<meta property=\"article:publisher\" content=\"https:\/\/facebook.com\/VaryGrow\" \/>\n<meta property=\"article:modified_time\" content=\"2026-04-19T02:11:48+00:00\" \/>\n<meta property=\"og:image\" content=\"https:\/\/www.varygrow.com\/wp-content\/uploads\/sites\/19\/2026\/02\/Advanced-Nutrients-Tarantula-Liquid-1-l.jpg\" \/>\n\t<meta property=\"og:image:width\" content=\"1000\" \/>\n\t<meta property=\"og:image:height\" content=\"979\" \/>\n\t<meta property=\"og:image:type\" content=\"image\/jpeg\" \/>\n<meta name=\"twitter:card\" content=\"summary_large_image\" \/>\n<meta name=\"twitter:label1\" content=\"Odhadovan\u00e1 doba \u010dten\u00ed\" \/>\n\t<meta name=\"twitter:data1\" content=\"1 minuta\" \/>\n<script type=\"application\/ld+json\" class=\"yoast-schema-graph\">{\"@context\":\"https:\\\/\\\/schema.org\",\"@graph\":[{\"@type\":\"WebPage\",\"@id\":\"https:\\\/\\\/www.varygrow.com\\\/cs\\\/eshop\\\/advanced-nutrients-tarantula-liquid-250-ml\\\/\",\"url\":\"https:\\\/\\\/www.varygrow.com\\\/cs\\\/eshop\\\/advanced-nutrients-tarantula-liquid-250-ml\\\/\",\"name\":\"Advanced Nutrients Tarantula Liquid 250 ml\",\"isPartOf\":{\"@id\":\"https:\\\/\\\/www.varygrow.com\\\/cs\\\/#website\"},\"primaryImageOfPage\":{\"@id\":\"https:\\\/\\\/www.varygrow.com\\\/cs\\\/eshop\\\/advanced-nutrients-tarantula-liquid-250-ml\\\/#primaryimage\"},\"image\":{\"@id\":\"https:\\\/\\\/www.varygrow.com\\\/cs\\\/eshop\\\/advanced-nutrients-tarantula-liquid-250-ml\\\/#primaryimage\"},\"thumbnailUrl\":\"https:\\\/\\\/www.varygrow.com\\\/wp-content\\\/uploads\\\/sites\\\/19\\\/2026\\\/02\\\/Advanced-Nutrients-Tarantula-Liquid-1-l.jpg\",\"datePublished\":\"2026-04-19T02:11:47+00:00\",\"dateModified\":\"2026-04-19T02:11:48+00:00\",\"description\":\"Exkluzivn\u00ed prosp\u011b\u0161n\u00e9 bakterie u Advanced Nutrients Tarantula uvol\u0148uj\u00ed p\u0159\u00edrodn\u00ed l\u00e1tky, kter\u00e9 podporuj\u00ed ni\u017e\u0161\u00ed ke\u0159\u00edkovit\u00fd, hust\u011bj\u0161\u00ed r\u016fst, extra kv\u011bty a dal\u0161\u00ed v\u011btven\u00ed.\",\"breadcrumb\":{\"@id\":\"https:\\\/\\\/www.varygrow.com\\\/cs\\\/eshop\\\/advanced-nutrients-tarantula-liquid-250-ml\\\/#breadcrumb\"},\"inLanguage\":\"cs\",\"potentialAction\":[{\"@type\":\"ReadAction\",\"target\":[\"https:\\\/\\\/www.varygrow.com\\\/cs\\\/eshop\\\/advanced-nutrients-tarantula-liquid-250-ml\\\/\"]}]},{\"@type\":\"ImageObject\",\"inLanguage\":\"cs\",\"@id\":\"https:\\\/\\\/www.varygrow.com\\\/cs\\\/eshop\\\/advanced-nutrients-tarantula-liquid-250-ml\\\/#primaryimage\",\"url\":\"https:\\\/\\\/www.varygrow.com\\\/wp-content\\\/uploads\\\/sites\\\/19\\\/2026\\\/02\\\/Advanced-Nutrients-Tarantula-Liquid-1-l.jpg\",\"contentUrl\":\"https:\\\/\\\/www.varygrow.com\\\/wp-content\\\/uploads\\\/sites\\\/19\\\/2026\\\/02\\\/Advanced-Nutrients-Tarantula-Liquid-1-l.jpg\",\"width\":1000,\"height\":979,\"caption\":\"Advanced Nutrients Tarantula Liquid 500 ml\"},{\"@type\":\"BreadcrumbList\",\"@id\":\"https:\\\/\\\/www.varygrow.com\\\/cs\\\/eshop\\\/advanced-nutrients-tarantula-liquid-250-ml\\\/#breadcrumb\",\"itemListElement\":[{\"@type\":\"ListItem\",\"position\":1,\"name\":\"Dom\u016f\",\"item\":\"https:\\\/\\\/www.varygrow.com\\\/cs\\\/\"},{\"@type\":\"ListItem\",\"position\":2,\"name\":\"Eshop\",\"item\":\"https:\\\/\\\/www.varygrow.com\\\/cs\\\/eshop\\\/\"},{\"@type\":\"ListItem\",\"position\":3,\"name\":\"Advanced Nutrients Tarantula Liquid 250 ml\"}]},{\"@type\":\"WebSite\",\"@id\":\"https:\\\/\\\/www.varygrow.com\\\/cs\\\/#website\",\"url\":\"https:\\\/\\\/www.varygrow.com\\\/cs\\\/\",\"name\":\"VaryGrow\",\"description\":\"Udr\u017eiteln\u00e9 podnik\u00e1n\u00ed\",\"publisher\":{\"@id\":\"https:\\\/\\\/www.varygrow.com\\\/cs\\\/#organization\"},\"potentialAction\":[{\"@type\":\"SearchAction\",\"target\":{\"@type\":\"EntryPoint\",\"urlTemplate\":\"https:\\\/\\\/www.varygrow.com\\\/cs\\\/?s={search_term_string}\"},\"query-input\":{\"@type\":\"PropertyValueSpecification\",\"valueRequired\":true,\"valueName\":\"search_term_string\"}}],\"inLanguage\":\"cs\"},{\"@type\":\"Organization\",\"@id\":\"https:\\\/\\\/www.varygrow.com\\\/cs\\\/#organization\",\"name\":\"DAMARA s.r.o.\",\"url\":\"https:\\\/\\\/www.varygrow.com\\\/cs\\\/\",\"logo\":{\"@type\":\"ImageObject\",\"inLanguage\":\"cs\",\"@id\":\"https:\\\/\\\/www.varygrow.com\\\/cs\\\/#\\\/schema\\\/logo\\\/image\\\/\",\"url\":\"https:\\\/\\\/www.varygrow.com\\\/wp-content\\\/uploads\\\/sites\\\/19\\\/2023\\\/08\\\/Logo-Heureka-480x150-1.png\",\"contentUrl\":\"https:\\\/\\\/www.varygrow.com\\\/wp-content\\\/uploads\\\/sites\\\/19\\\/2023\\\/08\\\/Logo-Heureka-480x150-1.png\",\"width\":480,\"height\":150,\"caption\":\"DAMARA s.r.o.\"},\"image\":{\"@id\":\"https:\\\/\\\/www.varygrow.com\\\/cs\\\/#\\\/schema\\\/logo\\\/image\\\/\"},\"sameAs\":[\"https:\\\/\\\/facebook.com\\\/VaryGrow\"]}]}<\/script>\n<!-- \/ Yoast SEO plugin. -->","yoast_head_json":{"title":"Advanced Nutrients Tarantula Liquid 250 ml","description":"Exkluzivn\u00ed prosp\u011b\u0161n\u00e9 bakterie u Advanced Nutrients Tarantula uvol\u0148uj\u00ed p\u0159\u00edrodn\u00ed l\u00e1tky, kter\u00e9 podporuj\u00ed ni\u017e\u0161\u00ed ke\u0159\u00edkovit\u00fd, hust\u011bj\u0161\u00ed r\u016fst, extra kv\u011bty a dal\u0161\u00ed v\u011btven\u00ed.","robots":{"index":"index","follow":"follow","max-snippet":"max-snippet:-1","max-image-preview":"max-image-preview:large","max-video-preview":"max-video-preview:-1"},"canonical":"https:\/\/www.varygrow.com\/cs\/eshop\/advanced-nutrients-tarantula-liquid-250-ml\/","og_locale":"cs_CZ","og_type":"article","og_title":"Advanced Nutrients Tarantula Liquid 250 ml","og_description":"Exkluzivn\u00ed prosp\u011b\u0161n\u00e9 bakterie u Advanced Nutrients Tarantula uvol\u0148uj\u00ed p\u0159\u00edrodn\u00ed l\u00e1tky, kter\u00e9 podporuj\u00ed ni\u017e\u0161\u00ed ke\u0159\u00edkovit\u00fd, hust\u011bj\u0161\u00ed r\u016fst, extra kv\u011bty a dal\u0161\u00ed v\u011btven\u00ed.","og_url":"https:\/\/www.varygrow.com\/cs\/eshop\/advanced-nutrients-tarantula-liquid-250-ml\/","og_site_name":"VaryGrow","article_publisher":"https:\/\/facebook.com\/VaryGrow","article_modified_time":"2026-04-19T02:11:48+00:00","og_image":[{"width":1000,"height":979,"url":"https:\/\/www.varygrow.com\/wp-content\/uploads\/sites\/19\/2026\/02\/Advanced-Nutrients-Tarantula-Liquid-1-l.jpg","type":"image\/jpeg"}],"twitter_card":"summary_large_image","twitter_misc":{"Odhadovan\u00e1 doba \u010dten\u00ed":"1 minuta"},"schema":{"@context":"https:\/\/schema.org","@graph":[{"@type":"WebPage","@id":"https:\/\/www.varygrow.com\/cs\/eshop\/advanced-nutrients-tarantula-liquid-250-ml\/","url":"https:\/\/www.varygrow.com\/cs\/eshop\/advanced-nutrients-tarantula-liquid-250-ml\/","name":"Advanced Nutrients Tarantula Liquid 250 ml","isPartOf":{"@id":"https:\/\/www.varygrow.com\/cs\/#website"},"primaryImageOfPage":{"@id":"https:\/\/www.varygrow.com\/cs\/eshop\/advanced-nutrients-tarantula-liquid-250-ml\/#primaryimage"},"image":{"@id":"https:\/\/www.varygrow.com\/cs\/eshop\/advanced-nutrients-tarantula-liquid-250-ml\/#primaryimage"},"thumbnailUrl":"https:\/\/www.varygrow.com\/wp-content\/uploads\/sites\/19\/2026\/02\/Advanced-Nutrients-Tarantula-Liquid-1-l.jpg","datePublished":"2026-04-19T02:11:47+00:00","dateModified":"2026-04-19T02:11:48+00:00","description":"Exkluzivn\u00ed prosp\u011b\u0161n\u00e9 bakterie u Advanced Nutrients Tarantula uvol\u0148uj\u00ed p\u0159\u00edrodn\u00ed l\u00e1tky, kter\u00e9 podporuj\u00ed ni\u017e\u0161\u00ed ke\u0159\u00edkovit\u00fd, hust\u011bj\u0161\u00ed r\u016fst, extra kv\u011bty a dal\u0161\u00ed v\u011btven\u00ed.","breadcrumb":{"@id":"https:\/\/www.varygrow.com\/cs\/eshop\/advanced-nutrients-tarantula-liquid-250-ml\/#breadcrumb"},"inLanguage":"cs","potentialAction":[{"@type":"ReadAction","target":["https:\/\/www.varygrow.com\/cs\/eshop\/advanced-nutrients-tarantula-liquid-250-ml\/"]}]},{"@type":"ImageObject","inLanguage":"cs","@id":"https:\/\/www.varygrow.com\/cs\/eshop\/advanced-nutrients-tarantula-liquid-250-ml\/#primaryimage","url":"https:\/\/www.varygrow.com\/wp-content\/uploads\/sites\/19\/2026\/02\/Advanced-Nutrients-Tarantula-Liquid-1-l.jpg","contentUrl":"https:\/\/www.varygrow.com\/wp-content\/uploads\/sites\/19\/2026\/02\/Advanced-Nutrients-Tarantula-Liquid-1-l.jpg","width":1000,"height":979,"caption":"Advanced Nutrients Tarantula Liquid 500 ml"},{"@type":"BreadcrumbList","@id":"https:\/\/www.varygrow.com\/cs\/eshop\/advanced-nutrients-tarantula-liquid-250-ml\/#breadcrumb","itemListElement":[{"@type":"ListItem","position":1,"name":"Dom\u016f","item":"https:\/\/www.varygrow.com\/cs\/"},{"@type":"ListItem","position":2,"name":"Eshop","item":"https:\/\/www.varygrow.com\/cs\/eshop\/"},{"@type":"ListItem","position":3,"name":"Advanced Nutrients Tarantula Liquid 250 ml"}]},{"@type":"WebSite","@id":"https:\/\/www.varygrow.com\/cs\/#website","url":"https:\/\/www.varygrow.com\/cs\/","name":"VaryGrow","description":"Udr\u017eiteln\u00e9 podnik\u00e1n\u00ed","publisher":{"@id":"https:\/\/www.varygrow.com\/cs\/#organization"},"potentialAction":[{"@type":"SearchAction","target":{"@type":"EntryPoint","urlTemplate":"https:\/\/www.varygrow.com\/cs\/?s={search_term_string}"},"query-input":{"@type":"PropertyValueSpecification","valueRequired":true,"valueName":"search_term_string"}}],"inLanguage":"cs"},{"@type":"Organization","@id":"https:\/\/www.varygrow.com\/cs\/#organization","name":"DAMARA s.r.o.","url":"https:\/\/www.varygrow.com\/cs\/","logo":{"@type":"ImageObject","inLanguage":"cs","@id":"https:\/\/www.varygrow.com\/cs\/#\/schema\/logo\/image\/","url":"https:\/\/www.varygrow.com\/wp-content\/uploads\/sites\/19\/2023\/08\/Logo-Heureka-480x150-1.png","contentUrl":"https:\/\/www.varygrow.com\/wp-content\/uploads\/sites\/19\/2023\/08\/Logo-Heureka-480x150-1.png","width":480,"height":150,"caption":"DAMARA s.r.o."},"image":{"@id":"https:\/\/www.varygrow.com\/cs\/#\/schema\/logo\/image\/"},"sameAs":["https:\/\/facebook.com\/VaryGrow"]}]}},"brands":[{"id":5515,"name":"Advanced Nutrients","slug":"advanced-nutrients"}],"_links":{"self":[{"href":"https:\/\/www.varygrow.com\/cs\/wp-json\/wp\/v2\/product\/329548","targetHints":{"allow":["GET"]}}],"collection":[{"href":"https:\/\/www.varygrow.com\/cs\/wp-json\/wp\/v2\/product"}],"about":[{"href":"https:\/\/www.varygrow.com\/cs\/wp-json\/wp\/v2\/types\/product"}],"replies":[{"embeddable":true,"href":"https:\/\/www.varygrow.com\/cs\/wp-json\/wp\/v2\/comments?post=329548"}],"wp:featuredmedia":[{"embeddable":true,"href":"https:\/\/www.varygrow.com\/cs\/wp-json\/wp\/v2\/media\/319462"}],"wp:attachment":[{"href":"https:\/\/www.varygrow.com\/cs\/wp-json\/wp\/v2\/media?parent=329548"}],"wp:term":[{"taxonomy":"pwb-brand","embeddable":true,"href":"https:\/\/www.varygrow.com\/cs\/wp-json\/wp\/v2\/pwb-brand?post=329548"},{"taxonomy":"product_brand","embeddable":true,"href":"https:\/\/www.varygrow.com\/cs\/wp-json\/wp\/v2\/product_brand?post=329548"},{"taxonomy":"product_cat","embeddable":true,"href":"https:\/\/www.varygrow.com\/cs\/wp-json\/wp\/v2\/product_cat?post=329548"},{"taxonomy":"product_tag","embeddable":true,"href":"https:\/\/www.varygrow.com\/cs\/wp-json\/wp\/v2\/product_tag?post=329548"},{"taxonomy":"berocket_brand","embeddable":true,"href":"https:\/\/www.varygrow.com\/cs\/wp-json\/wp\/v2\/berocket_brand?post=329548"}],"curies":[{"name":"wp","href":"https:\/\/api.w.org\/{rel}","templated":true}]}}