{"id":329904,"date":"2026-04-16T04:01:39","date_gmt":"2026-04-16T02:01:39","guid":{"rendered":"https:\/\/www.varygrow.com\/eshop\/ona-misting-dome-green-osvezovac-vzduchu\/"},"modified":"2026-04-16T04:01:40","modified_gmt":"2026-04-16T02:01:40","slug":"ona-misting-dome-green-osvezovac-vzduchu","status":"publish","type":"product","link":"https:\/\/www.varygrow.com\/cs\/eshop\/ona-misting-dome-green-osvezovac-vzduchu\/","title":{"rendered":"ONA Misting Dome Green, osv\u011b\u017eova\u010d vzduchu"},"content":{"rendered":"<p>Vytvo\u0159te si relaxa\u010dn\u00ed atmosf\u00e9ru plnou p\u0159\u00edjemn\u00fdch v\u016fn\u00ed ONA pomoc\u00ed ONA Misting Dome. Tato neutraliza\u010dn\u00ed difuzn\u00ed jednotka zaji\u0161\u0165uje p\u0159irozenou eliminaci z\u00e1pachu t\u00edm, \u017ee pracuje na odstran\u011bn\u00ed nep\u0159\u00edjemn\u00fdch pach\u016f z okoln\u00edho vzduchu. Misting Dome pumpuje do vzduchu st\u00e1lou mlhu tekutiny ONA, kter\u00e1 bezpe\u010dn\u011b a p\u0159irozen\u011b odstran\u00ed v\u0161echny nep\u0159\u00edjemn\u00e9 pachy. Tento elektronick\u00fd neutraliz\u00e1tor z\u00e1pachu je k dispozici ve dvou barv\u00e1ch: B\u00edl\u00e1 a zelen\u00e1.<\/p>\n<p>Je lehk\u00fd a p\u0159enosn\u00fd, tak\u017ee ml\u017e\u00edc\u00ed kopuli m\u016f\u017eete snadno p\u0159en\u00e1\u0161et z m\u00edstnosti do m\u00edstnosti.<\/p>\n<li>Sv\u011btlo LED m\u011bn\u00edc\u00ed 7 barev.\n<\/li>\n<li>Zbavte se ka\u017edodenn\u00edho stresu.\n<\/li>\n<li>Tich\u00fd provoz: Pouze 35 dB p\u0159i chodu.\n<\/li>\n<li>Osv\u011b\u017euje vzduch a odstra\u0148uje ne\u017e\u00e1douc\u00ed pachy.\n<\/li>\n<li>Vysoce kvalitn\u00ed materi\u00e1l bez zne\u010di\u0161t\u011bn\u00ed.\n<\/li>\n<li>Odoln\u00fd proti korozi.\n<\/li>\n<li>K dispozici v b\u00edl\u00e9 nebo zelen\u00e9 barv\u011b.<\/li>\n","protected":false},"excerpt":{"rendered":"<p>Neutraliza\u010dn\u00ed difuzn\u00ed jednotka zaji\u0161\u0165uje p\u0159irozenou eliminaci z\u00e1pachu t\u00edm, \u017ee pracuje na odstran\u011bn\u00ed nep\u0159\u00edjemn\u00fdch pach\u016f z okoln\u00edho vzduchu.<\/p>\n","protected":false},"featured_media":329905,"comment_status":"open","ping_status":"open","template":"","meta":[],"pwb-brand":[5875],"product_brand":[],"product_cat":[10513,10657,10891,10895,10568],"product_tag":[15317,6376,6377,6379,6083],"berocket_brand":[106],"class_list":{"0":"post-329904","1":"product","2":"type-product","3":"status-publish","4":"has-post-thumbnail","6":"pwb-brand-ona","7":"product_cat-naarden","8":"product_cat-neutralizace-zapachu","9":"product_cat-ona","10":"product_cat-ona-prislusenstvi","11":"product_cat-vzduchotechnika","12":"product_tag-naarden","13":"product_tag-neutralizace-zapachu","14":"product_tag-ona","15":"product_tag-ona-prislusenstvi","16":"product_tag-vzduchotechnika","17":"pa_ean-11894","18":"berocket_brand-naarden","19":"sales-flash-overlay","20":"woocommerce-text-align-center","21":"woocommerce-image-align-center","22":"do-quantity-buttons","24":"first","25":"instock","26":"purchasable","27":"product-type-simple"},"yoast_head":"<!-- This site is optimized with the Yoast SEO plugin v27.4 - https:\/\/yoast.com\/product\/yoast-seo-wordpress\/ -->\n<title>ONA Misting Dome Green, osv\u011b\u017eova\u010d vzduchu<\/title>\n<meta name=\"description\" content=\"Neutraliza\u010dn\u00ed difuzn\u00ed jednotka zaji\u0161\u0165uje p\u0159irozenou eliminaci z\u00e1pachu t\u00edm, \u017ee pracuje na odstran\u011bn\u00ed nep\u0159\u00edjemn\u00fdch pach\u016f z okoln\u00edho vzduchu.\" \/>\n<meta name=\"robots\" content=\"index, follow, max-snippet:-1, max-image-preview:large, max-video-preview:-1\" \/>\n<link rel=\"canonical\" href=\"https:\/\/www.varygrow.com\/cs\/eshop\/ona-misting-dome-green-osvezovac-vzduchu\/\" \/>\n<meta property=\"og:locale\" content=\"cs_CZ\" \/>\n<meta property=\"og:type\" content=\"article\" \/>\n<meta property=\"og:title\" content=\"ONA Misting Dome Green, osv\u011b\u017eova\u010d vzduchu\" \/>\n<meta property=\"og:description\" content=\"Neutraliza\u010dn\u00ed difuzn\u00ed jednotka zaji\u0161\u0165uje p\u0159irozenou eliminaci z\u00e1pachu t\u00edm, \u017ee pracuje na odstran\u011bn\u00ed nep\u0159\u00edjemn\u00fdch pach\u016f z okoln\u00edho vzduchu.\" \/>\n<meta property=\"og:url\" content=\"https:\/\/www.varygrow.com\/cs\/eshop\/ona-misting-dome-green-osvezovac-vzduchu\/\" \/>\n<meta property=\"og:site_name\" content=\"VaryGrow\" \/>\n<meta property=\"article:publisher\" content=\"https:\/\/facebook.com\/VaryGrow\" \/>\n<meta property=\"article:modified_time\" content=\"2026-04-16T02:01:40+00:00\" \/>\n<meta property=\"og:image\" content=\"https:\/\/www.varygrow.com\/wp-content\/uploads\/sites\/19\/2026\/03\/ONA-Misting-Dome-Green-osvezovac-vzduchu.jpg\" \/>\n\t<meta property=\"og:image:width\" content=\"1000\" \/>\n\t<meta property=\"og:image:height\" content=\"1000\" \/>\n\t<meta property=\"og:image:type\" content=\"image\/jpeg\" \/>\n<meta name=\"twitter:card\" content=\"summary_large_image\" \/>\n<meta name=\"twitter:label1\" content=\"Odhadovan\u00e1 doba \u010dten\u00ed\" \/>\n\t<meta name=\"twitter:data1\" content=\"1 minuta\" \/>\n<script type=\"application\/ld+json\" class=\"yoast-schema-graph\">{\"@context\":\"https:\\\/\\\/schema.org\",\"@graph\":[{\"@type\":\"WebPage\",\"@id\":\"https:\\\/\\\/www.varygrow.com\\\/cs\\\/eshop\\\/ona-misting-dome-green-osvezovac-vzduchu\\\/\",\"url\":\"https:\\\/\\\/www.varygrow.com\\\/cs\\\/eshop\\\/ona-misting-dome-green-osvezovac-vzduchu\\\/\",\"name\":\"ONA Misting Dome Green, osv\u011b\u017eova\u010d vzduchu\",\"isPartOf\":{\"@id\":\"https:\\\/\\\/www.varygrow.com\\\/cs\\\/#website\"},\"primaryImageOfPage\":{\"@id\":\"https:\\\/\\\/www.varygrow.com\\\/cs\\\/eshop\\\/ona-misting-dome-green-osvezovac-vzduchu\\\/#primaryimage\"},\"image\":{\"@id\":\"https:\\\/\\\/www.varygrow.com\\\/cs\\\/eshop\\\/ona-misting-dome-green-osvezovac-vzduchu\\\/#primaryimage\"},\"thumbnailUrl\":\"https:\\\/\\\/www.varygrow.com\\\/wp-content\\\/uploads\\\/sites\\\/19\\\/2026\\\/03\\\/ONA-Misting-Dome-Green-osvezovac-vzduchu.jpg\",\"datePublished\":\"2026-04-16T02:01:39+00:00\",\"dateModified\":\"2026-04-16T02:01:40+00:00\",\"description\":\"Neutraliza\u010dn\u00ed difuzn\u00ed jednotka zaji\u0161\u0165uje p\u0159irozenou eliminaci z\u00e1pachu t\u00edm, \u017ee pracuje na odstran\u011bn\u00ed nep\u0159\u00edjemn\u00fdch pach\u016f z okoln\u00edho vzduchu.\",\"breadcrumb\":{\"@id\":\"https:\\\/\\\/www.varygrow.com\\\/cs\\\/eshop\\\/ona-misting-dome-green-osvezovac-vzduchu\\\/#breadcrumb\"},\"inLanguage\":\"cs\",\"potentialAction\":[{\"@type\":\"ReadAction\",\"target\":[\"https:\\\/\\\/www.varygrow.com\\\/cs\\\/eshop\\\/ona-misting-dome-green-osvezovac-vzduchu\\\/\"]}]},{\"@type\":\"ImageObject\",\"inLanguage\":\"cs\",\"@id\":\"https:\\\/\\\/www.varygrow.com\\\/cs\\\/eshop\\\/ona-misting-dome-green-osvezovac-vzduchu\\\/#primaryimage\",\"url\":\"https:\\\/\\\/www.varygrow.com\\\/wp-content\\\/uploads\\\/sites\\\/19\\\/2026\\\/03\\\/ONA-Misting-Dome-Green-osvezovac-vzduchu.jpg\",\"contentUrl\":\"https:\\\/\\\/www.varygrow.com\\\/wp-content\\\/uploads\\\/sites\\\/19\\\/2026\\\/03\\\/ONA-Misting-Dome-Green-osvezovac-vzduchu.jpg\",\"width\":1000,\"height\":1000,\"caption\":\"ONA Misting Dome Green\"},{\"@type\":\"BreadcrumbList\",\"@id\":\"https:\\\/\\\/www.varygrow.com\\\/cs\\\/eshop\\\/ona-misting-dome-green-osvezovac-vzduchu\\\/#breadcrumb\",\"itemListElement\":[{\"@type\":\"ListItem\",\"position\":1,\"name\":\"Dom\u016f\",\"item\":\"https:\\\/\\\/www.varygrow.com\\\/cs\\\/\"},{\"@type\":\"ListItem\",\"position\":2,\"name\":\"Eshop\",\"item\":\"https:\\\/\\\/www.varygrow.com\\\/cs\\\/eshop\\\/\"},{\"@type\":\"ListItem\",\"position\":3,\"name\":\"ONA Misting Dome Green, osv\u011b\u017eova\u010d vzduchu\"}]},{\"@type\":\"WebSite\",\"@id\":\"https:\\\/\\\/www.varygrow.com\\\/cs\\\/#website\",\"url\":\"https:\\\/\\\/www.varygrow.com\\\/cs\\\/\",\"name\":\"VaryGrow\",\"description\":\"Udr\u017eiteln\u00e9 podnik\u00e1n\u00ed\",\"publisher\":{\"@id\":\"https:\\\/\\\/www.varygrow.com\\\/cs\\\/#organization\"},\"potentialAction\":[{\"@type\":\"SearchAction\",\"target\":{\"@type\":\"EntryPoint\",\"urlTemplate\":\"https:\\\/\\\/www.varygrow.com\\\/cs\\\/?s={search_term_string}\"},\"query-input\":{\"@type\":\"PropertyValueSpecification\",\"valueRequired\":true,\"valueName\":\"search_term_string\"}}],\"inLanguage\":\"cs\"},{\"@type\":\"Organization\",\"@id\":\"https:\\\/\\\/www.varygrow.com\\\/cs\\\/#organization\",\"name\":\"DAMARA s.r.o.\",\"url\":\"https:\\\/\\\/www.varygrow.com\\\/cs\\\/\",\"logo\":{\"@type\":\"ImageObject\",\"inLanguage\":\"cs\",\"@id\":\"https:\\\/\\\/www.varygrow.com\\\/cs\\\/#\\\/schema\\\/logo\\\/image\\\/\",\"url\":\"https:\\\/\\\/www.varygrow.com\\\/wp-content\\\/uploads\\\/sites\\\/19\\\/2023\\\/08\\\/Logo-Heureka-480x150-1.png\",\"contentUrl\":\"https:\\\/\\\/www.varygrow.com\\\/wp-content\\\/uploads\\\/sites\\\/19\\\/2023\\\/08\\\/Logo-Heureka-480x150-1.png\",\"width\":480,\"height\":150,\"caption\":\"DAMARA s.r.o.\"},\"image\":{\"@id\":\"https:\\\/\\\/www.varygrow.com\\\/cs\\\/#\\\/schema\\\/logo\\\/image\\\/\"},\"sameAs\":[\"https:\\\/\\\/facebook.com\\\/VaryGrow\"]}]}<\/script>\n<!-- \/ Yoast SEO plugin. -->","yoast_head_json":{"title":"ONA Misting Dome Green, osv\u011b\u017eova\u010d vzduchu","description":"Neutraliza\u010dn\u00ed difuzn\u00ed jednotka zaji\u0161\u0165uje p\u0159irozenou eliminaci z\u00e1pachu t\u00edm, \u017ee pracuje na odstran\u011bn\u00ed nep\u0159\u00edjemn\u00fdch pach\u016f z okoln\u00edho vzduchu.","robots":{"index":"index","follow":"follow","max-snippet":"max-snippet:-1","max-image-preview":"max-image-preview:large","max-video-preview":"max-video-preview:-1"},"canonical":"https:\/\/www.varygrow.com\/cs\/eshop\/ona-misting-dome-green-osvezovac-vzduchu\/","og_locale":"cs_CZ","og_type":"article","og_title":"ONA Misting Dome Green, osv\u011b\u017eova\u010d vzduchu","og_description":"Neutraliza\u010dn\u00ed difuzn\u00ed jednotka zaji\u0161\u0165uje p\u0159irozenou eliminaci z\u00e1pachu t\u00edm, \u017ee pracuje na odstran\u011bn\u00ed nep\u0159\u00edjemn\u00fdch pach\u016f z okoln\u00edho vzduchu.","og_url":"https:\/\/www.varygrow.com\/cs\/eshop\/ona-misting-dome-green-osvezovac-vzduchu\/","og_site_name":"VaryGrow","article_publisher":"https:\/\/facebook.com\/VaryGrow","article_modified_time":"2026-04-16T02:01:40+00:00","og_image":[{"width":1000,"height":1000,"url":"https:\/\/www.varygrow.com\/wp-content\/uploads\/sites\/19\/2026\/03\/ONA-Misting-Dome-Green-osvezovac-vzduchu.jpg","type":"image\/jpeg"}],"twitter_card":"summary_large_image","twitter_misc":{"Odhadovan\u00e1 doba \u010dten\u00ed":"1 minuta"},"schema":{"@context":"https:\/\/schema.org","@graph":[{"@type":"WebPage","@id":"https:\/\/www.varygrow.com\/cs\/eshop\/ona-misting-dome-green-osvezovac-vzduchu\/","url":"https:\/\/www.varygrow.com\/cs\/eshop\/ona-misting-dome-green-osvezovac-vzduchu\/","name":"ONA Misting Dome Green, osv\u011b\u017eova\u010d vzduchu","isPartOf":{"@id":"https:\/\/www.varygrow.com\/cs\/#website"},"primaryImageOfPage":{"@id":"https:\/\/www.varygrow.com\/cs\/eshop\/ona-misting-dome-green-osvezovac-vzduchu\/#primaryimage"},"image":{"@id":"https:\/\/www.varygrow.com\/cs\/eshop\/ona-misting-dome-green-osvezovac-vzduchu\/#primaryimage"},"thumbnailUrl":"https:\/\/www.varygrow.com\/wp-content\/uploads\/sites\/19\/2026\/03\/ONA-Misting-Dome-Green-osvezovac-vzduchu.jpg","datePublished":"2026-04-16T02:01:39+00:00","dateModified":"2026-04-16T02:01:40+00:00","description":"Neutraliza\u010dn\u00ed difuzn\u00ed jednotka zaji\u0161\u0165uje p\u0159irozenou eliminaci z\u00e1pachu t\u00edm, \u017ee pracuje na odstran\u011bn\u00ed nep\u0159\u00edjemn\u00fdch pach\u016f z okoln\u00edho vzduchu.","breadcrumb":{"@id":"https:\/\/www.varygrow.com\/cs\/eshop\/ona-misting-dome-green-osvezovac-vzduchu\/#breadcrumb"},"inLanguage":"cs","potentialAction":[{"@type":"ReadAction","target":["https:\/\/www.varygrow.com\/cs\/eshop\/ona-misting-dome-green-osvezovac-vzduchu\/"]}]},{"@type":"ImageObject","inLanguage":"cs","@id":"https:\/\/www.varygrow.com\/cs\/eshop\/ona-misting-dome-green-osvezovac-vzduchu\/#primaryimage","url":"https:\/\/www.varygrow.com\/wp-content\/uploads\/sites\/19\/2026\/03\/ONA-Misting-Dome-Green-osvezovac-vzduchu.jpg","contentUrl":"https:\/\/www.varygrow.com\/wp-content\/uploads\/sites\/19\/2026\/03\/ONA-Misting-Dome-Green-osvezovac-vzduchu.jpg","width":1000,"height":1000,"caption":"ONA Misting Dome Green"},{"@type":"BreadcrumbList","@id":"https:\/\/www.varygrow.com\/cs\/eshop\/ona-misting-dome-green-osvezovac-vzduchu\/#breadcrumb","itemListElement":[{"@type":"ListItem","position":1,"name":"Dom\u016f","item":"https:\/\/www.varygrow.com\/cs\/"},{"@type":"ListItem","position":2,"name":"Eshop","item":"https:\/\/www.varygrow.com\/cs\/eshop\/"},{"@type":"ListItem","position":3,"name":"ONA Misting Dome Green, osv\u011b\u017eova\u010d vzduchu"}]},{"@type":"WebSite","@id":"https:\/\/www.varygrow.com\/cs\/#website","url":"https:\/\/www.varygrow.com\/cs\/","name":"VaryGrow","description":"Udr\u017eiteln\u00e9 podnik\u00e1n\u00ed","publisher":{"@id":"https:\/\/www.varygrow.com\/cs\/#organization"},"potentialAction":[{"@type":"SearchAction","target":{"@type":"EntryPoint","urlTemplate":"https:\/\/www.varygrow.com\/cs\/?s={search_term_string}"},"query-input":{"@type":"PropertyValueSpecification","valueRequired":true,"valueName":"search_term_string"}}],"inLanguage":"cs"},{"@type":"Organization","@id":"https:\/\/www.varygrow.com\/cs\/#organization","name":"DAMARA s.r.o.","url":"https:\/\/www.varygrow.com\/cs\/","logo":{"@type":"ImageObject","inLanguage":"cs","@id":"https:\/\/www.varygrow.com\/cs\/#\/schema\/logo\/image\/","url":"https:\/\/www.varygrow.com\/wp-content\/uploads\/sites\/19\/2023\/08\/Logo-Heureka-480x150-1.png","contentUrl":"https:\/\/www.varygrow.com\/wp-content\/uploads\/sites\/19\/2023\/08\/Logo-Heureka-480x150-1.png","width":480,"height":150,"caption":"DAMARA s.r.o."},"image":{"@id":"https:\/\/www.varygrow.com\/cs\/#\/schema\/logo\/image\/"},"sameAs":["https:\/\/facebook.com\/VaryGrow"]}]}},"brands":[{"id":5875,"name":"ONA","slug":"ona"}],"_links":{"self":[{"href":"https:\/\/www.varygrow.com\/cs\/wp-json\/wp\/v2\/product\/329904","targetHints":{"allow":["GET"]}}],"collection":[{"href":"https:\/\/www.varygrow.com\/cs\/wp-json\/wp\/v2\/product"}],"about":[{"href":"https:\/\/www.varygrow.com\/cs\/wp-json\/wp\/v2\/types\/product"}],"replies":[{"embeddable":true,"href":"https:\/\/www.varygrow.com\/cs\/wp-json\/wp\/v2\/comments?post=329904"}],"wp:featuredmedia":[{"embeddable":true,"href":"https:\/\/www.varygrow.com\/cs\/wp-json\/wp\/v2\/media\/329905"}],"wp:attachment":[{"href":"https:\/\/www.varygrow.com\/cs\/wp-json\/wp\/v2\/media?parent=329904"}],"wp:term":[{"taxonomy":"pwb-brand","embeddable":true,"href":"https:\/\/www.varygrow.com\/cs\/wp-json\/wp\/v2\/pwb-brand?post=329904"},{"taxonomy":"product_brand","embeddable":true,"href":"https:\/\/www.varygrow.com\/cs\/wp-json\/wp\/v2\/product_brand?post=329904"},{"taxonomy":"product_cat","embeddable":true,"href":"https:\/\/www.varygrow.com\/cs\/wp-json\/wp\/v2\/product_cat?post=329904"},{"taxonomy":"product_tag","embeddable":true,"href":"https:\/\/www.varygrow.com\/cs\/wp-json\/wp\/v2\/product_tag?post=329904"},{"taxonomy":"berocket_brand","embeddable":true,"href":"https:\/\/www.varygrow.com\/cs\/wp-json\/wp\/v2\/berocket_brand?post=329904"}],"curies":[{"name":"wp","href":"https:\/\/api.w.org\/{rel}","templated":true}]}}