{"id":330974,"date":"2026-04-18T04:03:07","date_gmt":"2026-04-18T02:03:07","guid":{"rendered":"https:\/\/www.varygrow.com\/eshop\/trolmaster-aero-fan-inline-ventilator-315-mm-2005-m3-h-v-12\/"},"modified":"2026-04-18T04:03:08","modified_gmt":"2026-04-18T02:03:08","slug":"trolmaster-aero-fan-inline-ventilator-315-mm-2005-m3-h-v-12","status":"publish","type":"product","link":"https:\/\/www.varygrow.com\/cs\/eshop\/trolmaster-aero-fan-inline-ventilator-315-mm-2005-m3-h-v-12\/","title":{"rendered":"Trolmaster Aero-fan Inline ventil\u00e1tor 315 mm &#8211; 2005 m3\/h (V-12)"},"content":{"rendered":"<p>Inline ventil\u00e1tor do potrub\u00ed Trolmaster Aero-fan o pr\u016fm\u011bru 315 mm je kompaktn\u00ed a \u00fa\u010dinn\u00fd ventil\u00e1tor, kter\u00fd pom\u00e1h\u00e1 zlep\u0161it cirkulaci vzduchu a v\u011btr\u00e1n\u00ed vnit\u0159n\u00edch prostor. D\u00edky v\u00fdkonn\u00e9mu motoru p\u0159emis\u0165uje zna\u010dn\u00fd objem vzduchu, odstra\u0148uje vyd\u00fdchan\u00fd vzduch a vlhkost. Jeho univerz\u00e1ln\u00ed konstrukce umo\u017e\u0148uje snadnou instalaci do r\u016fzn\u00fdch potrubn\u00edch syst\u00e9m\u016f a zaji\u0161\u0165uje sv\u011b\u017e\u00ed a p\u0159\u00edjemn\u00e9 prost\u0159ed\u00ed. Tento ventil\u00e1tor se dod\u00e1v\u00e1 v\u010detn\u011b zabudovan\u00e9ho kabelu. Hod\u00ed se pro indoor p\u011bstov\u00e1n\u00ed a p\u0159edstavuje spolehliv\u00e9 \u0159e\u0161en\u00ed pro udr\u017een\u00ed optim\u00e1ln\u00ed kvality vzduchu v p\u011bstebn\u00ed m\u00edstnosti.<\/p>\n<li>Provozn\u00ed nap\u011bt\u00ed: 100-277 VAC, 50\/60 Hz<\/li>\n<li>Jmenovit\u00fd proud: max. 2.6 A<\/li>\n<li>Jmenovit\u00fd p\u0159\u00edkon: 268W Max.<\/li>\n<li>Po\u010det lopatek: 8<\/li>\n<li>Max. pr\u016ftok vzduchu: 2005 m3\/h<\/li>\n<li>Max. statick\u00fd tlak vzduchu: 779 Pa<\/li>\n<li>Sm\u011br ot\u00e1\u010den\u00ed: CCW<\/li>\n<li>Provozn\u00ed teplota: -15 a\u017e 60\u00b0 C<\/li>\n<li>St\u0159edn\u00ed doba do selh\u00e1n\u00ed (MTTF): 50000H (25\u00b0C)<\/li>\n<li>IP Rating: IP44<\/li>\n<li>Rozm\u011bry: 45x36x31 cm<\/li>\n<li>\u010cist\u00e1 hmotnost: 8 kg<\/li>\n","protected":false},"excerpt":{"rendered":"<p>Inline ventil\u00e1tor do potrub\u00ed Trolmaster Aero-fan o pr\u016fm\u011bru 315 mm s max. v\u00fdkonem 2005 m3\/h je kompaktn\u00ed a \u00fa\u010dinn\u00fd ventil\u00e1tor, kter\u00fd pom\u00e1h\u00e1 zlep\u0161it cirkulaci vzduchu a v\u011btr\u00e1n\u00ed vnit\u0159n\u00edch prostor.<\/p>\n","protected":false},"featured_media":330975,"comment_status":"open","ping_status":"open","template":"","meta":[],"pwb-brand":[6025],"product_brand":[],"product_cat":[10513,14357,10569,10568],"product_tag":[15317,14358,6084,6083],"berocket_brand":[106],"class_list":{"0":"post-330974","1":"product","2":"type-product","3":"status-publish","4":"has-post-thumbnail","6":"pwb-brand-trolmaster","7":"product_cat-naarden","8":"product_cat-ventilatory-aero-fan-trolmaster","9":"product_cat-ventilatory-odtahove","10":"product_cat-vzduchotechnika","11":"product_tag-naarden","12":"product_tag-ventilatory-aero-fan-trolmaster","13":"product_tag-ventilatory-odtahove","14":"product_tag-vzduchotechnika","15":"berocket_brand-naarden","16":"sales-flash-overlay","17":"woocommerce-text-align-center","18":"woocommerce-image-align-center","19":"do-quantity-buttons","21":"first","22":"instock","23":"purchasable","24":"product-type-simple"},"yoast_head":"<!-- This site is optimized with the Yoast SEO plugin v27.4 - https:\/\/yoast.com\/product\/yoast-seo-wordpress\/ -->\n<title>Trolmaster Aero-fan Inline ventil\u00e1tor 315 mm - 2005 m3\/h (V-12)<\/title>\n<meta name=\"description\" content=\"Inline ventil\u00e1tor do potrub\u00ed Trolmaster Aero-fan o pr\u016fm\u011bru 315 mm s max. v\u00fdkonem 2005 m3\/h je kompaktn\u00ed a \u00fa\u010dinn\u00fd ventil\u00e1tor, kter\u00fd pom\u00e1h\u00e1 zlep\u0161it cirkulaci vzduchu a v\u011btr\u00e1n\u00ed vnit\u0159n\u00edch prostor.\" \/>\n<meta name=\"robots\" content=\"index, follow, max-snippet:-1, max-image-preview:large, max-video-preview:-1\" \/>\n<link rel=\"canonical\" href=\"https:\/\/www.varygrow.com\/cs\/eshop\/trolmaster-aero-fan-inline-ventilator-315-mm-2005-m3-h-v-12\/\" \/>\n<meta property=\"og:locale\" content=\"cs_CZ\" \/>\n<meta property=\"og:type\" content=\"article\" \/>\n<meta property=\"og:title\" content=\"Trolmaster Aero-fan Inline ventil\u00e1tor 315 mm - 2005 m3\/h (V-12)\" \/>\n<meta property=\"og:description\" content=\"Inline ventil\u00e1tor do potrub\u00ed Trolmaster Aero-fan o pr\u016fm\u011bru 315 mm s max. v\u00fdkonem 2005 m3\/h je kompaktn\u00ed a \u00fa\u010dinn\u00fd ventil\u00e1tor, kter\u00fd pom\u00e1h\u00e1 zlep\u0161it cirkulaci vzduchu a v\u011btr\u00e1n\u00ed vnit\u0159n\u00edch prostor.\" \/>\n<meta property=\"og:url\" content=\"https:\/\/www.varygrow.com\/cs\/eshop\/trolmaster-aero-fan-inline-ventilator-315-mm-2005-m3-h-v-12\/\" \/>\n<meta property=\"og:site_name\" content=\"VaryGrow\" \/>\n<meta property=\"article:publisher\" content=\"https:\/\/facebook.com\/VaryGrow\" \/>\n<meta property=\"article:modified_time\" content=\"2026-04-18T02:03:08+00:00\" \/>\n<meta property=\"og:image\" content=\"https:\/\/www.varygrow.com\/wp-content\/uploads\/sites\/19\/2026\/04\/Trolmaster-Aero-fan-Inline-ventilator-315-mm-2005-m3h-V-12.jpg\" \/>\n\t<meta property=\"og:image:width\" content=\"1000\" \/>\n\t<meta property=\"og:image:height\" content=\"1000\" \/>\n\t<meta property=\"og:image:type\" content=\"image\/jpeg\" \/>\n<meta name=\"twitter:card\" content=\"summary_large_image\" \/>\n<meta name=\"twitter:label1\" content=\"Odhadovan\u00e1 doba \u010dten\u00ed\" \/>\n\t<meta name=\"twitter:data1\" content=\"1 minuta\" \/>\n<script type=\"application\/ld+json\" class=\"yoast-schema-graph\">{\"@context\":\"https:\\\/\\\/schema.org\",\"@graph\":[{\"@type\":\"WebPage\",\"@id\":\"https:\\\/\\\/www.varygrow.com\\\/cs\\\/eshop\\\/trolmaster-aero-fan-inline-ventilator-315-mm-2005-m3-h-v-12\\\/\",\"url\":\"https:\\\/\\\/www.varygrow.com\\\/cs\\\/eshop\\\/trolmaster-aero-fan-inline-ventilator-315-mm-2005-m3-h-v-12\\\/\",\"name\":\"Trolmaster Aero-fan Inline ventil\u00e1tor 315 mm - 2005 m3\\\/h (V-12)\",\"isPartOf\":{\"@id\":\"https:\\\/\\\/www.varygrow.com\\\/cs\\\/#website\"},\"primaryImageOfPage\":{\"@id\":\"https:\\\/\\\/www.varygrow.com\\\/cs\\\/eshop\\\/trolmaster-aero-fan-inline-ventilator-315-mm-2005-m3-h-v-12\\\/#primaryimage\"},\"image\":{\"@id\":\"https:\\\/\\\/www.varygrow.com\\\/cs\\\/eshop\\\/trolmaster-aero-fan-inline-ventilator-315-mm-2005-m3-h-v-12\\\/#primaryimage\"},\"thumbnailUrl\":\"https:\\\/\\\/www.varygrow.com\\\/wp-content\\\/uploads\\\/sites\\\/19\\\/2026\\\/04\\\/Trolmaster-Aero-fan-Inline-ventilator-315-mm-2005-m3h-V-12.jpg\",\"datePublished\":\"2026-04-18T02:03:07+00:00\",\"dateModified\":\"2026-04-18T02:03:08+00:00\",\"description\":\"Inline ventil\u00e1tor do potrub\u00ed Trolmaster Aero-fan o pr\u016fm\u011bru 315 mm s max. v\u00fdkonem 2005 m3\\\/h je kompaktn\u00ed a \u00fa\u010dinn\u00fd ventil\u00e1tor, kter\u00fd pom\u00e1h\u00e1 zlep\u0161it cirkulaci vzduchu a v\u011btr\u00e1n\u00ed vnit\u0159n\u00edch prostor.\",\"breadcrumb\":{\"@id\":\"https:\\\/\\\/www.varygrow.com\\\/cs\\\/eshop\\\/trolmaster-aero-fan-inline-ventilator-315-mm-2005-m3-h-v-12\\\/#breadcrumb\"},\"inLanguage\":\"cs\",\"potentialAction\":[{\"@type\":\"ReadAction\",\"target\":[\"https:\\\/\\\/www.varygrow.com\\\/cs\\\/eshop\\\/trolmaster-aero-fan-inline-ventilator-315-mm-2005-m3-h-v-12\\\/\"]}]},{\"@type\":\"ImageObject\",\"inLanguage\":\"cs\",\"@id\":\"https:\\\/\\\/www.varygrow.com\\\/cs\\\/eshop\\\/trolmaster-aero-fan-inline-ventilator-315-mm-2005-m3-h-v-12\\\/#primaryimage\",\"url\":\"https:\\\/\\\/www.varygrow.com\\\/wp-content\\\/uploads\\\/sites\\\/19\\\/2026\\\/04\\\/Trolmaster-Aero-fan-Inline-ventilator-315-mm-2005-m3h-V-12.jpg\",\"contentUrl\":\"https:\\\/\\\/www.varygrow.com\\\/wp-content\\\/uploads\\\/sites\\\/19\\\/2026\\\/04\\\/Trolmaster-Aero-fan-Inline-ventilator-315-mm-2005-m3h-V-12.jpg\",\"width\":1000,\"height\":1000,\"caption\":\"Trolmaster Aero-fan Inline ventil\u00e1tor 315 mm - 2005 m3\\\/h (V-12)\"},{\"@type\":\"BreadcrumbList\",\"@id\":\"https:\\\/\\\/www.varygrow.com\\\/cs\\\/eshop\\\/trolmaster-aero-fan-inline-ventilator-315-mm-2005-m3-h-v-12\\\/#breadcrumb\",\"itemListElement\":[{\"@type\":\"ListItem\",\"position\":1,\"name\":\"Dom\u016f\",\"item\":\"https:\\\/\\\/www.varygrow.com\\\/cs\\\/\"},{\"@type\":\"ListItem\",\"position\":2,\"name\":\"Eshop\",\"item\":\"https:\\\/\\\/www.varygrow.com\\\/cs\\\/eshop\\\/\"},{\"@type\":\"ListItem\",\"position\":3,\"name\":\"Trolmaster Aero-fan Inline ventil\u00e1tor 315 mm &#8211; 2005 m3\\\/h (V-12)\"}]},{\"@type\":\"WebSite\",\"@id\":\"https:\\\/\\\/www.varygrow.com\\\/cs\\\/#website\",\"url\":\"https:\\\/\\\/www.varygrow.com\\\/cs\\\/\",\"name\":\"VaryGrow\",\"description\":\"Udr\u017eiteln\u00e9 podnik\u00e1n\u00ed\",\"publisher\":{\"@id\":\"https:\\\/\\\/www.varygrow.com\\\/cs\\\/#organization\"},\"potentialAction\":[{\"@type\":\"SearchAction\",\"target\":{\"@type\":\"EntryPoint\",\"urlTemplate\":\"https:\\\/\\\/www.varygrow.com\\\/cs\\\/?s={search_term_string}\"},\"query-input\":{\"@type\":\"PropertyValueSpecification\",\"valueRequired\":true,\"valueName\":\"search_term_string\"}}],\"inLanguage\":\"cs\"},{\"@type\":\"Organization\",\"@id\":\"https:\\\/\\\/www.varygrow.com\\\/cs\\\/#organization\",\"name\":\"DAMARA s.r.o.\",\"url\":\"https:\\\/\\\/www.varygrow.com\\\/cs\\\/\",\"logo\":{\"@type\":\"ImageObject\",\"inLanguage\":\"cs\",\"@id\":\"https:\\\/\\\/www.varygrow.com\\\/cs\\\/#\\\/schema\\\/logo\\\/image\\\/\",\"url\":\"https:\\\/\\\/www.varygrow.com\\\/wp-content\\\/uploads\\\/sites\\\/19\\\/2023\\\/08\\\/Logo-Heureka-480x150-1.png\",\"contentUrl\":\"https:\\\/\\\/www.varygrow.com\\\/wp-content\\\/uploads\\\/sites\\\/19\\\/2023\\\/08\\\/Logo-Heureka-480x150-1.png\",\"width\":480,\"height\":150,\"caption\":\"DAMARA s.r.o.\"},\"image\":{\"@id\":\"https:\\\/\\\/www.varygrow.com\\\/cs\\\/#\\\/schema\\\/logo\\\/image\\\/\"},\"sameAs\":[\"https:\\\/\\\/facebook.com\\\/VaryGrow\"]}]}<\/script>\n<!-- \/ Yoast SEO plugin. -->","yoast_head_json":{"title":"Trolmaster Aero-fan Inline ventil\u00e1tor 315 mm - 2005 m3\/h (V-12)","description":"Inline ventil\u00e1tor do potrub\u00ed Trolmaster Aero-fan o pr\u016fm\u011bru 315 mm s max. v\u00fdkonem 2005 m3\/h je kompaktn\u00ed a \u00fa\u010dinn\u00fd ventil\u00e1tor, kter\u00fd pom\u00e1h\u00e1 zlep\u0161it cirkulaci vzduchu a v\u011btr\u00e1n\u00ed vnit\u0159n\u00edch prostor.","robots":{"index":"index","follow":"follow","max-snippet":"max-snippet:-1","max-image-preview":"max-image-preview:large","max-video-preview":"max-video-preview:-1"},"canonical":"https:\/\/www.varygrow.com\/cs\/eshop\/trolmaster-aero-fan-inline-ventilator-315-mm-2005-m3-h-v-12\/","og_locale":"cs_CZ","og_type":"article","og_title":"Trolmaster Aero-fan Inline ventil\u00e1tor 315 mm - 2005 m3\/h (V-12)","og_description":"Inline ventil\u00e1tor do potrub\u00ed Trolmaster Aero-fan o pr\u016fm\u011bru 315 mm s max. v\u00fdkonem 2005 m3\/h je kompaktn\u00ed a \u00fa\u010dinn\u00fd ventil\u00e1tor, kter\u00fd pom\u00e1h\u00e1 zlep\u0161it cirkulaci vzduchu a v\u011btr\u00e1n\u00ed vnit\u0159n\u00edch prostor.","og_url":"https:\/\/www.varygrow.com\/cs\/eshop\/trolmaster-aero-fan-inline-ventilator-315-mm-2005-m3-h-v-12\/","og_site_name":"VaryGrow","article_publisher":"https:\/\/facebook.com\/VaryGrow","article_modified_time":"2026-04-18T02:03:08+00:00","og_image":[{"width":1000,"height":1000,"url":"https:\/\/www.varygrow.com\/wp-content\/uploads\/sites\/19\/2026\/04\/Trolmaster-Aero-fan-Inline-ventilator-315-mm-2005-m3h-V-12.jpg","type":"image\/jpeg"}],"twitter_card":"summary_large_image","twitter_misc":{"Odhadovan\u00e1 doba \u010dten\u00ed":"1 minuta"},"schema":{"@context":"https:\/\/schema.org","@graph":[{"@type":"WebPage","@id":"https:\/\/www.varygrow.com\/cs\/eshop\/trolmaster-aero-fan-inline-ventilator-315-mm-2005-m3-h-v-12\/","url":"https:\/\/www.varygrow.com\/cs\/eshop\/trolmaster-aero-fan-inline-ventilator-315-mm-2005-m3-h-v-12\/","name":"Trolmaster Aero-fan Inline ventil\u00e1tor 315 mm - 2005 m3\/h (V-12)","isPartOf":{"@id":"https:\/\/www.varygrow.com\/cs\/#website"},"primaryImageOfPage":{"@id":"https:\/\/www.varygrow.com\/cs\/eshop\/trolmaster-aero-fan-inline-ventilator-315-mm-2005-m3-h-v-12\/#primaryimage"},"image":{"@id":"https:\/\/www.varygrow.com\/cs\/eshop\/trolmaster-aero-fan-inline-ventilator-315-mm-2005-m3-h-v-12\/#primaryimage"},"thumbnailUrl":"https:\/\/www.varygrow.com\/wp-content\/uploads\/sites\/19\/2026\/04\/Trolmaster-Aero-fan-Inline-ventilator-315-mm-2005-m3h-V-12.jpg","datePublished":"2026-04-18T02:03:07+00:00","dateModified":"2026-04-18T02:03:08+00:00","description":"Inline ventil\u00e1tor do potrub\u00ed Trolmaster Aero-fan o pr\u016fm\u011bru 315 mm s max. v\u00fdkonem 2005 m3\/h je kompaktn\u00ed a \u00fa\u010dinn\u00fd ventil\u00e1tor, kter\u00fd pom\u00e1h\u00e1 zlep\u0161it cirkulaci vzduchu a v\u011btr\u00e1n\u00ed vnit\u0159n\u00edch prostor.","breadcrumb":{"@id":"https:\/\/www.varygrow.com\/cs\/eshop\/trolmaster-aero-fan-inline-ventilator-315-mm-2005-m3-h-v-12\/#breadcrumb"},"inLanguage":"cs","potentialAction":[{"@type":"ReadAction","target":["https:\/\/www.varygrow.com\/cs\/eshop\/trolmaster-aero-fan-inline-ventilator-315-mm-2005-m3-h-v-12\/"]}]},{"@type":"ImageObject","inLanguage":"cs","@id":"https:\/\/www.varygrow.com\/cs\/eshop\/trolmaster-aero-fan-inline-ventilator-315-mm-2005-m3-h-v-12\/#primaryimage","url":"https:\/\/www.varygrow.com\/wp-content\/uploads\/sites\/19\/2026\/04\/Trolmaster-Aero-fan-Inline-ventilator-315-mm-2005-m3h-V-12.jpg","contentUrl":"https:\/\/www.varygrow.com\/wp-content\/uploads\/sites\/19\/2026\/04\/Trolmaster-Aero-fan-Inline-ventilator-315-mm-2005-m3h-V-12.jpg","width":1000,"height":1000,"caption":"Trolmaster Aero-fan Inline ventil\u00e1tor 315 mm - 2005 m3\/h (V-12)"},{"@type":"BreadcrumbList","@id":"https:\/\/www.varygrow.com\/cs\/eshop\/trolmaster-aero-fan-inline-ventilator-315-mm-2005-m3-h-v-12\/#breadcrumb","itemListElement":[{"@type":"ListItem","position":1,"name":"Dom\u016f","item":"https:\/\/www.varygrow.com\/cs\/"},{"@type":"ListItem","position":2,"name":"Eshop","item":"https:\/\/www.varygrow.com\/cs\/eshop\/"},{"@type":"ListItem","position":3,"name":"Trolmaster Aero-fan Inline ventil\u00e1tor 315 mm &#8211; 2005 m3\/h (V-12)"}]},{"@type":"WebSite","@id":"https:\/\/www.varygrow.com\/cs\/#website","url":"https:\/\/www.varygrow.com\/cs\/","name":"VaryGrow","description":"Udr\u017eiteln\u00e9 podnik\u00e1n\u00ed","publisher":{"@id":"https:\/\/www.varygrow.com\/cs\/#organization"},"potentialAction":[{"@type":"SearchAction","target":{"@type":"EntryPoint","urlTemplate":"https:\/\/www.varygrow.com\/cs\/?s={search_term_string}"},"query-input":{"@type":"PropertyValueSpecification","valueRequired":true,"valueName":"search_term_string"}}],"inLanguage":"cs"},{"@type":"Organization","@id":"https:\/\/www.varygrow.com\/cs\/#organization","name":"DAMARA s.r.o.","url":"https:\/\/www.varygrow.com\/cs\/","logo":{"@type":"ImageObject","inLanguage":"cs","@id":"https:\/\/www.varygrow.com\/cs\/#\/schema\/logo\/image\/","url":"https:\/\/www.varygrow.com\/wp-content\/uploads\/sites\/19\/2023\/08\/Logo-Heureka-480x150-1.png","contentUrl":"https:\/\/www.varygrow.com\/wp-content\/uploads\/sites\/19\/2023\/08\/Logo-Heureka-480x150-1.png","width":480,"height":150,"caption":"DAMARA s.r.o."},"image":{"@id":"https:\/\/www.varygrow.com\/cs\/#\/schema\/logo\/image\/"},"sameAs":["https:\/\/facebook.com\/VaryGrow"]}]}},"brands":[{"id":6025,"name":"Trolmaster","slug":"trolmaster"}],"_links":{"self":[{"href":"https:\/\/www.varygrow.com\/cs\/wp-json\/wp\/v2\/product\/330974","targetHints":{"allow":["GET"]}}],"collection":[{"href":"https:\/\/www.varygrow.com\/cs\/wp-json\/wp\/v2\/product"}],"about":[{"href":"https:\/\/www.varygrow.com\/cs\/wp-json\/wp\/v2\/types\/product"}],"replies":[{"embeddable":true,"href":"https:\/\/www.varygrow.com\/cs\/wp-json\/wp\/v2\/comments?post=330974"}],"wp:featuredmedia":[{"embeddable":true,"href":"https:\/\/www.varygrow.com\/cs\/wp-json\/wp\/v2\/media\/330975"}],"wp:attachment":[{"href":"https:\/\/www.varygrow.com\/cs\/wp-json\/wp\/v2\/media?parent=330974"}],"wp:term":[{"taxonomy":"pwb-brand","embeddable":true,"href":"https:\/\/www.varygrow.com\/cs\/wp-json\/wp\/v2\/pwb-brand?post=330974"},{"taxonomy":"product_brand","embeddable":true,"href":"https:\/\/www.varygrow.com\/cs\/wp-json\/wp\/v2\/product_brand?post=330974"},{"taxonomy":"product_cat","embeddable":true,"href":"https:\/\/www.varygrow.com\/cs\/wp-json\/wp\/v2\/product_cat?post=330974"},{"taxonomy":"product_tag","embeddable":true,"href":"https:\/\/www.varygrow.com\/cs\/wp-json\/wp\/v2\/product_tag?post=330974"},{"taxonomy":"berocket_brand","embeddable":true,"href":"https:\/\/www.varygrow.com\/cs\/wp-json\/wp\/v2\/berocket_brand?post=330974"}],"curies":[{"name":"wp","href":"https:\/\/api.w.org\/{rel}","templated":true}]}}