{"id":331010,"date":"2026-04-18T04:09:51","date_gmt":"2026-04-18T02:09:51","guid":{"rendered":"https:\/\/www.varygrow.com\/eshop\/urban-digital-hose-timer-1-zone-digitalni-casovac\/"},"modified":"2026-04-18T04:09:51","modified_gmt":"2026-04-18T02:09:51","slug":"urban-digital-hose-timer-1-zone-digitalni-casovac","status":"publish","type":"product","link":"https:\/\/www.varygrow.com\/cs\/eshop\/urban-digital-hose-timer-1-zone-digitalni-casovac\/","title":{"rendered":"Urban Digital Hose Timer 1-Zone, digit\u00e1ln\u00ed \u010dasova\u010d"},"content":{"rendered":"<h2>Digit\u00e1ln\u00ed \u010dasova\u010d pro 1 z\u00f3nu<\/h2>\n<h3>Vlastnosti<\/h3>\n<ul>\n<li>Automatick\u00e9 zavla\u017eov\u00e1n\u00ed<\/li>\n<li>Manu\u00e1ln\u00ed zavla\u017eov\u00e1n\u00ed bez p\u0159eru\u0161en\u00ed nastaven\u00e9ho programu<\/li>\n<li>Upozorn\u011bn\u00ed na \u010das dal\u0161\u00ed z\u00e1vlahy<\/li>\n<li>Funkce odlo\u017een\u00ed zavla\u017eov\u00e1n\u00ed p\u0159i de\u0161ti<\/li>\n<li>Upozorn\u011bn\u00ed na n\u00edzk\u00e9 nap\u011bt\u00ed baterie<\/li>\n<li>Snadn\u00e9 vypnut\u00ed v\u0161ech program\u016f<\/li>\n<\/ul>\n<h3>Technick\u00e9 specifikace<\/h3>\n<ul>\n<li>1\u201d nebo \u00be\u201d vstupn\u00ed z\u00e1vit a \u00be\u201d v\u00fdstupn\u00ed z\u00e1vit<\/li>\n<li>Frekvence zavla\u017eov\u00e1n\u00ed: 1\u201312 hodin nebo 1\u20137 dn\u00ed<\/li>\n<li>D\u00e9lka zavla\u017eov\u00e1n\u00ed: 1\u2013240 minut<\/li>\n<li>Odlo\u017een\u00ed zavla\u017eov\u00e1n\u00ed: 24 \/ 48 \/ 72 hodin<\/li>\n<li>T\u0159\u00edda kryt\u00ed: IP55<\/li>\n<li>Nap\u00e1jen\u00ed: 2 \u00d7 AA baterie<\/li>\n<li>Provozn\u00ed tlak: 0,5\u20138 bar (7\u2013116 PSI)<\/li>\n<li>Pr\u016ftok: 5\u201335 l\/min (1,32\u20139,25 gal\/min)<\/li>\n<li>Rozm\u011bry: 110 \u00d7 149,7 \u00d7 62,5 mm<\/li>\n<\/ul>\n","protected":false},"excerpt":{"rendered":"<p>Digit\u00e1ln\u00ed \u010dasova\u010d na zal\u00e9v\u00e1n\u00ed zahrady a z\u00e1vlahu rostlin.<\/p>\n","protected":false},"featured_media":331011,"comment_status":"open","ping_status":"open","template":"","meta":[],"pwb-brand":[6038],"product_brand":[],"product_cat":[10513,15572,11083],"product_tag":[15317,11994,6074],"berocket_brand":[106],"class_list":{"0":"post-331010","1":"product","2":"type-product","3":"status-publish","4":"has-post-thumbnail","6":"pwb-brand-urban","7":"product_cat-naarden","8":"product_cat-vodni-casovace-a-merice","9":"product_cat-zavlaha-a-vzduchovani","10":"product_tag-naarden","11":"product_tag-prislusenstvi-pro-zavlahu","12":"product_tag-zavlaha","13":"pa_ean-15557","14":"berocket_brand-naarden","15":"sales-flash-overlay","16":"woocommerce-text-align-center","17":"woocommerce-image-align-center","18":"do-quantity-buttons","20":"first","21":"instock","22":"purchasable","23":"product-type-simple"},"yoast_head":"<!-- This site is optimized with the Yoast SEO plugin v27.4 - https:\/\/yoast.com\/product\/yoast-seo-wordpress\/ -->\n<title>Urban Digital Hose Timer 1-Zone, digit\u00e1ln\u00ed \u010dasova\u010d<\/title>\n<meta name=\"description\" content=\"Digit\u00e1ln\u00ed \u010dasova\u010d na zal\u00e9v\u00e1n\u00ed zahrady a z\u00e1vlahu rostlin.\" \/>\n<meta name=\"robots\" content=\"index, follow, max-snippet:-1, max-image-preview:large, max-video-preview:-1\" \/>\n<link rel=\"canonical\" href=\"https:\/\/www.varygrow.com\/cs\/eshop\/urban-digital-hose-timer-1-zone-digitalni-casovac\/\" \/>\n<meta property=\"og:locale\" content=\"cs_CZ\" \/>\n<meta property=\"og:type\" content=\"article\" \/>\n<meta property=\"og:title\" content=\"Urban Digital Hose Timer 1-Zone, digit\u00e1ln\u00ed \u010dasova\u010d\" \/>\n<meta property=\"og:description\" content=\"Digit\u00e1ln\u00ed \u010dasova\u010d na zal\u00e9v\u00e1n\u00ed zahrady a z\u00e1vlahu rostlin.\" \/>\n<meta property=\"og:url\" content=\"https:\/\/www.varygrow.com\/cs\/eshop\/urban-digital-hose-timer-1-zone-digitalni-casovac\/\" \/>\n<meta property=\"og:site_name\" content=\"VaryGrow\" \/>\n<meta property=\"article:publisher\" content=\"https:\/\/facebook.com\/VaryGrow\" \/>\n<meta property=\"og:image\" content=\"https:\/\/www.varygrow.com\/wp-content\/uploads\/sites\/19\/2026\/04\/Urban-Digital-Hose-Timer-1-Zone-digitalni-casovac.jpg\" \/>\n\t<meta property=\"og:image:width\" content=\"1000\" \/>\n\t<meta property=\"og:image:height\" content=\"1000\" \/>\n\t<meta property=\"og:image:type\" content=\"image\/jpeg\" \/>\n<meta name=\"twitter:card\" content=\"summary_large_image\" \/>\n<meta name=\"twitter:label1\" content=\"Odhadovan\u00e1 doba \u010dten\u00ed\" \/>\n\t<meta name=\"twitter:data1\" content=\"1 minuta\" \/>\n<script type=\"application\/ld+json\" class=\"yoast-schema-graph\">{\"@context\":\"https:\\\/\\\/schema.org\",\"@graph\":[{\"@type\":\"WebPage\",\"@id\":\"https:\\\/\\\/www.varygrow.com\\\/cs\\\/eshop\\\/urban-digital-hose-timer-1-zone-digitalni-casovac\\\/\",\"url\":\"https:\\\/\\\/www.varygrow.com\\\/cs\\\/eshop\\\/urban-digital-hose-timer-1-zone-digitalni-casovac\\\/\",\"name\":\"Urban Digital Hose Timer 1-Zone, digit\u00e1ln\u00ed \u010dasova\u010d\",\"isPartOf\":{\"@id\":\"https:\\\/\\\/www.varygrow.com\\\/cs\\\/#website\"},\"primaryImageOfPage\":{\"@id\":\"https:\\\/\\\/www.varygrow.com\\\/cs\\\/eshop\\\/urban-digital-hose-timer-1-zone-digitalni-casovac\\\/#primaryimage\"},\"image\":{\"@id\":\"https:\\\/\\\/www.varygrow.com\\\/cs\\\/eshop\\\/urban-digital-hose-timer-1-zone-digitalni-casovac\\\/#primaryimage\"},\"thumbnailUrl\":\"https:\\\/\\\/www.varygrow.com\\\/wp-content\\\/uploads\\\/sites\\\/19\\\/2026\\\/04\\\/Urban-Digital-Hose-Timer-1-Zone-digitalni-casovac.jpg\",\"datePublished\":\"2026-04-18T02:09:51+00:00\",\"description\":\"Digit\u00e1ln\u00ed \u010dasova\u010d na zal\u00e9v\u00e1n\u00ed zahrady a z\u00e1vlahu rostlin.\",\"breadcrumb\":{\"@id\":\"https:\\\/\\\/www.varygrow.com\\\/cs\\\/eshop\\\/urban-digital-hose-timer-1-zone-digitalni-casovac\\\/#breadcrumb\"},\"inLanguage\":\"cs\",\"potentialAction\":[{\"@type\":\"ReadAction\",\"target\":[\"https:\\\/\\\/www.varygrow.com\\\/cs\\\/eshop\\\/urban-digital-hose-timer-1-zone-digitalni-casovac\\\/\"]}]},{\"@type\":\"ImageObject\",\"inLanguage\":\"cs\",\"@id\":\"https:\\\/\\\/www.varygrow.com\\\/cs\\\/eshop\\\/urban-digital-hose-timer-1-zone-digitalni-casovac\\\/#primaryimage\",\"url\":\"https:\\\/\\\/www.varygrow.com\\\/wp-content\\\/uploads\\\/sites\\\/19\\\/2026\\\/04\\\/Urban-Digital-Hose-Timer-1-Zone-digitalni-casovac.jpg\",\"contentUrl\":\"https:\\\/\\\/www.varygrow.com\\\/wp-content\\\/uploads\\\/sites\\\/19\\\/2026\\\/04\\\/Urban-Digital-Hose-Timer-1-Zone-digitalni-casovac.jpg\",\"width\":1000,\"height\":1000,\"caption\":\"Urban Digital Hose Timer 1-Zone\"},{\"@type\":\"BreadcrumbList\",\"@id\":\"https:\\\/\\\/www.varygrow.com\\\/cs\\\/eshop\\\/urban-digital-hose-timer-1-zone-digitalni-casovac\\\/#breadcrumb\",\"itemListElement\":[{\"@type\":\"ListItem\",\"position\":1,\"name\":\"Dom\u016f\",\"item\":\"https:\\\/\\\/www.varygrow.com\\\/cs\\\/\"},{\"@type\":\"ListItem\",\"position\":2,\"name\":\"Eshop\",\"item\":\"https:\\\/\\\/www.varygrow.com\\\/cs\\\/eshop\\\/\"},{\"@type\":\"ListItem\",\"position\":3,\"name\":\"Urban Digital Hose Timer 1-Zone, digit\u00e1ln\u00ed \u010dasova\u010d\"}]},{\"@type\":\"WebSite\",\"@id\":\"https:\\\/\\\/www.varygrow.com\\\/cs\\\/#website\",\"url\":\"https:\\\/\\\/www.varygrow.com\\\/cs\\\/\",\"name\":\"VaryGrow\",\"description\":\"Udr\u017eiteln\u00e9 podnik\u00e1n\u00ed\",\"publisher\":{\"@id\":\"https:\\\/\\\/www.varygrow.com\\\/cs\\\/#organization\"},\"potentialAction\":[{\"@type\":\"SearchAction\",\"target\":{\"@type\":\"EntryPoint\",\"urlTemplate\":\"https:\\\/\\\/www.varygrow.com\\\/cs\\\/?s={search_term_string}\"},\"query-input\":{\"@type\":\"PropertyValueSpecification\",\"valueRequired\":true,\"valueName\":\"search_term_string\"}}],\"inLanguage\":\"cs\"},{\"@type\":\"Organization\",\"@id\":\"https:\\\/\\\/www.varygrow.com\\\/cs\\\/#organization\",\"name\":\"DAMARA s.r.o.\",\"url\":\"https:\\\/\\\/www.varygrow.com\\\/cs\\\/\",\"logo\":{\"@type\":\"ImageObject\",\"inLanguage\":\"cs\",\"@id\":\"https:\\\/\\\/www.varygrow.com\\\/cs\\\/#\\\/schema\\\/logo\\\/image\\\/\",\"url\":\"https:\\\/\\\/www.varygrow.com\\\/wp-content\\\/uploads\\\/sites\\\/19\\\/2023\\\/08\\\/Logo-Heureka-480x150-1.png\",\"contentUrl\":\"https:\\\/\\\/www.varygrow.com\\\/wp-content\\\/uploads\\\/sites\\\/19\\\/2023\\\/08\\\/Logo-Heureka-480x150-1.png\",\"width\":480,\"height\":150,\"caption\":\"DAMARA s.r.o.\"},\"image\":{\"@id\":\"https:\\\/\\\/www.varygrow.com\\\/cs\\\/#\\\/schema\\\/logo\\\/image\\\/\"},\"sameAs\":[\"https:\\\/\\\/facebook.com\\\/VaryGrow\"]}]}<\/script>\n<!-- \/ Yoast SEO plugin. -->","yoast_head_json":{"title":"Urban Digital Hose Timer 1-Zone, digit\u00e1ln\u00ed \u010dasova\u010d","description":"Digit\u00e1ln\u00ed \u010dasova\u010d na zal\u00e9v\u00e1n\u00ed zahrady a z\u00e1vlahu rostlin.","robots":{"index":"index","follow":"follow","max-snippet":"max-snippet:-1","max-image-preview":"max-image-preview:large","max-video-preview":"max-video-preview:-1"},"canonical":"https:\/\/www.varygrow.com\/cs\/eshop\/urban-digital-hose-timer-1-zone-digitalni-casovac\/","og_locale":"cs_CZ","og_type":"article","og_title":"Urban Digital Hose Timer 1-Zone, digit\u00e1ln\u00ed \u010dasova\u010d","og_description":"Digit\u00e1ln\u00ed \u010dasova\u010d na zal\u00e9v\u00e1n\u00ed zahrady a z\u00e1vlahu rostlin.","og_url":"https:\/\/www.varygrow.com\/cs\/eshop\/urban-digital-hose-timer-1-zone-digitalni-casovac\/","og_site_name":"VaryGrow","article_publisher":"https:\/\/facebook.com\/VaryGrow","og_image":[{"width":1000,"height":1000,"url":"https:\/\/www.varygrow.com\/wp-content\/uploads\/sites\/19\/2026\/04\/Urban-Digital-Hose-Timer-1-Zone-digitalni-casovac.jpg","type":"image\/jpeg"}],"twitter_card":"summary_large_image","twitter_misc":{"Odhadovan\u00e1 doba \u010dten\u00ed":"1 minuta"},"schema":{"@context":"https:\/\/schema.org","@graph":[{"@type":"WebPage","@id":"https:\/\/www.varygrow.com\/cs\/eshop\/urban-digital-hose-timer-1-zone-digitalni-casovac\/","url":"https:\/\/www.varygrow.com\/cs\/eshop\/urban-digital-hose-timer-1-zone-digitalni-casovac\/","name":"Urban Digital Hose Timer 1-Zone, digit\u00e1ln\u00ed \u010dasova\u010d","isPartOf":{"@id":"https:\/\/www.varygrow.com\/cs\/#website"},"primaryImageOfPage":{"@id":"https:\/\/www.varygrow.com\/cs\/eshop\/urban-digital-hose-timer-1-zone-digitalni-casovac\/#primaryimage"},"image":{"@id":"https:\/\/www.varygrow.com\/cs\/eshop\/urban-digital-hose-timer-1-zone-digitalni-casovac\/#primaryimage"},"thumbnailUrl":"https:\/\/www.varygrow.com\/wp-content\/uploads\/sites\/19\/2026\/04\/Urban-Digital-Hose-Timer-1-Zone-digitalni-casovac.jpg","datePublished":"2026-04-18T02:09:51+00:00","description":"Digit\u00e1ln\u00ed \u010dasova\u010d na zal\u00e9v\u00e1n\u00ed zahrady a z\u00e1vlahu rostlin.","breadcrumb":{"@id":"https:\/\/www.varygrow.com\/cs\/eshop\/urban-digital-hose-timer-1-zone-digitalni-casovac\/#breadcrumb"},"inLanguage":"cs","potentialAction":[{"@type":"ReadAction","target":["https:\/\/www.varygrow.com\/cs\/eshop\/urban-digital-hose-timer-1-zone-digitalni-casovac\/"]}]},{"@type":"ImageObject","inLanguage":"cs","@id":"https:\/\/www.varygrow.com\/cs\/eshop\/urban-digital-hose-timer-1-zone-digitalni-casovac\/#primaryimage","url":"https:\/\/www.varygrow.com\/wp-content\/uploads\/sites\/19\/2026\/04\/Urban-Digital-Hose-Timer-1-Zone-digitalni-casovac.jpg","contentUrl":"https:\/\/www.varygrow.com\/wp-content\/uploads\/sites\/19\/2026\/04\/Urban-Digital-Hose-Timer-1-Zone-digitalni-casovac.jpg","width":1000,"height":1000,"caption":"Urban Digital Hose Timer 1-Zone"},{"@type":"BreadcrumbList","@id":"https:\/\/www.varygrow.com\/cs\/eshop\/urban-digital-hose-timer-1-zone-digitalni-casovac\/#breadcrumb","itemListElement":[{"@type":"ListItem","position":1,"name":"Dom\u016f","item":"https:\/\/www.varygrow.com\/cs\/"},{"@type":"ListItem","position":2,"name":"Eshop","item":"https:\/\/www.varygrow.com\/cs\/eshop\/"},{"@type":"ListItem","position":3,"name":"Urban Digital Hose Timer 1-Zone, digit\u00e1ln\u00ed \u010dasova\u010d"}]},{"@type":"WebSite","@id":"https:\/\/www.varygrow.com\/cs\/#website","url":"https:\/\/www.varygrow.com\/cs\/","name":"VaryGrow","description":"Udr\u017eiteln\u00e9 podnik\u00e1n\u00ed","publisher":{"@id":"https:\/\/www.varygrow.com\/cs\/#organization"},"potentialAction":[{"@type":"SearchAction","target":{"@type":"EntryPoint","urlTemplate":"https:\/\/www.varygrow.com\/cs\/?s={search_term_string}"},"query-input":{"@type":"PropertyValueSpecification","valueRequired":true,"valueName":"search_term_string"}}],"inLanguage":"cs"},{"@type":"Organization","@id":"https:\/\/www.varygrow.com\/cs\/#organization","name":"DAMARA s.r.o.","url":"https:\/\/www.varygrow.com\/cs\/","logo":{"@type":"ImageObject","inLanguage":"cs","@id":"https:\/\/www.varygrow.com\/cs\/#\/schema\/logo\/image\/","url":"https:\/\/www.varygrow.com\/wp-content\/uploads\/sites\/19\/2023\/08\/Logo-Heureka-480x150-1.png","contentUrl":"https:\/\/www.varygrow.com\/wp-content\/uploads\/sites\/19\/2023\/08\/Logo-Heureka-480x150-1.png","width":480,"height":150,"caption":"DAMARA s.r.o."},"image":{"@id":"https:\/\/www.varygrow.com\/cs\/#\/schema\/logo\/image\/"},"sameAs":["https:\/\/facebook.com\/VaryGrow"]}]}},"brands":[{"id":6038,"name":"URBAN","slug":"urban"}],"_links":{"self":[{"href":"https:\/\/www.varygrow.com\/cs\/wp-json\/wp\/v2\/product\/331010","targetHints":{"allow":["GET"]}}],"collection":[{"href":"https:\/\/www.varygrow.com\/cs\/wp-json\/wp\/v2\/product"}],"about":[{"href":"https:\/\/www.varygrow.com\/cs\/wp-json\/wp\/v2\/types\/product"}],"replies":[{"embeddable":true,"href":"https:\/\/www.varygrow.com\/cs\/wp-json\/wp\/v2\/comments?post=331010"}],"wp:featuredmedia":[{"embeddable":true,"href":"https:\/\/www.varygrow.com\/cs\/wp-json\/wp\/v2\/media\/331011"}],"wp:attachment":[{"href":"https:\/\/www.varygrow.com\/cs\/wp-json\/wp\/v2\/media?parent=331010"}],"wp:term":[{"taxonomy":"pwb-brand","embeddable":true,"href":"https:\/\/www.varygrow.com\/cs\/wp-json\/wp\/v2\/pwb-brand?post=331010"},{"taxonomy":"product_brand","embeddable":true,"href":"https:\/\/www.varygrow.com\/cs\/wp-json\/wp\/v2\/product_brand?post=331010"},{"taxonomy":"product_cat","embeddable":true,"href":"https:\/\/www.varygrow.com\/cs\/wp-json\/wp\/v2\/product_cat?post=331010"},{"taxonomy":"product_tag","embeddable":true,"href":"https:\/\/www.varygrow.com\/cs\/wp-json\/wp\/v2\/product_tag?post=331010"},{"taxonomy":"berocket_brand","embeddable":true,"href":"https:\/\/www.varygrow.com\/cs\/wp-json\/wp\/v2\/berocket_brand?post=331010"}],"curies":[{"name":"wp","href":"https:\/\/api.w.org\/{rel}","templated":true}]}}